{"id":336,"date":"2025-05-28T10:15:49","date_gmt":"2025-05-28T10:15:49","guid":{"rendered":"https:\/\/chuangxinmachinery.com\/?page_id=336"},"modified":"2025-06-17T06:31:11","modified_gmt":"2025-06-17T06:31:11","slug":"lien-he-voi-chung-toi","status":"publish","type":"page","link":"https:\/\/chuangxinmachinery.com\/vi\/contact-us\/","title":{"rendered":"Li\u00ean h\u1ec7 v\u1edbi ch\u00fang t\u00f4i"},"content":{"rendered":"<div class=\"wp-block-greenshift-blocks-row alignfull gspb_row gspb_row-id-gsbp-640fc9c\" id=\"gspb_row-id-gsbp-640fc9c\"><div class=\"gspb_backgroundOverlay\"><\/div><div class=\"gspb_row__content\"> \n<div class=\"wp-block-greenshift-blocks-row-column gspb_row__col--12 gspb_col-id-gsbp-7c555ae\" id=\"gspb_col-id-gsbp-7c555ae\">\n<h1 id=\"gspb_heading-id-gsbp-9467f88\" class=\"gspb_heading gspb_heading-id-gsbp-9467f88\"><em>Li\u00ean h\u1ec7 v\u1edbi ch\u00fang t\u00f4i<\/em><\/h1>\n<\/div>\n <\/div><\/div>\n\n\n\n<div class=\"wp-block-greenshift-blocks-row alignfull gspb_row gspb_row-id-gsbp-9eabb73 gspb_row--gutter-40\" id=\"gspb_row-id-gsbp-9eabb73\"><div class=\"gspb_row__content\"> \n<div class=\"wp-block-greenshift-blocks-row-column gspb_row__col--6 gspb_row__col--md-6 gspb_row__col--xs-12 gspb_col-id-gsbp-b0613b7\" id=\"gspb_col-id-gsbp-b0613b7\"><\/div>\n\n\n\n<div class=\"wp-block-greenshift-blocks-row-column gspb_row__col--6 gspb_row__col--md-6 gspb_row__col--xs-12 gspb_col-id-gsbp-704471f\" id=\"gspb_col-id-gsbp-704471f\">\n<h3 id=\"gspb_heading-id-gsbp-91fac09\" class=\"gspb_heading gspb_heading-id-gsbp-91fac09\">Li\u00ean h\u1ec7 <mark style=\"background-color:rgba(0, 0, 0, 0)\" class=\"has-inline-color has-palette-color-1-color\">Th\u00f4ng tin<\/mark><\/h3>\n\n\n\n<div class=\"wp-block-greenshift-blocks-iconbox gspb_iconBox gspb_iconBox-id-gsbp-4c0f80f\" id=\"gspb_iconBox-id-gsbp-4c0f80f\"><div class=\"gspb_iconBox__wrapper\" style=\"display:inline-flex\"><svg class=\"\" style=\"display:inline-block;vertical-align:middle\" width=\"72\" height=\"72\" viewbox=\"0 0 768 1024\" xmlns=\"http:\/\/www.w3.org\/2000\/svg\"><path style=\"fill:#565D66\" d=\"M727.6 529l-293.6 296c-9.4 9.4-24.6 9.4-34 0l-39.6-39.6c-9.4-9.4-9.4-24.6 0-34l237-239.4-237-239.4c-9.4-9.4-9.4-24.6 0-34l39.6-39.6c9.4-9.4 24.6-9.4 34 0l293.6 296c9.4 9.4 9.4 24.6 0 34zM407.6 495l-293.6-296c-9.4-9.4-24.6-9.4-34 0l-39.6 39.6c-9.4 9.4-9.4 24.6 0 34l237 239.4-237 239.4c-9.4 9.4-9.4 24.6 0 34l39.6 39.6c9.4 9.4 24.6 9.4 34 0l293.6-296c9.4-9.4 9.4-24.6 0-34z\"><\/path><\/svg><\/div><\/div>\n\n\n\n<div class=\"wp-block-greenshift-blocks-iconlist gspb_iconsList gspb_iconsList-id-gsbp-b82a17b\" id=\"gspb_iconsList-id-gsbp-b82a17b\"><div class=\"gspb_iconsList__item\" data-id=\"0\"><svg class=\"\" style=\"display:inline-block;vertical-align:middle\" width=\"18\" height=\"18\" viewbox=\"0 0 1024 1024\" xmlns=\"http:\/\/www.w3.org\/2000\/svg\"><path style=\"fill:#565D66\" d=\"M1008 512c0-274-222-496-496-496s-496 222-496 496c0 247.56 181.38 452.76 418.5 490v-346.62h-126v-143.38h126v-109.28c0-124.3 74-192.96 187.34-192.96 54.28 0 111.040 9.68 111.040 9.68v122h-62.56c-61.6 0-80.82 38.24-80.82 77.46v93.1h137.56l-22 143.38h-115.56v346.62c237.12-37.24 418.5-242.44 418.5-490z\"><\/path><\/svg><span class=\"gspb_iconsList__item__text\"><strong><a href=\"https:\/\/www.facebook.com\/profile.php?id=61575872805397\" target=\"_blank\" rel=\"noopener\"><em>C\u00f4ng ty TNHH Thi\u1ebft b\u1ecb t\u1ef1 \u0111\u1ed9ng h\u00f3a Shandong Chuangxin<\/em><\/a><\/strong><\/span><\/div><div class=\"gspb_iconsList__item\" data-id=\"1\"><svg height=\"512\" style=\"width:5rem;height:5rem;margin:10px\" viewbox=\"0 0 176 176\" width=\"512\" xmlns=\"http:\/\/www.w3.org\/2000\/svg\"><g id=\"Layer_2\" dataname=\"Layer 2\"><g id=\"_09.whatsapp\" dataname=\"09.whatsapp\"><g id=\"icon\"><path d=\"m118.43 57.57-.22-.22a42.72 42.72 0 0 0 -68.28 49.59l1.88 3.7-3.5 17-.05.22 16.89-4 3.85 1.95a42.78 42.78 0 0 0 49.22-8 42.72 42.72 0 0 0 .22-60.19zm-1.72 47.72c-2.07 3.26-5.34 7.24-9.45 8.23-7.2 1.75-18.25.06-32-12.75l-.17-.16c-12.09-11.2-15.23-20.53-14.47-27.93.42-4.21 3.92-8 6.87-10.49a3.94 3.94 0 0 1 6.15 1.41l4.45 10.06a3.89 3.89 0 0 1 -.49 4l-2.25 2.92a3.88 3.88 0 0 0 -.35 4.27c1.26 2.2 4.28 5.45 7.63 8.47 3.76 3.39 7.93 6.5 10.57 7.57a3.85 3.85 0 0 0 4.19-.89l2.61-2.63a4 4 0 0 1 3.9-1l10.57 3a4 4 0 0 1 2.24 5.92z\"><\/path><path d=\"m171.63 40.84c-3.95-15.84-20.63-32.53-36.48-36.48a262 262 0 0 0 -47.15-4.36 262.18 262.18 0 0 0 -47.15 4.36c-15.85 3.95-32.53 20.64-36.48 36.48a256.46 256.46 0 0 0 0 94.31c3.95 15.85 20.63 32.55 36.48 36.48 8.89 1.61 17.54 2.77 26.11 3.48 7.05.6 14 .89 21 .89 4.48 0 8.94-.13 13.4-.36a268.5 268.5 0 0 0 33.75-4c15.89-3.94 32.57-20.64 36.52-36.49a267.91 267.91 0 0 0 4.16-37q.24-5.86.21-11.71a262.21 262.21 0 0 0 -4.37-45.6zm-29.1 48.46a54.57 54.57 0 0 1 -78.82 47.11l-27.55 6.53a2.13 2.13 0 0 1 -2.24-.87 2.09 2.09 0 0 1 -.33-1.63l5.79-28.11a54.56 54.56 0 1 1 103.15-23z\"><\/path><\/g><\/g><\/g><\/svg><span class=\"gspb_iconsList__item__text\"><strong>Whatsapp:<a href=\"https:\/\/wa.me\/<8613608996020&gt;\"><em>86-13608996020<\/em><\/a><\/strong><\/span><\/div><div class=\"gspb_iconsList__item\" data-id=\"2\"><svg id=\"Capa_1\" style=\"width:5rem;height:5rem;margin:10px\" enable-background=\"new 0 0 512 512\" height=\"512\" viewbox=\"0 0 512 512\" width=\"512\" xmlns=\"http:\/\/www.w3.org\/2000\/svg\"><g><path d=\"m1 224.336v265.327l170.567-132.663z\"><\/path><path d=\"m446 155.31v81.576l50.373-39.179z\"><\/path><path d=\"m265.659 3.523c-5.582-4.697-13.736-4.697-19.318 0l-39.775 33.477h98.867z\"><\/path><path d=\"m66 155.31-50.373 42.397 50.373 39.179z\"><\/path><path d=\"m201.146 372-180 140h469.708l-180-140z\"><\/path><path d=\"m340.432 357 170.568 132.664v-265.329z\"><\/path><path d=\"m252.219 179.364c-12.167 0-24.752 11.83-24.752 31.626 0 20.126 12.276 33.646 23.742 33.646 12.074 0 21.975-14.127 22.687-31.889l.019-3.771c-.539-17.524-9.308-29.612-21.696-29.612z\"><\/path><path d=\"m310.854 342 105.146-81.781v-178.219c0-8.284-6.716-15-15-15h-290c-8.284 0-15 6.716-15 15v178.22l105.146 81.78zm-160.596-102.092c-7.163-27.235-3.561-55.947 10.144-80.846 13.699-24.89 36.023-43.302 62.86-51.845 28.313-9.015 58.376-6.359 84.647 7.478 26.275 13.838 45.471 37.114 54.05 65.541.047.154.091.31.132.466 5.702 21.36 4.014 41.524-5.474 65.379-6.413 16.124-22.136 33.354-47.031 33.354-9.032 0-17.693-3.704-24.387-10.431-1.584-1.592-3.011-3.326-4.289-5.163-8.407 6.838-18.602 10.794-29.7 10.794-14.498 0-28.594-7.038-38.673-19.31-9.718-11.832-15.069-27.577-15.069-44.336 0-16.834 5.694-32.411 16.034-43.86 10.196-11.29 24.309-17.766 38.718-17.766 7.925 0 15.456 1.889 22.223 5.448 1.312-6.953 7.407-12.206 14.726-12.206h.076c8.284.041 14.967 6.79 14.926 15.074l-.413 83.335c-.013 2.559.999 5.111 2.707 6.827.591.595 1.783 1.592 3.121 1.592 12.104 0 17.428-10.099 19.154-14.44 7.007-17.617 8.335-31.488 4.427-46.324-6.273-20.566-20.2-37.405-39.237-47.431-19.104-10.062-40.972-11.991-61.568-5.436-40.599 12.924-63.919 55.3-53.09 96.474 8.992 34.192 39.899 58.753 75.16 59.729 8.28.229 14.809 7.128 14.579 15.409-.225 8.14-6.895 14.585-14.986 14.585-.141 0-.281-.002-.423-.006-23.245-.643-46.191-8.9-64.612-23.252-19.138-14.908-32.53-35.252-38.732-58.833z\"><\/path><\/g><\/svg><span class=\"gspb_iconsList__item__text\"><strong>E-mail:<a href=\"mailto:innovationcompany@163.com\"><em>innovationcompany@163.com<\/em><\/a><\/strong><\/span><\/div><div class=\"gspb_iconsList__item\" data-id=\"3\"><svg enable-background=\"new 0 0 512 512\" style=\"width:5rem;height:5rem;margin:10px\" viewbox=\"0 0 512 512\" xmlns=\"http:\/\/www.w3.org\/2000\/svg\"><g id=\"_x33_4_Location\"><g><g><g><path d=\"m481.182 229.56-21.573-21.573-198.493-198.398c-2.847-2.847-7.432-2.847-10.231 0l-198.495 198.398-21.573 21.573c-2.847 2.847-2.847 7.432 0 10.231 1.399 1.448 3.233 2.123 5.116 2.123 1.834 0 3.716-.676 5.116-2.123l9.218-9.218v266.735c0 3.957 3.233 7.239 7.239 7.239h396.989c3.957 0 7.239-3.282 7.239-7.239v-266.735l9.218 9.218c1.399 1.448 3.282 2.123 5.116 2.123s3.716-.676 5.116-2.123c2.846-2.799 2.846-7.384-.002-10.231zm-225.182 192.896c-19.787-14.189-106.076-80.739-106.076-159.356 0-58.491 47.585-106.076 106.076-106.076s106.076 47.585 106.076 106.076c0 78.52-86.289 145.119-106.076 159.356z\"><\/path><\/g><g><path d=\"m308.121 259.239c0 28.763-23.358 52.169-52.121 52.169s-52.121-23.406-52.121-52.169c0-28.715 23.358-52.073 52.121-52.073 28.763.001 52.121 23.359 52.121 52.073z\"><\/path><\/g><\/g><\/g><\/g><g id=\"Layer_1\"><\/g><\/svg><span class=\"gspb_iconsList__item__text\"><strong>\u0110\u1ecba ch\u1ec9<\/strong>\uff1a\u0110\u01b0\u1eddng Xingda ph\u00eda \u0110\u00f4ng, Khu ph\u00e1t tri\u1ec3n kinh t\u1ebf, Huy\u1ec7n Phi Ti\u00ean, Th\u00e0nh ph\u1ed1 L\u00e2m Nghi, T\u1ec9nh S\u01a1n \u0110\u00f4ng<\/span><\/div><\/div>\n<\/div>\n <\/div><\/div>\n\n\n\n<div class=\"wp-block-greenshift-blocks-row alignfull gspb_row gspb_row-id-gsbp-afaf35f\" id=\"gspb_row-id-gsbp-afaf35f\"><div class=\"gspb_row__content\"> \n<div class=\"wp-block-greenshift-blocks-row-column gspb_row__col--12 gspb_col-id-gsbp-9500ac2\" id=\"gspb_col-id-gsbp-9500ac2\"><div class=\"gspb_id-gsbp-407b1a5 wp-block-greenshift-blocks-map\"><div data-key=\"gspb_id_gsbp_407b1a5\" class=\"gspb_map-wrapper gspb_osmap\" id=\"gspb_map-gsbp-407b1a5\"><\/div><\/div><\/div>\n <\/div><\/div>","protected":false},"excerpt":{"rendered":"","protected":false},"author":1,"featured_media":0,"parent":0,"menu_order":0,"comment_status":"closed","ping_status":"closed","template":"","meta":{"_gspb_post_css":"#gspb_row-id-gsbp-640fc9c{justify-content: space-between;margin-top: 0px;margin-bottom: 0px;display: flex;flex-wrap: wrap;}#gspb_row-id-gsbp-640fc9c > .gspb_row__content {display: flex;justify-content: space-between;margin: 0 auto;width: 100%;flex-wrap: wrap;}.gspb_row{position:relative;}div[id^=gspb_col-id]{box-sizing:border-box;position:relative;}div[id^=gspb_col-id]{padding:var(--gs-row-column-padding, 15px min(3vw, 20px));}#gspb_row-id-gsbp-640fc9c{min-height:500px;}@media (max-width: 991.98px){#gspb_row-id-gsbp-640fc9c{min-height:400px;}}@media (max-width: 575.98px){#gspb_row-id-gsbp-640fc9c{min-height:200px;}}#gspb_row-id-gsbp-640fc9c > .gspb_row__content{align-items:center;}body.gspb-bodyfront #gspb_row-id-gsbp-640fc9c > .gspb_row__content{width:var(--theme-container-width, 1200px);}body.gspb-bodyfront #gspb_row-id-gsbp-640fc9c > .gspb_row__content{max-width:var(--theme-normal-container-max-width, 1200px);}#gspb_row-id-gsbp-640fc9c{align-content:center;}#gspb_row-id-gsbp-640fc9c{background-size:cover;}#gspb_row-id-gsbp-640fc9c{background-image:url(https:\/\/chuangxinmachinery.com\/wp-content\/uploads\/2025\/06\/contact-us.jpg);}#gspb_row-id-gsbp-640fc9c:hover{background-size:cover;}#gspb_row-id-gsbp-640fc9c > .gspb_backgroundOverlay{position: absolute;top: 0;left: 0;width: 100%;height: 100%;z-index: -1;}#gspb_row-id-gsbp-640fc9c > .gspb_backgroundOverlay{opacity:0.32}#gspb_row-id-gsbp-640fc9c > .gspb_backgroundOverlay{background-color:var(--wp--preset--color--palette-color-4, var(--theme-palette-color-4, #192a3d));}#gspb_row-id-gsbp-640fc9c{isolation:isolate;}#gspb_col-id-gsbp-7c555ae.gspb_row__col--12{width:100%;}@media (max-width: 575.98px){#gspb_col-id-gsbp-7c555ae.gspb_row__col--12{width:100%;}}@media (max-width: 575.98px){#gspb_heading-id-gsbp-9467f88{font-size:40px;}}#gspb_heading-id-gsbp-9467f88{color:var(--wp--preset--color--palette-color-8, var(--theme-palette-color-8, #ffffff));}#gspb_row-id-gsbp-9eabb73{justify-content: space-between;margin-top: 0px;margin-bottom: 0px;display: flex;flex-wrap: wrap;}#gspb_row-id-gsbp-9eabb73 > .gspb_row__content {display: flex;justify-content: space-between;margin: 0 auto;width: 100%;flex-wrap: wrap;}.gspb_row{position:relative;}div[id^=gspb_col-id]{box-sizing:border-box;position:relative;}div[id^=gspb_col-id]{padding:var(--gs-row-column-padding, 15px min(3vw, 20px));}#gspb_row-id-gsbp-9eabb73 > .gspb_row__content{justify-content:flex-start;}body.gspb-bodyfront #gspb_row-id-gsbp-9eabb73 > .gspb_row__content{width:var(--theme-container-width, 1200px);}body.gspb-bodyfront #gspb_row-id-gsbp-9eabb73 > .gspb_row__content{max-width:var(--theme-normal-container-max-width, 1200px);}#gspb_row-id-gsbp-9eabb73{padding-top:80px;padding-bottom:80px;}#gspb_col-id-gsbp-b0613b7.gspb_row__col--6{width:calc(50% - 20px);}@media (max-width: 991.98px){#gspb_col-id-gsbp-b0613b7.gspb_row__col--6{width:calc(50% - 20px);}}@media (max-width: 767.98px){#gspb_col-id-gsbp-b0613b7.gspb_row__col--6{width:calc(50% - 20px);}}@media (max-width: 575.98px){#gspb_col-id-gsbp-b0613b7.gspb_row__col--6{width:100%;}} @media (max-width: 575.98px){ body.gspb-bodyfront #gspb_col-id-gsbp-b0613b7.gspb_row__col--6 { display: none !important; } }#gspb_col-id-gsbp-b0613b7.gspb_row__col--6{background-size:cover;}#gspb_col-id-gsbp-b0613b7.gspb_row__col--6{background-image:url(https:\/\/chuangxinmachinery.com\/wp-content\/uploads\/2025\/06\/kefu.jpg);}#gspb_col-id-gsbp-b0613b7.gspb_row__col--6:hover{background-size:cover;}#gspb_col-id-gsbp-b0613b7.gspb_row__col--6, #gspb_col-id-gsbp-b0613b7.gspb_row__col--6 .gsap-g-line{text-align:right!important;}#gspb_col-id-gsbp-704471f.gspb_row__col--6{width:calc(50% - 20px);}@media (max-width: 991.98px){#gspb_col-id-gsbp-704471f.gspb_row__col--6{width:calc(50% - 20px);}}@media (max-width: 767.98px){#gspb_col-id-gsbp-704471f.gspb_row__col--6{width:calc(50% - 20px);}}@media (max-width: 575.98px){#gspb_col-id-gsbp-704471f.gspb_row__col--6{width:100%;}}#gspb_col-id-gsbp-704471f.gspb_row__col--6{background-color:var(--wp--preset--color--palette-color-6, var(--theme-palette-color-6, #f2f5f7));}#gspb_heading-id-gsbp-91fac09{margin-bottom:30px;}#gspb_iconBox-id-gsbp-4c0f80f svg{width: 72px;}#gspb_iconBox-id-gsbp-4c0f80f{justify-content:flex-start;display:flex;}#gspb_iconBox-id-gsbp-4c0f80f svg{height:30px!important;width:30px!important;min-width:30px!important;}#gspb_iconBox-id-gsbp-4c0f80f svg, #gspb_iconBox-id-gsbp-4c0f80f svg path{fill:var(--theme-link-initial-color, currentColor) !important;}#gspb_iconBox-id-gsbp-4c0f80f svg{margin:0px !important;}#gspb_iconBox-id-gsbp-4c0f80f svg:hover, #gspb_iconBox-id-gsbp-4c0f80f svg:hover path{fill:var(--theme-link-initial-color, currentColor) !important;}#gspb_iconBox-id-gsbp-4c0f80f svg{transform: rotateZ(90deg);}#gspb_iconBox-id-gsbp-4c0f80f .gspb_iconBox__wrapper{margin-bottom:20px!important;}@keyframes csstransform-4080 {100%{transform: translateX(200px); }}#gspb_iconBox-id-gsbp-4c0f80f .gspb_iconBox__wrapper{animation:csstransform-4080 2s infinite 1s ;animation-timing-function:linear;}#gspb_iconsList-id-gsbp-b82a17b.gspb_iconsList .gspb_iconsList__item__text{margin-left: 15px;}#gspb_iconsList-id-gsbp-b82a17b.gspb_iconsList .gspb_iconsList__item{display:flex;flex-direction:row;align-items:center;position:relative;}#gspb_iconsList-id-gsbp-b82a17b.gspb_iconsList .gspb_iconsList__item svg path{fill:var(--theme-link-initial-color, #2184f9) !important}body #gspb_iconsList-id-gsbp-b82a17b.gspb_iconsList .gspb_iconsList__item svg, body #gspb_iconsList-id-gsbp-b82a17b.gspb_iconsList .gspb_iconsList__item img{margin-top:0px!important;margin-right:0px!important;margin-left:0px!important;}@media (max-width: 991.98px){#gspb_iconsList-id-gsbp-b82a17b.gspb_iconsList .gspb_iconsList__item{font-size:14px;}}@media (max-width: 575.98px){#gspb_iconsList-id-gsbp-b82a17b.gspb_iconsList .gspb_iconsList__item{font-size:15px;}}#gspb_iconsList-id-gsbp-b82a17b.gspb_iconsList .gspb_iconsList__item, #gspb_iconsList-id-gsbp-b82a17b.gspb_iconsList .gspb_iconsList__item a{text-decoration:none;}#gspb_iconsList-id-gsbp-b82a17b.gspb_iconsList .gspb_iconsList__item a, #gspb_iconsList-id-gsbp-b82a17b.gspb_iconsList .gspb_iconsList__item .wp-block a{color:var(--wp--preset--color--palette-color-1, var(--theme-palette-color-1, #2c45df));}#gspb_iconsList-id-gsbp-b82a17b.gspb_iconsList .gspb_iconsList__item{margin-bottom:30px;padding-bottom:var(--wp--preset--spacing--20);}#gspb_iconsList-id-gsbp-b82a17b.gspb_iconsList .gspb_iconsList__item{border-bottom-style:solid;border-bottom-width:1px;border-bottom-color:#cccccc;}#gspb_iconsList-id-gsbp-b82a17b.gspb_iconsList [data-id='0'] svg{height:30px!important;width:30px!important;min-width:30px!important;}#gspb_iconsList-id-gsbp-b82a17b.gspb_iconsList [data-id='0'] svg{margin:0px !important;}#gspb_iconsList-id-gsbp-b82a17b.gspb_iconsList [data-id='1'] svg{height:30px!important;width:30px!important;min-width:30px!important;}#gspb_iconsList-id-gsbp-b82a17b.gspb_iconsList [data-id='1'] svg{margin:0px !important;}#gspb_iconsList-id-gsbp-b82a17b.gspb_iconsList [data-id='2'] svg{height:30px!important;width:30px!important;min-width:30px!important;}#gspb_iconsList-id-gsbp-b82a17b.gspb_iconsList [data-id='2'] svg{margin:0px !important;}#gspb_iconsList-id-gsbp-b82a17b.gspb_iconsList [data-id='3'] svg{height:30px!important;width:30px!important;min-width:30px!important;}#gspb_iconsList-id-gsbp-b82a17b.gspb_iconsList [data-id='3'] svg{margin:0px !important;}#gspb_row-id-gsbp-afaf35f{justify-content: space-between;margin-top: 0px;margin-bottom: 0px;display: flex;flex-wrap: wrap;}#gspb_row-id-gsbp-afaf35f > .gspb_row__content {display: flex;justify-content: space-between;margin: 0 auto;width: 100%;flex-wrap: wrap;}.gspb_row{position:relative;}div[id^=gspb_col-id]{box-sizing:border-box;position:relative;}div[id^=gspb_col-id]{padding:var(--gs-row-column-padding, 15px min(3vw, 20px));}body.gspb-bodyfront #gspb_row-id-gsbp-afaf35f > .gspb_row__content{width:var(--theme-container-width, 1200px);}body.gspb-bodyfront #gspb_row-id-gsbp-afaf35f > .gspb_row__content{max-width:var(--theme-normal-container-max-width, 1200px);}#gspb_row-id-gsbp-afaf35f{padding-top:50px;padding-bottom:100px;}#gspb_col-id-gsbp-9500ac2.gspb_row__col--12{width:100%;}@media (max-width: 575.98px){#gspb_col-id-gsbp-9500ac2.gspb_row__col--12{width:100%;}}.gspb_id-gsbp-407b1a5{display:flex;}.gspb_id-gsbp-407b1a5 .gspb_map-wrapper{width:100%;height:400px;isolation:isolate;}","footnotes":""},"class_list":["post-336","page","type-page","status-publish","hentry"],"blocksy_meta":[],"_links":{"self":[{"href":"https:\/\/chuangxinmachinery.com\/vi\/wp-json\/wp\/v2\/pages\/336","targetHints":{"allow":["GET"]}}],"collection":[{"href":"https:\/\/chuangxinmachinery.com\/vi\/wp-json\/wp\/v2\/pages"}],"about":[{"href":"https:\/\/chuangxinmachinery.com\/vi\/wp-json\/wp\/v2\/types\/page"}],"author":[{"embeddable":true,"href":"https:\/\/chuangxinmachinery.com\/vi\/wp-json\/wp\/v2\/users\/1"}],"replies":[{"embeddable":true,"href":"https:\/\/chuangxinmachinery.com\/vi\/wp-json\/wp\/v2\/comments?post=336"}],"version-history":[{"count":0,"href":"https:\/\/chuangxinmachinery.com\/vi\/wp-json\/wp\/v2\/pages\/336\/revisions"}],"wp:attachment":[{"href":"https:\/\/chuangxinmachinery.com\/vi\/wp-json\/wp\/v2\/media?parent=336"}],"curies":[{"name":"wp","href":"https:\/\/api.w.org\/{rel}","templated":true}]}}