{"id":428,"date":"2025-06-03T07:53:41","date_gmt":"2025-06-03T07:53:41","guid":{"rendered":"https:\/\/chuangxinmachinery.com\/?page_id=428"},"modified":"2025-06-17T06:48:25","modified_gmt":"2025-06-17T06:48:25","slug":"kiem-tra-chat-luong","status":"publish","type":"page","link":"https:\/\/chuangxinmachinery.com\/vi\/quality-inspection\/","title":{"rendered":"Ki\u1ec3m tra ch\u1ea5t l\u01b0\u1ee3ng"},"content":{"rendered":"<div class=\"wp-block-greenshift-blocks-row alignfull gspb_row gspb_row-id-gsbp-0fb669a\" id=\"gspb_row-id-gsbp-0fb669a\"><div class=\"gspb_backgroundOverlay\"><\/div><div class=\"gspb_row__content\"> \n<div class=\"wp-block-greenshift-blocks-row-column gspb_row__col--12 gspb_col-id-gsbp-3176ebe\" id=\"gspb_col-id-gsbp-3176ebe\">\n<h1 id=\"gspb_heading-id-gsbp-5cb03cd\" class=\"gspb_heading gspb_heading-id-gsbp-5cb03cd\"><em>Ki\u1ec3m tra ch\u1ea5t l\u01b0\u1ee3ng<\/em><\/h1>\n<\/div>\n <\/div><\/div>\n\n\n\n<div class=\"wp-block-greenshift-blocks-row alignfull gspb_row gspb_row-id-gsbp-634ecf4\" id=\"gspb_row-id-gsbp-634ecf4\"><div class=\"gspb_row__content\"> \n<div class=\"wp-block-greenshift-blocks-row-column gspb_row__col--12 gspb_col-id-gsbp-d87e86e\" id=\"gspb_col-id-gsbp-d87e86e\">\n<div id=\"gspb_text-id-gsbp-e0b886f\" class=\"gspb_text gspb_text-id-gsbp-e0b886f\">T\u1ea1i <strong>trangxin<\/strong>Ch\u1ea5t l\u01b0\u1ee3ng kh\u00f4ng ch\u1ec9 l\u00e0 l\u1eddi h\u1ee9a m\u00e0 c\u00f2n l\u00e0 nguy\u00ean t\u1eafc c\u1ed1t l\u00f5i m\u00e0 ch\u00fang t\u00f4i duy tr\u00ec \u1edf m\u1ecdi giai \u0111o\u1ea1n s\u1ea3n xu\u1ea5t.<br><strong>Ch\u00fang t\u00f4i \u0111\u00e3 thi\u1ebft l\u1eadp m\u1ed9t h\u1ec7 th\u1ed1ng ki\u1ec3m tra ch\u1ea5t l\u01b0\u1ee3ng to\u00e0n di\u1ec7n bao g\u1ed3m l\u1ef1a ch\u1ecdn nguy\u00ean li\u1ec7u th\u00f4, gia c\u00f4ng ch\u00ednh x\u00e1c, l\u1eafp r\u00e1p v\u00e0 th\u1eed nghi\u1ec7m cu\u1ed1i c\u00f9ng. <\/strong>M\u1ed7i m\u00e1y \u0111\u1ec1u tr\u1ea3i qua nhi\u1ec1u v\u00f2ng ki\u1ec3m tra nghi\u00eam ng\u1eb7t v\u00e0 \u0111\u00e1nh gi\u00e1 hi\u1ec7u su\u1ea5t \u0111\u1ec3 \u0111\u1ea3m b\u1ea3o \u0111\u1ed9 tin c\u1eady, \u0111\u1ed9 b\u1ec1n v\u00e0 tu\u00e2n th\u1ee7 c\u00e1c ti\u00eau chu\u1ea9n qu\u1ed1c t\u1ebf. <strong>Nh\u00f3m ki\u1ec3m so\u00e1t ch\u1ea5t l\u01b0\u1ee3ng c\u1ee7a ch\u00fang t\u00f4i s\u1eed d\u1ee5ng thi\u1ebft b\u1ecb th\u1eed nghi\u1ec7m ti\u00ean ti\u1ebfn \u0111\u1ec3 theo d\u00f5i c\u00e1c th\u00f4ng s\u1ed1 ch\u00ednh nh\u01b0 \u00e1p su\u1ea5t, nhi\u1ec7t \u0111\u1ed9, \u0111\u1ed9 \u1ed5n \u0111\u1ecbnh v\u1eadn h\u00e0nh v\u00e0 t\u00ednh to\u00e0n v\u1eb9n c\u1ee7a c\u1ea5u tr\u00fac. <\/strong>Ch\u1ec9 nh\u1eefng s\u1ea3n ph\u1ea9m v\u01b0\u1ee3t qua m\u1ecdi ti\u00eau chu\u1ea9n ki\u1ec3m tra ch\u1ea5t l\u01b0\u1ee3ng m\u1edbi \u0111\u01b0\u1ee3c ch\u1ea5p thu\u1eadn giao h\u00e0ng. <br>Ch\u00fang t\u00f4i cam k\u1ebft cung c\u1ea5p thi\u1ebft b\u1ecb kh\u00f4ng ch\u1ec9 \u0111\u00e1p \u1ee9ng m\u00e0 c\u00f2n v\u01b0\u1ee3t qu\u00e1 mong \u0111\u1ee3i c\u1ee7a kh\u00e1ch h\u00e0ng \u2014 v\u00ec ch\u00fang t\u00f4i tin r\u1eb1ng ch\u1ea5t l\u01b0\u1ee3ng nh\u1ea5t qu\u00e1n s\u1ebd t\u1ea1o n\u00ean ni\u1ec1m tin l\u00e2u d\u00e0i.<\/div>\n\n\n\n<div class=\"wp-block-greenshift-blocks-row gspb_row gspb_row-id-gsbp-d9d9ce8\" id=\"gspb_row-id-gsbp-d9d9ce8\"><div class=\"gspb_row__content\"> \n<div class=\"wp-block-greenshift-blocks-row-column gspb_row__col--3 gspb_row__col--md-6 gspb_col-id-gsbp-cac4159\" id=\"gspb_col-id-gsbp-cac4159\">\n<div class=\"wp-block-greenshift-blocks-image gspb_image gspb_image-id-gsbp-a9116c9\" id=\"gspb_image-id-gsbp-a9116c9\"><img decoding=\"async\" src=\"https:\/\/chuangxinmachinery.com\/wp-content\/uploads\/2025\/06\/chanpinjiance.jpg\" data-src=\"\" alt=\"m\u00e1y \u00e9p v\u00e1n \u00e9p\" loading=\"lazy\" width=\"1000\" height=\"635\"\/><\/div>\n<\/div>\n\n\n\n<div class=\"wp-block-greenshift-blocks-row-column gspb_row__col--3 gspb_row__col--md-6 gspb_col-id-gsbp-c39f572\" id=\"gspb_col-id-gsbp-c39f572\">\n<div class=\"wp-block-greenshift-blocks-image gspb_image gspb_image-id-gsbp-1a61fa9\" id=\"gspb_image-id-gsbp-1a61fa9\"><img decoding=\"async\" src=\"https:\/\/chuangxinmachinery.com\/wp-content\/uploads\/2025\/06\/chanpinjiance2.jpg\" data-src=\"\" alt=\"\" loading=\"lazy\" width=\"1000\" height=\"635\"\/><\/div>\n<\/div>\n\n\n\n<div class=\"wp-block-greenshift-blocks-row-column gspb_row__col--3 gspb_row__col--md-6 gspb_col-id-gsbp-ad4ff44\" id=\"gspb_col-id-gsbp-ad4ff44\">\n<div class=\"wp-block-greenshift-blocks-image gspb_image gspb_image-id-gsbp-830b43b\" id=\"gspb_image-id-gsbp-830b43b\"><img decoding=\"async\" src=\"https:\/\/chuangxinmachinery.com\/wp-content\/uploads\/2025\/06\/chanpinjiance3.jpg\" data-src=\"\" alt=\"\" loading=\"lazy\" width=\"1000\" height=\"635\"\/><\/div>\n<\/div>\n\n\n\n<div class=\"wp-block-greenshift-blocks-row-column gspb_row__col--3 gspb_row__col--md-6 gspb_col-id-gsbp-f6a9583\" id=\"gspb_col-id-gsbp-f6a9583\">\n<div class=\"wp-block-greenshift-blocks-image gspb_image gspb_image-id-gsbp-0ceb41f\" id=\"gspb_image-id-gsbp-0ceb41f\"><img decoding=\"async\" src=\"https:\/\/chuangxinmachinery.com\/wp-content\/uploads\/2025\/06\/chanpinjiance4.jpg\" data-src=\"\" alt=\"\" loading=\"lazy\" width=\"1000\" height=\"635\"\/><\/div>\n<\/div>\n <\/div><\/div>\n\n\n\n<div class=\"wp-block-greenshift-blocks-row gspb_row gspb_row-id-gsbp-35264c8\" id=\"gspb_row-id-gsbp-35264c8\"><div class=\"gspb_row__content\"> \n<div class=\"wp-block-greenshift-blocks-row-column gspb_row__col--3 gspb_row__col--md-6 gspb_col-id-gsbp-c7b0897\" id=\"gspb_col-id-gsbp-c7b0897\">\n<div class=\"wp-block-greenshift-blocks-image gspb_image gspb_image-id-gsbp-80b357f\" id=\"gspb_image-id-gsbp-80b357f\"><img decoding=\"async\" src=\"https:\/\/chuangxinmachinery.com\/wp-content\/uploads\/2025\/06\/chanpinjiance5.jpg\" data-src=\"\" alt=\"\" loading=\"lazy\" width=\"1000\" height=\"635\"\/><\/div>\n<\/div>\n\n\n\n<div class=\"wp-block-greenshift-blocks-row-column gspb_row__col--3 gspb_row__col--md-6 gspb_col-id-gsbp-bb89ea1\" id=\"gspb_col-id-gsbp-bb89ea1\">\n<div class=\"wp-block-greenshift-blocks-image gspb_image gspb_image-id-gsbp-4551d44\" id=\"gspb_image-id-gsbp-4551d44\"><img decoding=\"async\" src=\"https:\/\/chuangxinmachinery.com\/wp-content\/uploads\/2025\/06\/chanpinjiance6.jpg\" data-src=\"\" alt=\"\" loading=\"lazy\" width=\"1000\" height=\"635\"\/><\/div>\n<\/div>\n\n\n\n<div class=\"wp-block-greenshift-blocks-row-column gspb_row__col--3 gspb_row__col--md-6 gspb_col-id-gsbp-9d80e7c\" id=\"gspb_col-id-gsbp-9d80e7c\">\n<div class=\"wp-block-greenshift-blocks-image gspb_image gspb_image-id-gsbp-802f655\" id=\"gspb_image-id-gsbp-802f655\"><img decoding=\"async\" src=\"https:\/\/chuangxinmachinery.com\/wp-content\/uploads\/2025\/06\/chanpinjiance7.jpg\" data-src=\"\" alt=\"\" loading=\"lazy\" width=\"1000\" height=\"635\"\/><\/div>\n<\/div>\n\n\n\n<div class=\"wp-block-greenshift-blocks-row-column gspb_row__col--3 gspb_row__col--md-6 gspb_col-id-gsbp-1e970fd\" id=\"gspb_col-id-gsbp-1e970fd\">\n<div class=\"wp-block-greenshift-blocks-image gspb_image gspb_image-id-gsbp-5c5ae7c\" id=\"gspb_image-id-gsbp-5c5ae7c\"><img decoding=\"async\" src=\"https:\/\/chuangxinmachinery.com\/wp-content\/uploads\/2025\/06\/chanpinjiance8.jpg\" data-src=\"\" alt=\"\" loading=\"lazy\" width=\"1000\" height=\"635\"\/><\/div>\n<\/div>\n <\/div><\/div>\n<\/div>\n <\/div><\/div>","protected":false},"excerpt":{"rendered":"<p>N\u00e2ng c\u1ea5p s\u1ea3n l\u01b0\u1ee3ng g\u1ed7 c\u1ee7a b\u1ea1n b\u1eb1ng m\u00e1y \u00e9p g\u1ed7 d\u00e1n \u0111\u01b0\u1ee3c thi\u1ebft k\u1ebf \u0111\u1ec3 c\u00f3 \u0111\u1ed9 b\u1ec1n, \u0111\u1ed9 ch\u00ednh x\u00e1c v\u00e0 hi\u1ec7u qu\u1ea3 trong qu\u00e1 tr\u00ecnh ch\u1ebf bi\u1ebfn g\u1ed7 d\u00e1n v\u00e0 v\u00e1n \u00e9p nhi\u1ec1u l\u1edbp.<\/p>","protected":false},"author":1,"featured_media":0,"parent":0,"menu_order":0,"comment_status":"closed","ping_status":"closed","template":"","meta":{"_gspb_post_css":"#gspb_row-id-gsbp-0fb669a{justify-content:space-between;margin-top:0;margin-bottom:0;display:flex;flex-wrap:wrap;min-height:400px}#gspb_row-id-gsbp-0fb669a>.gspb_row__content{display:flex;justify-content:space-between;margin:0 auto;width:100%;flex-wrap:wrap;align-items:center}div[id^=gspb_col-id]{box-sizing:border-box;position:relative;padding:var(--gs-row-column-padding, 15px min(3vw, 20px))}@media (max-width:575.98px){#gspb_row-id-gsbp-0fb669a{min-height:200px}}#gspb_row-id-gsbp-0fb669a{align-content:center;background-size:cover;background-image:url(https:\/\/chuangxinmachinery.com\/wp-content\/uploads\/2025\/06\/about-neiye.jpg)}#gspb_row-id-gsbp-0fb669a:hover{background-size:cover}#gspb_col-id-gsbp-3176ebe.gspb_row__col--12{width:100%}@media (max-width:575.98px){#gspb_col-id-gsbp-3176ebe.gspb_row__col--12{width:100%}}#gspb_heading-id-gsbp-5cb03cd{font-size:55px}@media (max-width:575.98px){#gspb_heading-id-gsbp-5cb03cd{font-size:40px}}#gspb_heading-id-gsbp-5cb03cd{color:var(--wp--preset--color--palette-color-8, var(--theme-palette-color-8, #ffffff))}#gspb_row-id-gsbp-634ecf4{padding-top:50px;padding-bottom:50px}#gspb_row-id-gsbp-634ecf4>.gspb_row__content{display:flex;justify-content:space-between;margin:0 auto;width:100%;flex-wrap:wrap}body.gspb-bodyfront #gspb_row-id-gsbp-0fb669a>.gspb_row__content,body.gspb-bodyfront #gspb_row-id-gsbp-634ecf4>.gspb_row__content{width:var(--theme-container-width, 1200px);max-width:var(--theme-normal-container-max-width, 1200px)}#gspb_col-id-gsbp-d87e86e.gspb_row__col--12{width:100%}@media (max-width:575.98px){#gspb_col-id-gsbp-d87e86e.gspb_row__col--12{width:100%}}.gspb_text-id-gsbp-e0b886f{padding-bottom:20px!important}#gspb_row-id-gsbp-634ecf4,#gspb_row-id-gsbp-d9d9ce8{justify-content:space-between;margin-top:0;margin-bottom:0;display:flex;flex-wrap:wrap}#gspb_row-id-gsbp-d9d9ce8>.gspb_row__content{display:flex;justify-content:space-between;margin:0 auto;width:100%;flex-wrap:wrap}.gspb_row{position:relative}#gspb_col-id-gsbp-cac4159.gspb_row__col--3{width:25%}@media (max-width:991.98px){#gspb_col-id-gsbp-cac4159.gspb_row__col--3{width:50%}}@media (max-width:575.98px){#gspb_col-id-gsbp-cac4159.gspb_row__col--3{width:100%}}#gspb_image-id-gsbp-0ceb41f,#gspb_image-id-gsbp-1a61fa9,#gspb_image-id-gsbp-830b43b,#gspb_image-id-gsbp-a9116c9{overflow:hidden}#gspb_image-id-gsbp-0ceb41f img:hover,#gspb_image-id-gsbp-1a61fa9 img:hover,#gspb_image-id-gsbp-4551d44 img:hover,#gspb_image-id-gsbp-5c5ae7c img:hover,#gspb_image-id-gsbp-802f655 img:hover,#gspb_image-id-gsbp-80b357f img:hover,#gspb_image-id-gsbp-830b43b img:hover,#gspb_image-id-gsbp-a9116c9 img:hover{transform:scale(1.1)}#gspb_col-id-gsbp-c39f572.gspb_row__col--3{width:25%}@media (max-width:991.98px){#gspb_col-id-gsbp-c39f572.gspb_row__col--3{width:50%}}@media (max-width:575.98px){#gspb_col-id-gsbp-c39f572.gspb_row__col--3{width:100%}}#gspb_image-id-gsbp-1a61fa9 img,#gspb_image-id-gsbp-830b43b img,#gspb_image-id-gsbp-a9116c9 img{vertical-align:top;display:inline-block;box-sizing:border-box;max-width:100%;height:auto;border-top-left-radius:5px;border-top-right-radius:5px;border-bottom-right-radius:5px;border-bottom-left-radius:5px;transition:all .5s cubic-bezier(.42,0,.58,1)}#gspb_col-id-gsbp-ad4ff44.gspb_row__col--3{width:25%}@media (max-width:991.98px){#gspb_col-id-gsbp-ad4ff44.gspb_row__col--3{width:50%}}@media (max-width:575.98px){#gspb_col-id-gsbp-ad4ff44.gspb_row__col--3{width:100%}}#gspb_col-id-gsbp-f6a9583.gspb_row__col--3{width:25%}@media (max-width:991.98px){#gspb_col-id-gsbp-f6a9583.gspb_row__col--3{width:50%}}@media (max-width:575.98px){#gspb_col-id-gsbp-f6a9583.gspb_row__col--3{width:100%}}#gspb_row-id-gsbp-35264c8{justify-content:space-between;margin-top:0;margin-bottom:0;display:flex;flex-wrap:wrap}#gspb_row-id-gsbp-35264c8>.gspb_row__content{display:flex;justify-content:space-between;margin:0 auto;width:100%;flex-wrap:wrap}body.gspb-bodyfront #gspb_row-id-gsbp-35264c8>.gspb_row__content,body.gspb-bodyfront #gspb_row-id-gsbp-d9d9ce8>.gspb_row__content{width:var(--theme-container-width, 1200px);max-width:var(--theme-normal-container-max-width, 1200px)}#gspb_col-id-gsbp-c7b0897.gspb_row__col--3{width:25%}@media (max-width:991.98px){#gspb_col-id-gsbp-c7b0897.gspb_row__col--3{width:50%}}@media (max-width:575.98px){#gspb_col-id-gsbp-c7b0897.gspb_row__col--3{width:100%}}#gspb_image-id-gsbp-0ceb41f img,#gspb_image-id-gsbp-80b357f img{vertical-align:top;display:inline-block;box-sizing:border-box;max-width:100%;height:auto;border-top-left-radius:5px;border-top-right-radius:5px;border-bottom-right-radius:5px;border-bottom-left-radius:5px;transition:all .5s cubic-bezier(.42,0,.58,1)}#gspb_image-id-gsbp-4551d44,#gspb_image-id-gsbp-5c5ae7c,#gspb_image-id-gsbp-802f655,#gspb_image-id-gsbp-80b357f{overflow:hidden}#gspb_col-id-gsbp-bb89ea1.gspb_row__col--3{width:25%}@media (max-width:991.98px){#gspb_col-id-gsbp-bb89ea1.gspb_row__col--3{width:50%}}@media (max-width:575.98px){#gspb_col-id-gsbp-bb89ea1.gspb_row__col--3{width:100%}}#gspb_col-id-gsbp-9d80e7c.gspb_row__col--3{width:25%}@media (max-width:991.98px){#gspb_col-id-gsbp-9d80e7c.gspb_row__col--3{width:50%}}@media (max-width:575.98px){#gspb_col-id-gsbp-9d80e7c.gspb_row__col--3{width:100%}}#gspb_col-id-gsbp-1e970fd.gspb_row__col--3{width:25%}@media (max-width:991.98px){#gspb_col-id-gsbp-1e970fd.gspb_row__col--3{width:50%}}@media (max-width:575.98px){#gspb_col-id-gsbp-1e970fd.gspb_row__col--3{width:100%}}#gspb_image-id-gsbp-4551d44 img,#gspb_image-id-gsbp-5c5ae7c img,#gspb_image-id-gsbp-802f655 img{vertical-align:top;display:inline-block;box-sizing:border-box;max-width:100%;height:auto;border-top-left-radius:5px;border-top-right-radius:5px;border-bottom-right-radius:5px;border-bottom-left-radius:5px;transition:all .5s cubic-bezier(.42,0,.58,1)}","footnotes":""},"class_list":["post-428","page","type-page","status-publish","hentry"],"blocksy_meta":[],"_links":{"self":[{"href":"https:\/\/chuangxinmachinery.com\/vi\/wp-json\/wp\/v2\/pages\/428","targetHints":{"allow":["GET"]}}],"collection":[{"href":"https:\/\/chuangxinmachinery.com\/vi\/wp-json\/wp\/v2\/pages"}],"about":[{"href":"https:\/\/chuangxinmachinery.com\/vi\/wp-json\/wp\/v2\/types\/page"}],"author":[{"embeddable":true,"href":"https:\/\/chuangxinmachinery.com\/vi\/wp-json\/wp\/v2\/users\/1"}],"replies":[{"embeddable":true,"href":"https:\/\/chuangxinmachinery.com\/vi\/wp-json\/wp\/v2\/comments?post=428"}],"version-history":[{"count":0,"href":"https:\/\/chuangxinmachinery.com\/vi\/wp-json\/wp\/v2\/pages\/428\/revisions"}],"wp:attachment":[{"href":"https:\/\/chuangxinmachinery.com\/vi\/wp-json\/wp\/v2\/media?parent=428"}],"curies":[{"name":"wp","href":"https:\/\/api.w.org\/{rel}","templated":true}]}}