{"id":794,"date":"2025-06-05T08:31:34","date_gmt":"2025-06-05T08:31:34","guid":{"rendered":"https:\/\/chuangxinmachinery.com\/?page_id=794"},"modified":"2025-06-17T06:59:03","modified_gmt":"2025-06-17T06:59:03","slug":"chinh-sach-van-chuyen","status":"publish","type":"page","link":"https:\/\/chuangxinmachinery.com\/vi\/shipping-policy\/","title":{"rendered":"Ch\u00ednh s\u00e1ch v\u1eadn chuy\u1ec3n"},"content":{"rendered":"<div class=\"wp-block-greenshift-blocks-row alignfull gspb_row gspb_row-id-gsbp-640fc9c\" id=\"gspb_row-id-gsbp-640fc9c\"><div class=\"gspb_backgroundOverlay\"><\/div><div class=\"gspb_row__content\"> \n<div class=\"wp-block-greenshift-blocks-row-column gspb_row__col--12 gspb_col-id-gsbp-7c555ae\" id=\"gspb_col-id-gsbp-7c555ae\">\n<h1 id=\"gspb_heading-id-gsbp-9467f88\" class=\"gspb_heading gspb_heading-id-gsbp-9467f88\"><em>Ch\u00ednh s\u00e1ch v\u1eadn chuy\u1ec3n<\/em><\/h1>\n<\/div>\n <\/div><\/div>\n\n\n\n<div class=\"wp-block-greenshift-blocks-row gspb_row gspb_row-id-gsbp-313e7ce\" id=\"gspb_row-id-gsbp-313e7ce\"><div class=\"gspb_row__content\"> \n<div class=\"wp-block-greenshift-blocks-row-column gspb_row__col--12 gspb_col-id-gsbp-5d910c3\" id=\"gspb_col-id-gsbp-5d910c3\">\n<p>T\u1ea1i&nbsp;<strong><strong><strong><strong><strong><strong>C\u00f4ng ty TNHH Thi\u1ebft b\u1ecb t\u1ef1 \u0111\u1ed9ng h\u00f3a Shandong Chuangxin<\/strong><\/strong><\/strong><\/strong><\/strong>.,<\/strong>&nbsp;Ch\u00fang t\u00f4i n\u1ed7 l\u1ef1c cung c\u1ea5p s\u1ea3n ph\u1ea9m k\u1ecbp th\u1eddi v\u00e0 hi\u1ec7u qu\u1ea3 cho kh\u00e1ch h\u00e0ng. Ch\u00fang t\u00f4i v\u1eadn chuy\u1ec3n s\u1ea3n ph\u1ea9m \u0111\u1ebfn kh\u00e1ch h\u00e0ng c\u1ea3 trong n\u01b0\u1edbc v\u00e0 qu\u1ed1c t\u1ebf.<\/p>\n\n\n\n<h4 class=\"wp-block-heading\" id=\"gspb_heading-id-gsbp-082136f\">V\u1eadn chuy\u1ec3n trong n\u01b0\u1edbc:<\/h4>\n\n\n\n<p>Ch\u00fang t\u00f4i v\u1eadn chuy\u1ec3n s\u1ea3n ph\u1ea9m trong ph\u1ea1m vi Trung Qu\u1ed1c \u0111\u1ea1i l\u1ee5c th\u00f4ng qua nhi\u1ec1u h\u00e3ng v\u1eadn chuy\u1ec3n kh\u00e1c nhau, t\u00f9y thu\u1ed9c v\u00e0o s\u1ea3n ph\u1ea9m v\u00e0 v\u1ecb tr\u00ed c\u1ee7a kh\u00e1ch h\u00e0ng.<\/p>\n\n\n\n<p>Ph\u00ed v\u1eadn chuy\u1ec3n trong n\u01b0\u1edbc c\u00f3 th\u1ec3 thay \u0111\u1ed5i t\u00f9y theo tr\u1ecdng l\u01b0\u1ee3ng v\u00e0 k\u00edch th\u01b0\u1edbc c\u1ee7a s\u1ea3n ph\u1ea9m c\u0169ng nh\u01b0 \u0111\u1ecba \u0111i\u1ec3m giao h\u00e0ng.<\/p>\n\n\n\n<p>Th\u1eddi gian giao h\u00e0ng \u01b0\u1edbc t\u00ednh cho c\u00e1c l\u00f4 h\u00e0ng trong n\u01b0\u1edbc th\u01b0\u1eddng l\u00e0 trong v\u00f2ng 3-7 ng\u00e0y l\u00e0m vi\u1ec7c, t\u00f9y thu\u1ed9c v\u00e0o h\u00e3ng v\u1eadn chuy\u1ec3n v\u00e0 \u0111\u1ecba \u0111i\u1ec3m giao h\u00e0ng.<\/p>\n\n\n\n<h4 class=\"wp-block-heading\" id=\"gspb_heading-id-gsbp-44de51b\">V\u1eadn chuy\u1ec3n qu\u1ed1c t\u1ebf:<\/h4>\n\n\n\n<p>Ch\u00fang t\u00f4i v\u1eadn chuy\u1ec3n s\u1ea3n ph\u1ea9m \u0111\u1ebfn kh\u00e1ch h\u00e0ng qu\u1ed1c t\u1ebf th\u00f4ng qua nhi\u1ec1u h\u00e3ng v\u1eadn chuy\u1ec3n kh\u00e1c nhau, t\u00f9y thu\u1ed9c v\u00e0o s\u1ea3n ph\u1ea9m v\u00e0 v\u1ecb tr\u00ed c\u1ee7a kh\u00e1ch h\u00e0ng.<\/p>\n\n\n\n<p>Ph\u00ed v\u1eadn chuy\u1ec3n qu\u1ed1c t\u1ebf c\u00f3 th\u1ec3 thay \u0111\u1ed5i t\u00f9y theo tr\u1ecdng l\u01b0\u1ee3ng v\u00e0 k\u00edch th\u01b0\u1edbc c\u1ee7a s\u1ea3n ph\u1ea9m c\u0169ng nh\u01b0 \u0111\u1ecba \u0111i\u1ec3m giao h\u00e0ng.<\/p>\n\n\n\n<p>Th\u1eddi gian giao h\u00e0ng \u01b0\u1edbc t\u00ednh cho c\u00e1c l\u00f4 h\u00e0ng qu\u1ed1c t\u1ebf c\u00f3 th\u1ec3 kh\u00e1c nhau t\u00f9y thu\u1ed9c v\u00e0o \u0111\u01a1n v\u1ecb v\u1eadn chuy\u1ec3n v\u00e0 \u0111\u1ecba \u0111i\u1ec3m giao h\u00e0ng. Th\u1eddi gian giao h\u00e0ng c\u00f3 th\u1ec3 b\u1ecb \u1ea3nh h\u01b0\u1edfng b\u1edfi h\u1ea3i quan v\u00e0 c\u00e1c y\u1ebfu t\u1ed1 kh\u00e1c n\u1eb1m ngo\u00e0i t\u1ea7m ki\u1ec3m so\u00e1t c\u1ee7a ch\u00fang t\u00f4i.<\/p>\n\n\n\n<p>Xin l\u01b0u \u00fd r\u1eb1ng ch\u00fang t\u00f4i kh\u00f4ng ch\u1ecbu tr\u00e1ch nhi\u1ec7m cho b\u1ea5t k\u1ef3 kho\u1ea3n thu\u1ebf h\u1ea3i quan, thu\u1ebf ho\u1eb7c ph\u00ed n\u00e0o do qu\u1ed1c gia \u0111\u00edch \u00e1p d\u1ee5ng. Kh\u00e1ch h\u00e0ng ch\u1ecbu tr\u00e1ch nhi\u1ec7m chi tr\u1ea3 c\u00e1c kho\u1ea3n ph\u00ed \u0111\u00f3.<\/p>\n\n\n\n<p>N\u1ebfu b\u1ea1n c\u00f3 b\u1ea5t k\u1ef3 c\u00e2u h\u1ecfi ho\u1eb7c th\u1eafc m\u1eafc n\u00e0o v\u1ec1 vi\u1ec7c v\u1eadn chuy\u1ec3n, vui l\u00f2ng li\u00ean h\u1ec7 v\u1edbi ch\u00fang t\u00f4i theo \u0111\u1ecba ch\u1ec9\u00a0<em><strong><a href=\"mailto:caimeimei641@gmail.com\"><\/a><a href=\"mailto:innovationcompany@163.com\"><em><strong><u><strong><em><a href=\"mailto:innovationcompany@163.com\">innovationcompany@163.com<\/a><\/em><\/strong><\/u><\/strong><\/em><\/a>.<\/strong><\/em><\/p>\n<\/div>\n <\/div><\/div>","protected":false},"excerpt":{"rendered":"","protected":false},"author":1,"featured_media":0,"parent":0,"menu_order":0,"comment_status":"closed","ping_status":"closed","template":"","meta":{"_gspb_post_css":"#gspb_row-id-gsbp-640fc9c{justify-content:space-between;margin-top:0;margin-bottom:0;display:flex;flex-wrap:wrap;min-height:500px;align-content:center;background-size:cover;background-image:url(https:\/\/chuangxinmachinery.com\/wp-content\/uploads\/2025\/06\/about.jpg);isolation:isolate}#gspb_row-id-gsbp-640fc9c>.gspb_row__content{display:flex;justify-content:space-between;margin:0 auto;width:100%;flex-wrap:wrap;align-items:center}.gspb_row{position:relative}div[id^=gspb_col-id]{box-sizing:border-box;position:relative;padding:var(--gs-row-column-padding, 15px min(3vw, 20px))}#gspb_row-id-gsbp-640fc9c:hover{background-size:cover}#gspb_row-id-gsbp-640fc9c>.gspb_backgroundOverlay{position:absolute;top:0;left:0;width:100%;height:100%;z-index:-1;opacity:.74;background-color:var(--wp--preset--color--palette-color-2, var(--theme-palette-color-2, #152698))}#gspb_col-id-gsbp-7c555ae.gspb_row__col--12{width:100%}@media (max-width:575.98px){#gspb_col-id-gsbp-7c555ae.gspb_row__col--12{width:100%}}#gspb_heading-id-gsbp-9467f88{color:var(--wp--preset--color--palette-color-8, var(--theme-palette-color-8, #ffffff))}#gspb_row-id-gsbp-313e7ce{justify-content:space-between;margin-top:0;margin-bottom:0;display:flex;flex-wrap:wrap;padding-top:80px;padding-bottom:100px}#gspb_row-id-gsbp-313e7ce>.gspb_row__content{display:flex;justify-content:space-between;margin:0 auto;width:100%;flex-wrap:wrap}body.gspb-bodyfront #gspb_row-id-gsbp-313e7ce>.gspb_row__content,body.gspb-bodyfront #gspb_row-id-gsbp-640fc9c>.gspb_row__content{width:var(--theme-container-width, 1200px);max-width:var(--theme-normal-container-max-width, 1200px)}#gspb_col-id-gsbp-5d910c3.gspb_row__col--12{width:100%}@media (max-width:575.98px){#gspb_col-id-gsbp-5d910c3.gspb_row__col--12{width:100%}}","footnotes":""},"class_list":["post-794","page","type-page","status-publish","hentry"],"blocksy_meta":[],"_links":{"self":[{"href":"https:\/\/chuangxinmachinery.com\/vi\/wp-json\/wp\/v2\/pages\/794","targetHints":{"allow":["GET"]}}],"collection":[{"href":"https:\/\/chuangxinmachinery.com\/vi\/wp-json\/wp\/v2\/pages"}],"about":[{"href":"https:\/\/chuangxinmachinery.com\/vi\/wp-json\/wp\/v2\/types\/page"}],"author":[{"embeddable":true,"href":"https:\/\/chuangxinmachinery.com\/vi\/wp-json\/wp\/v2\/users\/1"}],"replies":[{"embeddable":true,"href":"https:\/\/chuangxinmachinery.com\/vi\/wp-json\/wp\/v2\/comments?post=794"}],"version-history":[{"count":0,"href":"https:\/\/chuangxinmachinery.com\/vi\/wp-json\/wp\/v2\/pages\/794\/revisions"}],"wp:attachment":[{"href":"https:\/\/chuangxinmachinery.com\/vi\/wp-json\/wp\/v2\/media?parent=794"}],"curies":[{"name":"wp","href":"https:\/\/api.w.org\/{rel}","templated":true}]}}