{"id":87,"date":"2025-06-05T08:26:28","date_gmt":"2025-06-05T08:26:28","guid":{"rendered":"https:\/\/chuangxinmachinery.com\/?page_id=87"},"modified":"2025-06-17T07:04:09","modified_gmt":"2025-06-17T07:04:09","slug":"chinh-sach-hoan-tien","status":"publish","type":"page","link":"https:\/\/chuangxinmachinery.com\/vi\/refund-policy\/","title":{"rendered":"Ch\u00ednh s\u00e1ch ho\u00e0n ti\u1ec1n"},"content":{"rendered":"<div class=\"wp-block-greenshift-blocks-row alignfull gspb_row gspb_row-id-gsbp-640fc9c\" id=\"gspb_row-id-gsbp-640fc9c\"><div class=\"gspb_backgroundOverlay\"><\/div><div class=\"gspb_row__content\"> \n<div class=\"wp-block-greenshift-blocks-row-column gspb_row__col--12 gspb_col-id-gsbp-7c555ae\" id=\"gspb_col-id-gsbp-7c555ae\">\n<h1 id=\"gspb_heading-id-gsbp-9467f88\" class=\"gspb_heading gspb_heading-id-gsbp-9467f88\"><em>Ch\u00ednh s\u00e1ch ho\u00e0n ti\u1ec1n<\/em><\/h1>\n<\/div>\n <\/div><\/div>\n\n\n\n<div class=\"wp-block-greenshift-blocks-row gspb_row gspb_row-id-gsbp-313e7ce\" id=\"gspb_row-id-gsbp-313e7ce\"><div class=\"gspb_row__content\"> \n<div class=\"wp-block-greenshift-blocks-row-column gspb_row__col--12 gspb_col-id-gsbp-5d910c3\" id=\"gspb_col-id-gsbp-5d910c3\">\n<p>T\u1ea1i&nbsp;<strong><strong><strong>C\u00f4ng ty TNHH Thi\u1ebft b\u1ecb t\u1ef1 \u0111\u1ed9ng h\u00f3a Shandong Chuangxin<\/strong><\/strong><\/strong>Ch\u00fang t\u00f4i lu\u00f4n n\u1ed7 l\u1ef1c cung c\u1ea5p s\u1ea3n ph\u1ea9m ch\u1ea5t l\u01b0\u1ee3ng cao v\u00e0 d\u1ecbch v\u1ee5 kh\u00e1ch h\u00e0ng tuy\u1ec7t v\u1eddi. Ch\u00fang t\u00f4i hi\u1ec3u r\u1eb1ng \u0111\u00f4i khi s\u1ea3n ph\u1ea9m c\u00f3 th\u1ec3 kh\u00f4ng \u0111\u00e1p \u1ee9ng \u0111\u01b0\u1ee3c k\u1ef3 v\u1ecdng c\u1ee7a b\u1ea1n. Trong tr\u01b0\u1eddng h\u1ee3p \u0111\u00f3, ch\u00fang t\u00f4i cung c\u1ea5p ch\u00ednh s\u00e1ch ho\u00e0n ti\u1ec1n cho ph\u00e9p b\u1ea1n tr\u1ea3 l\u1ea1i s\u1ea3n ph\u1ea9m trong m\u1ed9t kho\u1ea3ng th\u1eddi gian nh\u1ea5t \u0111\u1ecbnh k\u1ec3 t\u1eeb ng\u00e0y mua.<\/p>\n\n\n\n<p>Xin l\u01b0u \u00fd r\u1eb1ng ch\u00fang t\u00f4i kh\u00f4ng th\u1ec3 cam k\u1ebft ho\u1eb7c \u0111\u1ea3m b\u1ea3o v\u1ec1 k\u1ebft qu\u1ea3 c\u1ee7a b\u1ea5t k\u1ef3 s\u1ea3n ph\u1ea9m n\u00e0o ch\u00fang t\u00f4i cung c\u1ea5p. Ch\u00fang t\u00f4i lu\u00f4n n\u1ed7 l\u1ef1c cung c\u1ea5p s\u1ea3n ph\u1ea9m ch\u1ea5t l\u01b0\u1ee3ng cao, nh\u01b0ng s\u1ef1 th\u00e0nh c\u00f4ng c\u1ee7a b\u1ea5t k\u1ef3 s\u1ea3n ph\u1ea9m n\u00e0o \u0111\u1ec1u ph\u1ee5 thu\u1ed9c v\u00e0o nhi\u1ec1u y\u1ebfu t\u1ed1 n\u1eb1m ngo\u00e0i t\u1ea7m ki\u1ec3m so\u00e1t c\u1ee7a ch\u00fang t\u00f4i. Do \u0111\u00f3, ch\u00fang t\u00f4i kh\u00f4ng th\u1ec3 ho\u00e0n ti\u1ec1n d\u1ef1a tr\u00ean k\u1ebft qu\u1ea3 c\u1ee7a b\u1ea5t k\u1ef3 s\u1ea3n ph\u1ea9m n\u00e0o.<\/p>\n\n\n\n<h4 class=\"wp-block-heading\" id=\"our-refund-policy-is-as-follows\">Ch\u00ednh s\u00e1ch ho\u00e0n ti\u1ec1n c\u1ee7a ch\u00fang t\u00f4i nh\u01b0 sau:<\/h4>\n\n\n\n<p>N\u1ebfu b\u1ea1n kh\u00f4ng h\u00e0i l\u00f2ng v\u1edbi s\u1ea3n ph\u1ea9m, b\u1ea1n c\u00f3 th\u1ec3 \u0111\u01b0\u1ee3c tr\u1ea3 l\u1ea1i h\u00e0ng.<\/p>\n\n\n\n<p>\u0110\u1ec3 b\u1eaft \u0111\u1ea7u tr\u1ea3 l\u1ea1i, vui l\u00f2ng li\u00ean h\u1ec7 v\u1edbi ch\u00fang t\u00f4i t\u1ea1i <u><strong><em><a href=\"mailto:innovationcompany@163.com\">innovationcompany@163.com<\/a><\/em><\/strong><\/u>.<\/p>\n\n\n\n<p>S\u1ea3n ph\u1ea9m ph\u1ea3i c\u00f2n nguy\u00ean bao b\u00ec g\u1ed1c v\u00e0 c\u00f2n m\u1edbi \u0111\u1ec3 \u0111\u01b0\u1ee3c tr\u1ea3 l\u1ea1i.<\/p>\n\n\n\n<p>Ph\u00ed v\u1eadn chuy\u1ec3n v\u00e0 x\u1eed l\u00fd kh\u00f4ng \u0111\u01b0\u1ee3c ho\u00e0n l\u1ea1i.<\/p>\n\n\n\n<p>Sau khi nh\u1eadn \u0111\u01b0\u1ee3c s\u1ea3n ph\u1ea9m, ch\u00fang t\u00f4i s\u1ebd \u0111\u00e1nh gi\u00e1 v\u00e0 quy\u1ebft \u0111\u1ecbnh xem c\u00f3 n\u00ean tr\u1ea3 l\u1ea1i hay kh\u00f4ng.<\/p>\n\n\n\n<p>Xin l\u01b0u \u00fd r\u1eb1ng ch\u00fang t\u00f4i c\u00f3 quy\u1ec1n t\u1eeb ch\u1ed1i tr\u1ea3 l\u1ea1i n\u1ebfu s\u1ea3n ph\u1ea9m kh\u00f4ng \u0111\u00e1p \u1ee9ng c\u00e1c ti\u00eau ch\u00ed ch\u00ednh s\u00e1ch tr\u1ea3 l\u1ea1i c\u1ee7a ch\u00fang t\u00f4i.<\/p>\n\n\n\n<p>N\u1ebfu b\u1ea1n c\u00f3 b\u1ea5t k\u1ef3 c\u00e2u h\u1ecfi ho\u1eb7c th\u1eafc m\u1eafc n\u00e0o v\u1ec1 ch\u00ednh s\u00e1ch ho\u00e0n ti\u1ec1n c\u1ee7a ch\u00fang t\u00f4i, vui l\u00f2ng li\u00ean h\u1ec7 v\u1edbi ch\u00fang t\u00f4i theo \u0111\u1ecba ch\u1ec9\u00a0<a href=\"mailto:caimeimei641@gmail.com\"><strong><em><u><strong><em><a href=\"mailto:innovationcompany@163.com\">innovationcompany@163.com<\/a><\/em><\/strong><\/u><\/em><\/strong><\/a>.<\/p>\n<\/div>\n <\/div><\/div>","protected":false},"excerpt":{"rendered":"","protected":false},"author":1,"featured_media":0,"parent":0,"menu_order":0,"comment_status":"closed","ping_status":"closed","template":"","meta":{"_gspb_post_css":"#gspb_row-id-gsbp-640fc9c{justify-content:space-between;margin-top:0;margin-bottom:0;display:flex;flex-wrap:wrap;min-height:500px;align-content:center;background-size:cover;background-image:url(https:\/\/chuangxinmachinery.com\/wp-content\/uploads\/2025\/06\/about.jpg);isolation:isolate}#gspb_row-id-gsbp-640fc9c>.gspb_row__content{display:flex;justify-content:space-between;margin:0 auto;width:100%;flex-wrap:wrap;align-items:center}.gspb_row{position:relative}div[id^=gspb_col-id]{box-sizing:border-box;position:relative;padding:var(--gs-row-column-padding, 15px min(3vw, 20px))}#gspb_row-id-gsbp-640fc9c:hover{background-size:cover}#gspb_row-id-gsbp-640fc9c>.gspb_backgroundOverlay{position:absolute;top:0;left:0;width:100%;height:100%;z-index:-1;opacity:.74;background-color:var(--wp--preset--color--palette-color-2, var(--theme-palette-color-2, #152698))}#gspb_col-id-gsbp-7c555ae.gspb_row__col--12{width:100%}@media (max-width:575.98px){#gspb_col-id-gsbp-7c555ae.gspb_row__col--12{width:100%}}#gspb_heading-id-gsbp-9467f88{color:var(--wp--preset--color--palette-color-8, var(--theme-palette-color-8, #ffffff))}#gspb_row-id-gsbp-313e7ce{justify-content:space-between;margin-top:0;margin-bottom:0;display:flex;flex-wrap:wrap;padding-top:80px;padding-bottom:100px}#gspb_row-id-gsbp-313e7ce>.gspb_row__content{display:flex;justify-content:space-between;margin:0 auto;width:100%;flex-wrap:wrap}body.gspb-bodyfront #gspb_row-id-gsbp-313e7ce>.gspb_row__content,body.gspb-bodyfront #gspb_row-id-gsbp-640fc9c>.gspb_row__content{width:var(--theme-container-width, 1200px);max-width:var(--theme-normal-container-max-width, 1200px)}#gspb_col-id-gsbp-5d910c3.gspb_row__col--12{width:100%}@media (max-width:575.98px){#gspb_col-id-gsbp-5d910c3.gspb_row__col--12{width:100%}}","footnotes":""},"class_list":["post-87","page","type-page","status-publish","hentry"],"blocksy_meta":[],"_links":{"self":[{"href":"https:\/\/chuangxinmachinery.com\/vi\/wp-json\/wp\/v2\/pages\/87","targetHints":{"allow":["GET"]}}],"collection":[{"href":"https:\/\/chuangxinmachinery.com\/vi\/wp-json\/wp\/v2\/pages"}],"about":[{"href":"https:\/\/chuangxinmachinery.com\/vi\/wp-json\/wp\/v2\/types\/page"}],"author":[{"embeddable":true,"href":"https:\/\/chuangxinmachinery.com\/vi\/wp-json\/wp\/v2\/users\/1"}],"replies":[{"embeddable":true,"href":"https:\/\/chuangxinmachinery.com\/vi\/wp-json\/wp\/v2\/comments?post=87"}],"version-history":[{"count":0,"href":"https:\/\/chuangxinmachinery.com\/vi\/wp-json\/wp\/v2\/pages\/87\/revisions"}],"wp:attachment":[{"href":"https:\/\/chuangxinmachinery.com\/vi\/wp-json\/wp\/v2\/media?parent=87"}],"curies":[{"name":"wp","href":"https:\/\/api.w.org\/{rel}","templated":true}]}}