{"id":1002,"date":"2025-08-20T07:46:44","date_gmt":"2025-08-20T07:46:44","guid":{"rendered":"https:\/\/chuangxinmachinery.com\/?post_type=product&#038;p=1002"},"modified":"2025-10-15T07:40:33","modified_gmt":"2025-10-15T07:40:33","slug":"may-cua-cat-canh-lan-tu-dong","status":"publish","type":"product","link":"https:\/\/chuangxinmachinery.com\/vi\/product\/automatic-roller-edge-trimming-saw\/","title":{"rendered":"M\u00e1y c\u01b0a c\u1eaft c\u1ea1nh l\u0103n t\u1ef1 \u0111\u1ed9ng"},"content":{"rendered":"<h4><em>Gi\u1edbi thi\u1ec7u v\u1ec1 m\u00e1y c\u01b0a c\u1eaft c\u1ea1nh t\u1ef1 \u0111\u1ed9ng<\/em><\/h4>\n<p>C\u00e1c <a href=\"https:\/\/chuangxinmachinery.com\/vi\/product\/automatic-edge-trimming-machine\/\">m\u00e1y c\u01b0a c\u1eaft c\u1ea1nh l\u0103n t\u1ef1 \u0111\u1ed9ng<\/a> l\u00e0 m\u00e1y ch\u1ebf bi\u1ebfn g\u1ed7 hi\u1ec7u su\u1ea5t cao \u0111\u01b0\u1ee3c thi\u1ebft k\u1ebf \u0111\u1ec3 c\u1eaft t\u1ec9a c\u00e1c c\u1ea1nh th\u00f4 ho\u1eb7c th\u1eeba c\u1ee7a v\u00e1n \u00e9p, v\u00e1n d\u0103m, v\u00e1n MDF v\u00e0 v\u00e1n \u00e9p nhi\u1ec1u l\u1edbp. M\u00e1y \u0111\u1ea3m b\u1ea3o c\u00e1c c\u1ea1nh s\u1ea1ch s\u1ebd, m\u1ecbn m\u00e0ng v\u00e0 ch\u00ednh x\u00e1c v\u1ec1 k\u00edch th\u01b0\u1edbc, c\u1ea3i thi\u1ec7n ch\u1ea5t l\u01b0\u1ee3ng v\u00e0 v\u1ebb ngo\u00e0i c\u1ee7a v\u00e1n th\u00e0nh ph\u1ea9m.<\/p>\n<p><img decoding=\"async\" class=\"wp-image-1120 size-large aligncenter\" src=\"https:\/\/chuangxinmachinery.com\/wp-content\/uploads\/2025\/06\/9a650f1d06ac95a1e1e811a4987a299-1024x576.jpg\" alt=\"m\u00e1y c\u01b0a c\u1eaft c\u1ea1nh l\u0103n t\u1ef1 \u0111\u1ed9ng\" width=\"1024\" height=\"576\" srcset=\"https:\/\/chuangxinmachinery.com\/wp-content\/uploads\/2025\/06\/9a650f1d06ac95a1e1e811a4987a299-1024x576.jpg 1024w, https:\/\/chuangxinmachinery.com\/wp-content\/uploads\/2025\/06\/9a650f1d06ac95a1e1e811a4987a299-300x169.jpg 300w, https:\/\/chuangxinmachinery.com\/wp-content\/uploads\/2025\/06\/9a650f1d06ac95a1e1e811a4987a299-768x432.jpg 768w, https:\/\/chuangxinmachinery.com\/wp-content\/uploads\/2025\/06\/9a650f1d06ac95a1e1e811a4987a299-1536x864.jpg 1536w, https:\/\/chuangxinmachinery.com\/wp-content\/uploads\/2025\/06\/9a650f1d06ac95a1e1e811a4987a299-2048x1152.jpg 2048w, https:\/\/chuangxinmachinery.com\/wp-content\/uploads\/2025\/06\/9a650f1d06ac95a1e1e811a4987a299-18x10.jpg 18w, https:\/\/chuangxinmachinery.com\/wp-content\/uploads\/2025\/06\/9a650f1d06ac95a1e1e811a4987a299-600x338.jpg 600w\" sizes=\"(max-width: 1024px) 100vw, 1024px\" \/><\/p>\n<p><em><strong>Ch\u1ee9c n\u0103ng:<\/strong><\/em><br \/>\nM\u00e1y c\u01b0a c\u1eaft c\u1ea1nh l\u0103n t\u1ef1 \u0111\u1ed9ng \u0111\u01b0\u1ee3c trang b\u1ecb l\u01b0\u1ee1i c\u01b0a quay t\u1ed1c \u0111\u1ed9 cao, s\u1eafc b\u00e9n v\u00e0 b\u0103ng t\u1ea3i con l\u0103n ch\u00ednh x\u00e1c. C\u00e1c con l\u0103n t\u1ef1 \u0111\u1ed9ng \u0111\u01b0a v\u00e1n v\u00e0o b\u1ed9 ph\u1eadn c\u1eaft, duy tr\u00ec ho\u1ea1t \u0111\u1ed9ng \u1ed5n \u0111\u1ecbnh v\u00e0 li\u00ean t\u1ee5c. M\u00e1y c\u00f3 th\u1ec3 c\u1eaft c\u1ea3 c\u1ea1nh d\u1ecdc v\u00e0 c\u1ea1nh ngang t\u00f9y theo c\u1ea5u h\u00ecnh.<\/p>\n<p><em><strong>Quy tr\u00ecnh l\u00e0m vi\u1ec7c:<\/strong><\/em><br \/>\n\u0110\u1ea7u ti\u00ean, v\u00e1n \u0111\u01b0\u1ee3c \u0111\u1eb7t l\u00ean b\u00e0n con l\u0103n n\u1ea1p li\u1ec7u. C\u00e1c con l\u0103n sau \u0111\u00f3 s\u1ebd d\u1eabn v\u00e1n v\u00e0o v\u00f9ng c\u1eaft m\u1ed9t c\u00e1ch tr\u01a1n tru. Khi v\u00e1n \u0111i qua, l\u01b0\u1ee1i c\u01b0a \u1edf c\u1ea3 hai m\u1eb7t s\u1ebd c\u1eaft ch\u00ednh x\u00e1c ph\u1ea7n v\u1eadt li\u1ec7u th\u1eeba. C\u00e1c c\u1ea1nh \u0111\u01b0\u1ee3c c\u1eaft t\u1ec9a s\u1ea1ch s\u1ebd v\u00e0 \u0111\u1ed3ng \u0111\u1ec1u, th\u00edch h\u1ee3p cho c\u00e1c c\u00f4ng \u0111o\u1ea1n x\u1eed l\u00fd ti\u1ebfp theo nh\u01b0 d\u00e1n c\u1ea1nh ho\u1eb7c c\u00e1n m\u00e0ng. Cu\u1ed1i c\u00f9ng, v\u00e1n th\u00e0nh ph\u1ea9m \u0111\u01b0\u1ee3c c\u00e1c con l\u0103n n\u1ea1p li\u1ec7u \u0111\u1ea9y ra ngo\u00e0i v\u00e0 \u0111\u01b0\u1ee3c thu gom cho b\u01b0\u1edbc ti\u1ebfp theo.<\/p>\n<h4><em>Th\u00f4ng s\u1ed1 k\u1ef9 thu\u1eadt:<\/em><\/h4>\n<table style=\"height: 1903px;\" width=\"1097\">\n<tbody>\n<tr>\n<td width=\"284\">K\u00edch th\u01b0\u1edbc l\u1eafp \u0111\u1eb7t t\u1ed5ng th\u1ec3 c\u1ee7a thi\u1ebft b\u1ecb<\/td>\n<td width=\"284\">16800*7800*2500mm<\/td>\n<\/tr>\n<tr>\n<td width=\"284\">K\u00edch th\u01b0\u1edbc ch\u00ednh c\u1ee7a thi\u1ebft b\u1ecb<\/td>\n<td width=\"284\">16800*7800*1500mm<\/td>\n<\/tr>\n<tr>\n<td width=\"284\">T\u1ed5ng c\u00f4ng su\u1ea5t<\/td>\n<td width=\"284\">41,8KW<\/td>\n<\/tr>\n<tr>\n<td width=\"284\">\u0110\u1ea7u ra<\/td>\n<td width=\"284\">300 ng\u01b0\u1eddi\/gi\u1edd<\/td>\n<\/tr>\n<tr>\n<td width=\"284\">T\u1ed1c \u0111\u1ed9 n\u1ea1p li\u1ec7u<\/td>\n<td width=\"284\">0-55m\/ph\u00fat<\/td>\n<\/tr>\n<tr>\n<td width=\"284\">\u0110\u1ed9 d\u00e0y c\u01b0a<\/td>\n<td width=\"284\">3-35mm<\/td>\n<\/tr>\n<tr>\n<td width=\"284\">T\u1ed1c \u0111\u1ed9 l\u01b0\u1ee1i c\u01b0a<\/td>\n<td width=\"284\">7000 v\u00f2ng\/ph\u00fat<\/td>\n<\/tr>\n<tr>\n<td width=\"284\">K\u00edch th\u01b0\u1edbc l\u01b0\u1ee1i c\u01b0a<\/td>\n<td width=\"284\">255*3.2\/2.2*30*110T<\/td>\n<\/tr>\n<tr>\n<td width=\"284\">T\u1ed5ng tr\u1ecdng l\u01b0\u1ee3ng<\/td>\n<td width=\"284\">8,5T<\/td>\n<\/tr>\n<tr>\n<td width=\"284\">Th\u00e2n c\u01b0a d\u1ecdc\/ngang<\/td>\n<td width=\"284\">H\u00e0n \u1ed1ng vu\u00f4ng 150*150*8mm<\/td>\n<\/tr>\n<tr>\n<td width=\"284\">Cu\u1ed9n \u0111\u00f9n c\u1ea1nh c\u01b0a d\u1ecdc\/ngang<\/td>\n<td width=\"284\">V\u1eadt li\u1ec7u: \u1ed0ng th\u00e9p li\u1ec1n m\u1ea1ch ch\u1ea5t l\u01b0\u1ee3ng cao \u00d8133*16mm, m\u00e0i c\u00e2n b\u1eb1ng, m\u1ea1 cr\u00f4m, \u0111\u00e1nh b\u00f3ng tinh x\u1ea3o.<\/td>\n<\/tr>\n<tr>\n<td width=\"284\">Ch\u1ebf \u0111\u1ed9 \u0111i\u1ec1u ch\u1ec9nh con l\u0103n \u0111\u00f9n d\u1ecdc\/ngang<\/td>\n<td width=\"284\">\u0110\u01b0\u1eddng tr\u01b0\u1ee3t \u0111\u00fac t\u00edch h\u1ee3p tr\u1ee5c quang h\u1ecdc tr\u01b0\u1ee3t ph\u1ee5 tr\u1ee3 n\u00e2ng v\u00edt h\u00ecnh thang \u0110i\u1ec1u ch\u1ec9nh \u0111i\u1ec7n (0-80mm)<\/td>\n<\/tr>\n<tr>\n<td width=\"284\">V\u00f2ng bi l\u0103n \u0111\u00f9n d\u1ecdc\/ngang<\/td>\n<td width=\"284\">Nh\u1eadt B\u1ea3n nh\u1eadp kh\u1ea9u NTN (\u1ed5 tr\u1ee5c th\u1ee7y l\u1ef1c \u00e9p \u0111\u00f9n, ch\u1ed1ng h\u01b0 h\u1ecfng)<\/td>\n<\/tr>\n<tr>\n<td width=\"284\">K\u00edch th\u01b0\u1edbc c\u1eaft c\u1ee7a m\u00e1y c\u01b0a x\u00edch<\/td>\n<td width=\"284\">1200-1260mm<\/td>\n<\/tr>\n<tr>\n<td width=\"284\">K\u00edch th\u01b0\u1edbc c\u1eaft c\u01b0a ngang<\/td>\n<td width=\"284\">2400-2480mm<\/td>\n<\/tr>\n<tr>\n<td width=\"284\">Gh\u1ebf c\u01b0a d\u1ecdc\/ngang<\/td>\n<td width=\"284\">Tr\u1ee5c ch\u00ednh t\u00f4i c\u00f3 \u0111\u1ed9 ch\u00ednh x\u00e1c cao, \u1ed5 tr\u1ee5c NSK Nh\u1eadt B\u1ea3n (C\u00f4ng ngh\u1ec7 Mosaic 4 v\u1ecb tr\u00ed \u1ed5 tr\u1ee5c)<\/td>\n<\/tr>\n<tr>\n<td width=\"284\">C\u00e1c th\u00e0nh ph\u1ea7n kh\u00e1c<\/td>\n<td width=\"284\">\u2460 B\u0103ng t\u1ea3i ho\u00e0n thi\u1ec7n v\u00e1n c\u01b0a *1 (phanh l\u1ef1c \u0111i\u1ec7n t\u1eeb 10KG)<\/p>\n<p>\u2461 S\u00e0n tho\u00e1t d\u1ecdc *1 (0,75KW)<\/p>\n<p>\u2462 N\u1ec1n t\u1ea3ng t\u1ea5m ho\u00e0n thi\u1ec7n chuy\u1ec3n \u0111\u1ed5i theo chi\u1ec1u d\u1ecdc v\u00e0 chi\u1ec1u ngang *1 (0,75KW)<\/p>\n<p>\u2463 s\u00e0n tho\u00e1t hi\u1ec3m b\u00ean *1<\/p>\n<p>\u2464 M\u00e1y x\u1ebfp pallet *1<\/p>\n<p>\u2465 H\u1ed9p \u0111i\u1ec1u khi\u1ec3n s\u1ed1 *<\/td>\n<\/tr>\n<tr>\n<td width=\"284\">C\u1ea5u h\u00ecnh \u0111i\u1ec7n<\/td>\n<td width=\"284\">\u2460 PLC Delta<\/p>\n<p>\u2461 Bi\u1ebfn t\u1ea7n Delta<\/p>\n<p>\u2462 R\u01a1 le trung gian\/c\u00f4ng t\u1eafc AC Schneider<\/p>\n<p>\u2463C\u00f4ng t\u1eafc quang \u0111i\u1ec7n\/ti\u1ebfp c\u1eadn\/h\u00e0nh tr\u00ecnh Omron<\/p>\n<p>\u2464B\u1ed9 ng\u1eaft m\u1ea1ch Chint\/b\u1ed9 b\u1ea3o v\u1ec7 \u0111\u1ed9ng c\u01a1<\/p>\n<p>\u2465M\u00e0n h\u00ecnh c\u1ea3m \u1ee9ng tr\u1ea1ng th\u00e1i b\u1eadt Kunlun (c\u00f3 m\u00f4-\u0111un \u0111i\u1ec1u khi\u1ec3n t\u1eeb xa)<\/td>\n<\/tr>\n<\/tbody>\n<\/table>\n<p>&nbsp;<\/p>\n<h4><em>Thu\u1eadn l\u1ee3i:<\/em><\/h4>\n<p>Sau \u0111\u00e2y l\u00e0 n\u0103m \u01b0u \u0111i\u1ec3m ch\u00ednh c\u1ee7a m\u00e1y c\u1eaft m\u00e9p l\u0103n t\u1ef1 \u0111\u1ed9ng:<\/p>\n<p><strong><em><b><i>Hi\u1ec7u qu\u1ea3 cao<\/i><\/b><\/em><\/strong>\u00a0\u2013 H\u1ec7 th\u1ed1ng c\u1eaft v\u00e0 n\u1ea1p t\u1ef1 \u0111\u1ed9ng gi\u00fap t\u0103ng t\u1ed1c \u0111\u1ed9 s\u1ea3n xu\u1ea5t, l\u00fd t\u01b0\u1edfng cho c\u00e1c ho\u1ea1t \u0111\u1ed9ng gia c\u00f4ng t\u1ea5m panel quy m\u00f4 l\u1edbn.<\/p>\n<p><strong><em><b><i>C\u1eaft ch\u00ednh x\u00e1c<\/i><\/b><\/em><\/strong>\u00a0\u2013 \u0110\u01b0\u1ee3c trang b\u1ecb l\u01b0\u1ee1i c\u01b0a t\u1ed1c \u0111\u1ed9 cao v\u00e0 thanh d\u1eabn h\u01b0\u1edbng con l\u0103n \u1ed5n \u0111\u1ecbnh, \u0111\u1ea3m b\u1ea3o c\u1eaft c\u1ea1nh s\u1ea1ch s\u1ebd, ch\u00ednh x\u00e1c v\u00e0 m\u1ecbn m\u00e0ng.<\/p>\n<p><strong><em><b><i>Ti\u1ebft ki\u1ec7m lao \u0111\u1ed9ng<\/i><\/b><\/em><\/strong>\u00a0\u2013 T\u1ef1 \u0111\u1ed9ng h\u00f3a gi\u00fap gi\u1ea3m nhu c\u1ea7u x\u1eed l\u00fd th\u1ee7 c\u00f4ng, gi\u1ea3m chi ph\u00ed lao \u0111\u1ed9ng v\u00e0 gi\u1ea3m thi\u1ec3u sai s\u00f3t c\u1ee7a con ng\u01b0\u1eddi.<\/p>\n<p><strong><em><b><i>\u0110\u1ea7u ra nh\u1ea5t qu\u00e1n<\/i><\/b><\/em><\/strong>\u00a0\u2013 Mang l\u1ea1i ch\u1ea5t l\u01b0\u1ee3ng c\u1ea1nh \u0111\u1ed3ng \u0111\u1ec1u tr\u00ean m\u1ecdi t\u1ea5m v\u00e1n, c\u1ea3i thi\u1ec7n ti\u00eau chu\u1ea9n h\u00f3a v\u00e0 v\u1ebb ngo\u00e0i t\u1ed5ng th\u1ec3 c\u1ee7a s\u1ea3n ph\u1ea9m.<\/p>\n<p><strong><em><b><i>V\u1eadn h\u00e0nh v\u00e0 \u0111i\u1ec1u ch\u1ec9nh d\u1ec5 d\u00e0ng<\/i><\/b><\/em><\/strong>\u00a0\u2013 Nhi\u1ec1u m\u1eabu m\u00e1y c\u00f3 b\u1ea3ng \u0111i\u1ec1u khi\u1ec3n th\u00e2n thi\u1ec7n v\u1edbi ng\u01b0\u1eddi d\u00f9ng, kh\u1ea3 n\u0103ng \u0111i\u1ec1u ch\u1ec9nh k\u00edch th\u01b0\u1edbc k\u1ef9 thu\u1eadt s\u1ed1 v\u00e0 thi\u1ebft l\u1eadp nhanh ch\u00f3ng, cho ph\u00e9p x\u1eed l\u00fd linh ho\u1ea1t nhi\u1ec1u lo\u1ea1i v\u00e0 k\u00edch th\u01b0\u1edbc b\u1ea3ng \u0111i\u1ec1u khi\u1ec3n kh\u00e1c nhau.<\/p>\n<p>Nh\u1eefng \u01b0u \u0111i\u1ec3m n\u00e0y khi\u1ebfn m\u00e1y c\u01b0a c\u1eaft c\u1ea1nh l\u0103n t\u1ef1 \u0111\u1ed9ng tr\u1edf th\u00e0nh m\u1ed9t t\u00e0i s\u1ea3n c\u00f3 gi\u00e1 tr\u1ecb trong c\u00e1c nh\u00e0 m\u00e1y s\u1ea3n xu\u1ea5t v\u00e1n \u00e9p, x\u01b0\u1edfng s\u1ea3n xu\u1ea5t \u0111\u1ed3 n\u1ed9i th\u1ea5t v\u00e0 d\u00e2y chuy\u1ec1n s\u1ea3n xu\u1ea5t v\u00e1n \u00e9p, n\u01a1i \u0111\u1ed9 ch\u00ednh x\u00e1c, t\u1ed1c \u0111\u1ed9 v\u00e0 t\u00ednh nh\u1ea5t qu\u00e1n l\u00e0 \u0111i\u1ec1u c\u1ea7n thi\u1ebft \u0111\u1ec3 duy tr\u00ec ch\u1ea5t l\u01b0\u1ee3ng v\u00e0 n\u0103ng su\u1ea5t s\u1ea3n ph\u1ea9m.<\/p>","protected":false},"excerpt":{"rendered":"<p>M\u00e1y c\u01b0a c\u1eaft c\u1ea1nh l\u0103n t\u1ef1 \u0111\u1ed9ng l\u00e0 m\u00e1y ch\u1ebf bi\u1ebfn g\u1ed7 hi\u1ec7u su\u1ea5t cao, \u0111\u01b0\u1ee3c thi\u1ebft k\u1ebf \u0111\u1ec3 c\u1eaft c\u00e1c c\u1ea1nh th\u00f4 ho\u1eb7c th\u1eeba c\u1ee7a v\u00e1n \u00e9p, v\u00e1n d\u0103m, v\u00e1n MDF v\u00e0 v\u00e1n \u00e9p nhi\u1ec1u l\u1edbp. M\u00e1y \u0111\u1ea3m b\u1ea3o c\u00e1c c\u1ea1nh s\u1ea1ch s\u1ebd, nh\u1eb5n m\u1ecbn v\u00e0 ch\u00ednh x\u00e1c v\u1ec1 k\u00edch th\u01b0\u1edbc, c\u1ea3i thi\u1ec7n ch\u1ea5t l\u01b0\u1ee3ng v\u00e0 v\u1ebb ngo\u00e0i c\u1ee7a v\u00e1n th\u00e0nh ph\u1ea9m.<\/p>","protected":false},"featured_media":1247,"template":"","meta":{"_gspb_post_css":""},"product_brand":[],"product_cat":[22],"product_tag":[34],"class_list":{"0":"post-1002","1":"product","2":"type-product","3":"status-publish","4":"has-post-thumbnail","6":"product_cat-edge-trimming-saw","7":"product_tag-edge-trimming-saw","9":"first","10":"instock","11":"shipping-taxable","12":"product-type-simple"},"_links":{"self":[{"href":"https:\/\/chuangxinmachinery.com\/vi\/wp-json\/wp\/v2\/product\/1002","targetHints":{"allow":["GET"]}}],"collection":[{"href":"https:\/\/chuangxinmachinery.com\/vi\/wp-json\/wp\/v2\/product"}],"about":[{"href":"https:\/\/chuangxinmachinery.com\/vi\/wp-json\/wp\/v2\/types\/product"}],"wp:featuredmedia":[{"embeddable":true,"href":"https:\/\/chuangxinmachinery.com\/vi\/wp-json\/wp\/v2\/media\/1247"}],"wp:attachment":[{"href":"https:\/\/chuangxinmachinery.com\/vi\/wp-json\/wp\/v2\/media?parent=1002"}],"wp:term":[{"taxonomy":"product_brand","embeddable":true,"href":"https:\/\/chuangxinmachinery.com\/vi\/wp-json\/wp\/v2\/product_brand?post=1002"},{"taxonomy":"product_cat","embeddable":true,"href":"https:\/\/chuangxinmachinery.com\/vi\/wp-json\/wp\/v2\/product_cat?post=1002"},{"taxonomy":"product_tag","embeddable":true,"href":"https:\/\/chuangxinmachinery.com\/vi\/wp-json\/wp\/v2\/product_tag?post=1002"}],"curies":[{"name":"wp","href":"https:\/\/api.w.org\/{rel}","templated":true}]}}