{"id":1308,"date":"2025-07-28T08:03:34","date_gmt":"2025-07-28T08:03:34","guid":{"rendered":"https:\/\/chuangxinmachinery.com\/?post_type=product&#038;p=1308"},"modified":"2025-08-15T07:47:13","modified_gmt":"2025-08-15T07:47:13","slug":"may-cha-nham-van-ep","status":"publish","type":"product","link":"https:\/\/chuangxinmachinery.com\/vi\/product\/plywood-sanding-machine\/","title":{"rendered":"M\u00e1y ch\u00e0 nh\u00e1m v\u00e1n \u00e9p"},"content":{"rendered":"<h3>T\u1ed5ng quan v\u1ec1 m\u00e1y ch\u00e0 nh\u00e1m g\u1ed7 d\u00e1n<\/h3>\n<p><a href=\"https:\/\/chuangxinmachinery.com\/vi\/product-category\/may-lam-van-go\/may-cha-nham-van-ep\/\">M\u00e1y ch\u00e0 nh\u00e1m v\u00e1n \u00e9p<\/a> ch\u1ee7 y\u1ebfu \u0111\u01b0\u1ee3c s\u1eed d\u1ee5ng \u0111\u1ec3 ch\u00e0 nh\u00e1m c\u00e1c lo\u1ea1i v\u00e1n nh\u00e2n t\u1ea1o nh\u01b0 v\u00e1n \u00e9p, v\u00e1n d\u0103m, v\u00e1n s\u1ee3i, v.v. \u0110\u1eb7c \u0111i\u1ec3m hi\u1ec7u su\u1ea5t ch\u00ednh c\u1ee7a n\u00f3 nh\u01b0 sau:<\/p>\n<p>\u2013 C\u00e1i<strong> to\u00e0n b\u1ed9 c\u1ea5u tr\u00fac \u0111\u1ed5 kho\u00e1ng s\u1ea3n<\/strong> \u0111\u01b0\u1ee3c s\u1eed d\u1ee5ng cho th\u00e2n m\u00e1y, c\u00f3 \u0111\u1ed9 c\u1ee9ng v\u1eeba \u0111\u1ee7 v\u00e0 c\u1ea3i thi\u1ec7n \u0111\u00e1ng k\u1ec3 \u0111\u1ed9 \u1ed5n \u0111\u1ecbnh khi l\u00e0m vi\u1ec7c c\u1ee7a m\u00e1y.<\/p>\n<p>\u2013 B\u1ed9 con l\u0103n ch\u00e0 nh\u00e1m \u0111\u1ea7u ti\u00ean l\u00e0 m\u1ed9t c\u1eb7p con l\u0103n th\u00e9p tr\u00ean v\u00e0 d\u01b0\u1edbi 320mm. B\u1ed9 con l\u0103n ch\u00e0 nh\u00e1m th\u1ee9 hai l\u00e0 m\u1ed9t c\u1eb7p con l\u0103n th\u00e9p 400mm \u0111\u01b0\u1ee3c s\u1eafp x\u1ebfp so le v\u00e0 nghi\u00eang. C\u00e1c con l\u0103n ch\u00e0 nh\u00e1m \u0111\u01b0\u1ee3c x\u1eed l\u00fd b\u1eb1ng c\u00f4ng ngh\u1ec7 \u0111\u1eb7c bi\u1ec7t, gi\u00fap t\u0103ng tu\u1ed5i th\u1ecd c\u1ee7a b\u0103ng ch\u00e0 nh\u00e1m v\u00e0 ho\u1ea1t \u0111\u1ed9ng \u1ed5n \u0111\u1ecbnh.<\/p>\n<p>\u2013 V\u1eabn c\u00f2n m\u1ed9t<strong> c\u00f4ng su\u1ea5t ch\u00e0 nh\u00e1m l\u1edbn<\/strong> v\u00e0 l\u1ef1c trong khi ph\u00f4i c\u00f3 chi\u1ec1u r\u1ed9ng l\u1edbn nh\u1ea5t.<\/p>\n<p>\u2013 <strong>Ki\u1ec3m so\u00e1t t\u1ea7n s\u1ed1<\/strong> \u0111\u01b0\u1ee3c s\u1eed d\u1ee5ng \u0111\u1ec3 c\u1ea5p li\u1ec7u, v\u1edbi ph\u1ea1m vi \u0111i\u1ec1u khi\u1ec3n t\u1ed1c \u0111\u1ed9 r\u1ed9ng, \u0111\u01b0\u1ee3c s\u1eed d\u1ee5ng r\u1ed9ng r\u00e3i \u0111\u1ec3 ch\u00e0 nh\u00e1m nhi\u1ec1u lo\u1ea1i v\u00e1n kh\u00e1c nhau.<\/p>\n<p>\u2013<strong> Thi\u1ebft b\u1ecb \u0111\u1ea7u cu\u1ed1i v\u1eadn h\u00e0nh m\u00e1y t\u00ednh c\u1ea3m \u1ee9ng c\u00f4ng nghi\u1ec7p<\/strong> \u0111\u01b0\u1ee3c \u00e1p d\u1ee5ng, v\u1edbi giao di\u1ec7n th\u00e2n thi\u1ec7n gi\u1eefa ng\u01b0\u1eddi v\u00e0 m\u00e1y t\u00ednh v\u00e0 thao t\u00e1c \u0111\u01a1n gi\u1ea3n.<\/p>\n<p>\u2013 <strong>Ch\u1ee9c n\u0103ng t\u1ef1 ch\u1ea9n \u0111o\u00e1n<\/strong>, hi\u1ec3n th\u1ecb nhanh c\u00e1c b\u1ed9 ph\u1eadn l\u1ed7i, b\u1ea3o tr\u00ec nhanh ch\u00f3ng v\u00e0 gi\u1ea3m hi\u1ec7u qu\u1ea3 th\u1eddi gian ng\u1eebng ho\u1ea1t \u0111\u1ed9ng do l\u1ed7i.<\/p>\n<p>\u2013 C\u01a1 c\u1ea5u n\u00e2ng s\u1eed d\u1ee5ng <strong>v\u00edt me bi c\u00f3 \u0111\u1ed9 ch\u00ednh x\u00e1c cao \u0111\u01b0\u1ee3c d\u1eabn \u0111\u1ed9ng b\u1eb1ng b\u00e1nh v\u00edt<\/strong> \u0111\u1ec3 h\u1ed7 tr\u1ee3 ph\u1ea7n th\u00e2n tr\u00ean n\u00e2ng l\u00ean m\u1ed9t c\u00e1ch ch\u00ednh x\u00e1c v\u00e0 c\u1ea3i thi\u1ec7n \u0111\u1ed9 ch\u00ednh x\u00e1c khi ch\u00e0 nh\u00e1m.<\/p>\n<p>\u2013 \u01afu \u0111i\u1ec3m l\u1edbn nh\u1ea5t c\u1ee7a v\u1eadt li\u1ec7u ch\u00e0 nh\u00e1m n\u00e0y l\u00e0 kho\u1ea3ng c\u00e1ch gi\u1eefa c\u00e1t th\u1eb3ng v\u00e0 c\u00e1t so le v\u1eeba \u0111\u1ee7, do \u0111\u00f3 qu\u00e1 tr\u00ecnh ch\u00e0 nh\u00e1m kh\u00f4ng \u1ea3nh h\u01b0\u1edfng l\u1eabn nhau, n\u00e2ng cao \u0111\u1ed9 ch\u00ednh x\u00e1c khi ch\u00e0 nh\u00e1m.<\/p>\n<p><a href=\"https:\/\/chuangxinmachinery.com\/vi\/product-category\/may-lam-van-go\/may-cha-nham-van-ep\/\"><img decoding=\"async\" class=\"wp-image-1310 size-large\" src=\"https:\/\/chuangxinmachinery.com\/wp-content\/uploads\/2025\/07\/plywood-sanding-machine-1-645x1024.jpg\" alt=\"m\u00e1y ch\u00e0 nh\u00e1m v\u00e1n \u00e9p 1\" width=\"645\" height=\"1024\" srcset=\"https:\/\/chuangxinmachinery.com\/wp-content\/uploads\/2025\/07\/plywood-sanding-machine-1-645x1024.jpg 645w, https:\/\/chuangxinmachinery.com\/wp-content\/uploads\/2025\/07\/plywood-sanding-machine-1-189x300.jpg 189w, https:\/\/chuangxinmachinery.com\/wp-content\/uploads\/2025\/07\/plywood-sanding-machine-1-768x1219.jpg 768w, https:\/\/chuangxinmachinery.com\/wp-content\/uploads\/2025\/07\/plywood-sanding-machine-1-968x1536.jpg 968w, https:\/\/chuangxinmachinery.com\/wp-content\/uploads\/2025\/07\/plywood-sanding-machine-1-8x12.jpg 8w, https:\/\/chuangxinmachinery.com\/wp-content\/uploads\/2025\/07\/plywood-sanding-machine-1-600x952.jpg 600w, https:\/\/chuangxinmachinery.com\/wp-content\/uploads\/2025\/07\/plywood-sanding-machine-1.jpg 1000w\" sizes=\"(max-width: 645px) 100vw, 645px\" \/><\/a><\/p>\n<table>\n<tbody>\n<tr>\n<td width=\"284\">Chi\u1ec1u r\u1ed9ng x\u1eed l\u00fd<\/td>\n<td width=\"284\">40-1300mm<\/td>\n<\/tr>\n<tr>\n<td width=\"284\">\u0110\u1ed9 d\u00e0y x\u1eed l\u00fd<\/td>\n<td width=\"284\">3-120mm<\/td>\n<\/tr>\n<tr>\n<td width=\"284\">Chi\u1ec1u d\u00e0i x\u1eed l\u00fd<\/td>\n<td width=\"284\">\u2265850mm<\/td>\n<\/tr>\n<tr>\n<td width=\"284\">T\u1ed1c \u0111\u1ed9 c\u1ee7a v\u00e0nh \u0111ai m\u00e0i m\u00f2n<\/td>\n<td width=\"284\">24m\/gi\u00e2y, 20m\/gi\u00e2y<\/td>\n<\/tr>\n<tr>\n<td width=\"284\">T\u1ed1c \u0111\u1ed9 cho \u0103n<\/td>\n<td width=\"284\">5-30m\/ph\u00fat<\/td>\n<\/tr>\n<tr>\n<td width=\"284\">K\u00edch th\u01b0\u1edbc c\u1ee7a \u0111ai m\u00e0i m\u00f2n<\/td>\n<td width=\"284\">1330*2850mm<\/td>\n<\/tr>\n<tr>\n<td width=\"284\">T\u1ed5ng c\u00f4ng su\u1ea5t \u0111\u1ed9ng c\u01a1<\/td>\n<td width=\"284\">297,5KW<\/td>\n<\/tr>\n<tr>\n<td width=\"284\">C\u00f4ng su\u1ea5t \u0111\u1ed9ng c\u01a1 ch\u00ednh<\/td>\n<td width=\"284\">2*75KW, 2*55KW<\/td>\n<\/tr>\n<tr>\n<td width=\"284\">C\u00f4ng su\u1ea5t \u0111\u1ed9ng c\u01a1 n\u00e2ng<\/td>\n<td width=\"284\">1,5KW<\/td>\n<\/tr>\n<tr>\n<td width=\"284\">C\u00f4ng su\u1ea5t \u0111\u1ed9ng c\u01a1 c\u1ee7a b\u00e0n ch\u1ea3i<\/td>\n<td width=\"284\">0,75KW<\/td>\n<\/tr>\n<tr>\n<td width=\"284\">C\u00f4ng su\u1ea5t \u0111\u1ed9ng c\u01a1 c\u1ea5p li\u1ec7u<\/td>\n<td width=\"284\">7,5KW\/11KW<\/td>\n<\/tr>\n<tr>\n<td width=\"284\">\u00c1p su\u1ea5t kh\u00f4ng kh\u00ed l\u00e0m vi\u1ec7c<\/td>\n<td width=\"284\">0,55MPa<\/td>\n<\/tr>\n<tr>\n<td width=\"284\">Ti\u00eau th\u1ee5 kh\u00ed n\u00e9n<\/td>\n<td width=\"284\">1,8m\u00b3\/ph\u00fat<\/td>\n<\/tr>\n<tr>\n<td width=\"284\">T\u1ed1c \u0111\u1ed9 kh\u00f4ng kh\u00ed c\u1ee7a l\u1ef1c h\u00fat b\u1ee5i<\/td>\n<td width=\"284\">25-30m\/gi\u00e2y<\/td>\n<\/tr>\n<tr>\n<td width=\"284\">Th\u1ec3 t\u00edch kh\u00f4ng kh\u00ed h\u00fat b\u1ee5i<\/td>\n<td width=\"284\">30000m\u00b3\/gi\u1edd<\/td>\n<\/tr>\n<tr>\n<td width=\"284\">K\u00edch th\u01b0\u1edbc t\u1ed5ng th\u1ec3<\/td>\n<td width=\"284\">7500*3300*3200mm<\/td>\n<\/tr>\n<tr>\n<td width=\"284\">Tr\u1ecdng l\u01b0\u1ee3ng t\u1ecbnh<\/td>\n<td width=\"284\">34000kg<\/td>\n<\/tr>\n<\/tbody>\n<\/table>","protected":false},"excerpt":{"rendered":"<p>M\u00e1y ch\u00e0 nh\u00e1m v\u00e1n \u00e9p t\u1ea1o ra b\u1ec1 m\u1eb7t nh\u1eb5n, \u0111\u1ed3ng \u0111\u1ec1u v\u1edbi t\u1ed1c \u0111\u1ed9 c\u00f3 th\u1ec3 \u0111i\u1ec1u ch\u1ec9nh, n\u00e2ng cao hi\u1ec7u qu\u1ea3 v\u00e0 ch\u1ea5t l\u01b0\u1ee3ng cho s\u1ea3n xu\u1ea5t \u0111\u1ed3 n\u1ed9i th\u1ea5t v\u00e0 v\u00e1n \u00e9p.<\/p>","protected":false},"featured_media":1309,"template":"","meta":{"_gspb_post_css":""},"product_brand":[],"product_cat":[50],"product_tag":[53,52,51],"class_list":{"0":"post-1308","1":"product","2":"type-product","3":"status-publish","4":"has-post-thumbnail","6":"product_cat-plywood-sanding-machine","7":"product_tag-plywood-calibration-sander","8":"product_tag-plywood-sander","9":"product_tag-plywood-sanding-machine","11":"first","12":"instock","13":"shipping-taxable","14":"product-type-simple"},"_links":{"self":[{"href":"https:\/\/chuangxinmachinery.com\/vi\/wp-json\/wp\/v2\/product\/1308","targetHints":{"allow":["GET"]}}],"collection":[{"href":"https:\/\/chuangxinmachinery.com\/vi\/wp-json\/wp\/v2\/product"}],"about":[{"href":"https:\/\/chuangxinmachinery.com\/vi\/wp-json\/wp\/v2\/types\/product"}],"wp:featuredmedia":[{"embeddable":true,"href":"https:\/\/chuangxinmachinery.com\/vi\/wp-json\/wp\/v2\/media\/1309"}],"wp:attachment":[{"href":"https:\/\/chuangxinmachinery.com\/vi\/wp-json\/wp\/v2\/media?parent=1308"}],"wp:term":[{"taxonomy":"product_brand","embeddable":true,"href":"https:\/\/chuangxinmachinery.com\/vi\/wp-json\/wp\/v2\/product_brand?post=1308"},{"taxonomy":"product_cat","embeddable":true,"href":"https:\/\/chuangxinmachinery.com\/vi\/wp-json\/wp\/v2\/product_cat?post=1308"},{"taxonomy":"product_tag","embeddable":true,"href":"https:\/\/chuangxinmachinery.com\/vi\/wp-json\/wp\/v2\/product_tag?post=1308"}],"curies":[{"name":"wp","href":"https:\/\/api.w.org\/{rel}","templated":true}]}}