{"id":1347,"date":"2025-08-01T09:45:25","date_gmt":"2025-08-01T09:45:25","guid":{"rendered":"https:\/\/chuangxinmachinery.com\/?post_type=product&#038;p=1347"},"modified":"2025-08-24T07:59:50","modified_gmt":"2025-08-24T07:59:50","slug":"may-cha-nham-hieu-chuan-van-ep","status":"publish","type":"product","link":"https:\/\/chuangxinmachinery.com\/vi\/product\/plywood-calibration-sander\/","title":{"rendered":"M\u00e1y ch\u00e0 nh\u00e1m b\u0103ng r\u1ed9ng hi\u1ec7u chu\u1ea9n v\u00e1n \u00e9p"},"content":{"rendered":"<p>V\u1edbi kh\u1ea3 n\u0103ng \u0111i\u1ec1u ch\u1ec9nh t\u1ed1c \u0111\u1ed9 v\u00e0 \u00e1p su\u1ea5t, m\u00e1y l\u00fd t\u01b0\u1edfng cho vi\u1ec7c hi\u1ec7u chu\u1ea9n, ch\u00e0 nh\u00e1m m\u1ecbn v\u00e0 \u0111\u00e1nh b\u00f3ng. M\u00e1y h\u1ed7 tr\u1ee3 nhi\u1ec1u lo\u1ea1i \u0111ai nh\u00e1m kh\u00e1c nhau v\u00e0 \u0111\u1ea3m b\u1ea3o gi\u1ea3m thi\u1ec3u l\u00e3ng ph\u00ed v\u1eadt li\u1ec7u. \u0110\u01b0\u1ee3c s\u1eed d\u1ee5ng r\u1ed9ng r\u00e3i trong c\u00e1c ng\u00e0nh c\u00f4ng nghi\u1ec7p s\u1ea3n xu\u1ea5t \u0111\u1ed3 n\u1ed9i th\u1ea5t, x\u00e2y d\u1ef1ng v\u00e0 t\u1ea5m \u1ed1p, m\u00e1y gi\u00fap t\u0103ng n\u0103ng su\u1ea5t v\u00e0 ch\u1ea5t l\u01b0\u1ee3ng b\u1ec1 m\u1eb7t. H\u1ec7 th\u1ed1ng thu b\u1ee5i t\u00f9y ch\u1ecdn c\u0169ng c\u00f3 s\u1eb5n.<\/p>\n<figure id=\"attachment_1348\" aria-describedby=\"caption-attachment-1348\" style=\"width: 629px\" class=\"wp-caption alignnone\"><a href=\"http:\/\/plywood calibration wide belt sander\"><img decoding=\"async\" class=\"wp-image-1348 size-large\" src=\"https:\/\/chuangxinmachinery.com\/wp-content\/uploads\/2025\/08\/plywood-calibrating-wide-belt-sander-629x1024.jpg\" alt=\"m\u00e1y ch\u00e0 nh\u00e1m b\u0103ng r\u1ed9ng hi\u1ec7u chu\u1ea9n v\u00e1n \u00e9p m\u00e1y ch\u00e0 nh\u00e1m b\u0103ng r\u1ed9ng hi\u1ec7u chu\u1ea9n v\u00e1n \u00e9p\" width=\"629\" height=\"1024\" srcset=\"https:\/\/chuangxinmachinery.com\/wp-content\/uploads\/2025\/08\/plywood-calibrating-wide-belt-sander-629x1024.jpg 629w, https:\/\/chuangxinmachinery.com\/wp-content\/uploads\/2025\/08\/plywood-calibrating-wide-belt-sander-184x300.jpg 184w, https:\/\/chuangxinmachinery.com\/wp-content\/uploads\/2025\/08\/plywood-calibrating-wide-belt-sander-768x1250.jpg 768w, https:\/\/chuangxinmachinery.com\/wp-content\/uploads\/2025\/08\/plywood-calibrating-wide-belt-sander-943x1536.jpg 943w, https:\/\/chuangxinmachinery.com\/wp-content\/uploads\/2025\/08\/plywood-calibrating-wide-belt-sander-7x12.jpg 7w, https:\/\/chuangxinmachinery.com\/wp-content\/uploads\/2025\/08\/plywood-calibrating-wide-belt-sander-600x977.jpg 600w, https:\/\/chuangxinmachinery.com\/wp-content\/uploads\/2025\/08\/plywood-calibrating-wide-belt-sander.jpg 1000w\" sizes=\"(max-width: 629px) 100vw, 629px\" \/><\/a><figcaption id=\"caption-attachment-1348\" class=\"wp-caption-text\">m\u00e1y ch\u00e0 nh\u00e1m b\u0103ng r\u1ed9ng hi\u1ec7u chu\u1ea9n v\u00e1n \u00e9p<\/figcaption><\/figure>\n<h3>Th\u00f4ng s\u1ed1 k\u1ef9 thu\u1eadt<\/h3>\n<table style=\"height: 831px;\" width=\"749\">\n<tbody>\n<tr>\n<td width=\"217\">Chi\u1ec1u r\u1ed9ng x\u1eed l\u00fd<\/td>\n<td width=\"350\">40-1300mm<\/td>\n<\/tr>\n<tr>\n<td width=\"217\">\u0110\u1ed9 d\u00e0y x\u1eed l\u00fd<\/td>\n<td width=\"350\">3-120mm<\/td>\n<\/tr>\n<tr>\n<td width=\"217\">Chi\u1ec1u d\u00e0i x\u1eed l\u00fd<\/td>\n<td width=\"350\">\u2265900mm<\/td>\n<\/tr>\n<tr>\n<td width=\"217\">T\u1ed1c \u0111\u1ed9 c\u1ee7a b\u0103ng ch\u00e0 nh\u00e1m<\/td>\n<td width=\"350\">24m\/gi\u00e2y, 22m\/gi\u00e2y<\/td>\n<\/tr>\n<tr>\n<td width=\"217\">K\u00edch th\u01b0\u1edbc cho \u0103n<\/td>\n<td width=\"350\">6-30m\/ph\u00fat<\/td>\n<\/tr>\n<tr>\n<td width=\"217\">K\u00edch th\u01b0\u1edbc c\u1ee7a \u0111ai ch\u00e0 nh\u00e1m<\/td>\n<td width=\"350\">1350*2850mm<\/td>\n<\/tr>\n<tr>\n<td width=\"217\">T\u1ed5ng c\u00f4ng su\u1ea5t \u0111\u1ed9ng c\u01a1<\/td>\n<td width=\"350\">275,5KW<\/td>\n<\/tr>\n<tr>\n<td width=\"217\">\u00c1p su\u1ea5t kh\u00f4ng kh\u00ed l\u00e0m vi\u1ec7c<\/td>\n<td width=\"350\">0,55Mpa<\/td>\n<\/tr>\n<tr>\n<td width=\"217\">Ti\u00eau th\u1ee5 kh\u00ed n\u00e9n<\/td>\n<td width=\"350\">0,32m\u00b3\/ph\u00fat<\/td>\n<\/tr>\n<tr>\n<td width=\"217\">T\u1ed1c \u0111\u1ed9 kh\u00f4ng kh\u00ed c\u1ee7a l\u1ef1c h\u00fat b\u1ee5i<\/td>\n<td width=\"350\">25-30m\/gi\u00e2y<\/td>\n<\/tr>\n<tr>\n<td width=\"217\">Kh\u00f4ng kh\u00ed - th\u1ec3 t\u00edch h\u00fat b\u1ee5i<\/td>\n<td width=\"350\">33000m\u00b3\/gi\u1edd<\/td>\n<\/tr>\n<tr>\n<td width=\"217\">K\u00edch th\u01b0\u1edbc c\u1ee7a m\u00e1y<\/td>\n<td width=\"350\">3420*3520*3213mm<\/td>\n<\/tr>\n<tr>\n<td width=\"217\">C\u00e2n n\u1eb7ng<\/td>\n<td width=\"350\">20000kg<\/td>\n<\/tr>\n<\/tbody>\n<\/table>\n<h4>C\u00e1c th\u00e0nh ph\u1ea7n v\u00e0 ch\u1ee9c n\u0103ng ch\u00ednh c\u1ee7a m\u1ed9t <a href=\"https:\/\/chuangxinmachinery.com\/vi\/product-category\/may-lam-van-go\/may-cha-nham-van-ep\/\">M\u00e1y ch\u00e0 nh\u00e1m b\u0103ng r\u1ed9ng hi\u1ec7u chu\u1ea9n v\u00e1n \u00e9p<\/a>:<\/h4>\n<p><strong>Con l\u0103n ch\u00e0 nh\u00e1m:<\/strong> \u0110\u00e2y l\u00e0 nh\u1eefng b\u1ed9 ph\u1eadn c\u1ed1t l\u00f5i th\u1ef1c hi\u1ec7n qu\u00e1 tr\u00ecnh ch\u00e0 nh\u00e1m. \u0110\u01b0\u1ee3c l\u00e0m b\u1eb1ng v\u1eadt li\u1ec7u b\u1ec1n, ch\u00fang quay v\u1edbi t\u1ed1c \u0111\u1ed9 cao \u0111\u1ec3 l\u00e0m ph\u1eb3ng b\u1ec1 m\u1eb7t v\u00e1n \u00e9p v\u00e0 \u0111\u1ea3m b\u1ea3o \u0111\u1ed9 d\u00e0y \u0111\u1ed3ng \u0111\u1ec1u.<\/p>\n<p><strong>B\u0103ng t\u1ea3i\/B\u00e0n:<\/strong> V\u1eadn chuy\u1ec3n v\u00e1n \u00e9p \u0111\u1ec1u \u0111\u1eb7n qua m\u00e1y. \u0110\u1ea3m b\u1ea3o chuy\u1ec3n \u0111\u1ed9ng \u1ed5n \u0111\u1ecbnh \u0111\u1ec3 ch\u00e0 nh\u00e1m ch\u00ednh x\u00e1c v\u00e0 \u0111\u1ec1u.<\/p>\n<p><strong>Con l\u0103n \u00e1p l\u1ef1c:<\/strong> Gi\u1eef ch\u1eb7t v\u00e1n \u00e9p v\u00e0o b\u0103ng t\u1ea3i v\u00e0 con l\u0103n ch\u00e0 nh\u00e1m, \u0111\u1ea3m b\u1ea3o kh\u00f4ng b\u1ecb d\u1ecbch chuy\u1ec3n trong qu\u00e1 tr\u00ecnh v\u1eadn h\u00e0nh v\u00e0 duy tr\u00ec \u00e1p l\u1ef1c \u1ed5n \u0111\u1ecbnh.<\/p>\n<p><strong>B\u1ea3ng \u0111i\u1ec1u khi\u1ec3n:<\/strong> Cho ph\u00e9p ng\u01b0\u1eddi v\u1eadn h\u00e0nh \u0111i\u1ec1u ch\u1ec9nh t\u1ed1c \u0111\u1ed9 ch\u00e0 nh\u00e1m, \u00e1p l\u1ef1c con l\u0103n v\u00e0 t\u1ed1c \u0111\u1ed9 n\u1ea1p li\u1ec7u. Th\u01b0\u1eddng bao g\u1ed3m m\u00e0n h\u00ecnh k\u1ef9 thu\u1eadt s\u1ed1 \u0111\u1ec3 ki\u1ec3m so\u00e1t ch\u00ednh x\u00e1c.<\/p>\n<p><strong>H\u1ec7 th\u1ed1ng h\u00fat b\u1ee5i (T\u00f9y ch\u1ecdn):<\/strong> Lo\u1ea1i b\u1ecf b\u1ee5i ch\u00e0 nh\u00e1m kh\u1ecfi khu v\u1ef1c l\u00e0m vi\u1ec7c, c\u1ea3i thi\u1ec7n t\u1ea7m nh\u00ecn, an to\u00e0n v\u00e0 s\u1ea1ch s\u1ebd.<\/p>\n<p><strong>\u0110\u1ed9ng c\u01a1 v\u00e0 h\u1ed9p s\u1ed1:<\/strong> Cung c\u1ea5p n\u0103ng l\u01b0\u1ee3ng cho c\u00e1c con l\u0103n ch\u00e0 nh\u00e1m v\u00e0 h\u1ec7 th\u1ed1ng b\u0103ng t\u1ea3i. \u0110\u1ed9ng c\u01a1 th\u01b0\u1eddng c\u00f3 c\u00f4ng su\u1ea5t l\u1edbn \u0111\u1ec3 h\u1ed7 tr\u1ee3 ho\u1ea1t \u0111\u1ed9ng li\u00ean t\u1ee5c.<\/p>\n<p><strong>Khung v\u00e0 V\u1ecf:<\/strong> Th\u00e2n m\u00e1y h\u1ed7 tr\u1ee3 t\u1ea5t c\u1ea3 c\u00e1c b\u1ed9 ph\u1eadn v\u00e0 gi\u1ea3m \u0111\u1ed9 rung, \u0111\u1ea3m b\u1ea3o ho\u1ea1t \u0111\u1ed9ng tr\u01a1n tru v\u00e0 y\u00ean t\u0129nh.<\/p>","protected":false},"excerpt":{"rendered":"<p>M\u00e1y ch\u00e0 nh\u00e1m b\u0103ng r\u1ed9ng hi\u1ec7u chu\u1ea9n v\u00e1n \u00e9p \u0111\u01b0\u1ee3c thi\u1ebft k\u1ebf \u0111\u1ec3 ho\u00e0n thi\u1ec7n b\u1ec1 m\u1eb7t m\u1ecbn c\u1ee7a v\u00e1n \u00e9p v\u00e0 t\u1ea5m g\u1ed7.<\/p>","protected":false},"featured_media":1350,"template":"","meta":{"_gspb_post_css":""},"product_brand":[],"product_cat":[50],"product_tag":[55,51,54],"class_list":{"0":"post-1347","1":"product","2":"type-product","3":"status-publish","4":"has-post-thumbnail","6":"product_cat-plywood-sanding-machine","7":"product_tag-plywood-polishing-machine","8":"product_tag-plywood-sanding-machine","9":"product_tag-plywood-wide-belt-sander","11":"first","12":"instock","13":"shipping-taxable","14":"product-type-simple"},"_links":{"self":[{"href":"https:\/\/chuangxinmachinery.com\/vi\/wp-json\/wp\/v2\/product\/1347","targetHints":{"allow":["GET"]}}],"collection":[{"href":"https:\/\/chuangxinmachinery.com\/vi\/wp-json\/wp\/v2\/product"}],"about":[{"href":"https:\/\/chuangxinmachinery.com\/vi\/wp-json\/wp\/v2\/types\/product"}],"wp:featuredmedia":[{"embeddable":true,"href":"https:\/\/chuangxinmachinery.com\/vi\/wp-json\/wp\/v2\/media\/1350"}],"wp:attachment":[{"href":"https:\/\/chuangxinmachinery.com\/vi\/wp-json\/wp\/v2\/media?parent=1347"}],"wp:term":[{"taxonomy":"product_brand","embeddable":true,"href":"https:\/\/chuangxinmachinery.com\/vi\/wp-json\/wp\/v2\/product_brand?post=1347"},{"taxonomy":"product_cat","embeddable":true,"href":"https:\/\/chuangxinmachinery.com\/vi\/wp-json\/wp\/v2\/product_cat?post=1347"},{"taxonomy":"product_tag","embeddable":true,"href":"https:\/\/chuangxinmachinery.com\/vi\/wp-json\/wp\/v2\/product_tag?post=1347"}],"curies":[{"name":"wp","href":"https:\/\/api.w.org\/{rel}","templated":true}]}}