{"id":1355,"date":"2025-08-04T09:43:16","date_gmt":"2025-08-04T09:43:16","guid":{"rendered":"https:\/\/chuangxinmachinery.com\/?post_type=product&#038;p=1355"},"modified":"2025-08-24T07:56:22","modified_gmt":"2025-08-24T07:56:22","slug":"day-chuyen-san-xuat-may-cua-cha-nham","status":"publish","type":"product","link":"https:\/\/chuangxinmachinery.com\/vi\/product\/saw-sanding-production-line\/","title":{"rendered":"D\u00e2y chuy\u1ec1n s\u1ea3n xu\u1ea5t c\u01b0a-ch\u00e0 nh\u00e1m"},"content":{"rendered":"<p>D\u00e2y chuy\u1ec1n s\u1ea3n xu\u1ea5t c\u01b0a-ch\u00e0 nh\u00e1m l\u00e0 m\u1ed9t d\u00e2y chuy\u1ec1n t\u1ef1 \u0111\u1ed9ng t\u00edch h\u1ee3p k\u1ebft h\u1ee3p gi\u1eefa c\u01b0a d\u1ecdc v\u00e0 c\u01b0a ngang t\u1ef1 \u0111\u1ed9ng<a href=\"https:\/\/chuangxinmachinery.com\/vi\/product-category\/may-lam-van-go\/cua-cat-canh\/\"> c\u01b0a c\u1ea1nh<\/a> v\u1edbi m\u1ed9t <a href=\"https:\/\/chuangxinmachinery.com\/vi\/product-category\/may-lam-van-go\/may-cha-nham-van-ep\/\">m\u00e1y ch\u00e0 nh\u00e1m.<\/a> M\u00e1y ch\u1ee7 y\u1ebfu \u0111\u01b0\u1ee3c s\u1eed d\u1ee5ng \u0111\u1ec3 c\u1eaft c\u1ea1nh v\u00e1n d\u0103m ho\u1eb7c v\u00e1n s\u1ee3i m\u1eadt \u0111\u1ed9 trung b\u00ecnh\/cao theo k\u00edch th\u01b0\u1edbc quy \u0111\u1ecbnh b\u1eb1ng m\u00e1y \u00e9p, v\u00e0 ch\u00e0 nh\u00e1m m\u1ecbn b\u1ec1 m\u1eb7t tr\u00ean v\u00e0 d\u01b0\u1edbi. \u0110i\u1ec1u n\u00e0y \u0111\u1ea3m b\u1ea3o ch\u1ea5t l\u01b0\u1ee3ng b\u1ec1 m\u1eb7t cao v\u00e0 \u0111\u1ed9 d\u00e0y ch\u00ednh x\u00e1c. D\u00e2y chuy\u1ec1n s\u1ea3n xu\u1ea5t ch\u1ee7 y\u1ebfu bao g\u1ed3m m\u00e1y c\u01b0a c\u1ea1nh d\u1ecdc v\u00e0 c\u1ea1nh ngang t\u1ef1 \u0111\u1ed9ng, m\u00e1y ch\u00e0 nh\u00e1m v\u00e0 b\u00e0n b\u0103ng t\u1ea3i.<\/p>\n<p><a href=\"https:\/\/chuangxinmachinery.com\/vi\/product-category\/may-lam-van-go\/may-cha-nham-van-ep\/\"><img decoding=\"async\" class=\"wp-image-1356 size-large\" src=\"https:\/\/chuangxinmachinery.com\/wp-content\/uploads\/2025\/08\/automatic-sanding-line-e1754298762212-1024x699.jpg\" alt=\"d\u00e2y chuy\u1ec1n ch\u00e0 nh\u00e1m v\u00e1n \u00e9p t\u1ef1 \u0111\u1ed9ng d\u00e2y chuy\u1ec1n s\u1ea3n xu\u1ea5t c\u01b0a-ch\u00e0 nh\u00e1m\" width=\"1024\" height=\"699\" srcset=\"https:\/\/chuangxinmachinery.com\/wp-content\/uploads\/2025\/08\/automatic-sanding-line-e1754298762212-1024x699.jpg 1024w, https:\/\/chuangxinmachinery.com\/wp-content\/uploads\/2025\/08\/automatic-sanding-line-e1754298762212-300x205.jpg 300w, https:\/\/chuangxinmachinery.com\/wp-content\/uploads\/2025\/08\/automatic-sanding-line-e1754298762212-768x524.jpg 768w, https:\/\/chuangxinmachinery.com\/wp-content\/uploads\/2025\/08\/automatic-sanding-line-e1754298762212-18x12.jpg 18w, https:\/\/chuangxinmachinery.com\/wp-content\/uploads\/2025\/08\/automatic-sanding-line-e1754298762212-600x409.jpg 600w, https:\/\/chuangxinmachinery.com\/wp-content\/uploads\/2025\/08\/automatic-sanding-line-e1754298762212.jpg 1080w\" sizes=\"(max-width: 1024px) 100vw, 1024px\" \/><\/a><\/p>\n<h4>\u0110\u1eb7c \u0111i\u1ec3m k\u1ef9 thu\u1eadt<\/h4>\n<table style=\"height: 466px;\" width=\"822\">\n<tbody>\n<tr>\n<td width=\"284\">Ki\u1ec3u<\/td>\n<td width=\"284\">D\u00e2y chuy\u1ec1n s\u1ea3n xu\u1ea5t c\u01b0a-ch\u00e0 nh\u00e1m<\/td>\n<\/tr>\n<tr>\n<td width=\"284\">\u0110\u1eb7c \u0111i\u1ec3m k\u1ef9 thu\u1eadt c\u1ee7a h\u00ecnh th\u00e0nh b\u1ea3ng<\/td>\n<td width=\"284\">1220*2440mm<\/td>\n<\/tr>\n<tr>\n<td width=\"284\">\u0110\u1ed9 d\u00e0y l\u00e0m vi\u1ec7c t\u1ed1i \u0111a<\/td>\n<td width=\"284\">40mm<\/td>\n<\/tr>\n<tr>\n<td width=\"284\">\u0110\u1ea7u ra<\/td>\n<td width=\"284\">400-600 t\u1edd\/gi\u1edd<\/td>\n<\/tr>\n<tr>\n<td width=\"284\">Dung sai chi\u1ec1u d\u00e0i \u0111\u01b0\u1eddng ch\u00e9o c\u1ee7a b\u1ea3ng<\/td>\n<td width=\"284\">\u00b11,5mm<\/td>\n<\/tr>\n<tr>\n<td width=\"284\">Dung sai \u0111\u1ed9 d\u00e0y c\u1ee7a t\u1ea5m v\u00e1n<\/td>\n<td width=\"284\">\u00b10,1mm<\/td>\n<\/tr>\n<tr>\n<td width=\"284\">C\u00f4ng su\u1ea5t \u0111\u1ed9ng c\u01a1 c\u1ee7a d\u00e2y chuy\u1ec1n s\u1ea3n xu\u1ea5t (tr\u1eeb m\u00e1y ch\u00e0 nh\u00e1m)<\/td>\n<td width=\"284\">55KW<\/td>\n<\/tr>\n<\/tbody>\n<\/table>\n<p>Ch\u00fang t\u00f4i c\u00f3 th\u1ec3 t\u00f9y ch\u1ec9nh d\u00e2y chuy\u1ec1n s\u1ea3n xu\u1ea5t chuy\u00ean bi\u1ec7t theo y\u00eau c\u1ea7u c\u1ee7a ng\u01b0\u1eddi d\u00f9ng. Hi\u1ec7n t\u1ea1i, ch\u00fang t\u00f4i \u0111\u00e3 ph\u00e1t tri\u1ec3n th\u00e0nh c\u00f4ng nhi\u1ec1u th\u00f4ng s\u1ed1 k\u1ef9 thu\u1eadt kh\u00e1c nhau nh\u01b0 36 ft v\u00e0 48 ft, \u0111\u00e1p \u1ee9ng nhu c\u1ea7u c\u1ee7a nhi\u1ec1u nh\u00e0 s\u1ea3n xu\u1ea5t v\u00e1n g\u1ed7 kh\u00e1c nhau.<\/p>\n<p>&nbsp;<\/p>\n<h4>\u0110\u1eb7c tr\u01b0ng:<\/h4>\n<p><strong>H\u1ec7 th\u1ed1ng \u0111i\u1ec1u khi\u1ec3n t\u00edch h\u1ee3p:<\/strong> To\u00e0n b\u1ed9 d\u00e2y chuy\u1ec1n\u2014t\u1eeb kh\u00e2u n\u1ea1p li\u1ec7u, c\u01b0a, ch\u00e0 nh\u00e1m \u0111\u1ebfn x\u1ebfp ch\u1ed3ng\u2014\u0111\u1ec1u s\u1eed d\u1ee5ng h\u1ec7 th\u1ed1ng kh\u1edfi \u0111\u1ed9ng\/d\u1eebng m\u1ed9t ch\u1ea1m t\u1eadp trung v\u1edbi giao di\u1ec7n m\u00e0n h\u00ecnh c\u1ea3m \u1ee9ng th\u00e2n thi\u1ec7n v\u1edbi ng\u01b0\u1eddi d\u00f9ng. Vi\u1ec7c \u0111i\u1ec1u khi\u1ec3n t\u1eebng ph\u1ea7n \u0111\u1ed9c l\u1eadp cho ph\u00e9p g\u1ee1 l\u1ed7i d\u1ec5 d\u00e0ng h\u01a1n v\u00e0 v\u1eadn h\u00e0nh linh ho\u1ea1t h\u01a1n.<\/p>\n<p><strong>S\u1ea3n xu\u1ea5t thi\u1ebft b\u1ecb n\u1ed9i b\u1ed9:<\/strong> T\u1ea5t c\u1ea3 c\u00e1c m\u00e1y m\u00f3c trong d\u00e2y chuy\u1ec1n s\u1ea3n xu\u1ea5t \u0111\u1ec1u \u0111\u01b0\u1ee3c t\u1ef1 s\u1ea3n xu\u1ea5t, \u0111\u1ea3m b\u1ea3o ch\u1ea5t l\u01b0\u1ee3ng \u0111\u1ed3ng nh\u1ea5t, ph\u1ed1i h\u1ee3p t\u1ed1t h\u01a1n gi\u1eefa c\u00e1c th\u00e0nh ph\u1ea7n v\u00e0 h\u1ed7 tr\u1ee3 sau b\u00e1n h\u00e0ng hi\u1ec7u qu\u1ea3, \u0111\u00e1ng tin c\u1eady.<\/p>\n<p><strong>C\u1ea5p li\u1ec7u v\u00e1n hi\u1ec7u su\u1ea5t cao:<\/strong> H\u1ec7 th\u1ed1ng \u0111\u1ea9y cho ph\u00e9p chuy\u1ec3n b\u1ea3ng m\u1ea1ch li\u1ec1n m\u1ea1ch, kh\u00f4ng c\u00f3 khe h\u1edf, t\u1ed1i \u0111a h\u00f3a th\u00f4ng l\u01b0\u1ee3ng v\u00e0 gi\u1ea3m thi\u1ec3u th\u1eddi gian ch\u1ebft.<\/p>\n<p><strong>T\u1ed1i \u01b0u h\u00f3a vi\u1ec7c h\u00fat b\u1ee5i:<\/strong> M\u00e1y c\u01b0a c\u1ea1nh \u0111\u01b0\u1ee3c trang b\u1ecb h\u1ec7 th\u1ed1ng thu b\u1ee5i c\u1ea3i ti\u1ebfn, mang l\u1ea1i kh\u1ea3 n\u0103ng lo\u1ea1i b\u1ecf b\u1ee5i tuy\u1ec7t v\u1eddi cho m\u00f4i tr\u01b0\u1eddng l\u00e0m vi\u1ec7c s\u1ea1ch s\u1ebd v\u00e0 an to\u00e0n.<\/p>\n<p><strong>Ho\u1ea1t \u0111\u1ed9ng ch\u00ednh x\u00e1c v\u00e0 \u1ed5n \u0111\u1ecbnh:<\/strong> C\u00e1c chuy\u1ec3n \u0111\u1ed9ng c\u01a1 h\u1ecdc ph\u1ed1i h\u1ee3p \u0111\u1ea3m b\u1ea3o s\u1ef1 chuy\u1ec3n \u0111\u1ed5i m\u01b0\u1ee3t m\u00e0 gi\u1eefa c\u00e1c quy tr\u00ecnh. D\u00e2y chuy\u1ec1n s\u1ea3n xu\u1ea5t mang l\u1ea1i \u0111\u1ed9 ch\u00ednh x\u00e1c c\u1eaft v\u00e0 ch\u00e0 nh\u00e1m cao, l\u00fd t\u01b0\u1edfng cho vi\u1ec7c gia c\u00f4ng v\u00e1n \u00e9p ti\u00eau chu\u1ea9n cao trong ng\u00e0nh n\u1ed9i th\u1ea5t, s\u00e0n nh\u00e0 v\u00e0 x\u00e2y d\u1ef1ng.<\/p>","protected":false},"excerpt":{"rendered":"<p>D\u00e2y chuy\u1ec1n s\u1ea3n xu\u1ea5t c\u01b0a-ch\u00e0 nh\u00e1m l\u00e0 d\u00e2y chuy\u1ec1n t\u1ef1 \u0111\u1ed9ng t\u00edch h\u1ee3p k\u1ebft h\u1ee3p m\u00e1y c\u01b0a c\u1ea1nh d\u1ecdc v\u00e0 c\u1ea1nh ngang t\u1ef1 \u0111\u1ed9ng v\u1edbi m\u00e1y ch\u00e0 nh\u00e1m.<\/p>","protected":false},"featured_media":1357,"template":"","meta":{"_gspb_post_css":""},"product_brand":[],"product_cat":[50],"product_tag":[51,56],"class_list":{"0":"post-1355","1":"product","2":"type-product","3":"status-publish","4":"has-post-thumbnail","6":"product_cat-plywood-sanding-machine","7":"product_tag-plywood-sanding-machine","8":"product_tag-saw-sangding-production-line","10":"first","11":"instock","12":"shipping-taxable","13":"product-type-simple"},"_links":{"self":[{"href":"https:\/\/chuangxinmachinery.com\/vi\/wp-json\/wp\/v2\/product\/1355","targetHints":{"allow":["GET"]}}],"collection":[{"href":"https:\/\/chuangxinmachinery.com\/vi\/wp-json\/wp\/v2\/product"}],"about":[{"href":"https:\/\/chuangxinmachinery.com\/vi\/wp-json\/wp\/v2\/types\/product"}],"wp:featuredmedia":[{"embeddable":true,"href":"https:\/\/chuangxinmachinery.com\/vi\/wp-json\/wp\/v2\/media\/1357"}],"wp:attachment":[{"href":"https:\/\/chuangxinmachinery.com\/vi\/wp-json\/wp\/v2\/media?parent=1355"}],"wp:term":[{"taxonomy":"product_brand","embeddable":true,"href":"https:\/\/chuangxinmachinery.com\/vi\/wp-json\/wp\/v2\/product_brand?post=1355"},{"taxonomy":"product_cat","embeddable":true,"href":"https:\/\/chuangxinmachinery.com\/vi\/wp-json\/wp\/v2\/product_cat?post=1355"},{"taxonomy":"product_tag","embeddable":true,"href":"https:\/\/chuangxinmachinery.com\/vi\/wp-json\/wp\/v2\/product_tag?post=1355"}],"curies":[{"name":"wp","href":"https:\/\/api.w.org\/{rel}","templated":true}]}}