{"id":1362,"date":"2025-05-09T08:30:27","date_gmt":"2025-05-09T08:30:27","guid":{"rendered":"https:\/\/chuangxinmachinery.com\/?post_type=product&#038;p=1362"},"modified":"2025-08-15T08:11:51","modified_gmt":"2025-08-15T08:11:51","slug":"go-bach-duong-2","status":"publish","type":"product","link":"https:\/\/chuangxinmachinery.com\/vi\/product\/birch-wood-veneer\/","title":{"rendered":"V\u00e1n \u00e9p g\u1ed7 b\u1ea1ch d\u01b0\u01a1ng"},"content":{"rendered":"<h4>Veneer g\u1ed7 Borich<\/h4>\n<p><a href=\"https:\/\/chuangxinmachinery.com\/vi\/product-category\/tho-moc\/\">G\u1ed7 d\u00e1n b\u1ea1ch d\u01b0\u01a1ng<\/a> l\u00e0 v\u1eadt li\u1ec7u b\u1ec1 m\u1eb7t trang tr\u00ed cao c\u1ea5p \u0111\u01b0\u1ee3c s\u1eed d\u1ee5ng r\u1ed9ng r\u00e3i trong ng\u00e0nh ch\u1ebf bi\u1ebfn g\u1ed7 v\u00e0 n\u1ed9i th\u1ea5t. \u0110\u01b0\u1ee3c l\u00e0m t\u1eeb g\u1ed7 b\u1ea1ch d\u01b0\u01a1ng, l\u1edbp veneer th\u01b0\u1eddng c\u00f3 m\u00e0u s\u00e1ng, tr\u1ea3i d\u00e0i t\u1eeb tr\u1eafng kem \u0111\u1ebfn n\u00e2u nh\u1ea1t, \u0111\u00f4i khi c\u00f3 s\u1eafc h\u1ed3ng tinh t\u1ebf. G\u1ed7 c\u00f3 d\u00e1t g\u1ed7 m\u00e0u tr\u1eafng v\u00e0 l\u00f5i g\u1ed7 m\u00e0u n\u00e2u \u0111\u1ecf nh\u1ea1t. C\u00e1c lo\u1ea1i b\u1ea1ch d\u01b0\u01a1ng Baltic c\u00f3 m\u00e0u tr\u1eafng h\u01a1n \u0111\u00e1ng k\u1ec3, mang \u0111\u1ebfn v\u1ebb ngo\u00e0i hi\u1ec7n \u0111\u1ea1i, s\u1ea1ch s\u1ebd, \u0111\u01b0\u1ee3c \u01b0a chu\u1ed9ng cho c\u00e1c \u1ee9ng d\u1ee5ng cao c\u1ea5p.<\/p>\n<p>V\u00e1n l\u1ea1ng b\u1ea1ch d\u01b0\u01a1ng \u0111\u01b0\u1ee3c \u01b0a chu\u1ed9ng nh\u1edd k\u1ebft c\u1ea5u m\u1ecbn, \u0111\u1ed3ng \u0111\u1ec1u v\u00e0 v\u00e2n g\u1ed7 th\u1eb3ng, \u00edt b\u1ecb ph\u00e2n bi\u1ec7t m\u00e0u s\u1eafc gi\u1eefa c\u00e1c v\u00f2ng sinh tr\u01b0\u1edfng. T\u00f9y thu\u1ed9c v\u00e0o ph\u01b0\u01a1ng ph\u00e1p c\u1eaft, n\u00f3 c\u00f3 th\u1ec3 t\u1ea1o ra c\u00e1c h\u1ecda ti\u1ebft l\u01b0\u1ee3n s\u00f3ng ho\u1eb7c xo\u0103n \u0111\u1eb9p m\u1eaft, \u0111\u1eb7c bi\u1ec7t l\u00e0 \u1edf c\u00e1c t\u1ea5m c\u1eaft ph\u1eb3ng ho\u1eb7c c\u1eaft xoay. B\u1ec1 ngo\u00e0i c\u1ee7a n\u00f3 t\u01b0\u01a1ng t\u1ef1 nh\u01b0 v\u00e1n l\u1ea1ng g\u1ed7 th\u00edch nh\u01b0ng c\u00f3 c\u1ea3m gi\u00e1c h\u01a1i th\u00f4 v\u00e0 ch\u1eafc ch\u1eafn h\u01a1n.<\/p>\n<p><img decoding=\"async\" class=\"wp-image-1363 size-medium\" src=\"https:\/\/chuangxinmachinery.com\/wp-content\/uploads\/2025\/08\/birch-wood-veneer-for-sale-300x300.jpg\" alt=\"g\u1ed7 b\u1ea1ch d\u01b0\u01a1ng veneer \u0111\u1ec3 b\u00e1n\" width=\"300\" height=\"300\" srcset=\"https:\/\/chuangxinmachinery.com\/wp-content\/uploads\/2025\/08\/birch-wood-veneer-for-sale-300x300.jpg 300w, https:\/\/chuangxinmachinery.com\/wp-content\/uploads\/2025\/08\/birch-wood-veneer-for-sale-150x150.jpg 150w, https:\/\/chuangxinmachinery.com\/wp-content\/uploads\/2025\/08\/birch-wood-veneer-for-sale-12x12.jpg 12w, https:\/\/chuangxinmachinery.com\/wp-content\/uploads\/2025\/08\/birch-wood-veneer-for-sale-500x500.jpg 500w, https:\/\/chuangxinmachinery.com\/wp-content\/uploads\/2025\/08\/birch-wood-veneer-for-sale-600x600.jpg 600w, https:\/\/chuangxinmachinery.com\/wp-content\/uploads\/2025\/08\/birch-wood-veneer-for-sale-100x100.jpg 100w, https:\/\/chuangxinmachinery.com\/wp-content\/uploads\/2025\/08\/birch-wood-veneer-for-sale.jpg 701w\" sizes=\"(max-width: 300px) 100vw, 300px\" \/><\/p>\n<h3><em>K\u00edch th\u01b0\u1edbc<\/em><\/h3>\n<p>C\u00f3 s\u1eb5n c\u00e1c \u0111\u1ecbnh d\u1ea1ng ti\u00eau chu\u1ea9n v\u00e0 kh\u1ed5 l\u1edbn, bao g\u1ed3m:<\/p>\n<p>Ti\u00eau chu\u1ea9n: 4&#039;\u00d78&#039; (1220\u00d72440 mm), 4&#039;\u00d710&#039; (1220\u00d73050 mm), 4&#039;\u00d712&#039; (1220\u00d73660 mm)<\/p>\n<p>Qu\u00e1 kh\u1ed5: 5&#039;\u00d78&#039; (1525\u00d72440 mm), 5&#039;\u00d710&#039; (1525\u00d73050 mm), 5&#039;\u00d712&#039; (1525\u00d73660 mm)<\/p>\n<p>V\u00e2n ngang: 8&#039;\u00d74&#039; (2440\u00d71220 mm), 10&#039;\u00d74&#039; (3050\u00d71220 mm), 12&#039;\u00d74&#039; (3660\u00d71220 mm)<\/p>\n<p>\u0110\u1eb7c bi\u1ec7t: 4&#039;\u00d714&#039; (1220\u00d74270 mm)<\/p>\n<h3><em>Ph\u01b0\u01a1ng ph\u00e1p c\u1eaft<\/em><\/h3>\n<p>V\u00e1n \u00e9p b\u1ea1ch d\u01b0\u01a1ng c\u00f3 th\u1ec3 \u0111\u01b0\u1ee3c s\u1ea3n xu\u1ea5t theo nhi\u1ec1u ki\u1ec3u c\u1eaft kh\u00e1c nhau \u0111\u1ec3 \u0111\u1ea1t \u0111\u01b0\u1ee3c c\u00e1c hi\u1ec7u \u1ee9ng h\u00ecnh \u1ea3nh kh\u00e1c nhau:<\/p>\n<p><strong>C\u1eaft quay (To\u00e0n b\u1ed9 ho\u1eb7c c\u00f3 \u0111\u01b0\u1eddng may)<\/strong> \u2013 T\u1ea1o ra hoa v\u0103n v\u00e2n g\u1ed7 r\u1ed9ng, th\u01b0\u1eddng \u0111\u01b0\u1ee3c s\u1eed d\u1ee5ng cho c\u00e1c t\u1ea5m g\u1ed7 l\u1edbn.<\/p>\n<p><strong>C\u1eaft ph\u1eb3ng<\/strong> \u2013 L\u00e0m n\u1ed5i b\u1eadt c\u00e1c h\u1ecda ti\u1ebft v\u00e2n g\u1ed7 h\u00ecnh nh\u00e0 th\u1edd.<\/p>\n<p><strong>C\u1eaft theo ph\u1ea7n t\u01b0<\/strong> \u2013 T\u1ea1o ra v\u00e2n g\u1ed7 th\u1eb3ng, tuy\u1ebfn t\u00ednh.<\/p>\n<p><strong>G\u1ed7 c\u1eaft ph\u1eb3ng (B\u1ea1ch d\u01b0\u01a1ng b\u0103ng ho\u1eb7c b\u1ea1ch d\u01b0\u01a1ng l\u1eeda)<\/strong> \u2013 Tr\u01b0ng b\u00e0y c\u00e1c h\u1ecda ti\u1ebft trang tr\u00ed n\u1ed5i b\u1eadt.<\/p>\n<h3><em>Thu\u1eadn l\u1ee3i<\/em><\/h3>\n<p>G\u1ed7 b\u1ea1ch d\u01b0\u01a1ng d\u1ec5 d\u00e1n, nhu\u1ed9m m\u00e0u v\u00e0 \u0111\u00e1nh b\u00f3ng, r\u1ea5t linh ho\u1ea1t cho nhi\u1ec1u d\u1ef1 \u00e1n ch\u1ebf bi\u1ebfn g\u1ed7. \u0110\u1ed9 b\u1ec1n v\u00e0 kh\u1ea3 n\u0103ng gia c\u00f4ng c\u1ee7a g\u1ed7 b\u1ea1ch d\u01b0\u01a1ng ph\u00f9 h\u1ee3p cho c\u1ea3 \u1ee9ng d\u1ee5ng k\u1ebft c\u1ea5u v\u00e0 trang tr\u00ed.<\/p>\n<h3><em>\u1ee8ng d\u1ee5ng<\/em><\/h3>\n<p>G\u1ed7 b\u1ea1ch d\u01b0\u01a1ng \u0111\u01b0\u1ee3c s\u1eed d\u1ee5ng r\u1ed9ng r\u00e3i trong:<\/p>\n<p><strong>S\u1ea3n xu\u1ea5t \u0111\u1ed3 n\u1ed9i th\u1ea5t<\/strong> \u2013 M\u1eb7t b\u00e0n, m\u1eb7t b\u00e0n, t\u1ee7, k\u1ec7 v\u00e0 gh\u1ebf.<\/p>\n<p><strong>T\u1ee7 b\u1ebfp &amp; Ph\u1ee5 ki\u1ec7n nh\u00e0 b\u1ebfp<\/strong> \u2013 M\u1eb7t tr\u01b0\u1edbc ng\u0103n k\u00e9o, c\u1eeda t\u1ee7 v\u00e0 t\u1ea5m \u1ed1p b\u00ean trong.<\/p>\n<p><strong>T\u1ea5m ki\u1ebfn tr\u00fac<\/strong> \u2013 \u1ed0p t\u01b0\u1eddng, v\u00e1ch ng\u0103n, t\u1ea5m trang tr\u00ed trong v\u0103n ph\u00f2ng, kh\u00e1ch s\u1ea1n, kh\u00f4ng gian c\u00f4ng c\u1ed9ng.<\/p>\n<p><strong>Nh\u1ea1c c\u1ee5<\/strong> \u2013 Th\u00e2n \u0111\u00e0n guitar, v\u1ecf tr\u1ed1ng v\u00e0 b\u00ean trong \u0111\u00e0n piano.<\/p>\n<p><strong>C\u1eeda n\u1ed9i th\u1ea5t<\/strong> \u2013 M\u1eb7t c\u1eeda ph\u1ee7 veneer d\u00f9ng cho m\u1ee5c \u0111\u00edch d\u00e2n d\u1ee5ng v\u00e0 th\u01b0\u01a1ng m\u1ea1i.<\/p>\n<p><strong>Ph\u1ee5c ch\u1ebf \u0111\u1ed3 c\u1ed5<\/strong> \u2013 So s\u00e1nh m\u1eabu ban \u0111\u1ea7u \u0111\u1ec3 s\u1eeda ch\u1eefa.<\/p>\n<h3><em>S\u1ef1 \u1ee7ng h\u1ed9<\/em><\/h3>\n<p>V\u00e1n \u00e9p b\u1ea1ch d\u01b0\u01a1ng c\u00f3 nhi\u1ec1u l\u1ef1a ch\u1ecdn l\u1edbp n\u1ec1n kh\u00e1c nhau \u0111\u1ec3 ph\u00f9 h\u1ee3p v\u1edbi c\u00e1c nhu c\u1ea7u l\u1eafp \u0111\u1eb7t kh\u00e1c nhau:<\/p>\n<p><strong>Gi\u1ea5y l\u00f3t 10 mil<\/strong> \u2013 Linh ho\u1ea1t v\u00e0 d\u1ec5 \u00e1p d\u1ee5ng.<\/p>\n<p><strong>Veneer kh\u00f4ng b\u1ecdt kh\u00ed 22,2 mil (BFV)<\/strong> \u2013 Lo\u1ea1i b\u1ecf c\u00e1c t\u00fai kh\u00ed \u0111\u1ec3 c\u00f3 b\u1ec1 m\u1eb7t m\u1ecbn m\u00e0ng.<\/p>\n<p><strong>PSA (Keo d\u00e1n nh\u1ea1y \u00e1p su\u1ea5t)<\/strong> \u2013 L\u1edbp ph\u1ee7 \u201cb\u00f3c v\u00e0 d\u00e1n\u201d gi\u00fap thi c\u00f4ng nhanh ch\u00f3ng, kh\u00f4ng c\u1ea7n keo.<\/p>\n<p>&nbsp;<\/p>","protected":false},"excerpt":{"rendered":"<p>G\u1ed7 veneer b\u1ea1ch d\u01b0\u01a1ng l\u00e0 v\u1eadt li\u1ec7u b\u1ec1 m\u1eb7t trang tr\u00ed cao c\u1ea5p \u0111\u01b0\u1ee3c s\u1eed d\u1ee5ng r\u1ed9ng r\u00e3i trong ng\u00e0nh ch\u1ebf bi\u1ebfn g\u1ed7 v\u00e0 n\u1ed9i th\u1ea5t. \u0110\u01b0\u1ee3c l\u00e0m t\u1eeb g\u1ed7 b\u1ea1ch d\u01b0\u01a1ng, veneer th\u01b0\u1eddng c\u00f3 m\u00e0u s\u00e1ng, t\u1eeb tr\u1eafng kem \u0111\u1ebfn n\u00e2u nh\u1ea1t, \u0111\u00f4i khi c\u00f3 t\u00f4ng m\u00e0u h\u1ed3ng nh\u1ea1t.<\/p>","protected":false},"featured_media":1364,"template":"","meta":{"_gspb_post_css":""},"product_brand":[],"product_cat":[18,27],"product_tag":[57],"class_list":{"0":"post-1362","1":"product","2":"type-product","3":"status-publish","4":"has-post-thumbnail","6":"product_cat-wood-venner","7":"product_cat-birch-veneer","8":"product_tag-birch-woood-veneer","10":"first","11":"instock","12":"shipping-taxable","13":"product-type-simple"},"_links":{"self":[{"href":"https:\/\/chuangxinmachinery.com\/vi\/wp-json\/wp\/v2\/product\/1362","targetHints":{"allow":["GET"]}}],"collection":[{"href":"https:\/\/chuangxinmachinery.com\/vi\/wp-json\/wp\/v2\/product"}],"about":[{"href":"https:\/\/chuangxinmachinery.com\/vi\/wp-json\/wp\/v2\/types\/product"}],"wp:featuredmedia":[{"embeddable":true,"href":"https:\/\/chuangxinmachinery.com\/vi\/wp-json\/wp\/v2\/media\/1364"}],"wp:attachment":[{"href":"https:\/\/chuangxinmachinery.com\/vi\/wp-json\/wp\/v2\/media?parent=1362"}],"wp:term":[{"taxonomy":"product_brand","embeddable":true,"href":"https:\/\/chuangxinmachinery.com\/vi\/wp-json\/wp\/v2\/product_brand?post=1362"},{"taxonomy":"product_cat","embeddable":true,"href":"https:\/\/chuangxinmachinery.com\/vi\/wp-json\/wp\/v2\/product_cat?post=1362"},{"taxonomy":"product_tag","embeddable":true,"href":"https:\/\/chuangxinmachinery.com\/vi\/wp-json\/wp\/v2\/product_tag?post=1362"}],"curies":[{"name":"wp","href":"https:\/\/api.w.org\/{rel}","templated":true}]}}