{"id":1376,"date":"2025-05-12T07:08:31","date_gmt":"2025-05-12T07:08:31","guid":{"rendered":"https:\/\/chuangxinmachinery.com\/?post_type=product&#038;p=1376"},"modified":"2025-08-15T08:26:17","modified_gmt":"2025-08-15T08:26:17","slug":"go-dan-okoume","status":"publish","type":"product","link":"https:\/\/chuangxinmachinery.com\/vi\/product\/okoume-veneer\/","title":{"rendered":"Veneer Okoume"},"content":{"rendered":"<p data-start=\"250\" data-end=\"781\">\u00a0 \u00a0 V\u00e1n l\u1ea1ng Okoume l\u00e0 v\u1eadt li\u1ec7u b\u1ec1 m\u1eb7t trang tr\u00ed cao c\u1ea5p \u0111\u01b0\u1ee3c l\u1ea5y t\u1eeb th\u00e2n c\u00e2y Okoume (<em data-start=\"369\" data-end=\"389\">Aucoumea klaineana<\/em>), m\u1ed9t lo\u00e0i g\u1ed7 c\u1ee9ng c\u00f3 ngu\u1ed3n g\u1ed1c t\u1eeb Trung v\u00e0 T\u00e2y Phi, \u0111\u1eb7c bi\u1ec7t l\u00e0 Gabon, C\u1ed9ng h\u00f2a Congo v\u00e0 Guinea X\u00edch \u0110\u1ea1o. Lo\u00e0i n\u00e0y n\u1ed5i ti\u1ebfng v\u1edbi m\u00e0u h\u1ed3ng nh\u1ea1t \u0111\u1ebfn n\u00e2u \u0111\u1ecf nh\u1ea1t, v\u00e2n g\u1ed7 m\u1ecbn \u0111\u1ed3ng \u0111\u1ec1u v\u00e0 c\u1ea5u tr\u00fac nh\u1eb9. G\u1ed7 n\u00e0y k\u1ebft h\u1ee3p t\u00ednh th\u1ea9m m\u1ef9 v\u1edbi hi\u1ec7u su\u1ea5t th\u1ef1c t\u1ebf, ph\u00f9 h\u1ee3p cho nhi\u1ec1u \u1ee9ng d\u1ee5ng trong c\u1ea3 l\u0129nh v\u1ef1c trang tr\u00ed v\u00e0 k\u1ebft c\u1ea5u.<\/p>\n<p data-start=\"783\" data-end=\"1206\">\u00a0 \u00a0 V\u00e1n l\u1ea1ng th\u01b0\u1eddng \u0111\u01b0\u1ee3c s\u1ea3n xu\u1ea5t b\u1eb1ng ph\u01b0\u01a1ng ph\u00e1p c\u1eaft xoay ho\u1eb7c x\u1ebb g\u1ed7 th\u00e0nh c\u00e1c t\u1ea5m m\u1ecfng, sau \u0111\u00f3 s\u1ea5y kh\u00f4, c\u1eaft t\u1ec9a v\u00e0 ph\u00e2n lo\u1ea1i \u0111\u1ec3 \u0111\u00e1p \u1ee9ng c\u00e1c ti\u00eau chu\u1ea9n ch\u1ea5t l\u01b0\u1ee3ng c\u1ee5 th\u1ec3. C\u00e1c k\u1ef9 thu\u1eadt c\u1eaft kh\u00e1c nhau\u2014ch\u1eb3ng h\u1ea1n nh\u01b0 c\u1eaft xoay, c\u1eaft t\u01b0, ho\u1eb7c c\u1eaft \u0111\u1ec9nh\u2014t\u1ea1o ra c\u00e1c v\u00e2n g\u1ed7 ri\u00eang bi\u1ec7t. K\u1ebft c\u1ea5u m\u1ecbn c\u1ee7a g\u1ed7 Okoume d\u1ec5 d\u00e0ng nhu\u1ed9m m\u00e0u, s\u01a1n v\u00e0 ho\u00e0n thi\u1ec7n, nh\u01b0ng nhi\u1ec1u ng\u01b0\u1eddi d\u00f9ng l\u1ea1i th\u00edch t\u00f4ng m\u00e0u \u1ea5m \u00e1p t\u1ef1 nhi\u00ean c\u1ee7a n\u00f3 \u0111\u1ec3 c\u00f3 v\u1ebb ngo\u00e0i tinh t\u1ebf v\u00e0 thanh l\u1ecbch.<\/p>\n<p><a href=\"https:\/\/chuangxinmachinery.com\/vi\/product-category\/tho-moc\/go-dan-okoume\/\"><img decoding=\"async\" class=\"wp-image-1377 size-full\" src=\"https:\/\/chuangxinmachinery.com\/wp-content\/uploads\/2025\/08\/okoume-veneer.jpg\" alt=\"okoume-veneer\" width=\"480\" height=\"355\" srcset=\"https:\/\/chuangxinmachinery.com\/wp-content\/uploads\/2025\/08\/okoume-veneer.jpg 480w, https:\/\/chuangxinmachinery.com\/wp-content\/uploads\/2025\/08\/okoume-veneer-300x222.jpg 300w, https:\/\/chuangxinmachinery.com\/wp-content\/uploads\/2025\/08\/okoume-veneer-16x12.jpg 16w\" sizes=\"(max-width: 480px) 100vw, 480px\" \/><\/a><\/p>\n<h3 data-start=\"1208\" data-end=\"1407\"><em><strong data-start=\"1208\" data-end=\"1216\">C\u00f4ng d\u1ee5ng<\/strong><\/em><\/h3>\n<p data-start=\"1208\" data-end=\"1407\">\u00a0 \u00a0 V\u00e1n l\u1ea1ng Okoume \u0111\u01b0\u1ee3c \u0111\u00e1nh gi\u00e1 cao nh\u1edd t\u00ednh linh ho\u1ea1t, d\u1ec5 gia c\u00f4ng v\u00e0 v\u1ebb ngo\u00e0i h\u1ea5p d\u1eabn, ph\u00f9 h\u1ee3p cho nhi\u1ec1u ng\u00e0nh c\u00f4ng nghi\u1ec7p, t\u1eeb \u0111\u1ed3 n\u1ed9i th\u1ea5t \u0111\u1ebfn \u0111\u00f3ng t\u00e0u. C\u00e1c \u1ee9ng d\u1ee5ng ph\u1ed5 bi\u1ebfn bao g\u1ed3m:<\/p>\n<ol data-start=\"1409\" data-end=\"2336\">\n<li data-start=\"1409\" data-end=\"1598\">\n<p data-start=\"1412\" data-end=\"1598\"><strong data-start=\"1412\" data-end=\"1439\">S\u1ea3n xu\u1ea5t \u0111\u1ed3 n\u1ed9i th\u1ea5t<\/strong> \u2013 L\u00fd t\u01b0\u1edfng cho t\u1ee7, t\u1ee7 qu\u1ea7n \u00e1o, b\u00e0n l\u00e0m vi\u1ec7c v\u00e0 k\u1ec7. L\u1edbp veneer nh\u1eb9 gi\u00fap gi\u1ea3m chi ph\u00ed x\u1eed l\u00fd v\u00e0 v\u1eadn chuy\u1ec3n, \u0111\u1ed3ng th\u1eddi v\u1eabn duy tr\u00ec \u0111\u1ed9 b\u1ec1n.<\/p>\n<\/li>\n<li data-start=\"1599\" data-end=\"1751\">\n<p data-start=\"1602\" data-end=\"1751\"><strong data-start=\"1602\" data-end=\"1625\">Trang tr\u00ed n\u1ed9i th\u1ea5t<\/strong> \u2013 \u0110\u01b0\u1ee3c \u1ee9ng d\u1ee5ng cho t\u1ea5m \u1ed1p t\u01b0\u1eddng, c\u1eeda ra v\u00e0o, tr\u1ea7n nh\u00e0 v\u00e0 v\u00e1ch ng\u0103n \u0111\u1ec3 c\u00f3 l\u1edbp ho\u00e0n thi\u1ec7n b\u1eb1ng g\u1ed7 t\u1ef1 nhi\u00ean ph\u00f9 h\u1ee3p v\u1edbi nhi\u1ec1u phong c\u00e1ch thi\u1ebft k\u1ebf kh\u00e1c nhau.<\/p>\n<\/li>\n<li data-start=\"1752\" data-end=\"1974\">\n<p data-start=\"1755\" data-end=\"1974\"><strong data-start=\"1755\" data-end=\"1778\">\u1ee8ng d\u1ee5ng h\u00e0ng h\u1ea3i<\/strong> \u2013 Th\u01b0\u1eddng \u0111\u01b0\u1ee3c s\u1eed d\u1ee5ng l\u00e0m v\u1eadt li\u1ec7u \u1ed1p m\u1eb7t trong v\u00e1n \u00e9p d\u00f9ng cho t\u00e0u bi\u1ec3n do m\u1eadt \u0111\u1ed9 th\u1ea5p v\u00e0 kh\u1ea3 n\u0103ng ch\u1ed1ng \u1ea9m t\u1ed1t khi \u0111\u01b0\u1ee3c b\u1ecbt k\u00edn \u0111\u00fang c\u00e1ch. Th\u01b0\u1eddng \u0111\u01b0\u1ee3c s\u1eed d\u1ee5ng trong n\u1ed9i th\u1ea5t du thuy\u1ec1n, xu\u1ed3ng v\u00e0 thuy\u1ec1n nh\u1ecf.<\/p>\n<\/li>\n<li data-start=\"1975\" data-end=\"2178\">\n<p data-start=\"1978\" data-end=\"2178\"><strong data-start=\"1978\" data-end=\"2010\">S\u1ea3n xu\u1ea5t v\u00e1n \u00e9p v\u00e0 t\u1ea5m<\/strong> \u2013 \u0110\u01b0\u1ee3c s\u1eed d\u1ee5ng l\u00e0m l\u1edbp ph\u1ee7 m\u1eb7t tr\u01b0\u1edbc ho\u1eb7c m\u1eb7t sau c\u1ee7a v\u00e1n \u00e9p cho xe caravan, gian h\u00e0ng tri\u1ec3n l\u00e3m v\u00e0 n\u1ed9i th\u1ea5t m\u00e1y bay khi c\u1ea7n s\u1ef1 k\u1ebft h\u1ee3p gi\u1eefa tr\u1ecdng l\u01b0\u1ee3ng nh\u1eb9 v\u00e0 t\u00ednh th\u1ea9m m\u1ef9.<\/p>\n<\/li>\n<li data-start=\"2179\" data-end=\"2336\">\n<p data-start=\"2182\" data-end=\"2336\"><strong data-start=\"2182\" data-end=\"2216\">Nh\u1ea1c c\u1ee5 v\u00e0 Th\u1ee7 c\u00f4ng m\u1ef9 ngh\u1ec7<\/strong> \u2013 V\u00e2n g\u1ed7 m\u1ecbn v\u00e0 m\u00e0u s\u1eafc \u0111\u1ed3ng \u0111\u1ec1u khi\u1ebfn n\u00f3 tr\u1edf n\u00ean l\u00fd t\u01b0\u1edfng \u0111\u1ec3 kh\u1ea3m trang tr\u00ed, l\u00e0m m\u1eb7t sau \u0111\u00e0n guitar v\u00e0 l\u00e0m c\u00e1c s\u1ea3n ph\u1ea9m g\u1ed7 th\u1ee7 c\u00f4ng.<\/p>\n<\/li>\n<\/ol>\n<h3 data-start=\"2338\" data-end=\"2504\"><\/h3>\n<h3 data-start=\"2338\" data-end=\"2504\"><em><strong data-start=\"2338\" data-end=\"2356\">Th\u00f4ng s\u1ed1 k\u1ef9 thu\u1eadt<\/strong><\/em><\/h3>\n<p data-start=\"2338\" data-end=\"2504\">V\u00e1n l\u1ea1ng Okoume th\u01b0\u01a1ng m\u1ea1i c\u00f3 nhi\u1ec1u k\u00edch th\u01b0\u1edbc kh\u00e1c nhau \u0111\u1ec3 ph\u00f9 h\u1ee3p v\u1edbi c\u00e1c y\u00eau c\u1ea7u s\u1ea3n xu\u1ea5t kh\u00e1c nhau. Th\u00f4ng s\u1ed1 k\u1ef9 thu\u1eadt ph\u1ed5 bi\u1ebfn bao g\u1ed3m:<\/p>\n<ul data-start=\"2506\" data-end=\"2768\">\n<li data-start=\"2506\" data-end=\"2561\">\n<p data-start=\"2508\" data-end=\"2561\"><strong data-start=\"2508\" data-end=\"2519\">Chi\u1ec1u d\u00e0i:<\/strong> 2000\u20133100 mm (c\u00f3 chi\u1ec1u d\u00e0i t\u00f9y ch\u1ec9nh)<\/p>\n<\/li>\n<li data-start=\"2562\" data-end=\"2588\">\n<p data-start=\"2564\" data-end=\"2588\"><strong data-start=\"2564\" data-end=\"2574\">Chi\u1ec1u r\u1ed9ng:<\/strong> 600\u20131300 mm<\/p>\n<\/li>\n<li data-start=\"2589\" data-end=\"2647\">\n<p data-start=\"2591\" data-end=\"2647\"><strong data-start=\"2591\" data-end=\"2610\">Hoa v\u0103n v\u00e2n g\u1ed7:<\/strong> C\u1eaft quay, c\u1eaft m\u1ed9t ph\u1ea7n t\u01b0, c\u1eaft v\u01b0\u01a1ng mi\u1ec7n<\/p>\n<\/li>\n<li data-start=\"2648\" data-end=\"2768\">\n<p data-start=\"2650\" data-end=\"2768\"><strong data-start=\"2650\" data-end=\"2661\">\u0110i\u1ec3m s\u1ed1:<\/strong> C\u1ea5p A, B, C v\u00e0 c\u1ea5p ti\u1ec7n \u00edch (ph\u00e2n lo\u1ea1i theo \u0111\u1ed9 r\u1ed9ng n\u00fat th\u1eaft, \u0111\u1ed9 \u0111\u1ed3ng \u0111\u1ec1u c\u1ee7a h\u1ea1t v\u00e0 \u0111\u1ed9 \u0111\u1ed3ng nh\u1ea5t c\u1ee7a m\u00e0u s\u1eafc)<\/p>\n<\/li>\n<\/ul>\n<h3 data-start=\"2770\" data-end=\"2875\"><\/h3>\n<h3 data-start=\"2770\" data-end=\"2875\"><em><strong data-start=\"2770\" data-end=\"2783\">\u0110\u1ed9 d\u00e0y<\/strong><\/em><\/h3>\n<p data-start=\"2770\" data-end=\"2875\">V\u00e1n l\u1ea1ng Okoume \u0111\u01b0\u1ee3c s\u1ea3n xu\u1ea5t v\u1edbi nhi\u1ec1u \u0111\u1ed9 d\u00e0y kh\u00e1c nhau t\u00f9y thu\u1ed9c v\u00e0o m\u1ee5c \u0111\u00edch s\u1eed d\u1ee5ng:<\/p>\n<ul data-start=\"2877\" data-end=\"3140\">\n<li data-start=\"2877\" data-end=\"2926\">\n<p data-start=\"2879\" data-end=\"2926\"><strong data-start=\"2879\" data-end=\"2902\">L\u1edbp ph\u1ee7 trang tr\u00ed:<\/strong> 0,3\u20130,6 mm (ti\u00eau chu\u1ea9n)<\/p>\n<\/li>\n<li data-start=\"2927\" data-end=\"3025\">\n<p data-start=\"2929\" data-end=\"3025\"><strong data-start=\"2929\" data-end=\"2949\">L\u1edbp ph\u1ee7 d\u00e0y h\u01a1n:<\/strong> 1,0\u20133,0 mm cho c\u00e1c m\u1ee5c \u0111\u00edch s\u1eed d\u1ee5ng \u0111\u1eb7c bi\u1ec7t nh\u01b0 \u0111\u1ed3 m\u1ed9c cao c\u1ea5p ho\u1eb7c c\u00e1c d\u1ef1 \u00e1n t\u00f9y ch\u1ec9nh<\/p>\n<\/li>\n<li data-start=\"3026\" data-end=\"3140\">\n<p data-start=\"3028\" data-end=\"3140\"><strong data-start=\"3028\" data-end=\"3057\">L\u1edbp ph\u1ee7 l\u00f5i cho v\u00e1n \u00e9p:<\/strong> Th\u00f4ng th\u01b0\u1eddng l\u00e0 1,0\u20132,7 mm, \u0111\u01b0\u1ee3c s\u1eed d\u1ee5ng trong s\u1ea3n xu\u1ea5t t\u1ea5m k\u1ebft c\u1ea5u v\u00e0 v\u00e1n \u00e9p h\u00e0ng h\u1ea3i<\/p>\n<\/li>\n<\/ul>\n<h3 data-start=\"3142\" data-end=\"3387\"><\/h3>\n<h3 data-start=\"3142\" data-end=\"3387\"><em><strong data-start=\"3142\" data-end=\"3162\">\u0110\u1ed9 \u1ea9m<\/strong><\/em><\/h3>\n<p data-start=\"3142\" data-end=\"3387\">\u0110\u1ed9 \u1ea9m l\u00e0 m\u1ed9t y\u1ebfu t\u1ed1 quan tr\u1ecdng quy\u1ebft \u0111\u1ecbnh ch\u1ea5t l\u01b0\u1ee3ng v\u00e1n l\u1ea1ng, \u1ea3nh h\u01b0\u1edfng \u0111\u1ebfn \u0111\u1ed9 \u1ed5n \u0111\u1ecbnh k\u00edch th\u01b0\u1edbc, hi\u1ec7u su\u1ea5t li\u00ean k\u1ebft v\u00e0 \u0111\u1ed9 b\u1ec1n c\u1ee7a s\u1ea3n ph\u1ea9m cu\u1ed1i c\u00f9ng. V\u00e1n l\u1ea1ng Okoume \u0111\u01b0\u1ee3c s\u1ea5y kh\u00f4 \u0111\u1ebfn \u0111\u1ed9 \u1ea9m \u0111\u01b0\u1ee3c ki\u1ec3m so\u00e1t tr\u01b0\u1edbc khi xu\u1ea5t x\u01b0\u1edfng:<\/p>\n<ul data-start=\"3389\" data-end=\"3765\">\n<li data-start=\"3389\" data-end=\"3530\">\n<p data-start=\"3391\" data-end=\"3530\"><strong data-start=\"3391\" data-end=\"3430\">\u0110\u1ed9 \u1ea9m c\u1ee7a v\u00e1n \u00e9p trang tr\u00ed:<\/strong> Th\u00f4ng th\u01b0\u1eddng l\u00e0 8\u201312% \u0111\u1ec3 s\u1eed d\u1ee5ng trong nh\u00e0, ph\u00f9 h\u1ee3p v\u1edbi y\u00eau c\u1ea7u s\u1ea3n xu\u1ea5t \u0111\u1ed3 n\u1ed9i th\u1ea5t v\u00e0 t\u1ea5m \u1ed1p ti\u00eau chu\u1ea9n.<\/p>\n<\/li>\n<li data-start=\"3531\" data-end=\"3667\">\n<p data-start=\"3533\" data-end=\"3667\"><strong data-start=\"3533\" data-end=\"3566\">\u0110\u1ed9 \u1ea9m c\u1ee7a l\u00f5i v\u00e1n m\u1ecfng:<\/strong> Th\u00f4ng th\u01b0\u1eddng l\u00e0 12\u201314% \u0111\u1ec3 s\u1ea3n xu\u1ea5t v\u00e1n \u00e9p nh\u1eb1m \u0111\u1ea3m b\u1ea3o kh\u1ea3 n\u0103ng t\u01b0\u01a1ng th\u00edch v\u1edbi \u0111i\u1ec1u ki\u1ec7n d\u00e1n v\u00e0 \u00e9p.<\/p>\n<\/li>\n<li data-start=\"3668\" data-end=\"3765\">\n<p data-start=\"3670\" data-end=\"3765\">Ki\u1ec3m so\u00e1t \u0111\u1ed9 \u1ea9m gi\u00fap gi\u1ea3m thi\u1ec3u hi\u1ec7n t\u01b0\u1ee3ng cong v\u00eanh, t\u00e1ch l\u1edbp v\u00e0 d\u00ednh keo trong qu\u00e1 tr\u00ecnh x\u1eed l\u00fd.<\/p>\n<\/li>\n<\/ul>\n<h3 data-start=\"4258\" data-end=\"4274\"><em><strong data-start=\"4258\" data-end=\"4272\">Thu\u1eadn l\u1ee3i<\/strong><\/em><\/h3>\n<ul data-start=\"4275\" data-end=\"4498\">\n<li data-start=\"4275\" data-end=\"4317\">\n<p data-start=\"4277\" data-end=\"4317\">Nh\u1eb9 nh\u01b0ng ch\u1eafc ch\u1eafn v\u00ec m\u1eadt \u0111\u1ed9 c\u1ee7a n\u00f3<\/p>\n<\/li>\n<li data-start=\"4318\" data-end=\"4365\">\n<p data-start=\"4320\" data-end=\"4365\">M\u00e0u s\u1eafc v\u00e0 hoa v\u0103n v\u00e2n g\u1ed7 \u0111\u1ed3ng \u0111\u1ec1u, h\u1ea5p d\u1eabn<\/p>\n<\/li>\n<li data-start=\"4366\" data-end=\"4399\">\n<p data-start=\"4368\" data-end=\"4399\">D\u1ec5 d\u00e0ng c\u1eaft, d\u00e1n v\u00e0 ho\u00e0n thi\u1ec7n<\/p>\n<\/li>\n<li data-start=\"4400\" data-end=\"4447\">\n<p data-start=\"4402\" data-end=\"4447\">\u0110a n\u0103ng trong s\u1eed d\u1ee5ng trang tr\u00ed v\u00e0 k\u1ebft c\u1ea5u<\/p>\n<\/li>\n<li data-start=\"4448\" data-end=\"4498\">\n<p data-start=\"4450\" data-end=\"4498\">C\u00f3 s\u1eb5n nhi\u1ec1u lo\u1ea1i \u0111\u1ed9 d\u00e0y v\u00e0 c\u1ea5p \u0111\u1ed9 kh\u00e1c nhau<\/p>\n<\/li>\n<\/ul>\n<h3 data-start=\"4500\" data-end=\"4974\"><em><strong data-start=\"4500\" data-end=\"4514\">Ph\u1ea7n k\u1ebft lu\u1eadn<\/strong><\/em><\/h3>\n<p data-start=\"4500\" data-end=\"4974\">V\u00e1n l\u1ea1ng Okoume k\u1ebft h\u1ee3p v\u1ebb \u0111\u1eb9p t\u1ef1 nhi\u00ean, tr\u1ecdng l\u01b0\u1ee3ng nh\u1eb9 v\u00e0 kh\u1ea3 n\u0103ng gia c\u00f4ng tuy\u1ec7t v\u1eddi, tr\u1edf th\u00e0nh l\u1ef1a ch\u1ecdn \u01b0u ti\u00ean c\u1ee7a c\u00e1c nh\u00e0 s\u1ea3n xu\u1ea5t, nh\u00e0 thi\u1ebft k\u1ebf v\u00e0 th\u1ee3 th\u1ee7 c\u00f4ng. D\u00f9 \u0111\u01b0\u1ee3c s\u1eed d\u1ee5ng trong \u0111\u1ed3 n\u1ed9i th\u1ea5t cao c\u1ea5p, trang tr\u00ed n\u1ed9i th\u1ea5t, v\u00e1n \u00e9p h\u00e0ng h\u1ea3i hay c\u00e1c d\u1ef1 \u00e1n \u0111\u1eb7c bi\u1ec7t, Okoume mang \u0111\u1ebfn s\u1ef1 c\u00e2n b\u1eb1ng gi\u1eefa hi\u1ec7u su\u1ea5t v\u00e0 t\u00ednh th\u1ea9m m\u1ef9. \u0110\u1ed9 \u1ea9m \u0111\u01b0\u1ee3c ki\u1ec3m so\u00e1t, ph\u1ea1m vi \u0111\u1ed9 d\u00e0y ch\u00ednh x\u00e1c v\u00e0 c\u00e1c th\u00f4ng s\u1ed1 k\u1ef9 thu\u1eadt t\u00f9y ch\u1ec9nh \u0111\u1ea3m b\u1ea3o ch\u1ea5t l\u01b0\u1ee3ng \u0111\u1ed3ng nh\u1ea5t cho nhi\u1ec1u \u1ee9ng d\u1ee5ng.<\/p>","protected":false},"excerpt":{"rendered":"<p>V\u00e1n l\u1ea1ng Okoume l\u00e0 v\u1eadt li\u1ec7u b\u1ec1 m\u1eb7t trang tr\u00ed cao c\u1ea5p \u0111\u01b0\u1ee3c l\u1ea5y t\u1eeb th\u00e2n c\u00e2y Okoume (<em data-start=\"369\" data-end=\"389\">Aucoumea klaineana<\/em>), m\u1ed9t lo\u00e0i g\u1ed7 c\u1ee9ng c\u00f3 ngu\u1ed3n g\u1ed1c t\u1eeb Trung v\u00e0 T\u00e2y Phi, \u0111\u1eb7c bi\u1ec7t l\u00e0 Gabon, C\u1ed9ng h\u00f2a Congo v\u00e0 Guinea X\u00edch \u0110\u1ea1o. Lo\u00e0i n\u00e0y n\u1ed5i ti\u1ebfng v\u1edbi m\u00e0u h\u1ed3ng nh\u1ea1t \u0111\u1ebfn n\u00e2u \u0111\u1ecf nh\u1ea1t, v\u00e2n g\u1ed7 m\u1ecbn \u0111\u1ed3ng \u0111\u1ec1u v\u00e0 c\u1ea5u tr\u00fac nh\u1eb9. G\u1ed7 n\u00e0y k\u1ebft h\u1ee3p t\u00ednh th\u1ea9m m\u1ef9 v\u1edbi hi\u1ec7u su\u1ea5t th\u1ef1c t\u1ebf, ph\u00f9 h\u1ee3p cho nhi\u1ec1u \u1ee9ng d\u1ee5ng trong c\u1ea3 l\u0129nh v\u1ef1c trang tr\u00ed v\u00e0 k\u1ebft c\u1ea5u.<\/p>","protected":false},"featured_media":1378,"template":"","meta":{"_gspb_post_css":""},"product_brand":[],"product_cat":[18,30],"product_tag":[59],"class_list":{"0":"post-1376","1":"product","2":"type-product","3":"status-publish","4":"has-post-thumbnail","6":"product_cat-wood-venner","7":"product_cat-okoume-veneer","8":"product_tag-okoume-wood-veneer","10":"first","11":"instock","12":"shipping-taxable","13":"product-type-simple"},"_links":{"self":[{"href":"https:\/\/chuangxinmachinery.com\/vi\/wp-json\/wp\/v2\/product\/1376","targetHints":{"allow":["GET"]}}],"collection":[{"href":"https:\/\/chuangxinmachinery.com\/vi\/wp-json\/wp\/v2\/product"}],"about":[{"href":"https:\/\/chuangxinmachinery.com\/vi\/wp-json\/wp\/v2\/types\/product"}],"wp:featuredmedia":[{"embeddable":true,"href":"https:\/\/chuangxinmachinery.com\/vi\/wp-json\/wp\/v2\/media\/1378"}],"wp:attachment":[{"href":"https:\/\/chuangxinmachinery.com\/vi\/wp-json\/wp\/v2\/media?parent=1376"}],"wp:term":[{"taxonomy":"product_brand","embeddable":true,"href":"https:\/\/chuangxinmachinery.com\/vi\/wp-json\/wp\/v2\/product_brand?post=1376"},{"taxonomy":"product_cat","embeddable":true,"href":"https:\/\/chuangxinmachinery.com\/vi\/wp-json\/wp\/v2\/product_cat?post=1376"},{"taxonomy":"product_tag","embeddable":true,"href":"https:\/\/chuangxinmachinery.com\/vi\/wp-json\/wp\/v2\/product_tag?post=1376"}],"curies":[{"name":"wp","href":"https:\/\/api.w.org\/{rel}","templated":true}]}}