{"id":1391,"date":"2025-05-19T07:55:06","date_gmt":"2025-05-19T07:55:06","guid":{"rendered":"https:\/\/chuangxinmachinery.com\/?post_type=product&#038;p=1391"},"modified":"2025-08-20T03:34:16","modified_gmt":"2025-08-20T03:34:16","slug":"giay-trang-melamin","status":"publish","type":"product","link":"https:\/\/chuangxinmachinery.com\/vi\/product\/melamine-coated-paper\/","title":{"rendered":"Gi\u1ea5y ph\u1ee7 Melamine"},"content":{"rendered":"<h3><em><strong><b> \u0110\u1ecbnh ngh\u0129a v\u00e0 th\u00e0nh ph\u1ea7n<\/b><\/strong><\/em><\/h3>\n<p>Gi\u1ea5y ph\u1ee7 melamine l\u00e0 lo\u1ea1i gi\u1ea5y trang tr\u00ed \u0111\u01b0\u1ee3c x\u1eed l\u00fd \u0111\u1eb7c bi\u1ec7t, \u0111\u01b0\u1ee3c l\u00e0m b\u1eb1ng c\u00e1ch t\u1ea9m nh\u1ef1a amino (ch\u1ee7 y\u1ebfu l\u00e0 nh\u1ef1a melamine-formaldehyde v\u00e0 nh\u1ef1a ure-formaldehyde) l\u00ean gi\u1ea5y n\u1ec1n tr\u01a1n ho\u1eb7c gi\u1ea5y trang tr\u00ed in, sau \u0111\u00f3 s\u1ea5y kh\u00f4 m\u1ed9t ph\u1ea7n. Qu\u00e1 tr\u00ecnh n\u00e0y t\u1ea1o ra h\u00e0m l\u01b0\u1ee3ng nh\u1ef1a v\u00e0 h\u00e0m l\u01b0\u1ee3ng bay h\u01a1i nh\u1ea5t \u0111\u1ecbnh cho gi\u1ea5y. Sau khi \u00e9p n\u00f3ng, gi\u1ea5y ph\u1ee7 melamine c\u00f3 th\u1ec3 \u0111\u01b0\u1ee3c c\u00e1n m\u1ecfng ho\u1eb7c d\u00e1n v\u1edbi c\u00e1c t\u1ea5m g\u1ed7.<\/p>\n<figure id=\"attachment_1392\" aria-describedby=\"caption-attachment-1392\" style=\"width: 576px\" class=\"wp-caption alignnone\"><img decoding=\"async\" class=\"wp-image-1392\" src=\"https:\/\/chuangxinmachinery.com\/wp-content\/uploads\/2025\/08\/Melamine-paper-1024x1024.jpg\" alt=\"Gi\u1ea5y tr\u00e1ng melamin\" width=\"576\" height=\"576\" srcset=\"https:\/\/chuangxinmachinery.com\/wp-content\/uploads\/2025\/08\/Melamine-paper-1024x1024.jpg 1024w, https:\/\/chuangxinmachinery.com\/wp-content\/uploads\/2025\/08\/Melamine-paper-300x300.jpg 300w, https:\/\/chuangxinmachinery.com\/wp-content\/uploads\/2025\/08\/Melamine-paper-150x150.jpg 150w, https:\/\/chuangxinmachinery.com\/wp-content\/uploads\/2025\/08\/Melamine-paper-768x768.jpg 768w, https:\/\/chuangxinmachinery.com\/wp-content\/uploads\/2025\/08\/Melamine-paper-12x12.jpg 12w, https:\/\/chuangxinmachinery.com\/wp-content\/uploads\/2025\/08\/Melamine-paper-500x500.jpg 500w, https:\/\/chuangxinmachinery.com\/wp-content\/uploads\/2025\/08\/Melamine-paper-600x600.jpg 600w, https:\/\/chuangxinmachinery.com\/wp-content\/uploads\/2025\/08\/Melamine-paper-100x100.jpg 100w, https:\/\/chuangxinmachinery.com\/wp-content\/uploads\/2025\/08\/Melamine-paper.jpg 1200w\" sizes=\"(max-width: 576px) 100vw, 576px\" \/><figcaption id=\"caption-attachment-1392\" class=\"wp-caption-text\">\u00a0<\/figcaption><\/figure>\n<h3><em><strong><b> \u01afu \u0111i\u1ec3m c\u1ee7a s\u1ea3n ph\u1ea9m<\/b><\/strong><\/em><\/h3>\n<p><strong><b>Gi\u00e1 tr\u1ecb th\u1ea9m m\u1ef9<\/b><\/strong><\/p>\n<ul>\n<li><a href=\"https:\/\/chuangxinmachinery.com\/vi\/product-category\/tho-moc\/\">Gi\u1ea5y tr\u00e1ng melamin<\/a> cung c\u1ea5p nhi\u1ec1u hi\u1ec7u \u1ee9ng trang tr\u00ed \u0111a d\u1ea1ng, ch\u1eb3ng h\u1ea1n nh\u01b0 v\u00e2n g\u1ed7, h\u1ecda ti\u1ebft \u0111\u00e1 v\u00e0 c\u00e1c hoa v\u0103n b\u1ec1 m\u1eb7t kh\u00e1c, gi\u00fap c\u1ea3i thi\u1ec7n \u0111\u00e1ng k\u1ec3 v\u1ebb ngo\u00e0i v\u00e0 t\u00ednh \u1ee9ng d\u1ee5ng c\u1ee7a s\u1ea3n ph\u1ea9m ho\u00e0n thi\u1ec7n.<\/li>\n<li>Vi\u1ec7c s\u1eed d\u1ee5ng gi\u1ea5y trang tr\u00ed in cho ph\u00e9p linh ho\u1ea1t v\u1ec1 m\u00e0u s\u1eafc v\u00e0 thi\u1ebft k\u1ebf, \u0111\u00e1p \u1ee9ng nhu c\u1ea7u \u0111a d\u1ea1ng v\u00e0 c\u00e1 nh\u00e2n h\u00f3a c\u1ee7a kh\u00e1ch h\u00e0ng.<\/li>\n<\/ul>\n<p><strong><b>T\u00ednh ch\u1ea5t v\u1eadt l\u00fd<\/b><\/strong><\/p>\n<ul>\n<li>Sau khi t\u1ea9m v\u00e0 s\u1ea5y kh\u00f4, gi\u1ea5y ph\u1ee7 melamine c\u00f3 kh\u1ea3 n\u0103ng ch\u1ed1ng m\u00e0i m\u00f2n, ch\u1ed1ng \u1ed1 v\u00e0 ch\u1ed1ng \u1ea9m cao, gi\u00fap c\u1ea3i thi\u1ec7n \u0111\u00e1ng k\u1ec3 hi\u1ec7u su\u1ea5t v\u1eadt l\u00fd c\u1ee7a s\u1ea3n ph\u1ea9m cu\u1ed1i c\u00f9ng.<\/li>\n<li>Nh\u1eefng \u0111\u1eb7c t\u00ednh c\u1ea3i ti\u1ebfn n\u00e0y khi\u1ebfn gi\u1ea5y melamine \u0111\u01b0\u1ee3c \u1ee9ng d\u1ee5ng r\u1ed9ng r\u00e3i trong c\u00e1c ng\u00e0nh c\u00f4ng nghi\u1ec7p s\u1ea3n xu\u1ea5t v\u00e1n g\u1ed7 nh\u01b0 \u0111\u1ed3 n\u1ed9i th\u1ea5t, s\u00e0n nh\u00e0 v\u00e0 t\u1ee7.<\/li>\n<\/ul>\n<p><strong><b>N\u00e2ng cao gi\u00e1 tr\u1ecb c\u1ee7a t\u1ea5m g\u1ed7<\/b><\/strong><\/p>\n<ul>\n<li>B\u1eb1ng c\u00e1ch s\u1eed d\u1ee5ng gi\u1ea5y melamine, ch\u1ea5t l\u01b0\u1ee3ng v\u00e0 gi\u00e1 tr\u1ecb t\u1ed5ng th\u1ec3 c\u1ee7a c\u00e1c t\u1ea5m g\u1ed7 c\u00f3 th\u1ec3 \u0111\u01b0\u1ee3c c\u1ea3i thi\u1ec7n \u0111\u00e1ng k\u1ec3, khi\u1ebfn ch\u00fang ph\u00f9 h\u1ee3p h\u01a1n v\u1edbi t\u00ednh th\u1ea9m m\u1ef9 v\u00e0 y\u00eau c\u1ea7u ch\u1ee9c n\u0103ng c\u1ee7a ng\u00f4i nh\u00e0 hi\u1ec7n \u0111\u1ea1i.<\/li>\n<\/ul>\n<p><strong><b>Quy tr\u00ecnh s\u1ea3n xu\u1ea5t \u0111\u01a1n gi\u1ea3n h\u00f3a<\/b><\/strong><\/p>\n<ul>\n<li>L\u00e0 v\u1eadt li\u1ec7u b\u1ec1 m\u1eb7t trang tr\u00ed, gi\u1ea5y melamine lo\u1ea1i b\u1ecf nhu c\u1ea7u v\u1ec1 c\u00e1c b\u01b0\u1edbc ho\u00e0n thi\u1ec7n truy\u1ec1n th\u1ed1ng nh\u01b0 s\u01a1n ho\u1eb7c ph\u1ee7, do \u0111\u00f3 \u0111\u01a1n gi\u1ea3n h\u00f3a quy tr\u00ecnh s\u1ea3n xu\u1ea5t v\u00e0 t\u0103ng hi\u1ec7u qu\u1ea3 s\u1ea3n xu\u1ea5t.<\/li>\n<\/ul>\n<p>&nbsp;<\/p>\n<h3><em><strong><b>\u00a0Quy tr\u00ecnh s\u1ea3n xu\u1ea5t<\/b><\/strong><\/em><\/h3>\n<ul>\n<li><strong><b>Chu\u1ea9n b\u1ecb nh\u1ef1a:<\/b><\/strong>\u00a0T\u1ed5ng h\u1ee3p c\u00e1c lo\u1ea1i nh\u1ef1a amin, ch\u1ee7 y\u1ebfu l\u00e0 nh\u1ef1a melamin-formaldehyd v\u00e0 nh\u1ef1a ur\u00ea-formaldehyd.<\/li>\n<li><strong><b>Pha tr\u1ed9n nh\u1ef1a:<\/b><\/strong>\u00a0Th\u00eam ch\u1ea5t \u0111\u00f3ng r\u1eafn, ch\u1ea5t t\u00e1ch khu\u00f4n, ch\u1ea5t th\u1ea9m th\u1ea5u v\u00e0 ch\u1ea5t ch\u1ed1ng b\u1ee5i v\u00e0o nh\u1ef1a \u0111\u1ec3 \u0111i\u1ec1u ch\u1ec9nh c\u00e1c \u0111\u1eb7c t\u00ednh c\u1ee7a nh\u1ef1a v\u00e0 \u0111\u00e1p \u1ee9ng c\u00e1c y\u00eau c\u1ea7u s\u1ea3n xu\u1ea5t.<\/li>\n<li><strong><b>L\u1ea7n ng\u00e2m t\u1ea9m \u0111\u1ea7u ti\u00ean:<\/b><\/strong>\u00a0Ng\u00e2m gi\u1ea5y trang tr\u00ed tr\u01a1n ho\u1eb7c c\u00f3 in hoa v\u0103n v\u00e0o h\u1ed7n h\u1ee3p nh\u1ef1a \u0111\u1ec3 \u0111\u1ea3m b\u1ea3o h\u1ea5p th\u1ee5 ho\u00e0n to\u00e0n.<\/li>\n<li><strong><b>S\u1ea5y kh\u00f4 l\u1ea7n \u0111\u1ea7u:<\/b><\/strong>\u00a0L\u00e0m kh\u00f4 gi\u1ea5y \u0111\u00e3 t\u1ea9m \u0111\u1ec3 lo\u1ea1i b\u1ecf nh\u1ef1a th\u1eeba v\u00e0 c\u00e1c ch\u1ea5t d\u1ec5 bay h\u01a1i.<\/li>\n<li><strong><b>Ng\u00e2m l\u1ea7n th\u1ee9 hai:<\/b><\/strong>\u00a0Nh\u00fang l\u1ea1i gi\u1ea5y \u0111\u00e3 kh\u00f4 v\u00e0o nh\u1ef1a melamin-formaldehyde \u0111\u1ec3 t\u1ea1o th\u00e0nh l\u1edbp b\u1ec1 m\u1eb7t ch\u1ed1ng m\u00e0i m\u00f2n.<\/li>\n<li><strong><b>S\u1ea5y l\u1ea7n 2:<\/b><\/strong>\u00a0L\u00e0m kh\u00f4 gi\u1ea5y sau l\u1ea7n t\u1ea9m th\u1ee9 hai \u0111\u1ec3 \u1ed5n \u0111\u1ecbnh l\u1edbp ch\u1ed1ng m\u00e0i m\u00f2n.<\/li>\n<li><strong><b>L\u00e0m m\u00e1t v\u00e0 c\u1eaft: <\/b><\/strong>L\u00e0m ngu\u1ed9i gi\u1ea5y kh\u00f4 v\u00e0 c\u1eaft th\u00e0nh k\u00edch th\u01b0\u1edbc c\u1ea7n thi\u1ebft \u0111\u1ec3 \u0111\u00f3ng g\u00f3i v\u00e0 s\u1eed d\u1ee5ng.<\/li>\n<\/ul>\n<h3><\/h3>\n<h3><em><strong><b>\u1ee8ng d\u1ee5ng v\u00e0 Ph\u00e1t tri\u1ec3n<\/b><\/strong><\/em><\/h3>\n<p>V\u1edbi s\u1ef1 c\u1ea1n ki\u1ec7t t\u00e0i nguy\u00ean g\u1ed7 t\u1ef1 nhi\u00ean v\u00e0 nhu c\u1ea7u ng\u00e0y c\u00e0ng t\u0103ng tr\u00ean to\u00e0n c\u1ea7u \u0111\u1ed1i v\u1edbi c\u00e1c s\u1ea3n ph\u1ea9m t\u1eeb g\u1ed7, gi\u1ea5y t\u1ea9m melamine \u0111\u00e3 tr\u1edf th\u00e0nh v\u1eadt li\u1ec7u trang tr\u00ed ph\u1ed5 bi\u1ebfn nh\u1edd c\u00e1c \u0111\u1eb7c t\u00ednh th\u00e2n thi\u1ec7n v\u1edbi m\u00f4i tr\u01b0\u1eddng, hi\u1ec7u qu\u1ea3 v\u00e0 th\u1ea9m m\u1ef9. N\u00f3 kh\u00f4ng ch\u1ec9 n\u00e2ng cao ch\u1ea5t l\u01b0\u1ee3ng v\u00e0 gi\u00e1 tr\u1ecb t\u1ed5ng th\u1ec3 c\u1ee7a c\u00e1c t\u1ea5m g\u1ed7 m\u00e0 c\u00f2n \u0111\u01a1n gi\u1ea3n h\u00f3a quy tr\u00ecnh s\u1ea3n xu\u1ea5t v\u00e0 gi\u1ea3m chi ph\u00ed s\u1ea3n xu\u1ea5t.<\/p>\n<p>Nh\u00ecn v\u1ec1 ph\u00eda tr\u01b0\u1edbc, gi\u1ea5y melamine s\u1ebd ti\u1ebfp t\u1ee5c duy tr\u00ec l\u1ee3i th\u1ebf c\u1ea1nh tranh tr\u00ean th\u1ecb tr\u01b0\u1eddng v\u00e0 m\u1edf r\u1ed9ng \u1ee9ng d\u1ee5ng sang nhi\u1ec1u l\u0129nh v\u1ef1c h\u01a1n.<\/p>\n<p>&nbsp;<\/p>\n<h3><em>Ph\u1ea7n k\u1ebft lu\u1eadn<\/em><\/h3>\n<p>T\u00f3m l\u1ea1i, gi\u1ea5y melamine l\u00e0 v\u1eadt li\u1ec7u trang tr\u00ed hi\u1ec7u su\u1ea5t cao, c\u00f3 tri\u1ec3n v\u1ecdng \u1ee9ng d\u1ee5ng r\u1ed9ng r\u00e3i. M\u1eb7c d\u00f9 quy tr\u00ecnh s\u1ea3n xu\u1ea5t ph\u1ee9c t\u1ea1p v\u00e0 t\u1ec9 m\u1ec9, nh\u01b0ng n\u00f3 v\u1eabn t\u1ea1o ra nh\u1eefng v\u1eadt li\u1ec7u \u0111\u00e1p \u1ee9ng \u0111a d\u1ea1ng nhu c\u1ea7u c\u1ee7a kh\u00e1ch h\u00e0ng v\u1ec1 c\u1ea3 t\u00ednh th\u1ea9m m\u1ef9 l\u1eabn c\u00f4ng n\u0103ng.<\/p>","protected":false},"excerpt":{"rendered":"<p>Gi\u1ea5y tr\u00e1ng melamin l\u00e0 lo\u1ea1i gi\u1ea5y trang tr\u00ed \u0111\u01b0\u1ee3c x\u1eed l\u00fd \u0111\u1eb7c bi\u1ec7t b\u1eb1ng c\u00e1ch t\u1ea9m gi\u1ea5y n\u1ec1n tr\u01a1n ho\u1eb7c gi\u1ea5y trang tr\u00ed in b\u1eb1ng nh\u1ef1a amino (ch\u1ee7 y\u1ebfu l\u00e0 nh\u1ef1a melamin-formaldehyde v\u00e0 nh\u1ef1a ur\u00ea-formaldehyde)<\/p>","protected":false},"featured_media":1393,"template":"","meta":{"_gspb_post_css":""},"product_brand":[],"product_cat":[18,31],"product_tag":[60],"class_list":{"0":"post-1391","1":"product","2":"type-product","3":"status-publish","4":"has-post-thumbnail","6":"product_cat-wood-venner","7":"product_cat-melamine-coated-paper","8":"product_tag-melamine-paper","10":"first","11":"instock","12":"shipping-taxable","13":"product-type-simple"},"_links":{"self":[{"href":"https:\/\/chuangxinmachinery.com\/vi\/wp-json\/wp\/v2\/product\/1391","targetHints":{"allow":["GET"]}}],"collection":[{"href":"https:\/\/chuangxinmachinery.com\/vi\/wp-json\/wp\/v2\/product"}],"about":[{"href":"https:\/\/chuangxinmachinery.com\/vi\/wp-json\/wp\/v2\/types\/product"}],"wp:featuredmedia":[{"embeddable":true,"href":"https:\/\/chuangxinmachinery.com\/vi\/wp-json\/wp\/v2\/media\/1393"}],"wp:attachment":[{"href":"https:\/\/chuangxinmachinery.com\/vi\/wp-json\/wp\/v2\/media?parent=1391"}],"wp:term":[{"taxonomy":"product_brand","embeddable":true,"href":"https:\/\/chuangxinmachinery.com\/vi\/wp-json\/wp\/v2\/product_brand?post=1391"},{"taxonomy":"product_cat","embeddable":true,"href":"https:\/\/chuangxinmachinery.com\/vi\/wp-json\/wp\/v2\/product_cat?post=1391"},{"taxonomy":"product_tag","embeddable":true,"href":"https:\/\/chuangxinmachinery.com\/vi\/wp-json\/wp\/v2\/product_tag?post=1391"}],"curies":[{"name":"wp","href":"https:\/\/api.w.org\/{rel}","templated":true}]}}