{"id":1394,"date":"2025-07-20T09:00:34","date_gmt":"2025-07-20T09:00:34","guid":{"rendered":"https:\/\/chuangxinmachinery.com\/?post_type=product&#038;p=1394"},"modified":"2025-08-24T07:52:02","modified_gmt":"2025-08-24T07:52:02","slug":"nha-soan-nhac-veneer-khop-ngon-tay","status":"publish","type":"product","link":"https:\/\/chuangxinmachinery.com\/vi\/product\/finger-joint-veneer-composer\/","title":{"rendered":"M\u00e1y gh\u00e9p veneer li\u00ean t\u1ee5c lo\u1ea1i L"},"content":{"rendered":"<h3><em>Veneer gh\u00e9p ng\u00f3n tay<\/em><\/h3>\n<p>Kh\u1edbp ng\u00f3n tay li\u00ean t\u1ee5c lo\u1ea1i L<a href=\"https:\/\/chuangxinmachinery.com\/vi\/product-category\/may-lam-van-go\/nha-soan-nhac-veneer\/\"> nh\u00e0 so\u1ea1n nh\u1ea1c veneer<\/a> l\u00e0 m\u00e1y ch\u1ebf bi\u1ebfn g\u1ed7 ti\u00ean ti\u1ebfn \u0111\u01b0\u1ee3c thi\u1ebft k\u1ebf \u0111\u1ec3 l\u1eafp gh\u00e9p l\u00f5i veneer th\u00e0nh c\u00e1c t\u1ea5m veneer ho\u00e0n h\u1ea3o b\u1eb1ng c\u00f4ng ngh\u1ec7 gh\u00e9p ng\u00f3n. M\u00e1y \u0111\u01b0\u1ee3c \u1ee9ng d\u1ee5ng r\u1ed9ng r\u00e3i trong s\u1ea3n xu\u1ea5t v\u00e1n \u00e9p, v\u00e1n kh\u1ed1i, v\u00e1n \u00e9p nhi\u1ec1u l\u1edbp v\u00e0 v\u00e1n n\u1ed9i th\u1ea5t. B\u1eb1ng c\u00e1ch t\u00edch h\u1ee3p h\u1ec7 th\u1ed1ng c\u1eaft, d\u00e1n v\u00e0 \u00e9p ch\u00ednh x\u00e1c, Composer kh\u00f4ng ch\u1ec9 n\u00e2ng cao ch\u1ea5t l\u01b0\u1ee3ng t\u1ea5m veneer m\u00e0 c\u00f2n t\u1ed1i \u0111a h\u00f3a vi\u1ec7c s\u1eed d\u1ee5ng nguy\u00ean li\u1ec7u th\u00f4 v\u00e0 hi\u1ec7u qu\u1ea3 s\u1ea3n xu\u1ea5t t\u1ed5ng th\u1ec3.<\/p>\n<p><a href=\"https:\/\/chuangxinmachinery.com\/vi\/product-category\/may-lam-van-go\/nha-soan-nhac-veneer\/\"><img decoding=\"async\" class=\"wp-image-1395\" src=\"https:\/\/chuangxinmachinery.com\/wp-content\/uploads\/2025\/08\/L-type-continuous-finger-joint-veneer-composer.jpg\" alt=\"V\u00e1n gh\u00e9p ng\u00f3n tay li\u00ean t\u1ee5c lo\u1ea1i L\" width=\"746\" height=\"419\" srcset=\"https:\/\/chuangxinmachinery.com\/wp-content\/uploads\/2025\/08\/L-type-continuous-finger-joint-veneer-composer.jpg 1000w, https:\/\/chuangxinmachinery.com\/wp-content\/uploads\/2025\/08\/L-type-continuous-finger-joint-veneer-composer-300x169.jpg 300w, https:\/\/chuangxinmachinery.com\/wp-content\/uploads\/2025\/08\/L-type-continuous-finger-joint-veneer-composer-768x432.jpg 768w, https:\/\/chuangxinmachinery.com\/wp-content\/uploads\/2025\/08\/L-type-continuous-finger-joint-veneer-composer-18x10.jpg 18w, https:\/\/chuangxinmachinery.com\/wp-content\/uploads\/2025\/08\/L-type-continuous-finger-joint-veneer-composer-600x337.jpg 600w\" sizes=\"(max-width: 746px) 100vw, 746px\" \/><\/a><\/p>\n<h3><em><strong><b>Th\u00f4ng s\u1ed1 k\u1ef9 thu\u1eadt (Tham chi\u1ebfu m\u1eabu \u0111i\u1ec3n h\u00ecnh)<\/b><\/strong><\/em><\/h3>\n<table style=\"height: 670px;\" width=\"881\">\n<tbody>\n<tr>\n<td width=\"284\">\u0110\u1ed9 d\u00e0y c\u1ee7a l\u1edbp ph\u1ee7<\/td>\n<td width=\"284\">1,5 \u2013 5 mm<\/td>\n<\/tr>\n<tr>\n<td width=\"284\">Chi\u1ec1u r\u1ed9ng l\u1edbp ph\u1ee7<\/td>\n<td width=\"284\">80 \u2013 300 mm<\/td>\n<\/tr>\n<tr>\n<td width=\"284\">Chi\u1ec1u d\u00e0i l\u1edbp ph\u1ee7<\/td>\n<td width=\"284\">300 \u2013 1200 mm<\/td>\n<\/tr>\n<tr>\n<td width=\"284\">T\u1ed1c \u0111\u1ed9 gh\u00e9p n\u1ed1i<\/td>\n<td width=\"284\">25 \u2013 40 m\/ph\u00fat<\/td>\n<\/tr>\n<tr>\n<td width=\"284\">Ch\u1ebf \u0111\u1ed9 cho \u0103n<\/td>\n<td width=\"284\">C\u1ea5p li\u1ec7u b\u0103ng t\u1ea3i t\u1ef1 \u0111\u1ed9ng<\/td>\n<\/tr>\n<tr>\n<td width=\"284\">Ph\u01b0\u01a1ng ph\u00e1p \u00e9p<\/td>\n<td width=\"284\">\u00c9p kh\u00ed n\u00e9n\/th\u1ee7y l\u1ef1c v\u1edbi thi\u1ebft k\u1ebf \u201cki\u1ec3u L\u201d<\/td>\n<\/tr>\n<tr>\n<td width=\"284\">\u1ee8ng d\u1ee5ng keo<\/td>\n<td width=\"284\">M\u00e1y r\u1ea3i keo d\u1ea1ng con l\u0103n, c\u00f3 th\u1ec3 \u0111i\u1ec1u ch\u1ec9nh th\u1ec3 t\u00edch<\/td>\n<\/tr>\n<tr>\n<td width=\"284\">C\u00f4ng su\u1ea5t l\u1eafp \u0111\u1eb7t<\/td>\n<td width=\"284\">15 \u2013 25 kW (t\u00f9y theo m\u1eabu)<\/td>\n<\/tr>\n<tr>\n<td width=\"284\">H\u1ec7 th\u1ed1ng s\u01b0\u1edfi \u1ea5m<\/td>\n<td width=\"284\">T\u00f9y ch\u1ecdn s\u01b0\u1edfi \u0111i\u1ec7n ho\u1eb7c tu\u1ea7n ho\u00e0n kh\u00f4ng kh\u00ed n\u00f3ng<\/td>\n<\/tr>\n<tr>\n<td width=\"284\">H\u1ec7 th\u1ed1ng \u0111i\u1ec1u khi\u1ec3n<\/td>\n<td width=\"284\">PLC v\u1edbi giao di\u1ec7n m\u00e0n h\u00ecnh c\u1ea3m \u1ee9ng<\/td>\n<\/tr>\n<tr>\n<td width=\"284\">Hi\u1ec7u su\u1ea5t \u0111\u1ea7u ra<\/td>\n<td width=\"284\">250 \u2013 400 t\u1edd m\u1ed7i gi\u1edd (t\u00f9y thu\u1ed9c v\u00e0o k\u00edch th\u01b0\u1edbc veneer)<\/td>\n<\/tr>\n<\/tbody>\n<\/table>\n<h3><em><strong><b>C\u00e1c th\u00e0nh ph\u1ea7n v\u00e0 ch\u1ee9c n\u0103ng ch\u00ednh<\/b><\/strong><\/em><\/h3>\n<p><strong><b>H\u1ec7 th\u1ed1ng cho \u0103n<\/b><\/strong><\/p>\n<ul>\n<li>T\u1ef1 \u0111\u1ed9ng v\u1eadn chuy\u1ec3n v\u00e0 \u0111\u1ecbnh v\u1ecb c\u00e1c d\u1ea3i g\u1ed7 d\u00e1n \u0111\u1ec3 x\u1eed l\u00fd.<\/li>\n<li>\u0110\u1ea3m b\u1ea3o c\u1ea5p li\u1ec7u li\u00ean t\u1ee5c v\u00e0 \u1ed5n \u0111\u1ecbnh, gi\u1ea3m thi\u1ec3u thao t\u00e1c th\u1ee7 c\u00f4ng.<\/li>\n<\/ul>\n<p><strong><b>M\u00e1y c\u1eaft kh\u1edbp ng\u00f3n tay<\/b><\/strong><\/p>\n<ul>\n<li>\u0110\u01b0\u1ee3c trang b\u1ecb m\u00e1y c\u1eaft c\u00f3 \u0111\u1ed9 ch\u00ednh x\u00e1c cao \u0111\u1ec3 phay c\u00e1c \u0111\u01b0\u1eddng v\u00e2n h\u00ecnh r\u0103ng l\u01b0\u1ee3c tr\u00ean c\u00e1c c\u1ea1nh g\u1ed7 d\u00e1n.<\/li>\n<li>Cung c\u1ea5p c\u00e1c kh\u1edbp n\u1ed1i \u0111\u1ef1c-c\u00e1i ch\u00ednh x\u00e1c gi\u00fap t\u0103ng c\u01b0\u1eddng \u0111\u1ed9 li\u00ean k\u1ebft.<\/li>\n<\/ul>\n<p><strong><b>D\u1ee5ng c\u1ee5 b\u00f4i keo<\/b><\/strong><\/p>\n<ul>\n<li>Tr\u1ea3i \u0111\u1ec1u keo d\u00e1n l\u00ean c\u00e1c c\u1ea1nh c\u1ee7a ng\u00f3n tay.<\/li>\n<li>\u0110\u1ea3m b\u1ea3o \u0111\u1ed9 ph\u1ee7 keo \u0111\u1ed3ng \u0111\u1ec1u cho hi\u1ec7u su\u1ea5t li\u00ean k\u1ebft b\u1ec1n l\u00e2u.<\/li>\n<\/ul>\n<p><strong><b>B\u1ed9 ph\u1eadn \u00e9p v\u00e0 gh\u00e9p<\/b><\/strong><\/p>\n<ul>\n<li>C\u01a1 ch\u1ebf \u00e9p \u201cki\u1ec3u L\u201d \u00e1p d\u1ee5ng c\u1ea3 \u00e1p l\u1ef1c theo chi\u1ec1u d\u1ecdc v\u00e0 chi\u1ec1u ngang.<\/li>\n<li>\u0110\u1ea3m b\u1ea3o li\u00ean k\u1ebft ch\u1eafc ch\u1eafn, kh\u00f4ng c\u00f3 khe h\u1edf ho\u1eb7c sai l\u1ec7ch.<\/li>\n<\/ul>\n<p><strong><b>B\u1ed9 ph\u1eadn gia nhi\u1ec7t v\u00e0 b\u1ea3o d\u01b0\u1ee1ng (T\u00f9y ch\u1ecdn)<\/b><\/strong><\/p>\n<ul>\n<li>S\u1eed d\u1ee5ng nhi\u1ec7t \u0111i\u1ec7n ho\u1eb7c kh\u00ed n\u00f3ng \u0111\u1ec3 \u0111\u1ea9y nhanh qu\u00e1 tr\u00ecnh \u0111\u00f4ng c\u1ee9ng c\u1ee7a keo.<\/li>\n<li>R\u00fat ng\u1eafn th\u1eddi gian \u00e9p v\u00e0 t\u0103ng hi\u1ec7u qu\u1ea3 s\u1ea3n xu\u1ea5t.<\/li>\n<\/ul>\n<p><strong><b>H\u1ec7 th\u1ed1ng x\u1ea3 v\u00e0 x\u1ebfp ch\u1ed3ng<\/b><\/strong><\/p>\n<ul>\n<li>T\u1ef1 \u0111\u1ed9ng d\u1ee1 v\u00e0 x\u1ebfp c\u00e1c t\u1ea5m g\u1ed7 d\u00e1n th\u00e0nh ph\u1ea9m.<\/li>\n<li>\u0110\u01a1n gi\u1ea3n h\u00f3a vi\u1ec7c x\u1eed l\u00fd v\u00e0 chu\u1ea9n b\u1ecb l\u1edbp ph\u1ee7 \u0111\u1ec3 x\u1eed l\u00fd ti\u1ebfp theo.<\/li>\n<\/ul>\n<p>&nbsp;<\/p>\n<h3><em><strong><b>Thu\u1eadn l\u1ee3i<\/b><\/strong><\/em><\/h3>\n<ul>\n<li><strong><b>Kh\u1edbp kh\u1ecfe m\u1ea1nh <\/b><\/strong>\u2013 C\u00e1c \u0111\u01b0\u1eddng v\u00e2n ng\u00f3n tay t\u1ea1o ra di\u1ec7n t\u00edch li\u00ean k\u1ebft l\u1edbn h\u01a1n, t\u1ea1o ra c\u00e1c t\u1ea5m g\u1ed7 d\u00e1n b\u1ec1n v\u00e0 \u1ed5n \u0111\u1ecbnh.<\/li>\n<li><strong><b>S\u1eed d\u1ee5ng v\u1eadt li\u1ec7u cao<\/b><\/strong>\u00a0\u2013 Chuy\u1ec3n \u0111\u1ed5i c\u00e1c d\u1ea3i g\u1ed7 d\u00e1n nh\u1ecf, h\u1eb9p ho\u1eb7c ng\u1eafn th\u00e0nh c\u00e1c t\u1ea5m c\u00f3 k\u00edch th\u01b0\u1edbc \u0111\u1ea7y \u0111\u1ee7 c\u00f3 th\u1ec3 s\u1eed d\u1ee5ng \u0111\u01b0\u1ee3c.<\/li>\n<li><strong><b>T\u1ef1 \u0111\u1ed9ng h\u00f3a<\/b><\/strong>\u00a0\u2013 T\u00edch h\u1ee3p c\u00e1c ch\u1ee9c n\u0103ng n\u1ea1p li\u1ec7u, c\u1eaft, d\u00e1n, \u00e9p v\u00e0 x\u1ebfp ch\u1ed3ng gi\u00fap gi\u1ea3m thi\u1ec3u lao \u0111\u1ed9ng th\u1ee7 c\u00f4ng.<\/li>\n<li><strong><b>Ch\u1ea5t l\u01b0\u1ee3ng nh\u1ea5t qu\u00e1n<\/b><\/strong>\u00a0\u2013 T\u1ea1o ra c\u00e1c t\u1ea5m ph\u1eb3ng, \u0111\u1ed3ng nh\u1ea5t, kh\u00f4ng c\u00f3 v\u1ebft n\u1ee9t, ch\u1ed3ng ch\u00e9o v\u00e0 kho\u1ea3ng tr\u1ed1ng.<\/li>\n<li><strong><b>T\u00ednh linh ho\u1ea1t<\/b><\/strong>\u00a0\u2013 Ph\u00f9 h\u1ee3p v\u1edbi nhi\u1ec1u lo\u1ea1i v\u00e1n l\u1ea1ng v\u00e0 nhi\u1ec1u \u0111\u1ed9 d\u00e0y kh\u00e1c nhau.<\/li>\n<li><strong><b>N\u0103ng su\u1ea5t<\/b><\/strong>\u00a0\u2013 Ho\u1ea1t \u0111\u1ed9ng li\u00ean t\u1ee5c \u0111\u1ea1t c\u00f4ng su\u1ea5t cao, hi\u1ec7u su\u1ea5t \u1ed5n \u0111\u1ecbnh.<\/li>\n<li><strong><b>Ti\u1ebft ki\u1ec7m chi ph\u00ed<\/b><\/strong>\u00a0\u2013 Gi\u1ea3m thi\u1ec3u l\u00e3ng ph\u00ed, c\u01b0\u1eddng \u0111\u1ed9 lao \u0111\u1ed9ng v\u00e0 chi ph\u00ed s\u1ea3n xu\u1ea5t.<\/li>\n<\/ul>\n<p>&nbsp;<\/p>\n<h3><em><strong><b>Quy tr\u00ecnh ho\u1ea1t \u0111\u1ed9ng<\/b><\/strong><\/em><\/h3>\n<ul>\n<li><strong><b>\u0110ang t\u1ea3i<\/b><\/strong>\u00a0\u2013 C\u00e1c d\u1ea3i g\u1ed7 d\u00e1n th\u00f4 \u0111\u01b0\u1ee3c \u0111\u01b0a l\u00ean b\u0103ng t\u1ea3i c\u1ea5p li\u1ec7u.<\/li>\n<li><strong><b>C\u1eaft ng\u00f3n tay<\/b><\/strong>\u00a0\u2013 C\u00e1c c\u1ea1nh c\u1ee7a v\u00e1n l\u1ea1ng \u0111\u01b0\u1ee3c c\u1eaft th\u00e0nh h\u00ecnh d\u1ea1ng ng\u00f3n tay b\u1eb1ng m\u00e1y c\u1eaft ch\u00ednh x\u00e1c.<\/li>\n<li><strong><b>\u1ee8ng d\u1ee5ng keo<\/b><\/strong>\u00a0\u2013 B\u00f4i keo \u0111\u1ec1u l\u00ean c\u00e1c c\u1ea1nh ng\u00f3n tay.<\/li>\n<li><strong><b>\u00c9p &amp; N\u1ed1i<\/b><\/strong>\u00a0\u2013 C\u00e1c t\u1ea5m g\u1ed7 d\u00e1n \u0111\u01b0\u1ee3c \u00e9p ch\u1eb7t v\u1edbi nhau b\u1eb1ng m\u00e1y \u00e9p \u201cki\u1ec3u L\u201d.<\/li>\n<li><strong><b>B\u1ea3o d\u01b0\u1ee1ng (T\u00f9y ch\u1ecdn)<\/b><\/strong>\u00a0\u2013 Nhi\u1ec7t \u0111\u01b0\u1ee3c s\u1eed d\u1ee5ng \u0111\u1ec3 t\u0103ng t\u1ed1c \u0111\u1ed9 \u0111\u00f4ng c\u1ee9ng c\u1ee7a keo v\u00e0 t\u0103ng c\u01b0\u1eddng li\u00ean k\u1ebft.<\/li>\n<li><strong><b>X\u1ea3 &amp; X\u1ebfp ch\u1ed3ng<\/b><\/strong>\u00a0\u2013 T\u1ea5m veneer th\u00e0nh ph\u1ea9m \u0111\u01b0\u1ee3c t\u1ef1 \u0111\u1ed9ng l\u1ea5y ra v\u00e0 x\u1ebfp ch\u1ed3ng g\u1ecdn g\u00e0ng.<\/li>\n<\/ul>\n<h3><em><strong><b>Ph\u1ea7n k\u1ebft lu\u1eadn<\/b><\/strong><\/em><\/h3>\n<p>Kh\u1edbp ng\u00f3n tay lo\u1ea1i L<a href=\"https:\/\/chuangxinmachinery.com\/vi\/product-category\/may-lam-van-go\/nha-soan-nhac-veneer\/\"> nh\u00e0 so\u1ea1n nh\u1ea1c veneer<\/a> l\u00e0 m\u1ed9t m\u00e1y thi\u1ebft y\u1ebfu trong s\u1ea3n xu\u1ea5t v\u00e1n \u00e9p v\u00e0 g\u1ed7 c\u00f4ng nghi\u1ec7p hi\u1ec7n \u0111\u1ea1i. V\u1edbi kh\u1ea3 n\u0103ng gh\u00e9p ng\u00f3n ch\u00ednh x\u00e1c, \u1ee9ng d\u1ee5ng keo hi\u1ec7u qu\u1ea3, \u00e9p \u0111\u00e1ng tin c\u1eady v\u00e0 h\u1ec7 th\u1ed1ng gia nhi\u1ec7t t\u00f9y ch\u1ecdn, m\u00e1y t\u1ea1o ra nh\u1eefng t\u1ea5m veneer ch\u1eafc ch\u1eafn, \u0111\u1ed3ng \u0111\u1ec1u v\u00e0 ch\u1ea5t l\u01b0\u1ee3ng cao. \u01afu \u0111i\u1ec3m v\u1ec1 \u0111\u1ed9 b\u1ec1n, hi\u1ec7u su\u1ea5t, kh\u1ea3 n\u0103ng s\u1eed d\u1ee5ng v\u1eadt li\u1ec7u v\u00e0 gi\u1ea3m chi ph\u00ed khi\u1ebfn m\u00e1y tr\u1edf th\u00e0nh gi\u1ea3i ph\u00e1p kh\u00f4ng th\u1ec3 thi\u1ebfu cho c\u00e1c nh\u00e0 s\u1ea3n xu\u1ea5t \u0111ang t\u00ecm c\u00e1ch n\u00e2ng c\u1ea5p quy tr\u00ecnh s\u1ea3n xu\u1ea5t veneer.<\/p>\n<p>&nbsp;<\/p>\n<p>&nbsp;<\/p>","protected":false},"excerpt":{"rendered":"<p>M\u00e1y gh\u00e9p thanh li\u00ean t\u1ee5c lo\u1ea1i L l\u00e0 m\u00e1y ch\u1ebf bi\u1ebfn g\u1ed7 ti\u00ean ti\u1ebfn \u0111\u01b0\u1ee3c thi\u1ebft k\u1ebf \u0111\u1ec3 l\u1eafp r\u00e1p c\u00e1c thanh l\u00f5i th\u00e0nh c\u00e1c t\u1ea5m kh\u00f4ng c\u00f3 khuy\u1ebft t\u1eadt b\u1eb1ng c\u00f4ng ngh\u1ec7 gh\u00e9p thanh.<\/p>","protected":false},"featured_media":1396,"template":"","meta":{"_gspb_post_css":""},"product_brand":[],"product_cat":[17,62],"product_tag":[61],"class_list":{"0":"post-1394","1":"product","2":"type-product","3":"status-publish","4":"has-post-thumbnail","6":"product_cat-wood-based-panel-machine","7":"product_cat-veneer-composer","8":"product_tag-veneer-composer","10":"first","11":"instock","12":"shipping-taxable","13":"product-type-simple"},"_links":{"self":[{"href":"https:\/\/chuangxinmachinery.com\/vi\/wp-json\/wp\/v2\/product\/1394","targetHints":{"allow":["GET"]}}],"collection":[{"href":"https:\/\/chuangxinmachinery.com\/vi\/wp-json\/wp\/v2\/product"}],"about":[{"href":"https:\/\/chuangxinmachinery.com\/vi\/wp-json\/wp\/v2\/types\/product"}],"wp:featuredmedia":[{"embeddable":true,"href":"https:\/\/chuangxinmachinery.com\/vi\/wp-json\/wp\/v2\/media\/1396"}],"wp:attachment":[{"href":"https:\/\/chuangxinmachinery.com\/vi\/wp-json\/wp\/v2\/media?parent=1394"}],"wp:term":[{"taxonomy":"product_brand","embeddable":true,"href":"https:\/\/chuangxinmachinery.com\/vi\/wp-json\/wp\/v2\/product_brand?post=1394"},{"taxonomy":"product_cat","embeddable":true,"href":"https:\/\/chuangxinmachinery.com\/vi\/wp-json\/wp\/v2\/product_cat?post=1394"},{"taxonomy":"product_tag","embeddable":true,"href":"https:\/\/chuangxinmachinery.com\/vi\/wp-json\/wp\/v2\/product_tag?post=1394"}],"curies":[{"name":"wp","href":"https:\/\/api.w.org\/{rel}","templated":true}]}}