{"id":1426,"date":"2025-07-29T08:22:52","date_gmt":"2025-07-29T08:22:52","guid":{"rendered":"https:\/\/chuangxinmachinery.com\/?post_type=product&#038;p=1426"},"modified":"2026-03-31T06:05:32","modified_gmt":"2026-03-31T06:05:32","slug":"nha-soan-nhac-veneer-loi","status":"publish","type":"product","link":"https:\/\/chuangxinmachinery.com\/vi\/product\/core-veneer-composer\/","title":{"rendered":"Nh\u00e0 so\u1ea1n nh\u1ea1c l\u00f5i Veneer"},"content":{"rendered":"<p>M\u00e1y gh\u00e9p veneer l\u00f5i l\u00e0 m\u1ed9t m\u00e1y ch\u1ebf bi\u1ebfn g\u1ed7 ti\u00ean ti\u1ebfn \u0111\u01b0\u1ee3c thi\u1ebft k\u1ebf \u0111\u1ec3 gh\u00e9p v\u00e0 l\u1eafp r\u00e1p hi\u1ec7u qu\u1ea3 c\u00e1c d\u1ea3i veneer nh\u1ecf th\u00e0nh c\u00e1c t\u1ea5m veneer l\u00f5i l\u1edbn h\u01a1n, ch\u1ea5t l\u01b0\u1ee3ng cao. M\u00e1y \u0111\u01b0\u1ee3c s\u1eed d\u1ee5ng r\u1ed9ng r\u00e3i trong ng\u00e0nh s\u1ea3n xu\u1ea5t v\u00e1n \u00e9p v\u00e0 v\u00e1n \u00e9p \u0111\u1ec3 c\u1ea3i thi\u1ec7n hi\u1ec7u su\u1ea5t s\u1eed d\u1ee5ng v\u1eadt li\u1ec7u, gi\u1ea3m nh\u00e2n c\u00f4ng v\u00e0 t\u0103ng hi\u1ec7u qu\u1ea3 s\u1ea3n xu\u1ea5t. B\u1eb1ng c\u00e1ch s\u1eed d\u1ee5ng c\u00f4ng ngh\u1ec7 gh\u00e9p ng\u00f3n tay ch\u00ednh x\u00e1c ho\u1eb7c h\u1ec7 th\u1ed1ng gh\u00e9p m\u00f4ng, m\u00e1y gh\u00e9p veneer s\u1ebd c\u0103n ch\u1ec9nh, c\u1eaft v\u00e0 gh\u00e9p c\u00e1c m\u1ea3nh veneer h\u1eb9p th\u00e0nh c\u00e1c t\u1ea5m \u0111\u1ed3ng nh\u1ea5t v\u00e0 kh\u00f4ng c\u00f3 khuy\u1ebft t\u1eadt, t\u1ea1o n\u1ec1n t\u1ea3ng \u0111\u00e1ng tin c\u1eady cho s\u1ea3n xu\u1ea5t v\u00e1n \u00e9p. M\u00e1y \u0111\u01b0\u1ee3c \u0111i\u1ec1u khi\u1ec3n b\u1edfi h\u1ec7 th\u1ed1ng PLC, \u0111\u1ea3m b\u1ea3o \u0111\u1ed9 ch\u00ednh x\u00e1c, \u1ed5n \u0111\u1ecbnh v\u00e0 t\u1ef1 \u0111\u1ed9ng h\u00f3a cao.<\/p>\n<p><a href=\"https:\/\/chuangxinmachinery.com\/vi\/product-category\/may-lam-van-go\/nha-soan-nhac-veneer\/\"><img decoding=\"async\" class=\"wp-image-1428\" src=\"https:\/\/chuangxinmachinery.com\/wp-content\/uploads\/2025\/08\/best-core-veneer-composer.jpg\" alt=\"nh\u00e0 so\u1ea1n nh\u1ea1c veneer c\u1ed1t l\u00f5i t\u1ed1t nh\u1ea5t\" width=\"710\" height=\"399\" srcset=\"https:\/\/chuangxinmachinery.com\/wp-content\/uploads\/2025\/08\/best-core-veneer-composer.jpg 900w, https:\/\/chuangxinmachinery.com\/wp-content\/uploads\/2025\/08\/best-core-veneer-composer-300x169.jpg 300w, https:\/\/chuangxinmachinery.com\/wp-content\/uploads\/2025\/08\/best-core-veneer-composer-768x432.jpg 768w, https:\/\/chuangxinmachinery.com\/wp-content\/uploads\/2025\/08\/best-core-veneer-composer-18x10.jpg 18w, https:\/\/chuangxinmachinery.com\/wp-content\/uploads\/2025\/08\/best-core-veneer-composer-600x337.jpg 600w\" sizes=\"(max-width: 710px) 100vw, 710px\" \/><\/a><\/p>\n<h2>Th\u00f4ng s\u1ed1 k\u1ef9 thu\u1eadt<\/h2>\n<p>Th\u00f4ng s\u1ed1 k\u1ef9 thu\u1eadt c\u1ee7a l\u1edbp ph\u1ee7 l\u00f5i thay \u0111\u1ed5i t\u00f9y theo t\u1eebng m\u1eabu, nh\u01b0ng c\u00e1c th\u00f4ng s\u1ed1 chung bao g\u1ed3m:<\/p>\n<table style=\"height: 590px;\" width=\"903\">\n<tbody>\n<tr>\n<td width=\"284\">\u0110\u1ed9 d\u00e0y c\u1ee7a l\u1edbp ph\u1ee7<\/td>\n<td width=\"284\">1,2 mm \u0111\u1ebfn 4,0 mm<\/td>\n<\/tr>\n<tr>\n<td width=\"284\">Chi\u1ec1u r\u1ed9ng l\u1edbp ph\u1ee7<\/td>\n<td width=\"284\">50 mm \u0111\u1ebfn 300 mm<\/td>\n<\/tr>\n<tr>\n<td width=\"284\">\u0110\u1ea7u ra k\u00edch th\u01b0\u1edbc t\u1edd<\/td>\n<td width=\"284\">K\u00edch th\u01b0\u1edbc ti\u00eau chu\u1ea9n nh\u01b0 4 ft x 8 ft (1220 mm x 2440 mm) ho\u1eb7c k\u00edch th\u01b0\u1edbc t\u00f9y ch\u1ec9nh<\/td>\n<\/tr>\n<tr>\n<td width=\"284\">T\u1ed1c \u0111\u1ed9 cho \u0103n<\/td>\n<td width=\"284\">C\u00f3 th\u1ec3 \u0111i\u1ec1u ch\u1ec9nh 30\u201360 m\/ph\u00fat<\/td>\n<\/tr>\n<tr>\n<td width=\"284\">Lo\u1ea1i kh\u1edbp<\/td>\n<td width=\"284\">Kh\u1edbp ng\u00f3n tay ho\u1eb7c kh\u1edbp m\u00f4ng (t\u00f9y theo thi\u1ebft k\u1ebf)<\/td>\n<\/tr>\n<tr>\n<td width=\"284\">\u1ee8ng d\u1ee5ng keo<\/td>\n<td width=\"284\">H\u1ec7 th\u1ed1ng ph\u1ee7 l\u0103n ho\u1eb7c phun c\u00f3 kh\u1ea3 n\u0103ng ph\u00e2n ph\u1ed1i \u0111\u1ec1u<\/td>\n<\/tr>\n<tr>\n<td width=\"284\">C\u1eaft v\u00e0 t\u1ec9a<\/td>\n<td width=\"284\">\u0110\u01b0\u1ee3c trang b\u1ecb c\u01b0a ch\u00ednh x\u00e1c ho\u1eb7c m\u00e1y c\u1eaft quay \u0111\u1ec3 t\u1ea1o ra c\u00e1c c\u1ea1nh m\u1ecbn<\/td>\n<\/tr>\n<tr>\n<td width=\"284\">H\u1ec7 th\u1ed1ng \u0111i\u1ec1u khi\u1ec3n<\/td>\n<td width=\"284\">PLC c\u00f3 giao di\u1ec7n m\u00e0n h\u00ecnh c\u1ea3m \u1ee9ng v\u00e0 t\u1ef1 \u0111\u1ed9ng ph\u00e1t hi\u1ec7n l\u1ed7i<\/td>\n<\/tr>\n<tr>\n<td width=\"284\">Y\u00eau c\u1ea7u v\u1ec1 \u0111i\u1ec7n n\u0103ng<\/td>\n<td width=\"284\">380V, 50Hz, ba pha (c\u00f3 s\u1eb5n c\u00e1c t\u00f9y ch\u1ecdn kh\u00e1c)<\/td>\n<\/tr>\n<tr>\n<td width=\"284\">Kh\u00ed n\u00e9n<\/td>\n<td width=\"284\">C\u1ea7n thi\u1ebft cho h\u1ec7 th\u1ed1ng k\u1eb9p v\u00e0 \u00e9p<\/td>\n<\/tr>\n<\/tbody>\n<\/table>\n<h2>Quy tr\u00ecnh l\u00e0m vi\u1ec7c<\/h2>\n<ul>\n<li><strong><b>Cho \u0103n:<\/b><\/strong>\u00a0C\u00e1c d\u1ea3i g\u1ed7 d\u00e1n \u0111\u01b0\u1ee3c \u0111\u01b0a v\u00e0o h\u1ec7 th\u1ed1ng b\u0103ng t\u1ea3i c\u1ee7a nh\u00e0 so\u1ea1n nh\u1ea1c theo c\u00e1ch th\u1ee7 c\u00f4ng ho\u1eb7c t\u1ef1 \u0111\u1ed9ng.<\/li>\n<li><strong><b>C\u0103n ch\u1ec9nh:<\/b><\/strong>\u00a0M\u00e1y s\u1eed d\u1ee5ng c\u1ea3m bi\u1ebfn v\u00e0 con l\u0103n c\u0103n ch\u1ec9nh \u0111\u1ec3 s\u1eafp x\u1ebfp c\u00e1c t\u1ea5m veneer m\u1ed9t c\u00e1ch ch\u00ednh x\u00e1c.<\/li>\n<li><strong><b>C\u1eaft c\u1ea1nh:<\/b><\/strong>\u00a0C\u00e1c c\u1ea1nh b\u1ecb l\u1ed7i ho\u1eb7c kh\u00f4ng \u0111\u1ec1u s\u1ebd \u0111\u01b0\u1ee3c c\u1eaft t\u1ec9a b\u1eb1ng dao c\u1eaft t\u00edch h\u1ee3p \u0111\u1ec3 \u0111\u1ea3m b\u1ea3o m\u1ed1i n\u1ed1i \u0111\u00fang c\u00e1ch.<\/li>\n<li><strong><b>\u1ee8ng d\u1ee5ng keo:<\/b><\/strong>\u00a0M\u1ed9t l\u1edbp keo m\u1ecfng v\u00e0 \u0111\u1ec1u \u0111\u01b0\u1ee3c b\u00f4i v\u00e0o c\u00e1c c\u1ea1nh c\u1ee7a d\u1ea3i g\u1ed7 d\u00e1n.<\/li>\n<li><strong><b>Gh\u00e9p n\u1ed1i:<\/b><\/strong>\u00a0C\u00e1c m\u1ea3nh g\u1ed7 d\u00e1n \u0111\u01b0\u1ee3c \u00e9p v\u00e0 gh\u00e9p l\u1ea1i v\u1edbi nhau b\u1eb1ng c\u00f4ng ngh\u1ec7 gh\u00e9p ng\u00f3n tay ho\u1eb7c gh\u00e9p m\u1ed9ng.<\/li>\n<li><strong><b>\u00c9p v\u00e0 l\u00e0m m\u00e1t:<\/b><\/strong>\u00a0T\u1ea5m gh\u00e9p \u0111\u01b0\u1ee3c n\u00e9n trong th\u1eddi gian ng\u1eafn \u0111\u1ec3 \u0111\u1ea3m b\u1ea3o \u0111\u1ed9 li\u00ean k\u1ebft ch\u1eafc ch\u1eafn.<\/li>\n<li><strong><b>\u0110\u1ea7u ra v\u00e0 x\u1ebfp ch\u1ed3ng:<\/b><\/strong>\u00a0C\u00e1c t\u1ea5m l\u00f5i g\u1ed7 veneer ho\u00e0n thi\u1ec7n s\u1ebd \u0111\u01b0\u1ee3c t\u1ef1 \u0111\u1ed9ng th\u00e1o ra v\u00e0 x\u1ebfp ch\u1ed3ng \u0111\u1ec3 x\u1eed l\u00fd ti\u1ebfp.<\/li>\n<\/ul>\n<p><a href=\"https:\/\/chuangxinmachinery.com\/vi\/product-category\/may-lam-van-go\/nha-soan-nhac-veneer\/\"><img decoding=\"async\" class=\"wp-image-1429\" src=\"https:\/\/chuangxinmachinery.com\/wp-content\/uploads\/2025\/08\/automatic-veneer-composer.jpg\" alt=\"nh\u00e0 so\u1ea1n nh\u1ea1c veneer t\u1ef1 \u0111\u1ed9ng\" width=\"724\" height=\"407\" srcset=\"https:\/\/chuangxinmachinery.com\/wp-content\/uploads\/2025\/08\/automatic-veneer-composer.jpg 900w, https:\/\/chuangxinmachinery.com\/wp-content\/uploads\/2025\/08\/automatic-veneer-composer-300x169.jpg 300w, https:\/\/chuangxinmachinery.com\/wp-content\/uploads\/2025\/08\/automatic-veneer-composer-768x432.jpg 768w, https:\/\/chuangxinmachinery.com\/wp-content\/uploads\/2025\/08\/automatic-veneer-composer-18x10.jpg 18w, https:\/\/chuangxinmachinery.com\/wp-content\/uploads\/2025\/08\/automatic-veneer-composer-600x337.jpg 600w\" sizes=\"(max-width: 724px) 100vw, 724px\" \/><\/a><\/p>\n<h2>C\u00e1c th\u00e0nh ph\u1ea7n v\u00e0 ch\u1ee9c n\u0103ng ch\u00ednh<\/h2>\n<ul>\n<li><strong><b>B\u0103ng t\u1ea3i c\u1ea5p li\u1ec7u: <\/b><\/strong>\u0110\u1ea3m b\u1ea3o qu\u00e1 tr\u00ecnh c\u1ea5p veneer li\u00ean t\u1ee5c v\u00e0 \u1ed5n \u0111\u1ecbnh v\u1edbi kh\u1ea3 n\u0103ng \u0111i\u1ec1u ch\u1ec9nh t\u1ed1c \u0111\u1ed9.<\/li>\n<li><strong><b>H\u1ec7 th\u1ed1ng c\u0103n ch\u1ec9nh:<\/b><\/strong>\u00a0C\u00e1c con l\u0103n v\u00e0 c\u1ea3m bi\u1ebfn c\u00f3 \u0111\u1ed9 ch\u00ednh x\u00e1c cao s\u1ebd c\u0103n ch\u1ec9nh c\u00e1c d\u1ea3i g\u1ed7 d\u00e1n \u0111\u1ec3 gh\u00e9p n\u1ed1i ch\u00ednh x\u00e1c.<\/li>\n<li><strong><b>M\u00e1y c\u1eaft v\u00e0 t\u1ec9a c\u1ea1nh: <\/b><\/strong>Lo\u1ea1i b\u1ecf c\u00e1c c\u1ea1nh kh\u00f4ng \u0111\u1ec1u ho\u1eb7c b\u1ecb h\u1ecfng \u0111\u1ec3 c\u1ea3i thi\u1ec7n ch\u1ea5t l\u01b0\u1ee3ng li\u00ean k\u1ebft.<\/li>\n<li><strong><b>M\u00e1y r\u1ea3i keo:<\/b><\/strong>\u00a0\u0110\u01b0\u1ee3c trang b\u1ecb con l\u0103n ho\u1eb7c v\u00f2i phun \u0111\u1ec3 ph\u00e2n ph\u1ed1i keo \u0111\u1ec1u.<\/li>\n<li><strong><b>B\u1ed9 ph\u1eadn \u00e9p: <\/b><\/strong>C\u00e1c thi\u1ebft b\u1ecb \u00e9p th\u1ee7y l\u1ef1c ho\u1eb7c kh\u00ed n\u00e9n t\u1ea1o ra \u00e1p l\u1ef1c \u1ed5n \u0111\u1ecbnh \u0111\u1ec3 t\u1ea1o ra c\u00e1c m\u1ed1i n\u1ed1i ch\u1eafc ch\u1eafn.<\/li>\n<li><strong><b>B\u1ea3ng \u0111i\u1ec1u khi\u1ec3n PLC:<\/b><\/strong>\u00a0H\u1ec7 th\u1ed1ng \u0111i\u1ec1u khi\u1ec3n t\u1eadp trung v\u1edbi giao di\u1ec7n m\u00e0n h\u00ecnh c\u1ea3m \u1ee9ng gi\u00fap v\u1eadn h\u00e0nh v\u00e0 gi\u00e1m s\u00e1t d\u1ec5 d\u00e0ng.<\/li>\n<li><strong><b>H\u1ec7 th\u1ed1ng x\u1ebfp ch\u1ed3ng: <\/b><\/strong>T\u1ef1 \u0111\u1ed9ng thu th\u1eadp v\u00e0 x\u1ebfp ch\u1ed3ng c\u00e1c t\u1edd gi\u1ea5y \u0111\u00e3 ho\u00e0n th\u00e0nh \u0111\u1ec3 gi\u1ea3m c\u01b0\u1eddng \u0111\u1ed9 lao \u0111\u1ed9ng.<\/li>\n<\/ul>\n<h2>\u01afu \u0111i\u1ec3m c\u1ee7a Core Veneer Composer<\/h2>\n<ul>\n<li><strong><b>S\u1eed d\u1ee5ng v\u1eadt li\u1ec7u cao: <\/b><\/strong>Chuy\u1ec3n \u0111\u1ed5i c\u00e1c d\u1ea3i g\u1ed7 d\u00e1n nh\u1ecf v\u00e0 c\u00e1c m\u1ea3nh v\u1ee5n th\u00e0nh c\u00e1c t\u1ea5m c\u00f3 th\u1ec3 s\u1eed d\u1ee5ng, gi\u1ea3m thi\u1ec3u l\u00e3ng ph\u00ed nguy\u00ean li\u1ec7u th\u00f4 v\u00e0 chi ph\u00ed s\u1ea3n xu\u1ea5t.<\/li>\n<li><strong><b>Hi\u1ec7u qu\u1ea3 \u0111\u01b0\u1ee3c n\u00e2ng cao:<\/b><\/strong>\u00a0Ho\u1ea1t \u0111\u1ed9ng ho\u00e0n to\u00e0n ho\u1eb7c b\u00e1n t\u1ef1 \u0111\u1ed9ng gi\u00fap t\u0103ng t\u1ed1c \u0111\u1ed9 s\u1ea3n xu\u1ea5t v\u00e0 gi\u1ea3m b\u1edbt lao \u0111\u1ed9ng th\u1ee7 c\u00f4ng.<\/li>\n<li><strong><b>Ch\u1ea5t l\u01b0\u1ee3ng nh\u1ea5t qu\u00e1n: <\/b><\/strong>Vi\u1ec7c c\u1eaft, c\u0103n ch\u1ec9nh v\u00e0 \u00e9p ch\u00ednh x\u00e1c \u0111\u1ea3m b\u1ea3o b\u1ec1 m\u1eb7t nh\u1eb5n v\u00e0 \u0111\u1ed9 d\u00e0y t\u1ea5m \u0111\u1ed3ng \u0111\u1ec1u.<\/li>\n<li><strong><b>T\u00ednh linh ho\u1ea1t: <\/b><\/strong>C\u00f3 th\u1ec3 x\u1eed l\u00fd nhi\u1ec1u lo\u1ea1i g\u1ed7 d\u00e1n c\u00f3 \u0111\u1ed9 d\u00e0y, chi\u1ec1u r\u1ed9ng v\u00e0 lo\u1ea1i g\u1ed7 kh\u00e1c nhau, ph\u00f9 h\u1ee3p v\u1edbi nhi\u1ec1u \u1ee9ng d\u1ee5ng kh\u00e1c nhau.<\/li>\n<li><strong><b>C\u1ea5u tr\u00fac \u1ed5n \u0111\u1ecbnh v\u00e0 b\u1ec1n v\u1eefng:<\/b><\/strong>\u00a0\u0110\u01b0\u1ee3c ch\u1ebf t\u1ea1o b\u1eb1ng khung th\u00e9p ch\u1ecbu l\u1ef1c v\u00e0 c\u00e1c linh ki\u1ec7n ch\u1ea5t l\u01b0\u1ee3ng cao \u0111\u1ec3 c\u00f3 tu\u1ed5i th\u1ecd cao v\u00e0 b\u1ea3o tr\u00ec t\u1ed1i thi\u1ec3u.<\/li>\n<li><strong><b>Ho\u1ea1t \u0111\u1ed9ng th\u00e2n thi\u1ec7n v\u1edbi ng\u01b0\u1eddi d\u00f9ng:<\/b><\/strong>\u00a0H\u1ec7 th\u1ed1ng \u0111i\u1ec1u khi\u1ec3n PLC, giao di\u1ec7n \u0111\u01a1n gi\u1ea3n v\u00e0 kh\u1ea3 n\u0103ng t\u1ef1 \u0111\u1ed9ng ch\u1ea9n \u0111o\u00e1n l\u1ed7i gi\u00fap v\u1eadn h\u00e0nh d\u1ec5 d\u00e0ng v\u00e0 an to\u00e0n h\u01a1n.<\/li>\n<li><strong><b>C\u1ea3i thi\u1ec7n \u0111\u1ed9 b\u1ec1n li\u00ean k\u1ebft:<\/b><\/strong>\u00a0C\u00f4ng ngh\u1ec7 d\u00e1n v\u00e0 \u00e9p ti\u00ean ti\u1ebfn \u0111\u1ea3m b\u1ea3o c\u00e1c m\u1ed1i n\u1ed1i ch\u1eafc ch\u1eafn v\u00e0 b\u1ec1n.<\/li>\n<li><strong><b>L\u1ee3i \u00edch v\u1ec1 m\u00f4i tr\u01b0\u1eddng:<\/b><\/strong>\u00a0T\u1ed1i \u0111a h\u00f3a vi\u1ec7c s\u1eed d\u1ee5ng t\u00e0i nguy\u00ean g\u1ed7 th\u00f4 v\u00e0 gi\u1ea3m thi\u1ec3u ch\u1ea5t th\u1ea3i, ph\u00f9 h\u1ee3p v\u1edbi c\u00e1c ho\u1ea1t \u0111\u1ed9ng s\u1ea3n xu\u1ea5t b\u1ec1n v\u1eefng.<\/li>\n<\/ul>\n<h2><em><strong>C\u00e1c l\u0129nh v\u1ef1c \u1ee9ng d\u1ee5ng<\/strong><\/em><\/h2>\n<p>B\u1ed9t c\u00e1n veneer l\u00f5i \u0111\u01b0\u1ee3c s\u1eed d\u1ee5ng r\u1ed9ng r\u00e3i trong c\u00e1c nh\u00e0 m\u00e1y v\u00e1n \u00e9p, nh\u00e0 m\u00e1y s\u1ea3n xu\u1ea5t \u0111\u1ed3 n\u1ed9i th\u1ea5t v\u00e0 d\u00e2y chuy\u1ec1n s\u1ea3n xu\u1ea5t v\u00e1n \u00e9p. Ch\u00fang r\u1ea5t c\u1ea7n thi\u1ebft cho vi\u1ec7c s\u1ea3n xu\u1ea5t l\u1edbp l\u00f5i c\u1ee7a v\u00e1n \u00e9p, v\u00e1n kh\u1ed1i v\u00e0 v\u00e1n \u00e9p nhi\u1ec1u l\u1edbp. B\u1eb1ng c\u00e1ch t\u1ea1o ra c\u00e1c t\u1ea5m veneer l\u00f5i \u0111\u1ed3ng nh\u1ea5t, ch\u1ea5t l\u01b0\u1ee3ng cao, ch\u00fang gi\u00fap t\u0103ng c\u01b0\u1eddng \u0111\u1ed9 b\u1ec1n, \u0111\u1ed9 \u1ed5n \u0111\u1ecbnh v\u00e0 v\u1ebb ngo\u00e0i c\u1ee7a s\u1ea3n ph\u1ea9m cu\u1ed1i c\u00f9ng.<\/p>","protected":false},"excerpt":{"rendered":"<p>M\u00e1y gh\u00e9p l\u00f5i g\u1ed7 veneer l\u00e0 m\u00e1y ch\u1ebf bi\u1ebfn g\u1ed7 ti\u00ean ti\u1ebfn \u0111\u01b0\u1ee3c thi\u1ebft k\u1ebf \u0111\u1ec3 gh\u00e9p v\u00e0 l\u1eafp r\u00e1p hi\u1ec7u qu\u1ea3 c\u00e1c d\u1ea3i g\u1ed7 veneer nh\u1ecf th\u00e0nh c\u00e1c t\u1ea5m g\u1ed7 veneer l\u00f5i l\u1edbn h\u01a1n, ch\u1ea5t l\u01b0\u1ee3ng cao.<\/p>","protected":false},"featured_media":1427,"template":"","meta":{"_gspb_post_css":""},"product_brand":[],"product_cat":[17,62],"product_tag":[63,61],"class_list":{"0":"post-1426","1":"product","2":"type-product","3":"status-publish","4":"has-post-thumbnail","6":"product_cat-wood-based-panel-machine","7":"product_cat-veneer-composer","8":"product_tag-core-veneer-composer","9":"product_tag-veneer-composer","11":"first","12":"instock","13":"shipping-taxable","14":"product-type-simple"},"_links":{"self":[{"href":"https:\/\/chuangxinmachinery.com\/vi\/wp-json\/wp\/v2\/product\/1426","targetHints":{"allow":["GET"]}}],"collection":[{"href":"https:\/\/chuangxinmachinery.com\/vi\/wp-json\/wp\/v2\/product"}],"about":[{"href":"https:\/\/chuangxinmachinery.com\/vi\/wp-json\/wp\/v2\/types\/product"}],"wp:featuredmedia":[{"embeddable":true,"href":"https:\/\/chuangxinmachinery.com\/vi\/wp-json\/wp\/v2\/media\/1427"}],"wp:attachment":[{"href":"https:\/\/chuangxinmachinery.com\/vi\/wp-json\/wp\/v2\/media?parent=1426"}],"wp:term":[{"taxonomy":"product_brand","embeddable":true,"href":"https:\/\/chuangxinmachinery.com\/vi\/wp-json\/wp\/v2\/product_brand?post=1426"},{"taxonomy":"product_cat","embeddable":true,"href":"https:\/\/chuangxinmachinery.com\/vi\/wp-json\/wp\/v2\/product_cat?post=1426"},{"taxonomy":"product_tag","embeddable":true,"href":"https:\/\/chuangxinmachinery.com\/vi\/wp-json\/wp\/v2\/product_tag?post=1426"}],"curies":[{"name":"wp","href":"https:\/\/api.w.org\/{rel}","templated":true}]}}