{"id":1430,"date":"2025-07-01T03:30:25","date_gmt":"2025-07-01T03:30:25","guid":{"rendered":"https:\/\/chuangxinmachinery.com\/?post_type=product&#038;p=1430"},"modified":"2025-09-01T06:44:16","modified_gmt":"2025-09-01T06:44:16","slug":"may-rai-bot-tret-van-ep","status":"publish","type":"product","link":"https:\/\/chuangxinmachinery.com\/vi\/product\/plywood-putty-spreader-machine\/","title":{"rendered":"M\u00e1y r\u1ea3i b\u1ed9t tr\u00e9t g\u1ed7 d\u00e1n"},"content":{"rendered":"<h3><em>M\u00e1y r\u1ea3i b\u1ed9t tr\u00e9t g\u1ed7 d\u00e1n<\/em><\/h3>\n<p>M\u00e1y r\u1ea3i b\u1ed9t tr\u00e9t v\u00e1n \u00e9p l\u00e0 thi\u1ebft b\u1ecb chuy\u00ean d\u1ee5ng \u0111\u01b0\u1ee3c thi\u1ebft k\u1ebf \u0111\u1ec3 r\u1ea3i b\u1ed9t tr\u00e9t \u0111\u1ec1u l\u00ean b\u1ec1 m\u1eb7t v\u00e1n \u00e9p tr\u01b0\u1edbc khi ch\u00e0 nh\u00e1m v\u00e0 ho\u00e0n thi\u1ec7n. Trong qu\u00e1 tr\u00ecnh s\u1ea3n xu\u1ea5t v\u00e1n \u00e9p, c\u00e1c v\u1ebft n\u1ee9t, l\u1ed7 nh\u1ecf ho\u1eb7c khuy\u1ebft t\u1eadt b\u1ec1 m\u1eb7t th\u01b0\u1eddng xu\u1ea5t hi\u1ec7n. Vi\u1ec7c r\u1ea3i b\u1ed9t tr\u00e9t l\u00e0 c\u1ea7n thi\u1ebft \u0111\u1ec3 l\u1ea5p \u0111\u1ea7y nh\u1eefng khuy\u1ebft \u0111i\u1ec3m n\u00e0y, \u0111\u1ea3m b\u1ea3o b\u1ec1 m\u1eb7t v\u00e1n \u00e9p cu\u1ed1i c\u00f9ng nh\u1eb5n m\u1ecbn, \u0111\u1ed3ng \u0111\u1ec1u v\u00e0 ph\u00f9 h\u1ee3p \u0111\u1ec3 c\u00e1n m\u00e0ng ho\u1eb7c s\u01a1n. Theo truy\u1ec1n th\u1ed1ng, c\u00f4ng vi\u1ec7c n\u00e0y \u0111\u00f2i h\u1ecfi nhi\u1ec1u nh\u00e2n c\u00f4ng v\u00e0 th\u1eddi gian, nh\u01b0ng v\u1edbi m\u00e1y r\u1ea3i b\u1ed9t tr\u00e9t t\u1ef1 \u0111\u1ed9ng, hi\u1ec7u qu\u1ea3 v\u00e0 \u0111\u1ed9 \u0111\u1ed3ng \u0111\u1ec1u \u0111\u01b0\u1ee3c c\u1ea3i thi\u1ec7n \u0111\u00e1ng k\u1ec3.<\/p>\n<p>M\u00e1y n\u00e0y s\u1eed d\u1ee5ng c\u1ea5u tr\u00fac c\u01a1 kh\u00ed ti\u00ean ti\u1ebfn, con l\u0103n ch\u00ednh x\u00e1c v\u00e0 h\u1ec7 th\u1ed1ng \u0111i\u1ec1u khi\u1ec3n t\u1ef1 \u0111\u1ed9ng, \u0111\u1ea3m b\u1ea3o l\u1edbp b\u1ed9t tr\u00e9t \u0111\u1ed3ng \u0111\u1ec1u tr\u00ean b\u1ec1 m\u1eb7t \u0111\u01a1n ho\u1eb7c \u0111\u00f4i c\u1ee7a t\u1ea5m v\u00e1n \u00e9p. M\u00e1y \u0111\u01b0\u1ee3c s\u1eed d\u1ee5ng r\u1ed9ng r\u00e3i trong c\u00e1c d\u00e2y chuy\u1ec1n s\u1ea3n xu\u1ea5t v\u00e1n \u00e9p, v\u00e1n kh\u1ed1i, v\u00e1n d\u0103m v\u00e0 v\u00e1n trang tr\u00ed. V\u1edbi thi\u1ebft k\u1ebf \u0111\u00e1ng tin c\u1eady, m\u00e1y gi\u00fap gi\u1ea3m c\u01b0\u1eddng \u0111\u1ed9 lao \u0111\u1ed9ng, n\u00e2ng cao ch\u1ea5t l\u01b0\u1ee3ng v\u00e1n \u00e9p v\u00e0 c\u1ea3i thi\u1ec7n hi\u1ec7u qu\u1ea3 s\u1ea3n xu\u1ea5t cho c\u00e1c nh\u00e0 m\u00e1y ch\u1ebf bi\u1ebfn g\u1ed7.<\/p>\n<h3><em><strong><b>Th\u00f4ng s\u1ed1 k\u1ef9 thu\u1eadt<\/b><\/strong><\/em><\/h3>\n<p>(C\u00e1c gi\u00e1 tr\u1ecb sau c\u00f3 th\u1ec3 \u0111\u01b0\u1ee3c \u0111i\u1ec1u ch\u1ec9nh d\u1ef1a tr\u00ean m\u00f4 h\u00ecnh v\u00e0 t\u00f9y ch\u1ec9nh.)<\/p>\n<table style=\"height: 550px;\" width=\"938\">\n<tbody>\n<tr>\n<td width=\"284\">Chi\u1ec1u r\u1ed9ng l\u00e0m vi\u1ec7c t\u1ed1i \u0111a<\/td>\n<td width=\"284\">4 ft \/ 8 ft (1220 mm \/ 2440 mm)<\/td>\n<\/tr>\n<tr>\n<td width=\"284\">Ph\u1ea1m vi \u0111\u1ed9 d\u00e0y t\u1ea5m<\/td>\n<td width=\"284\">3 \u2013 30 mm<\/td>\n<\/tr>\n<tr>\n<td width=\"284\">T\u1ed1c \u0111\u1ed9 cho \u0103n<\/td>\n<td width=\"284\">10 \u2013 30 m\/ph\u00fat (c\u00f3 th\u1ec3 \u0111i\u1ec1u ch\u1ec9nh)<\/td>\n<\/tr>\n<tr>\n<td width=\"284\">\u0110i\u1ec1u ch\u1ec9nh \u0111\u1ed9 d\u00e0y c\u1ee7a b\u1ed9t tr\u00e9t<\/td>\n<td width=\"284\">0,1 \u2013 2 mm (ki\u1ec3m so\u00e1t ch\u00ednh x\u00e1c)<\/td>\n<\/tr>\n<tr>\n<td width=\"284\">\u0110\u01b0\u1eddng k\u00ednh con l\u0103n ch\u00ednh<\/td>\n<td width=\"284\">150 \u2013 250 mm<\/td>\n<\/tr>\n<tr>\n<td width=\"284\">Ngu\u1ed3n \u0111i\u1ec7n<\/td>\n<td width=\"284\">380V, 50 Hz, 3 Pha (c\u00f3 th\u1ec3 t\u00f9y ch\u1ec9nh theo ti\u00eau chu\u1ea9n \u0111\u1ecba ph\u01b0\u01a1ng)<\/td>\n<\/tr>\n<tr>\n<td width=\"284\">T\u1ed5ng c\u00f4ng su\u1ea5t<\/td>\n<td width=\"284\">7 \u2013 15 kW t\u00f9y theo m\u1eabu<\/td>\n<\/tr>\n<tr>\n<td width=\"284\">Y\u00eau c\u1ea7u \u00e1p su\u1ea5t kh\u00f4ng kh\u00ed<\/td>\n<td width=\"284\">0,6 \u2013 0,8 MPa<\/td>\n<\/tr>\n<tr>\n<td width=\"284\">K\u00edch th\u01b0\u1edbc t\u1ed5ng th\u1ec3<\/td>\n<td width=\"284\">X\u1ea5p x\u1ec9 3000 \u00d7 1800 \u00d7 1600 mm<\/td>\n<\/tr>\n<tr>\n<td width=\"284\">C\u00e2n n\u1eb7ng<\/td>\n<td width=\"284\">2500 \u2013 4500 kg<\/td>\n<\/tr>\n<\/tbody>\n<\/table>\n<p>&nbsp;<\/p>\n<h3><em><strong><b>Quy tr\u00ecnh l\u00e0m vi\u1ec7c<\/b><\/strong><\/em><\/h3>\n<ul>\n<li><strong><b>C\u1ea5p li\u1ec7u cho t\u1ea5m pin:<\/b><\/strong>\u00a0V\u00e1n \u00e9p ho\u1eb7c t\u1ea5m g\u1ed7 \u0111\u01b0\u1ee3c \u0111\u1eb7t tr\u00ean h\u1ec7 th\u1ed1ng c\u1ea5p li\u1ec7u b\u0103ng t\u1ea3i.<\/li>\n<li><strong><b>Ph\u00e1t hi\u1ec7n b\u1ec1 m\u1eb7t:<\/b><\/strong>\u00a0M\u00e1y \u0111\u1ea3m b\u1ea3o c\u00e1c t\u1ea5m \u0111\u01b0\u1ee3c c\u0103n ch\u1ec9nh v\u00e0 c\u00e2n b\u1eb1ng \u0111\u1ec3 tr\u1ea3i b\u1ed9t tr\u00e9t ch\u00ednh x\u00e1c.<\/li>\n<li><strong><b>\u1ee8ng d\u1ee5ng b\u1ed9t tr\u00e9t: <\/b><\/strong>H\u1ec7 th\u1ed1ng con l\u0103n gi\u00fap ph\u1ee7 \u0111\u1ec1u b\u1ed9t tr\u00e9t l\u00ean b\u1ec1 m\u1eb7t, \u0111\u1ed9 d\u00e0y c\u00f3 th\u1ec3 \u0111i\u1ec1u ch\u1ec9nh theo y\u00eau c\u1ea7u c\u1ee7a b\u1ec1 m\u1eb7t.<\/li>\n<li><strong><b>X\u1eed l\u00fd hai m\u1eb7t (T\u00f9y ch\u1ecdn):<\/b><\/strong>\u00a0M\u00e1y c\u00f3 th\u1ec3 qu\u00e9t b\u1ed9t tr\u00e9t \u0111\u1ed3ng th\u1eddi l\u00ean c\u1ea3 b\u1ec1 m\u1eb7t tr\u00ean v\u00e0 d\u01b0\u1edbi \u0111\u1ec3 \u0111\u1ea1t hi\u1ec7u qu\u1ea3 cao h\u01a1n.<\/li>\n<li><strong><b>San l\u1ea5p v\u00e0 c\u1ea1o:<\/b><\/strong>\u00a0C\u1ea1o s\u1ea1ch v\u00e0 ph\u00e2n b\u1ed5 \u0111\u1ec1u b\u1ed9t tr\u00e9t th\u1eeba, l\u1ea5p \u0111\u1ea7y c\u00e1c l\u1ed7 r\u1ed7ng v\u00e0 v\u1ebft n\u1ee9t tr\u00ean b\u1ec1 m\u1eb7t.<\/li>\n<li><strong><b>V\u1eadn chuy\u1ec3n t\u1ef1 \u0111\u1ed9ng:<\/b><\/strong>\u00a0C\u00e1c t\u1ea5m g\u1ed7 \u0111\u01b0\u1ee3c chuy\u1ec3n \u0111\u1ebfn tr\u1ea1m ti\u1ebfp theo, th\u01b0\u1eddng l\u00e0 tr\u1ea1m s\u1ea5y kh\u00f4 ho\u1eb7c tr\u1ea1m ch\u00e0 nh\u00e1m.<\/li>\n<\/ul>\n<p>Quy tr\u00ecnh l\u00e0m vi\u1ec7c n\u00e0y \u0111\u1ea3m b\u1ea3o vi\u1ec7c thi c\u00f4ng b\u1ed9t tr\u00e9t li\u00ean t\u1ee5c, \u1ed5n \u0111\u1ecbnh v\u00e0 ch\u00ednh x\u00e1c v\u1edbi s\u1ef1 can thi\u1ec7p t\u1ed1i thi\u1ec3u c\u1ee7a ng\u01b0\u1eddi v\u1eadn h\u00e0nh.<\/p>\n<p>&nbsp;<\/p>\n<h3><em><strong><b>Th\u00e0nh ph\u1ea7n v\u00e0 ch\u1ee9c n\u0103ng ch\u00ednh<\/b><\/strong><\/em><\/h3>\n<ul>\n<li><strong><b>B\u0103ng t\u1ea3i c\u1ea5p li\u1ec7u: <\/b><\/strong>\u0110\u1ea3m b\u1ea3o v\u1eadn chuy\u1ec3n t\u1ea5m g\u1ed7 v\u00e0o m\u00e1y \u0111\u01b0\u1ee3c tr\u01a1n tru v\u00e0 \u1ed5n \u0111\u1ecbnh.<\/li>\n<li><strong><b>Con l\u0103n tr\u1ea3i:<\/b><\/strong>\u00a0Con l\u0103n c\u00f3 \u0111\u1ed9 ch\u00ednh x\u00e1c cao gi\u00fap ph\u00e2n ph\u1ed1i \u0111\u1ec1u b\u1ed9t tr\u00e9t tr\u00ean b\u1ec1 m\u1eb7t. Ch\u00fang c\u00f3 th\u1ec3 \u0111i\u1ec1u ch\u1ec9nh \u0111\u1ed9 d\u00e0y v\u00e0 chi\u1ec1u r\u1ed9ng.<\/li>\n<li><strong><b>H\u1ec7 th\u1ed1ng c\u1ea1o:<\/b><\/strong>\u00a0Lo\u1ea1i b\u1ecf ph\u1ea7n b\u1ed9t tr\u00e9t th\u1eeba v\u00e0 l\u00e0m ph\u1eb3ng b\u1ec1 m\u1eb7t \u0111\u1ec3 c\u00f3 l\u1edbp ph\u1ee7 \u0111\u1ed3ng \u0111\u1ec1u.<\/li>\n<li><strong><b>H\u1ec7 th\u1ed1ng cung c\u1ea5p b\u1ed9t tr\u00e9t:<\/b><\/strong>\u00a0T\u1ef1 \u0111\u1ed9ng c\u1ea5p b\u1ed9t tr\u00e9t t\u1eeb b\u1ed3n ch\u1ee9a \u0111\u1ebfn m\u00e1y r\u1ea3i. M\u00e1y duy tr\u00ec d\u00f2ng ch\u1ea3y v\u1eadt li\u1ec7u \u1ed5n \u0111\u1ecbnh v\u00e0 ng\u0103n ng\u1eeba gi\u00e1n \u0111o\u1ea1n.<\/li>\n<li><strong><b>B\u1ea3ng \u0111i\u1ec1u khi\u1ec3n (H\u1ec7 th\u1ed1ng PLC):<\/b><\/strong>\u00a0D\u1ec5 d\u00e0ng v\u1eadn h\u00e0nh v\u00e0 \u0111i\u1ec1u ch\u1ec9nh t\u1ed1c \u0111\u1ed9, \u0111\u1ed9 d\u00e0y b\u1ed9t tr\u00e9t v\u00e0 c\u00e1c th\u00f4ng s\u1ed1 l\u00e0m vi\u1ec7c.<\/li>\n<li><strong><b>C\u1ea5u tr\u00fac khung:<\/b><\/strong>\u00a0Khung th\u00e9p c\u1ee9ng v\u00e0 b\u1ec1n \u0111\u1ea3m b\u1ea3o s\u1ef1 \u1ed5n \u0111\u1ecbnh l\u00e2u d\u00e0i v\u00e0 gi\u1ea3m thi\u1ec3u rung \u0111\u1ed9ng.<\/li>\n<li><strong><b>\u0110\u01a1n v\u1ecb hai m\u1eb7t t\u00f9y ch\u1ecdn:<\/b><\/strong>\u00a0T\u0103ng hi\u1ec7u qu\u1ea3 b\u1eb1ng c\u00e1ch ph\u1ee7 \u0111\u1ed3ng th\u1eddi c\u1ea3 hai b\u1ec1 m\u1eb7t.<\/li>\n<\/ul>\n<p>&nbsp;<\/p>\n<h3><em><strong><b>Thu\u1eadn l\u1ee3i<\/b><\/strong><\/em><\/h3>\n<ul>\n<li><strong><b>Hi\u1ec7u qu\u1ea3 cao:<\/b><\/strong>\u00a0Thay th\u1ebf lao \u0111\u1ed9ng th\u1ee7 c\u00f4ng v\u00e0 t\u0103ng n\u0103ng su\u1ea5t s\u1ea3n xu\u1ea5t \u0111\u00e1ng k\u1ec3.<\/li>\n<li><strong><b>Ch\u1ea5t l\u01b0\u1ee3ng \u0111\u1ed3ng \u0111\u1ec1u:<\/b><\/strong>\u00a0\u0110\u1ea3m b\u1ea3o \u0111\u1ed9 d\u00e0y b\u1ed9t tr\u00e9t \u0111\u1ed3ng \u0111\u1ec1u v\u00e0 b\u1ec1 m\u1eb7t nh\u1eb5n m\u1ecbn, gi\u1ea3m kh\u1ed1i l\u01b0\u1ee3ng c\u00f4ng vi\u1ec7c ch\u00e0 nh\u00e1m sau n\u00e0y.<\/li>\n<li><strong><b>Thi\u1ebft k\u1ebf c\u00f3 th\u1ec3 \u0111i\u1ec1u ch\u1ec9nh: <\/b><\/strong>Ph\u00f9 h\u1ee3p v\u1edbi nhi\u1ec1u k\u00edch th\u01b0\u1edbc, \u0111\u1ed9 d\u00e0y v\u00e0 lo\u1ea1i b\u1ed9t tr\u00e9t kh\u00e1c nhau.<\/li>\n<li><strong><b>Ti\u1ebft ki\u1ec7m lao \u0111\u1ed9ng:<\/b><\/strong>\u00a0Gi\u1ea3m nhu c\u1ea7u v\u1ec1 l\u1ef1c l\u01b0\u1ee3ng lao \u0111\u1ed9ng v\u00e0 gi\u1ea3m thi\u1ec3u sai s\u00f3t c\u1ee7a con ng\u01b0\u1eddi.<\/li>\n<li><strong><b>\u0110\u1ed9 b\u1ec1n cao:<\/b><\/strong>\u00a0K\u1ebft c\u1ea5u ch\u1eafc ch\u1eafn v\u1edbi c\u00e1c th\u00e0nh ph\u1ea7n \u0111\u00e1ng tin c\u1eady \u0111\u1ea3m b\u1ea3o tu\u1ed5i th\u1ecd l\u00e2u d\u00e0i.<\/li>\n<li><strong><b>Ti\u1ebft ki\u1ec7m n\u0103ng l\u01b0\u1ee3ng:<\/b><\/strong>\u00a0H\u1ec7 th\u1ed1ng \u0111\u1ed9ng c\u01a1 v\u00e0 con l\u0103n \u0111\u01b0\u1ee3c t\u1ed1i \u01b0u h\u00f3a gi\u00fap gi\u1ea3m m\u1ee9c ti\u00eau th\u1ee5 n\u0103ng l\u01b0\u1ee3ng trong khi v\u1eabn duy tr\u00ec c\u00f4ng su\u1ea5t cao.<\/li>\n<li><strong><b>V\u1eadn h\u00e0nh d\u1ec5 d\u00e0ng:<\/b><\/strong>\u00a0Giao di\u1ec7n PLC th\u00e2n thi\u1ec7n v\u1edbi ng\u01b0\u1eddi d\u00f9ng cho ph\u00e9p thi\u1ebft l\u1eadp v\u00e0 gi\u00e1m s\u00e1t nhanh ch\u00f3ng.<\/li>\n<li><strong><b>B\u1ea3o tr\u00ec th\u1ea5p:<\/b><\/strong>\u00a0C\u1ea5u tr\u00fac \u0111\u01a1n gi\u1ea3n v\u00e0 c\u00e1c th\u00e0nh ph\u1ea7n ch\u1ea5t l\u01b0\u1ee3ng cao gi\u00fap gi\u1ea3m t\u1ea7n su\u1ea5t h\u1ecfng h\u00f3c.<\/li>\n<li><strong><b>\u1ee8ng d\u1ee5ng r\u1ed9ng r\u00e3i:<\/b><\/strong>\u00a0T\u01b0\u01a1ng th\u00edch v\u1edbi v\u00e1n \u00e9p, v\u00e1n kh\u1ed1i, t\u1ea5m trang tr\u00ed v\u00e0 c\u00e1c lo\u1ea1i v\u00e1n g\u1ed7 kh\u00e1c.<\/li>\n<li><strong><b>Ti\u1ebft ki\u1ec7m chi ph\u00ed:<\/b><\/strong>\u00a0C\u1ea3i thi\u1ec7n ch\u1ea5t l\u01b0\u1ee3ng s\u1ea3n ph\u1ea9m cu\u1ed1i c\u00f9ng, gi\u1ea3m thi\u1ec3u l\u00e3ng ph\u00ed v\u00e0 t\u0103ng l\u1ee3i nhu\u1eadn.<\/li>\n<\/ul>\n<p>&nbsp;<\/p>\n<h3><em><strong><b>Ph\u1ea7n k\u1ebft lu\u1eadn<\/b><\/strong><\/em><\/h3>\n<p>M\u00e1y r\u1ea3i b\u1ed9t tr\u00e9t v\u00e1n \u00e9p l\u00e0 thi\u1ebft b\u1ecb thi\u1ebft y\u1ebfu trong c\u00e1c d\u00e2y chuy\u1ec1n s\u1ea3n xu\u1ea5t v\u00e1n \u00e9p v\u00e0 v\u00e1n \u00e9p hi\u1ec7n \u0111\u1ea1i. Nh\u1edd t\u1ef1 \u0111\u1ed9ng h\u00f3a quy tr\u00ecnh r\u1ea3i b\u1ed9t tr\u00e9t, m\u00e1y \u0111\u1ea3m b\u1ea3o \u0111\u1ed9 ch\u00ednh x\u00e1c cao, hi\u1ec7u qu\u1ea3 v\u00e0 ch\u1ea5t l\u01b0\u1ee3ng b\u1ec1 m\u1eb7t \u0111\u1ed3ng \u0111\u1ec1u. V\u1edbi h\u1ec7 th\u1ed1ng \u0111i\u1ec1u khi\u1ec3n ti\u00ean ti\u1ebfn, c\u1ea5u tr\u00fac ch\u1eafc ch\u1eafn v\u00e0 nhi\u1ec1u t\u00f9y ch\u1ecdn t\u00f9y ch\u1ec9nh, m\u00e1y n\u00e0y mang l\u1ea1i l\u1ee3i th\u1ebf \u0111\u00e1ng k\u1ec3 cho c\u00e1c nh\u00e0 s\u1ea3n xu\u1ea5t \u0111ang t\u00ecm ki\u1ebfm n\u0103ng su\u1ea5t cao h\u01a1n, ch\u1ea5t l\u01b0\u1ee3ng t\u1ed1t h\u01a1n v\u00e0 chi ph\u00ed s\u1ea3n xu\u1ea5t th\u1ea5p h\u01a1n. \u0110\u00e2y l\u00e0 gi\u1ea3i ph\u00e1p l\u00fd t\u01b0\u1edfng cho c\u00e1c nh\u00e0 m\u00e1y ch\u1ebf bi\u1ebfn g\u1ed7 mu\u1ed1n n\u00e2ng c\u1ea5p c\u00f4ng ngh\u1ec7 s\u1ea3n xu\u1ea5t v\u00e0 n\u00e2ng cao kh\u1ea3 n\u0103ng c\u1ea1nh tranh trong ng\u00e0nh v\u00e1n \u00e9p.<\/p>","protected":false},"excerpt":{"rendered":"<p>M\u00e1y r\u1ea3i b\u1ed9t tr\u00e9t v\u00e1n \u00e9p l\u00e0 thi\u1ebft b\u1ecb chuy\u00ean d\u1ee5ng \u0111\u01b0\u1ee3c thi\u1ebft k\u1ebf \u0111\u1ec3 r\u1ea3i \u0111\u1ec1u b\u1ed9t tr\u00e9t l\u00ean b\u1ec1 m\u1eb7t v\u00e1n \u00e9p tr\u01b0\u1edbc khi ch\u00e0 nh\u00e1m v\u00e0 ho\u00e0n thi\u1ec7n.<\/p>","protected":false},"featured_media":1431,"template":"","meta":{"_gspb_post_css":""},"product_brand":[],"product_cat":[64],"product_tag":[],"class_list":{"0":"post-1430","1":"product","2":"type-product","3":"status-publish","4":"has-post-thumbnail","6":"product_cat-plywood-putty-spreader-machine","8":"first","9":"instock","10":"shipping-taxable","11":"product-type-simple"},"_links":{"self":[{"href":"https:\/\/chuangxinmachinery.com\/vi\/wp-json\/wp\/v2\/product\/1430","targetHints":{"allow":["GET"]}}],"collection":[{"href":"https:\/\/chuangxinmachinery.com\/vi\/wp-json\/wp\/v2\/product"}],"about":[{"href":"https:\/\/chuangxinmachinery.com\/vi\/wp-json\/wp\/v2\/types\/product"}],"wp:featuredmedia":[{"embeddable":true,"href":"https:\/\/chuangxinmachinery.com\/vi\/wp-json\/wp\/v2\/media\/1431"}],"wp:attachment":[{"href":"https:\/\/chuangxinmachinery.com\/vi\/wp-json\/wp\/v2\/media?parent=1430"}],"wp:term":[{"taxonomy":"product_brand","embeddable":true,"href":"https:\/\/chuangxinmachinery.com\/vi\/wp-json\/wp\/v2\/product_brand?post=1430"},{"taxonomy":"product_cat","embeddable":true,"href":"https:\/\/chuangxinmachinery.com\/vi\/wp-json\/wp\/v2\/product_cat?post=1430"},{"taxonomy":"product_tag","embeddable":true,"href":"https:\/\/chuangxinmachinery.com\/vi\/wp-json\/wp\/v2\/product_tag?post=1430"}],"curies":[{"name":"wp","href":"https:\/\/api.w.org\/{rel}","templated":true}]}}