{"id":169,"date":"2025-08-14T02:05:45","date_gmt":"2025-08-14T02:05:45","guid":{"rendered":"https:\/\/chuangxinmachinery.com\/?post_type=product&#038;p=169"},"modified":"2025-09-01T06:47:07","modified_gmt":"2025-09-01T06:47:07","slug":"may-ep-nong-nhieu-lop","status":"publish","type":"product","link":"https:\/\/chuangxinmachinery.com\/vi\/product\/high-layer-hot-press-machine\/","title":{"rendered":"M\u00e1y \u00e9p n\u00f3ng nhi\u1ec1u l\u1edbp"},"content":{"rendered":"<p>M\u00e1y \u00e9p n\u00f3ng nhi\u1ec1u l\u1edbp \u0111\u01b0\u1ee3c thi\u1ebft k\u1ebf \u0111\u1ec3 li\u00ean k\u1ebft nhi\u1ec1u l\u1edbp v\u00e1n l\u1ea1ng ho\u1eb7c v\u00e1n m\u1ecfng d\u01b0\u1edbi nhi\u1ec7t \u0111\u1ed9 v\u00e0 \u00e1p su\u1ea5t cao. M\u00e1y \u0111\u1ea3m b\u1ea3o \u00e9p hi\u1ec7u qu\u1ea3 v\u00e0 \u0111\u1ed3ng \u0111\u1ec1u tr\u00ean t\u1ea5t c\u1ea3 c\u00e1c l\u1edbp, l\u00fd t\u01b0\u1edfng cho s\u1ea3n xu\u1ea5t v\u00e1n \u00e9p h\u00e0ng lo\u1ea1t.<\/p>\n<p>M\u00e1y \u00e9p n\u00f3ng nhi\u1ec1u l\u1edbp bao g\u1ed3m m\u1ed9t s\u1ed1 th\u00e0nh ph\u1ea7n ch\u00ednh c\u1ea7n thi\u1ebft cho qu\u00e1 tr\u00ecnh s\u1ea3n xu\u1ea5t v\u00e1n \u00e9p hi\u1ec7u qu\u1ea3.<\/p>\n<p><img decoding=\"async\" class=\"wp-image-1143 aligncenter\" src=\"https:\/\/chuangxinmachinery.com\/wp-content\/uploads\/2025\/05\/hot-press-machine-for-plywood.png\" alt=\"M\u00e1y \u00e9p n\u00f3ng nhi\u1ec1u l\u1edbp\" width=\"591\" height=\"332\" srcset=\"https:\/\/chuangxinmachinery.com\/wp-content\/uploads\/2025\/05\/hot-press-machine-for-plywood.png 600w, https:\/\/chuangxinmachinery.com\/wp-content\/uploads\/2025\/05\/hot-press-machine-for-plywood-300x169.png 300w, https:\/\/chuangxinmachinery.com\/wp-content\/uploads\/2025\/05\/hot-press-machine-for-plywood-18x10.png 18w\" sizes=\"(max-width: 591px) 100vw, 591px\" \/><\/p>\n<h4><em>Th\u00f4ng s\u1ed1 k\u1ef9 thu\u1eadt:<\/em><\/h4>\n<table style=\"height: 1833px\" width=\"1035\">\n<tbody>\n<tr>\n<td width=\"284\">M\u00e1y \u00e9p n\u00f3ng 20 l\u1edbp 500T<\/td>\n<td width=\"284\"><\/td>\n<\/tr>\n<tr>\n<td width=\"284\">C\u1ea5u tr\u00fac khung thi\u1ebft b\u1ecb<\/td>\n<td width=\"284\">Khung h\u00e0n:<\/p>\n<p>D\u1ea7m tr\u00ean: 1000 mm<\/p>\n<p>D\u1ea7m d\u01b0\u1edbi: 900 mm<\/p>\n<p>D\u1ea7m gi\u1eefa: 400 mm<\/td>\n<\/tr>\n<tr>\n<td width=\"284\">\u0110\u1ed9 d\u00e0y t\u1ea5m th\u00e9p khung<\/td>\n<td width=\"284\">40 mm<\/p>\n<p>Chi\u1ec1u r\u1ed9ng ch\u00e2n th\u1eb3ng \u0111\u1ee9ng khung h\u00e0n: 370 mm \u00d7 4 mi\u1ebfng<\/p>\n<p>T\u1ea5t c\u1ea3 c\u00e1c b\u1ec1 m\u1eb7t \u0111\u1ec1u \u0111\u01b0\u1ee3c gia c\u00f4ng ch\u00ednh x\u00e1c b\u1eb1ng m\u00e1y b\u00e0o.<\/td>\n<\/tr>\n<tr>\n<td width=\"284\">Kho\u1ea3ng c\u00e1ch \u00e1nh s\u00e1ng ban ng\u00e0y<\/td>\n<td width=\"284\">70mm<\/td>\n<\/tr>\n<tr>\n<td width=\"284\">K\u00edch th\u01b0\u1edbc t\u1ea5m \u00e9p n\u00f3ng<\/td>\n<td width=\"284\">2700 mm \u00d7 1370 mm \u00d7 42 mm<\/td>\n<\/tr>\n<tr>\n<td width=\"284\">R\u00e3nh tr\u01b0\u1ee3t t\u1ea5m \u00e9p<\/td>\n<td width=\"284\">H\u00ecnh thoi d\u00e0i 40 \u00d7 40, l\u00e0m b\u1eb1ng th\u00e9p mangan Q355B<\/td>\n<\/tr>\n<tr>\n<td width=\"284\">M\u1ea1ch d\u1ea7u t\u1ea5m \u00e9p n\u00f3ng<\/td>\n<td width=\"284\">T\u1ea5m \u0111\u01a1n v\u1edbi thi\u1ebft k\u1ebf hai c\u1eeda v\u00e0o v\u00e0 hai c\u1eeda ra \u0111\u1ec3 truy\u1ec1n nhi\u1ec7t \u0111\u1ed3ng \u0111\u1ec1u v\u00e0 gi\u1ea3m thi\u1ec3u ch\u00eanh l\u1ec7ch nhi\u1ec7t \u0111\u1ed9 b\u1ec1 m\u1eb7t<\/td>\n<\/tr>\n<tr>\n<td width=\"284\">S\u1ed1 l\u01b0\u1ee3ng t\u1ea5m \u00e9p n\u00f3ng<\/td>\n<td width=\"284\">21 t\u1ea5m<\/td>\n<\/tr>\n<tr>\n<td width=\"284\">\u0110\u1ed9 ph\u1eb3ng dung sai<\/td>\n<td width=\"284\">Trong v\u00f2ng 0,1 mm<\/td>\n<\/tr>\n<tr>\n<td width=\"284\">Xi lanh th\u1ee7y l\u1ef1c ch\u00ednh<\/td>\n<td width=\"284\">\u2460 M\u00f4 h\u00ecnh: 260 \u00d7 1400 mm<\/p>\n<p>\u2461 Xu\u1ea5t x\u1ee9 xi lanh: Chenfeng, V\u00f4 T\u00edch<\/p>\n<p>\u2462 V\u1eadt li\u1ec7u xi lanh: Th\u00e2n xi lanh b\u1eb1ng th\u00e9p \u0111\u00fac, p\u00edt t\u00f4ng h\u1ee3p kim, k\u1ebft c\u1ea5u t\u00f4i r\u1eafn ch\u1eafc, ch\u1ed1ng m\u00e0i m\u00f2n v\u00e0 kh\u00f4ng tr\u1ea7y x\u01b0\u1edbc<\/p>\n<p>\u2463 S\u1ed1 l\u01b0\u1ee3ng: 4 chi\u1ebfc<\/p>\n<p>\u2464 \u00c1p su\u1ea5t l\u00e0m vi\u1ec7c \u0111\u1ecbnh m\u1ee9c: 26 MPa<\/td>\n<\/tr>\n<tr>\n<td width=\"284\">H\u1ec7 th\u1ed1ng th\u1ee7y l\u1ef1c<\/td>\n<td width=\"284\">Tr\u1ea1m th\u1ee7y l\u1ef1c ti\u00eau chu\u1ea9n kh\u00f4ng g\u00e2y \u00f4 nhi\u1ec5m<\/p>\n<p>\u2460 Van th\u1ee7y l\u1ef1c \u0110\u00e0i Loan Jiugang<\/p>\n<p>\u2461 B\u01a1m c\u00e1nh g\u1ea1t hi\u1ec7u su\u1ea5t cao<\/p>\n<p>\u2462 Xu\u1ea5t x\u1ee9 b\u01a1m d\u1ea7u: Th\u01b0\u1ee3ng H\u1ea3i<\/td>\n<\/tr>\n<tr>\n<td width=\"284\">Ph\u01b0\u01a1ng ph\u00e1p gia nhi\u1ec7t<\/td>\n<td width=\"284\">D\u1ea7u nhi\u1ec7t \/ H\u01a1i n\u01b0\u1edbc<\/td>\n<\/tr>\n<tr>\n<td width=\"284\">\u0110\u1ed9ng c\u01a1<\/td>\n<td width=\"284\">\u2460 M\u00f4 h\u00ecnh \u0111\u1ed9ng c\u01a1 b\u01a1m \u00e1p su\u1ea5t th\u1ea5p: 11KW-4<\/p>\n<p>\u2461 S\u1ed1 l\u01b0\u1ee3ng \u0111\u1ed9ng c\u01a1 b\u01a1m \u00e1p su\u1ea5t th\u1ea5p: 2 chi\u1ebfc<\/p>\n<p>\u2462 M\u00f4 h\u00ecnh \u0111\u1ed9ng c\u01a1 b\u01a1m cao \u00e1p: 7.5KW-4<\/p>\n<p>\u2463 S\u1ed1 l\u01b0\u1ee3ng \u0111\u1ed9ng c\u01a1 b\u01a1m cao \u00e1p: 1 chi\u1ebfc<\/td>\n<\/tr>\n<tr>\n<td width=\"284\">H\u1ec7 th\u1ed1ng \u0111i\u1ec1u khi\u1ec3n<\/td>\n<td width=\"284\">Ph\u01b0\u01a1ng ph\u00e1p \u0111i\u1ec1u khi\u1ec3n: \u0110i\u1ec1u khi\u1ec3n ch\u01b0\u01a1ng tr\u00ecnh m\u00e1y t\u00ednh ho\u00e0n to\u00e0n t\u1ef1 \u0111\u1ed9ng PLC<\/td>\n<\/tr>\n<\/tbody>\n<\/table>\n<h4><strong><b><em>\u0110\u1eb7c tr\u01b0ng<\/em>:<\/b><\/strong><\/h4>\n<p><strong><b>H\u1ec7 th\u1ed1ng \u00e9p nhi\u1ec1u l\u1edbp<\/b><\/strong>\u2013 \u0110\u01b0\u1ee3c thi\u1ebft k\u1ebf \u0111\u1ec3 \u00e9p t\u1eeb 10 \u0111\u1ebfn 20 l\u1edbp c\u00f9ng l\u00fac, l\u00fd t\u01b0\u1edfng cho s\u1ea3n xu\u1ea5t v\u00e1n \u00e9p quy m\u00f4 l\u1edbn.<\/p>\n<p><strong><b>H\u1ec7 th\u1ed1ng th\u1ee7y l\u1ef1c<\/b><\/strong>\u2013 \u0110\u1ea3m b\u1ea3o ph\u00e2n ph\u1ed1i \u00e1p su\u1ea5t m\u1ea1nh m\u1ebd v\u00e0 \u1ed5n \u0111\u1ecbnh trong su\u1ed1t chu tr\u00ecnh \u00e9p.<\/p>\n<p><strong><b>B\u1ea3ng \u0111i\u1ec1u khi\u1ec3n PLC<\/b><\/strong>\u2013 Cho ph\u00e9p theo d\u00f5i th\u1eddi gian th\u1ef1c v\u00e0 ki\u1ec3m so\u00e1t ch\u00ednh x\u00e1c nhi\u1ec7t \u0111\u1ed9, \u00e1p su\u1ea5t v\u00e0 th\u1eddi gian \u00e9p.<\/p>\n<p><strong><b>C\u1ea5u tr\u00fac khung ch\u1ecbu l\u1ef1c n\u1eb7ng<\/b><\/strong>\u2013 Th\u00e2n m\u00e1y ch\u1eafc ch\u1eafn v\u00e0 ch\u1ed1ng rung \u0111\u1ea3m b\u1ea3o hi\u1ec7u su\u1ea5t l\u00e2u d\u00e0i khi s\u1eed d\u1ee5ng nhi\u1ec1u.<\/p>\n<p><strong><b>T\u1ef1 \u0111\u1ed9ng n\u1ea1p\/d\u1ee1 h\u00e0ng<\/b><\/strong>\u2013 \u0110\u01a1n gi\u1ea3n h\u00f3a quy tr\u00ecnh x\u1eed l\u00fd v\u1eadt li\u1ec7u, c\u1ea3i thi\u1ec7n quy tr\u00ecnh l\u00e0m vi\u1ec7c v\u00e0 an to\u00e0n.<\/p>\n<p><img decoding=\"async\" class=\"wp-image-1307 aligncenter\" src=\"https:\/\/chuangxinmachinery.com\/wp-content\/uploads\/2025\/05\/plywood-hot-pressing-1024x762.png\" alt=\"v\u00e1n \u00e9p n\u00f3ng\" width=\"590\" height=\"439\" srcset=\"https:\/\/chuangxinmachinery.com\/wp-content\/uploads\/2025\/05\/plywood-hot-pressing-1024x762.png 1024w, https:\/\/chuangxinmachinery.com\/wp-content\/uploads\/2025\/05\/plywood-hot-pressing-300x223.png 300w, https:\/\/chuangxinmachinery.com\/wp-content\/uploads\/2025\/05\/plywood-hot-pressing-768x572.png 768w, https:\/\/chuangxinmachinery.com\/wp-content\/uploads\/2025\/05\/plywood-hot-pressing-1536x1143.png 1536w, https:\/\/chuangxinmachinery.com\/wp-content\/uploads\/2025\/05\/plywood-hot-pressing-16x12.png 16w, https:\/\/chuangxinmachinery.com\/wp-content\/uploads\/2025\/05\/plywood-hot-pressing-600x447.png 600w, https:\/\/chuangxinmachinery.com\/wp-content\/uploads\/2025\/05\/plywood-hot-pressing.png 1716w\" sizes=\"(max-width: 590px) 100vw, 590px\" \/><\/p>\n<h4><em>Thu\u1eadn l\u1ee3i:<\/em><\/h4>\n<p><strong><b>Hi\u1ec7u qu\u1ea3 s\u1ea3n xu\u1ea5t cao<\/b><\/strong>\u00a0\u2013 C\u00f3 kh\u1ea3 n\u0103ng \u00e9p nhi\u1ec1u l\u1edbp v\u00e1n \u00e9p c\u00f9ng l\u00fac, t\u0103ng \u0111\u00e1ng k\u1ec3 n\u0103ng su\u1ea5t v\u00e0 gi\u1ea3m th\u1eddi gian gia c\u00f4ng.<\/p>\n<p><strong><b>Ch\u1ea5t l\u01b0\u1ee3ng li\u00ean k\u1ebft \u0111\u1ed3ng \u0111\u1ec1u <\/b><\/strong>\u2013 Truy\u1ec1n nhi\u1ec7t v\u00e0 \u00e1p su\u1ea5t \u0111\u1ed3ng \u0111\u1ec1u tr\u00ean t\u1ea5t c\u1ea3 c\u00e1c l\u1edbp, \u0111\u1ea3m b\u1ea3o \u0111\u1ed9 b\u00e1m d\u00ednh m\u1ea1nh m\u1ebd v\u00e0 c\u1ea3i thi\u1ec7n \u0111\u1ed9 b\u1ec1n c\u1ee7a s\u1ea3n ph\u1ea9m.<\/p>\n<p><strong><b>Gi\u1ea3m chi ph\u00ed lao \u0111\u1ed9ng<\/b><\/strong>\u00a0\u2013 T\u1ef1 \u0111\u1ed9ng n\u1ea1p, \u00e9p v\u00e0 d\u1ee1 h\u00e0ng gi\u00fap gi\u1ea3m thi\u1ec3u vi\u1ec7c x\u1eed l\u00fd th\u1ee7 c\u00f4ng v\u00e0 gi\u1ea3m nhu c\u1ea7u lao \u0111\u1ed9ng.<\/p>\n<p><strong><b>Ho\u1ea1t \u0111\u1ed9ng ti\u1ebft ki\u1ec7m n\u0103ng l\u01b0\u1ee3ng<\/b><\/strong>\u00a0\u2013 H\u1ec7 th\u1ed1ng nhi\u1ec7t ti\u00ean ti\u1ebfn t\u1ed1i \u01b0u h\u00f3a vi\u1ec7c s\u1eed d\u1ee5ng n\u0103ng l\u01b0\u1ee3ng trong khi v\u1eabn duy tr\u00ec hi\u1ec7u su\u1ea5t \u1ed5n \u0111\u1ecbnh.<\/p>\n<p><strong><b>\u0110\u00e1ng tin c\u1eady cho ho\u1ea1t \u0111\u1ed9ng li\u00ean t\u1ee5c<\/b><\/strong>\u00a0\u2013 \u0110\u01b0\u1ee3c thi\u1ebft k\u1ebf \u0111\u1ec3 c\u00f3 \u0111\u1ed9 b\u1ec1n cao v\u00e0 s\u1eed d\u1ee5ng trong c\u00f4ng nghi\u1ec7p 24\/7, gi\u1ea3m thi\u1ec3u th\u1eddi gian ch\u1ebft v\u00e0 t\u1ed1i \u0111a h\u00f3a n\u0103ng su\u1ea5t nh\u00e0 m\u00e1y.<\/p>","protected":false},"excerpt":{"rendered":"<p>C\u00e1c <a href=\"https:\/\/chuangxinmachinery.com\/vi\/product\/may-ep-nong-nhieu-lop\/\">M\u00e1y \u00e9p n\u00f3ng nhi\u1ec1u l\u1edbp<\/a> M\u00e1y mang l\u1ea1i hi\u1ec7u su\u1ea5t v\u01b0\u1ee3t tr\u1ed9i, cho ph\u00e9p \u00e9p \u0111\u1ed3ng th\u1eddi nhi\u1ec1u t\u1ea5m g\u1ed7, t\u0103ng n\u0103ng su\u1ea5t v\u00e0 gi\u1ea3m th\u1eddi gian chu k\u1ef3. H\u1ec7 th\u1ed1ng th\u1ee7y l\u1ef1c ti\u00ean ti\u1ebfn \u0111\u1ea3m b\u1ea3o \u00e1p su\u1ea5t v\u00e0 nhi\u1ec7t \u0111\u1ed9 \u0111\u1ed3ng \u0111\u1ec1u tr\u00ean t\u1ea5t c\u1ea3 c\u00e1c l\u1edbp, mang l\u1ea1i s\u1ea3n ph\u1ea9m ch\u1ea5t l\u01b0\u1ee3ng cao v\u00e0 \u1ed5n \u0111\u1ecbnh. V\u1edbi h\u1ec7 th\u1ed1ng n\u1ea1p v\u00e0 d\u1ee1 t\u1ef1 \u0111\u1ed9ng, m\u00e1y gi\u1ea3m c\u01b0\u1eddng \u0111\u1ed9 lao \u0111\u1ed9ng v\u00e0 c\u1ea3i thi\u1ec7n quy tr\u00ecnh l\u00e0m vi\u1ec7c. M\u00e1y \u0111\u01b0\u1ee3c ch\u1ebf t\u1ea1o v\u1edbi khung m\u00e1y ch\u1eafc ch\u1eafn, b\u1ec1n b\u1ec9 v\u00e0 \u00edt c\u1ea7n b\u1ea3o tr\u00ec. H\u1ec7 th\u1ed1ng \u0111i\u1ec1u khi\u1ec3n k\u1ef9 thu\u1eadt s\u1ed1 cho ph\u00e9p v\u1eadn h\u00e0nh ch\u00ednh x\u00e1c v\u00e0 gi\u00e1m s\u00e1t theo th\u1eddi gian th\u1ef1c, n\u00e2ng cao \u0111\u1ed9 ch\u00ednh x\u00e1c s\u1ea3n xu\u1ea5t v\u00e0 hi\u1ec7u qu\u1ea3 n\u0103ng l\u01b0\u1ee3ng. S\u1ed1 l\u01b0\u1ee3ng v\u00e0 k\u00edch th\u01b0\u1edbc l\u1edbp g\u1ed7 c\u00f3 th\u1ec3 t\u00f9y ch\u1ec9nh gi\u00fap m\u00e1y \u0111\u00e1p \u1ee9ng c\u00e1c y\u00eau c\u1ea7u s\u1ea3n xu\u1ea5t kh\u00e1c nhau trong ng\u00e0nh c\u00f4ng nghi\u1ec7p g\u1ed7 \u1ed1p l\u00e1t v\u00e0 \u0111\u1ed3 n\u1ed9i th\u1ea5t.<\/p>","protected":false},"featured_media":1253,"template":"","meta":{"_gspb_post_css":""},"product_brand":[],"product_cat":[24,20,17],"product_tag":[44,45],"class_list":{"0":"post-169","1":"product","2":"type-product","3":"status-publish","4":"has-post-thumbnail","6":"product_cat-hot-press-machine","7":"product_cat-pressing-machine","8":"product_cat-wood-based-panel-machine","9":"product_tag-hot-press-machine","10":"product_tag-plywood-hot-press-machine","12":"first","13":"instock","14":"shipping-taxable","15":"product-type-simple"},"_links":{"self":[{"href":"https:\/\/chuangxinmachinery.com\/vi\/wp-json\/wp\/v2\/product\/169","targetHints":{"allow":["GET"]}}],"collection":[{"href":"https:\/\/chuangxinmachinery.com\/vi\/wp-json\/wp\/v2\/product"}],"about":[{"href":"https:\/\/chuangxinmachinery.com\/vi\/wp-json\/wp\/v2\/types\/product"}],"wp:featuredmedia":[{"embeddable":true,"href":"https:\/\/chuangxinmachinery.com\/vi\/wp-json\/wp\/v2\/media\/1253"}],"wp:attachment":[{"href":"https:\/\/chuangxinmachinery.com\/vi\/wp-json\/wp\/v2\/media?parent=169"}],"wp:term":[{"taxonomy":"product_brand","embeddable":true,"href":"https:\/\/chuangxinmachinery.com\/vi\/wp-json\/wp\/v2\/product_brand?post=169"},{"taxonomy":"product_cat","embeddable":true,"href":"https:\/\/chuangxinmachinery.com\/vi\/wp-json\/wp\/v2\/product_cat?post=169"},{"taxonomy":"product_tag","embeddable":true,"href":"https:\/\/chuangxinmachinery.com\/vi\/wp-json\/wp\/v2\/product_tag?post=169"}],"curies":[{"name":"wp","href":"https:\/\/api.w.org\/{rel}","templated":true}]}}