{"id":175,"date":"2025-08-14T02:06:54","date_gmt":"2025-08-14T02:06:54","guid":{"rendered":"https:\/\/chuangxinmachinery.com\/?post_type=product&#038;p=175"},"modified":"2025-09-01T06:46:54","modified_gmt":"2025-09-01T06:46:54","slug":"may-ep-nong","status":"publish","type":"product","link":"https:\/\/chuangxinmachinery.com\/vi\/product\/hot-press-machine\/","title":{"rendered":"M\u00e1y \u00e9p n\u00f3ng"},"content":{"rendered":"<h4>M\u00e1y \u00e9p n\u00f3ng v\u00e1n \u00e9p<\/h4>\n<p>V\u00e1n \u00e9p <a href=\"https:\/\/chuangxinmachinery.com\/vi\/product-category\/may-lam-van-go\/may-ep\/may-ep-nong\/\">m\u00e1y \u00e9p n\u00f3ng<\/a> li\u00ean k\u1ebft c\u00e1c l\u1edbp g\u1ed7 d\u00e1n b\u1eb1ng nhi\u1ec7t v\u00e0 \u00e1p su\u1ea5t, \u0111\u1ea3m b\u1ea3o \u0111\u1ed9 b\u00e1m d\u00ednh ch\u1eafc ch\u1eafn, b\u1ec1 m\u1eb7t nh\u1eb5n v\u00e0 hi\u1ec7u qu\u1ea3 s\u1ea3n xu\u1ea5t cao trong quy tr\u00ecnh s\u1ea3n xu\u1ea5t g\u1ed7 d\u00e1n.<\/p>\n<p><a href=\"https:\/\/chuangxinmachinery.com\/vi\/product-category\/may-lam-van-go\/may-ep\/\"><img decoding=\"async\" class=\"wp-image-1145 size-full\" src=\"https:\/\/chuangxinmachinery.com\/wp-content\/uploads\/2025\/05\/IMG20200725112643.jpg\" alt=\"Nh\u00e0 s\u1ea3n xu\u1ea5t m\u00e1y \u00e9p n\u00f3ng v\u00e1n \u00e9p\" width=\"800\" height=\"600\" srcset=\"https:\/\/chuangxinmachinery.com\/wp-content\/uploads\/2025\/05\/IMG20200725112643.jpg 800w, https:\/\/chuangxinmachinery.com\/wp-content\/uploads\/2025\/05\/IMG20200725112643-300x225.jpg 300w, https:\/\/chuangxinmachinery.com\/wp-content\/uploads\/2025\/05\/IMG20200725112643-768x576.jpg 768w, https:\/\/chuangxinmachinery.com\/wp-content\/uploads\/2025\/05\/IMG20200725112643-16x12.jpg 16w, https:\/\/chuangxinmachinery.com\/wp-content\/uploads\/2025\/05\/IMG20200725112643-600x450.jpg 600w\" sizes=\"(max-width: 800px) 100vw, 800px\" \/><\/a><\/p>\n<h4><em>Th\u00f4ng s\u1ed1 k\u1ef9 thu\u1eadt:<\/em><\/h4>\n<table style=\"height: 1925px;\" width=\"808\">\n<tbody>\n<tr>\n<td colspan=\"2\" width=\"627\"><strong><b>Th\u00f4ng s\u1ed1 k\u1ef9 thu\u1eadt ch\u00ednh v\u00e0 b\u00e1o gi\u00e1<\/b><\/strong><\/td>\n<\/tr>\n<tr>\n<td colspan=\"2\" width=\"627\"><strong><b>M\u00e1y \u00e9p n\u00f3ng 10 l\u1edbp 11 m\u1eb7t 600T<\/b><\/strong><strong><b>;<\/b><\/strong><strong><b>\u00a0K\u00edch th\u01b0\u1edbc t\u1ea5m: 1370 \u00d7 2700 mm<\/b><\/strong><\/td>\n<\/tr>\n<tr>\n<td width=\"194\">T\u1ed5ng \u00e1p su\u1ea5t<\/td>\n<td width=\"433\">600T<\/td>\n<\/tr>\n<tr>\n<td width=\"194\">C\u1ea5u tr\u00fac khung m\u00e1y<\/td>\n<td width=\"433\">Khung k\u1ebft h\u1ee3p: D\u1ea7m tr\u00ean: 950 mm, D\u1ea7m d\u01b0\u1edbi: 900 mm, D\u1ea7m gi\u1eefa: 400 mm<\/td>\n<\/tr>\n<tr>\n<td width=\"194\">\u0110\u1ed9 d\u00e0y t\u1ea5m th\u00e9p khung<\/td>\n<td width=\"433\">40 mm; Chi\u1ec1u r\u1ed9ng ch\u00e2n th\u1eb3ng \u0111\u1ee9ng: 400 mm \u00d7 4 \u0111\u01a1n v\u1ecb, t\u1ea5t c\u1ea3 c\u00e1c b\u1ec1 m\u1eb7t \u0111\u01b0\u1ee3c gia c\u00f4ng ch\u00ednh x\u00e1c b\u1eb1ng m\u00e1y b\u00e0o.<\/td>\n<\/tr>\n<tr>\n<td width=\"194\">Kho\u1ea3ng c\u00e1ch gi\u1eefa c\u00e1c t\u1ea5m<\/td>\n<td width=\"433\">100mm<\/td>\n<\/tr>\n<tr>\n<td width=\"194\">K\u00edch th\u01b0\u1edbc m\u1eb7t \u00e9p n\u00f3ng<\/td>\n<td width=\"433\">1370*2700*42mm<\/td>\n<\/tr>\n<tr>\n<td width=\"194\">M\u1ea1ch d\u1ea7u \u00e9p n\u00f3ng<\/td>\n<td width=\"433\">M\u1eb7t b\u00e0n c\u00f3 thi\u1ebft k\u1ebf hai c\u1eeda v\u00e0o v\u00e0 hai c\u1eeda ra \u0111\u1ec3 truy\u1ec1n nhi\u1ec7t \u0111\u1ed3ng \u0111\u1ec1u v\u00e0 gi\u1ea3m thi\u1ec3u s\u1ef1 thay \u0111\u1ed5i nhi\u1ec7t \u0111\u1ed9 b\u1ec1 m\u1eb7t.<\/td>\n<\/tr>\n<tr>\n<td width=\"194\">S\u1ed1 l\u01b0\u1ee3ng m\u00e2m \u00e9p n\u00f3ng<\/td>\n<td width=\"433\">11 mi\u1ebfng, \u0111\u1ed9 ph\u1eb3ng b\u1ec1 m\u1eb7t sai s\u1ed1 trong v\u00f2ng 0,1 mm.<\/td>\n<\/tr>\n<tr>\n<td width=\"194\">Xi lanh th\u1ee7y l\u1ef1c ch\u00ednh<\/td>\n<td width=\"433\">M\u00f4 h\u00ecnh: 220 mm \u00d7 1000 mm<\/td>\n<\/tr>\n<tr>\n<td width=\"194\"><\/td>\n<td width=\"433\">Xu\u1ea5t x\u1ee9: V\u00f4 T\u00edch Chenfeng<\/td>\n<\/tr>\n<tr>\n<td width=\"194\"><\/td>\n<td width=\"433\">V\u1eadt li\u1ec7u: Th\u00e2n xi lanh b\u1eb1ng th\u00e9p \u0111\u00fac, p\u00edt-t\u00f4ng h\u1ee3p kim, l\u00f5i \u0111\u1eb7c, ch\u1ed1ng tr\u1ea7y x\u01b0\u1edbc<\/td>\n<\/tr>\n<tr>\n<td width=\"194\"><\/td>\n<td width=\"433\">S\u1ed1 l\u01b0\u1ee3ng: 6 \u0111\u01a1n v\u1ecb<\/td>\n<\/tr>\n<tr>\n<td width=\"194\"><\/td>\n<td width=\"433\">\u00c1p su\u1ea5t l\u00e0m vi\u1ec7c \u0111\u1ecbnh m\u1ee9c: 26MPa<\/td>\n<\/tr>\n<tr>\n<td width=\"194\">Ph\u01b0\u01a1ng ph\u00e1p gia nhi\u1ec7t<\/td>\n<td width=\"433\">D\u1ea7u nhi\u1ec7t<\/td>\n<\/tr>\n<tr>\n<td width=\"194\">H\u1ec7 th\u1ed1ng th\u1ee7y l\u1ef1c<\/td>\n<td width=\"433\">Tr\u1ea1m th\u1ee7y l\u1ef1c ti\u00eau chu\u1ea9n kh\u00f4ng g\u00e2y \u00f4 nhi\u1ec5m<\/td>\n<\/tr>\n<tr>\n<td width=\"194\"><\/td>\n<td width=\"433\">Van th\u1ee7y l\u1ef1c \u0110\u00e0i Loan Jiugang<\/td>\n<\/tr>\n<tr>\n<td width=\"194\"><\/td>\n<td width=\"433\">B\u01a1m p\u00edt t\u00f4ng 25MC<\/td>\n<\/tr>\n<tr>\n<td width=\"194\"><\/td>\n<td width=\"433\">Ngu\u1ed3n g\u1ed1c m\u00e1y b\u01a1m: Th\u01b0\u1ee3ng H\u1ea3i<\/td>\n<\/tr>\n<tr>\n<td width=\"194\"><\/td>\n<td width=\"433\">S\u1ed1 l\u01b0\u1ee3ng m\u00e1y b\u01a1m \u00e1p su\u1ea5t th\u1ea5p nhanh: 2 m\u00e1y<\/td>\n<\/tr>\n<tr>\n<td width=\"194\">\u0110\u1ed9ng c\u01a1<\/td>\n<td width=\"433\">Model \u0111\u1ed9ng c\u01a1 b\u01a1m nhanh: 11KW-4<\/td>\n<\/tr>\n<tr>\n<td width=\"194\"><\/td>\n<td width=\"433\">S\u1ed1 l\u01b0\u1ee3ng \u0111\u1ed9ng c\u01a1 b\u01a1m d\u1ea7u: 2 chi\u1ebfc<\/td>\n<\/tr>\n<tr>\n<td width=\"194\"><\/td>\n<td width=\"433\">Model \u0111\u1ed9ng c\u01a1 b\u01a1m cao \u00e1p: 7.5KW-4<\/td>\n<\/tr>\n<tr>\n<td width=\"194\"><\/td>\n<td width=\"433\">S\u1ed1 l\u01b0\u1ee3ng: 1 \u0111\u01a1n v\u1ecb<\/td>\n<\/tr>\n<tr>\n<td width=\"194\"><\/td>\n<td width=\"433\">Xu\u1ea5t x\u1ee9: S\u01a1n \u0110\u00f4ng<\/td>\n<\/tr>\n<tr>\n<td width=\"194\"><\/td>\n<td width=\"433\">C\u00e1c linh ki\u1ec7n \u0111i\u1ec7n kh\u00e1c: Schneider<\/td>\n<\/tr>\n<tr>\n<td width=\"194\">H\u1ec7 th\u1ed1ng \u0111i\u1ec1u khi\u1ec3n<\/td>\n<td width=\"433\">Ph\u01b0\u01a1ng ph\u00e1p \u0111i\u1ec1u khi\u1ec3n: \u0110i\u1ec1u khi\u1ec3n ho\u00e0n to\u00e0n t\u1ef1 \u0111\u1ed9ng b\u1eb1ng PLC v\u1edbi 6 giai \u0111o\u1ea1n gi\u1ea3m \u00e1p su\u1ea5t v\u00e0 x\u1ea3 h\u01a1i \u1ea9m<\/td>\n<\/tr>\n<tr>\n<td width=\"194\">T\u1ed5ng c\u00f4ng su\u1ea5t l\u1eafp \u0111\u1eb7t<\/td>\n<td width=\"433\">29,5KW-4<\/td>\n<\/tr>\n<\/tbody>\n<\/table>\n<h4><em>\u0110\u1eb7c tr\u01b0ng:<\/em><\/h4>\n<p><strong>Ki\u1ec3m so\u00e1t nhi\u1ec7t \u0111\u1ed9 v\u00e0 \u00e1p su\u1ea5t ch\u00ednh x\u00e1c<\/strong> \u2013 H\u1ec7 th\u1ed1ng \u0111i\u1ec1u khi\u1ec3n ti\u00ean ti\u1ebfn duy tr\u00ec \u0111i\u1ec1u ki\u1ec7n \u00e9p \u1ed5n \u0111\u1ecbnh \u0111\u1ec3 c\u00f3 ch\u1ea5t l\u01b0\u1ee3ng \u0111\u1ed3ng nh\u1ea5t.<\/p>\n<p><strong>C\u1ea5u tr\u00fac khung ch\u1eafc ch\u1eafn<\/strong> \u2013 \u0110\u01b0\u1ee3c ch\u1ebf t\u1ea1o b\u1eb1ng th\u00e9p ch\u1ecbu l\u1ef1c \u0111\u1ec3 c\u00f3 \u0111\u1ed9 \u1ed5n \u0111\u1ecbnh v\u00e0 \u0111\u1ed9 b\u1ec1n l\u00e2u d\u00e0i khi ho\u1ea1t \u0111\u1ed9ng li\u00ean t\u1ee5c.<\/p>\n<p><strong>T\u00f9y ch\u1ecdn s\u01b0\u1edfi \u1ea5m linh ho\u1ea1t<\/strong> \u2013 H\u1ed7 tr\u1ee3 h\u1ec7 th\u1ed1ng gia nhi\u1ec7t b\u1eb1ng d\u1ea7u, h\u01a1i n\u01b0\u1edbc ho\u1eb7c \u0111i\u1ec7n \u0111\u1ec3 \u0111\u00e1p \u1ee9ng c\u00e1c y\u00eau c\u1ea7u s\u1ea3n xu\u1ea5t kh\u00e1c nhau.<\/p>","protected":false},"excerpt":{"rendered":"<p>M\u00e1y \u00e9p n\u00f3ng v\u00e1n \u00e9p mang l\u1ea1i hi\u1ec7u su\u1ea5t cao v\u00e0 hi\u1ec7u su\u1ea5t \u00e9p v\u01b0\u1ee3t tr\u1ed9i cho c\u00e1c t\u1ea5m g\u1ed7, v\u00e1n \u00e9p v\u00e0 v\u1eadt li\u1ec7u composite. M\u00e1y \u0111\u1ea3m b\u1ea3o ph\u00e2n ph\u1ed1i nhi\u1ec7t v\u00e0 \u00e1p su\u1ea5t \u0111\u1ed3ng \u0111\u1ec1u, t\u1ea1o ra b\u1ec1 m\u1eb7t nh\u1eb5n m\u1ecbn v\u00e0 li\u00ean k\u1ebft ch\u1eafc ch\u1eafn. \u0110\u01b0\u1ee3c trang b\u1ecb h\u1ec7 th\u1ed1ng th\u1ee7y l\u1ef1c ti\u00ean ti\u1ebfn v\u00e0 b\u1ed9 \u0111i\u1ec1u khi\u1ec3n nhi\u1ec7t \u0111\u1ed9 k\u1ef9 thu\u1eadt s\u1ed1, m\u00e1y v\u1eadn h\u00e0nh ch\u00ednh x\u00e1c v\u00e0 ch\u1ea5t l\u01b0\u1ee3ng \u1ed5n \u0111\u1ecbnh. K\u1ebft c\u1ea5u ch\u1eafc ch\u1eafn c\u1ee7a m\u00e1y mang l\u1ea1i \u0111\u1ed9 b\u1ec1n l\u00e2u d\u00e0i v\u1edbi chi ph\u00ed b\u1ea3o tr\u00ec t\u1ed1i thi\u1ec3u. C\u00e1c t\u00ednh n\u0103ng t\u1ef1 \u0111\u1ed9ng nh\u01b0 h\u1ec7 th\u1ed1ng n\u1ea1p v\u00e0 d\u1ee1 h\u00e0ng gi\u00fap gi\u1ea3m chi ph\u00ed nh\u00e2n c\u00f4ng v\u00e0 n\u00e2ng cao n\u0103ng su\u1ea5t. Thi\u1ebft k\u1ebf linh ho\u1ea1t cho ph\u00e9p t\u00f9y ch\u1ec9nh d\u1ef1a tr\u00ean nhu c\u1ea7u s\u1ea3n xu\u1ea5t, l\u00fd t\u01b0\u1edfng cho c\u00e1c ng\u00e0nh s\u1ea3n xu\u1ea5t \u0111\u1ed3 n\u1ed9i th\u1ea5t, s\u00e0n nh\u00e0 v\u00e0 v\u1eadt li\u1ec7u x\u00e2y d\u1ef1ng.<\/p>","protected":false},"featured_media":1249,"template":"","meta":{"_gspb_post_css":""},"product_brand":[],"product_cat":[24,20,17],"product_tag":[44,45],"class_list":{"0":"post-175","1":"product","2":"type-product","3":"status-publish","4":"has-post-thumbnail","6":"product_cat-hot-press-machine","7":"product_cat-pressing-machine","8":"product_cat-wood-based-panel-machine","9":"product_tag-hot-press-machine","10":"product_tag-plywood-hot-press-machine","12":"first","13":"instock","14":"shipping-taxable","15":"product-type-simple"},"_links":{"self":[{"href":"https:\/\/chuangxinmachinery.com\/vi\/wp-json\/wp\/v2\/product\/175","targetHints":{"allow":["GET"]}}],"collection":[{"href":"https:\/\/chuangxinmachinery.com\/vi\/wp-json\/wp\/v2\/product"}],"about":[{"href":"https:\/\/chuangxinmachinery.com\/vi\/wp-json\/wp\/v2\/types\/product"}],"wp:featuredmedia":[{"embeddable":true,"href":"https:\/\/chuangxinmachinery.com\/vi\/wp-json\/wp\/v2\/media\/1249"}],"wp:attachment":[{"href":"https:\/\/chuangxinmachinery.com\/vi\/wp-json\/wp\/v2\/media?parent=175"}],"wp:term":[{"taxonomy":"product_brand","embeddable":true,"href":"https:\/\/chuangxinmachinery.com\/vi\/wp-json\/wp\/v2\/product_brand?post=175"},{"taxonomy":"product_cat","embeddable":true,"href":"https:\/\/chuangxinmachinery.com\/vi\/wp-json\/wp\/v2\/product_cat?post=175"},{"taxonomy":"product_tag","embeddable":true,"href":"https:\/\/chuangxinmachinery.com\/vi\/wp-json\/wp\/v2\/product_tag?post=175"}],"curies":[{"name":"wp","href":"https:\/\/api.w.org\/{rel}","templated":true}]}}