{"id":1755,"date":"2025-05-28T06:50:05","date_gmt":"2025-05-28T06:50:05","guid":{"rendered":"https:\/\/chuangxinmachinery.com\/?post_type=product&#038;p=1755"},"modified":"2026-03-28T02:58:14","modified_gmt":"2026-03-28T02:58:14","slug":"high-quality-glue-mixer-machine","status":"publish","type":"product","link":"https:\/\/chuangxinmachinery.com\/vi\/product\/high-quality-glue-mixer-machine\/","title":{"rendered":"V\u00e1n \u00e9p Keo Mixer"},"content":{"rendered":"<p>M\u00e1y tr\u1ed9n keo d\u00e1n v\u00e1n \u00e9p c\u00f4ng nghi\u1ec7p c\u1ee7a ch\u00fang t\u00f4i \u0111\u01b0\u1ee3c thi\u1ebft k\u1ebf \u0111\u1eb7c bi\u1ec7t cho c\u00e1c nh\u00e0 m\u00e1y s\u1ea3n xu\u1ea5t v\u00e1n \u00e9p \u0111\u1ea7u ra cao \u0111\u00f2i h\u1ecfi t\u1ef7 l\u1ec7 keo ch\u00ednh x\u00e1c, t\u1ed1c \u0111\u1ed9 tr\u1ed9n nhanh v\u00e0 hi\u1ec7u su\u1ea5t keo nh\u1ea5t qu\u00e1n. cho d\u00f9 b\u1ea1n \u0111ang s\u1ea3n xu\u1ea5t v\u00e1n \u00e9p th\u01b0\u01a1ng m\u1ea1i, v\u00e1n \u00e9p m\u1eb7t phim, v\u00e1n kh\u1ed1i, ho\u1eb7c LVL, h\u1ec7 th\u1ed1ng tr\u1ed9n keo n\u00e0y \u0111\u1ea3m b\u1ea3o li\u00ean k\u1ebft \u0111\u1ed3ng \u0111\u1ec1u v\u00e0 c\u1ea3i thi\u1ec7n hi\u1ec7u qu\u1ea3 s\u1ea3n xu\u1ea5t.<\/p>\n<p><img decoding=\"async\" class=\"wp-image-1756\" src=\"https:\/\/chuangxinmachinery.com\/wp-content\/uploads\/2026\/03\/plywood-glue-mixer-936x1024.jpg\" alt=\"m\u00e1y tr\u1ed9n keo d\u00e1n v\u00e1n \u00e9p\" width=\"511\" height=\"559\" srcset=\"https:\/\/chuangxinmachinery.com\/wp-content\/uploads\/2026\/03\/plywood-glue-mixer-936x1024.jpg 936w, https:\/\/chuangxinmachinery.com\/wp-content\/uploads\/2026\/03\/plywood-glue-mixer-274x300.jpg 274w, https:\/\/chuangxinmachinery.com\/wp-content\/uploads\/2026\/03\/plywood-glue-mixer-768x840.jpg 768w, https:\/\/chuangxinmachinery.com\/wp-content\/uploads\/2026\/03\/plywood-glue-mixer-11x12.jpg 11w, https:\/\/chuangxinmachinery.com\/wp-content\/uploads\/2026\/03\/plywood-glue-mixer-600x657.jpg 600w, https:\/\/chuangxinmachinery.com\/wp-content\/uploads\/2026\/03\/plywood-glue-mixer.jpg 1200w\" sizes=\"(max-width: 511px) 100vw, 511px\" \/><\/p>\n<h2 data-start=\"551\" data-end=\"572\">T\u1ed5ng quan v\u1ec1 s\u1ea3n ph\u1ea9m<\/h2>\n<p data-start=\"574\" data-end=\"649\">M\u00e1y tr\u1ed9n keo d\u00e1n v\u00e1n \u00e9p \u0111\u01b0\u1ee3c s\u1eed d\u1ee5ng \u0111\u1ec3 chu\u1ea9n b\u1ecb ch\u1ea5t k\u1ebft d\u00ednh g\u1ed1c nh\u1ef1a nh\u01b0:<\/p>\n<ul data-start=\"651\" data-end=\"782\">\n<li data-start=\"651\" data-end=\"683\">\n<p data-start=\"653\" data-end=\"683\">Nh\u1ef1a Ur\u00ea-Formaldehyde (UF)<\/p>\n<\/li>\n<li data-start=\"684\" data-end=\"718\">\n<p data-start=\"686\" data-end=\"718\">Nh\u1ef1a Phenol-Formaldehyde (PF)<\/p>\n<\/li>\n<li data-start=\"719\" data-end=\"747\">\n<p data-start=\"721\" data-end=\"747\">Ch\u1ea5t k\u1ebft d\u00ednh g\u1ed1c melamine<\/p>\n<\/li>\n<li data-start=\"748\" data-end=\"782\">\n<p data-start=\"750\" data-end=\"782\">C\u00f4ng th\u1ee9c keo d\u00e1n v\u00e1n \u00e9p s\u1eeda \u0111\u1ed5i<\/p>\n<\/li>\n<\/ul>\n<p data-start=\"784\" data-end=\"927\">\u00a0 \u00a0 N\u00f3 nhanh ch\u00f3ng pha tr\u1ed9n nh\u1ef1a, ch\u1ea5t l\u00e0m c\u1ee9ng, ch\u1ea5t \u0111\u1ed9n b\u1ed9t, v\u00e0 c\u00e1c ch\u1ea5t ph\u1ee5 gia th\u00e0nh m\u1ed9t h\u1ed7n h\u1ee3p \u0111\u1ed3ng nh\u1ea5t v\u1edbi \u0111\u1ed9 nh\u1edbt \u1ed5n \u0111\u1ecbnh v\u00e0 s\u1ee9c m\u1ea1nh li\u00ean k\u1ebft tuy\u1ec7t v\u1eddi.<\/p>\n<p data-start=\"784\" data-end=\"927\">\u00a0 \u00a0 M\u1ed9t h\u1ec7 th\u1ed1ng chu\u1ea9n b\u1ecb keo \u0111\u00e1ng tin c\u1eady l\u00e0m gi\u1ea3m ch\u1ea5t th\u1ea3i keo, ng\u0103n ng\u1eeba l\u1eafng \u0111\u1ecdng, v\u00e0 c\u1ea3i thi\u1ec7n ch\u1ea5t l\u01b0\u1ee3ng b\u1ea3ng cu\u1ed1i c\u00f9ng.<\/p>\n<h2 data-start=\"1048\" data-end=\"1082\">Th\u00f4ng s\u1ed1 k\u1ef9 thu\u1eadt ch\u00ednh<\/h2>\n<p data-start=\"1084\" data-end=\"1159\"><em data-start=\"1084\" data-end=\"1159\">(T\u1ea5t c\u1ea3 c\u00e1c th\u00f4ng s\u1ed1 k\u1ef9 thu\u1eadt c\u00f3 th\u1ec3 \u0111\u01b0\u1ee3c t\u00f9y ch\u1ec9nh d\u1ef1a tr\u00ean n\u0103ng l\u1ef1c s\u1ea3n xu\u1ea5t c\u1ee7a b\u1ea1n.)<\/em><\/p>\n<table style=\"height: 492px;\" width=\"770\">\n<tbody>\n<tr>\n<td width=\"111\"><strong><b>Ng\u01b0\u1eddi m\u1eabu<\/b><\/strong><\/td>\n<td width=\"127\"><strong><b>500<\/b><\/strong><\/td>\n<td width=\"110\"><strong><b>1000<\/b><\/strong><\/td>\n<td width=\"109\"><strong><b>1500<\/b><\/strong><\/td>\n<td width=\"109\"><strong><b>2000<\/b><\/strong><\/td>\n<\/tr>\n<tr>\n<td width=\"111\">N\u0103ng l\u1ef1c hi\u1ec7u qu\u1ea3<\/td>\n<td width=\"127\">500L<\/td>\n<td width=\"110\">1000L<\/td>\n<td width=\"109\">1500L<\/td>\n<td width=\"109\">2000L<\/td>\n<\/tr>\n<tr>\n<td width=\"111\">C\u00f4ng su\u1ea5t \u0111\u1ed9ng c\u01a1<\/td>\n<td width=\"127\">7,5 kW<\/td>\n<td width=\"110\">11 kW<\/td>\n<td width=\"109\">15 kW<\/td>\n<td width=\"109\">22 kW<\/td>\n<\/tr>\n<tr>\n<td width=\"111\">T\u1ed1c \u0111\u1ed9 Tr\u1ed9n<\/td>\n<td colspan=\"4\" width=\"456\">0\u2013960 v\u00f2ng\/ph\u00fat (C\u00f3 th\u1ec3 \u0111i\u1ec1u ch\u1ec9nh)<\/td>\n<\/tr>\n<tr>\n<td width=\"111\">V\u1eadt li\u1ec7u b\u1ec3<\/td>\n<td colspan=\"4\" width=\"456\">Th\u00e9p Carbon\/Th\u00e9p kh\u00f4ng g\u1ec9 T\u00f9y ch\u1ecdn<\/td>\n<\/tr>\n<tr>\n<td width=\"111\">Lo\u1ea1i X\u1ea3<\/td>\n<td colspan=\"4\" width=\"456\">Kh\u00ed n\u00e9n d\u01b0\u1edbi Van<\/td>\n<\/tr>\n<tr>\n<td width=\"111\">Ch\u1ebf \u0111\u1ed9 \u0111i\u1ec1u khi\u1ec3n<\/td>\n<td colspan=\"4\" width=\"456\">H\u01b0\u1edbng d\u1eabn s\u1eed d\u1ee5ng \/ PLC t\u1ef1 \u0111\u1ed9ng<\/td>\n<\/tr>\n<tr>\n<td width=\"111\">\u0110i\u1ec7n \u00e1p<\/td>\n<td colspan=\"4\" width=\"456\">380V \/ 50Hz \/ 3 Pha (C\u00f3 th\u1ec3 t\u00f9y ch\u1ec9nh)<\/td>\n<\/tr>\n<\/tbody>\n<\/table>\n<h2 data-start=\"1607\" data-end=\"1635\">C\u1ea5u h\u00ecnh Thi\u1ebft b\u1ecb<\/h2>\n<p data-start=\"1637\" data-end=\"1669\">C\u1ea5u h\u00ecnh ti\u00eau chu\u1ea9n bao g\u1ed3m:<\/p>\n<p data-start=\"1671\" data-end=\"1895\">\u2714 B\u1ec3 tr\u1ed9n \u0111\u1ee9ng gia c\u1ed1<br data-start=\"1704\" data-end=\"1707\" \/>\u2714 Tr\u1ee5c tr\u1ed9n t\u1ed1c \u0111\u1ed9 cao v\u1edbi l\u01b0\u1ee1i dao nhi\u1ec1u l\u1edbp<br data-start=\"1756\" data-end=\"1759\" \/>\u2714 \u0110\u1ed9ng c\u01a1 c\u00f4ng nghi\u1ec7p h\u1ea1ng n\u1eb7ng<br data-start=\"1788\" data-end=\"1791\" \/>\u2714 Khung \u0111\u1ee1 b\u1eb1ng th\u00e9p ch\u1eafc ch\u1eafn<br data-start=\"1819\" data-end=\"1822\" \/>\u2714 H\u1ec7 th\u1ed1ng x\u1ea3 kh\u00ed n\u00e9n<br data-start=\"1850\" data-end=\"1853\" \/>\u2714 T\u1ee7 \u0111i\u1ec1u khi\u1ec3n \u0111i\u1ec7n \u0111\u1ed9c l\u1eadp<\/p>\n<h2 data-start=\"2082\" data-end=\"2104\">Nguy\u00ean l\u00fd ho\u1ea1t \u0111\u1ed9ng<\/h2>\n<p data-start=\"2106\" data-end=\"2174\">M\u00e1y tr\u1ed9n keo d\u00e1n v\u00e1n \u00e9p ho\u1ea1t \u0111\u1ed9ng b\u1eb1ng c\u01a1 ch\u1ebf tr\u1ed9n quay t\u1ed1c \u0111\u1ed9 cao.<\/p>\n<ol data-start=\"2176\" data-end=\"2490\">\n<li data-start=\"2176\" data-end=\"2237\">\n<p data-start=\"2179\" data-end=\"2237\">Nguy\u00ean li\u1ec7u \u0111\u01b0\u1ee3c th\u00eam v\u00e0o theo c\u00f4ng th\u1ee9c k\u1ebft d\u00ednh.<\/p>\n<\/li>\n<li data-start=\"2238\" data-end=\"2289\">\n<p data-start=\"2241\" data-end=\"2289\">\u0110\u1ed9ng c\u01a1 d\u1eabn \u0111\u1ed9ng tr\u1ee5c tr\u1ed9n \u1edf t\u1ed1c \u0111\u1ed9 cao.<\/p>\n<\/li>\n<li data-start=\"2290\" data-end=\"2355\">\n<p data-start=\"2293\" data-end=\"2355\">C\u00e1c c\u00e1nh t\u1ea1o ra s\u1ef1 tu\u1ea7n ho\u00e0n xo\u00e1y m\u1ea1nh v\u00e0 l\u1ef1c c\u1eaft.<\/p>\n<\/li>\n<li data-start=\"2356\" data-end=\"2415\">\n<p data-start=\"2359\" data-end=\"2415\">Nh\u1ef1a v\u00e0 ch\u1ea5t \u0111\u1ed9n \u0111\u01b0\u1ee3c ph\u00e2n t\u00e1n ho\u00e0n to\u00e0n v\u00e0 tr\u1ed9n \u0111\u1ec1u.<\/p>\n<\/li>\n<li data-start=\"2416\" data-end=\"2490\">\n<p data-start=\"2419\" data-end=\"2490\">Keo k\u1ebft th\u00fac \u0111\u01b0\u1ee3c th\u1ea3i tr\u1ef1c ti\u1ebfp v\u00e0o m\u00e1y r\u1ea3i keo.<\/p>\n<\/li>\n<\/ol>\n<p data-start=\"2492\" data-end=\"2519\">To\u00e0n b\u1ed9 qu\u00e1 tr\u00ecnh \u0111\u1ea3m b\u1ea3o:<\/p>\n<ul data-start=\"2521\" data-end=\"2626\">\n<li data-start=\"2521\" data-end=\"2542\">\n<p data-start=\"2523\" data-end=\"2542\">\u0110\u1ed9 nh\u1edbt \u0111\u1ed3ng nh\u1ea5t<\/p>\n<\/li>\n<li data-start=\"2543\" data-end=\"2570\">\n<p data-start=\"2545\" data-end=\"2570\">Hi\u1ec7u su\u1ea5t keo \u1ed5n \u0111\u1ecbnh<\/p>\n<\/li>\n<li data-start=\"2571\" data-end=\"2597\">\n<p data-start=\"2573\" data-end=\"2597\">Gi\u1ea3m l\u00e3ng ph\u00ed v\u1eadt li\u1ec7u<\/p>\n<\/li>\n<li data-start=\"2598\" data-end=\"2626\">\n<p data-start=\"2600\" data-end=\"2626\">Chu k\u1ef3 s\u1ea3n xu\u1ea5t nhanh h\u01a1n<\/p>\n<\/li>\n<\/ul>\n<h2 data-start=\"2633\" data-end=\"2652\">\u01afu \u0111i\u1ec3m ch\u00ednh<\/h2>\n<h3 data-start=\"2654\" data-end=\"2692\">Tr\u1ed9n nhanh, n\u0103ng su\u1ea5t cao h\u01a1n<\/h3>\n<p data-start=\"2693\" data-end=\"2759\">L\u1ef1c c\u1eaft m\u1ea1nh l\u00e0m gi\u1ea3m th\u1eddi gian tr\u1ed9n v\u00e0 t\u0103ng s\u1ea3n l\u01b0\u1ee3ng h\u00e0ng ng\u00e0y.<\/p>\n<h3 data-start=\"2761\" data-end=\"2786\">C\u00f4ng th\u1ee9c keo \u1ed5n \u0111\u1ecbnh<\/h3>\n<p data-start=\"2787\" data-end=\"2850\">Ng\u0103n ch\u1eb7n s\u1ef1 l\u1eafng \u0111\u1ecdng v\u00e0 \u0111\u1ea3m b\u1ea3o \u0111\u1ed9 b\u1ec1n li\u00ean k\u1ebft nh\u1ea5t qu\u00e1n.<\/p>\n<h3 data-start=\"2852\" data-end=\"2886\">C\u1ea5u tr\u00fac c\u00f4ng nghi\u1ec7p b\u1ec1n<\/h3>\n<p data-start=\"2887\" data-end=\"2954\">Th\u00e2n b\u1ec3 th\u00e9p d\u00e0y v\u00e0 khung gia c\u1ed1 \u0111\u1ec3 ho\u1ea1t \u0111\u1ed9ng l\u00e2u d\u00e0i.<\/p>\n<h3 data-start=\"2956\" data-end=\"2982\">Chi ph\u00ed b\u1ea3o tr\u00ec th\u1ea5p<\/h3>\n<p data-start=\"2983\" data-end=\"3034\">C\u1ea5u tr\u00fac \u0111\u01a1n gi\u1ea3n, d\u1ec5 d\u00e0ng l\u00e0m s\u1ea1ch, tu\u1ed5i th\u1ecd d\u00e0i.<\/p>\n<h3 data-start=\"3036\" data-end=\"3069\">C\u00f3 th\u1ec3 t\u00f9y ch\u1ec9nh cho c\u00e2y tr\u1ed3ng c\u1ee7a b\u1ea1n<\/h3>\n<p data-start=\"3070\" data-end=\"3157\">C\u00f4ng su\u1ea5t, m\u1ee9c \u0111\u1ed9 t\u1ef1 \u0111\u1ed9ng h\u00f3a v\u00e0 b\u1ed1 c\u1ee5c c\u00f3 th\u1ec3 \u0111\u01b0\u1ee3c \u0111i\u1ec1u ch\u1ec9nh theo d\u00e2y chuy\u1ec1n s\u1ea3n xu\u1ea5t v\u00e1n \u00e9p c\u1ee7a b\u1ea1n.<\/p>\n<p><img decoding=\"async\" class=\"wp-image-1759\" src=\"https:\/\/chuangxinmachinery.com\/wp-content\/uploads\/2026\/03\/Glue-Mixing-Machine-853x1024.jpg\" alt=\"Keo Tr\u1ed9n M\u00e1y\" width=\"476\" height=\"571\" srcset=\"https:\/\/chuangxinmachinery.com\/wp-content\/uploads\/2026\/03\/Glue-Mixing-Machine-853x1024.jpg 853w, https:\/\/chuangxinmachinery.com\/wp-content\/uploads\/2026\/03\/Glue-Mixing-Machine-250x300.jpg 250w, https:\/\/chuangxinmachinery.com\/wp-content\/uploads\/2026\/03\/Glue-Mixing-Machine-768x922.jpg 768w, https:\/\/chuangxinmachinery.com\/wp-content\/uploads\/2026\/03\/Glue-Mixing-Machine-10x12.jpg 10w, https:\/\/chuangxinmachinery.com\/wp-content\/uploads\/2026\/03\/Glue-Mixing-Machine-600x721.jpg 600w, https:\/\/chuangxinmachinery.com\/wp-content\/uploads\/2026\/03\/Glue-Mixing-Machine.jpg 1200w\" sizes=\"(max-width: 476px) 100vw, 476px\" \/><\/p>\n<h2 data-start=\"3164\" data-end=\"3191\">C\u00e1c ng\u00e0nh c\u00f4ng nghi\u1ec7p \u1ee9ng d\u1ee5ng<\/h2>\n<p data-start=\"3193\" data-end=\"3234\">M\u00e1y tr\u1ed9n keo d\u00e1n v\u00e1n \u00e9p c\u1ee7a ch\u00fang t\u00f4i \u0111\u01b0\u1ee3c s\u1eed d\u1ee5ng r\u1ed9ng r\u00e3i trong:<\/p>\n<ul data-start=\"3236\" data-end=\"3394\">\n<li data-start=\"3236\" data-end=\"3269\">\n<p data-start=\"3238\" data-end=\"3269\">S\u1ea3n xu\u1ea5t v\u00e1n \u00e9p th\u01b0\u01a1ng m\u1ea1i<\/p>\n<\/li>\n<li data-start=\"3270\" data-end=\"3302\">\n<p data-start=\"3272\" data-end=\"3302\">Nh\u00e0 m\u00e1y s\u1ea3n xu\u1ea5t v\u00e1n \u00e9p phim m\u1eb7t<\/p>\n<\/li>\n<li data-start=\"3303\" data-end=\"3334\">\n<p data-start=\"3305\" data-end=\"3334\">D\u00e2y chuy\u1ec1n s\u1ea3n xu\u1ea5t Blockboard<\/p>\n<\/li>\n<li data-start=\"3335\" data-end=\"3363\">\n<p data-start=\"3337\" data-end=\"3363\">Nh\u00e0 m\u00e1y s\u1ea3n xu\u1ea5t LVL<\/p>\n<\/li>\n<li data-start=\"3364\" data-end=\"3394\">\n<p data-start=\"3366\" data-end=\"3394\">S\u1ea3n xu\u1ea5t b\u1ea3ng \u0111i\u1ec1u khi\u1ec3n n\u1ed9i th\u1ea5t<\/p>\n<\/li>\n<\/ul>\n<h2 data-start=\"3401\" data-end=\"3440\">T\u1ea1i sao ch\u1ecdn h\u1ec7 th\u1ed1ng tr\u1ed9n keo c\u1ee7a ch\u00fang t\u00f4i?<\/h2>\n<p data-start=\"3442\" data-end=\"3671\">\u2714 \u0110\u01b0\u1ee3c thi\u1ebft k\u1ebf d\u00e0nh ri\u00eang cho c\u00e1c nh\u00e0 m\u00e1y s\u1ea3n xu\u1ea5t v\u00e1n \u00e9p<br data-start=\"3487\" data-end=\"3490\" \/>\u2714 Hi\u1ec7u su\u1ea5t \u1ed5n \u0111\u1ecbnh d\u01b0\u1edbi ho\u1ea1t \u0111\u1ed9ng li\u00ean t\u1ee5c<br data-start=\"3537\" data-end=\"3540\" \/>\u2714 Linh ki\u1ec7n c\u1ea5p c\u00f4ng nghi\u1ec7p<br data-start=\"3569\" data-end=\"3572\" \/>\u2714 Gi\u00e1 c\u1ea3 c\u1ea1nh tranh tr\u1ef1c ti\u1ebfp c\u1ee7a nh\u00e0 m\u00e1y<br data-start=\"3608\" data-end=\"3611\" \/>\u2714 H\u1ed7 tr\u1ee3 k\u1ef9 thu\u1eadt chuy\u00ean nghi\u1ec7p v\u00e0 h\u01b0\u1edbng d\u1eabn c\u00e0i \u0111\u1eb7t<\/p>\n<p data-start=\"3673\" data-end=\"3910\">M\u1ed9t h\u1ec7 th\u1ed1ng tr\u1ed9n keo ch\u1ea5t l\u01b0\u1ee3ng cao t\u00e1c \u0111\u1ed9ng tr\u1ef1c ti\u1ebfp \u0111\u1ebfn s\u1ee9c m\u1ea1nh li\u00ean k\u1ebft v\u00e1n \u00e9p v\u00e0 hi\u1ec7u qu\u1ea3 s\u1ea3n xu\u1ea5t t\u1ed5ng th\u1ec3. n\u00e2ng c\u1ea5p thi\u1ebft b\u1ecb chu\u1ea9n b\u1ecb keo c\u1ee7a b\u1ea1n l\u00e0 m\u1ed9t trong nh\u1eefng c\u00e1ch nhanh nh\u1ea5t \u0111\u1ec3 c\u1ea3i thi\u1ec7n ch\u1ea5t l\u01b0\u1ee3ng b\u1ea3ng v\u00e0 gi\u1ea3m chi ph\u00ed ho\u1ea1t \u0111\u1ed9ng.<\/p>\n<p data-start=\"3673\" data-end=\"3910\"><a href=\"https:\/\/chuangxinmachinery.com\/vi\/lien-he-voi-chung-toi\/\">Li\u00ean h\u1ec7 v\u1edbi ch\u00fang t\u00f4i<\/a> h\u00f4m nay \u0111\u1ec3 c\u1ea3i thi\u1ec7n hi\u1ec7u qu\u1ea3 s\u1ea3n xu\u1ea5t v\u00e1n \u00e9p c\u1ee7a b\u1ea1n v\u1edbi m\u1ed9t gi\u1ea3i ph\u00e1p m\u00e1y tr\u1ed9n keo c\u00f4ng nghi\u1ec7p \u0111\u00e1ng tin c\u1eady.<\/p>","protected":false},"excerpt":{"rendered":"<p>Our Industrial Plywood Glue Mixer is specially designed for high-output plywood factories that require precise adhesive proportioning, fast mixing speed, and consistent glue performance. Whether you are producing commercial plywood, film-faced plywood, blockboard, or LVL, this adhesive mixing system ensures uniform bonding and improved production efficiency. Product Overview The plywood glue mixer is used for [&hellip;]<\/p>\n","protected":false},"featured_media":1808,"template":"","meta":{"_gspb_post_css":""},"product_brand":[],"product_cat":[71,17],"product_tag":[70],"class_list":{"0":"post-1755","1":"product","2":"type-product","3":"status-publish","4":"has-post-thumbnail","6":"product_cat-plywood-auxiliary-equipment","7":"product_cat-wood-based-panel-machine","8":"product_tag-glue-mixer","10":"first","11":"instock","12":"shipping-taxable","13":"product-type-simple"},"_links":{"self":[{"href":"https:\/\/chuangxinmachinery.com\/vi\/wp-json\/wp\/v2\/product\/1755","targetHints":{"allow":["GET"]}}],"collection":[{"href":"https:\/\/chuangxinmachinery.com\/vi\/wp-json\/wp\/v2\/product"}],"about":[{"href":"https:\/\/chuangxinmachinery.com\/vi\/wp-json\/wp\/v2\/types\/product"}],"wp:featuredmedia":[{"embeddable":true,"href":"https:\/\/chuangxinmachinery.com\/vi\/wp-json\/wp\/v2\/media\/1808"}],"wp:attachment":[{"href":"https:\/\/chuangxinmachinery.com\/vi\/wp-json\/wp\/v2\/media?parent=1755"}],"wp:term":[{"taxonomy":"product_brand","embeddable":true,"href":"https:\/\/chuangxinmachinery.com\/vi\/wp-json\/wp\/v2\/product_brand?post=1755"},{"taxonomy":"product_cat","embeddable":true,"href":"https:\/\/chuangxinmachinery.com\/vi\/wp-json\/wp\/v2\/product_cat?post=1755"},{"taxonomy":"product_tag","embeddable":true,"href":"https:\/\/chuangxinmachinery.com\/vi\/wp-json\/wp\/v2\/product_tag?post=1755"}],"curies":[{"name":"wp","href":"https:\/\/api.w.org\/{rel}","templated":true}]}}