{"id":178,"date":"2025-05-27T02:08:22","date_gmt":"2025-05-27T02:08:22","guid":{"rendered":"https:\/\/chuangxinmachinery.com\/?post_type=product&#038;p=178"},"modified":"2025-08-15T07:53:31","modified_gmt":"2025-08-15T07:53:31","slug":"ep-nong-can-mang-chu-ky-ngan","status":"publish","type":"product","link":"https:\/\/chuangxinmachinery.com\/vi\/product\/short-cycle-lamination-hot-press\/","title":{"rendered":"C\u00e1n m\u00e0ng chu k\u1ef3 ng\u1eafn"},"content":{"rendered":"<h4><a href=\"https:\/\/chuangxinmachinery.com\/vi\/product\/may-ep-nong-can-mang-melamine-chu-ky-ngan\/\">M\u00e1y \u00e9p n\u00f3ng c\u00e1n m\u00e0ng chu k\u1ef3 ng\u1eafn<\/a><\/h4>\n<p>C\u00e1c <a href=\"https:\/\/chuangxinmachinery.com\/vi\/product\/may-ep-nong-can-mang-melamine-chu-ky-ngan\/\">\u00e9p n\u00f3ng c\u00e1n m\u00e0ng chu k\u1ef3 ng\u1eafn<\/a> bao g\u1ed3m m\u1ed9t s\u1ed1 th\u00e0nh ph\u1ea7n thi\u1ebft y\u1ebfu \u0111\u1ec3 s\u1ea3n xu\u1ea5t t\u1ea5m pin hi\u1ec7u qu\u1ea3 v\u00e0 ch\u1ea5t l\u01b0\u1ee3ng cao.<\/p>\n<p>C\u00e1c <strong><b>h\u1ec7 th\u1ed1ng t\u1ea3i<\/b><\/strong>\u00a0t\u1ef1 \u0111\u1ed9ng \u0111\u01b0a v\u00e1n d\u0103m ho\u1eb7c t\u1ea5m MDF v\u00e0o m\u00e1y \u00e9p. <strong><b>b\u1ed9 ph\u1eadn n\u1ea1p gi\u1ea5y keo<\/b><\/strong>\u00a0c\u0103n ch\u1ec9nh v\u00e0 \u0111\u1eb7t gi\u1ea5y t\u1ea9m melamin m\u1ed9t c\u00e1ch ch\u00ednh x\u00e1c. <strong><b>\u00e9p n\u00f3ng <\/b><\/strong>s\u1eed d\u1ee5ng nhi\u1ec7t \u0111\u1ed9 v\u00e0 \u00e1p su\u1ea5t cao \u0111\u1ec3 li\u00ean k\u1ebft gi\u1ea5y v\u1edbi b\u1ec1 m\u1eb7t t\u1ea5m.<strong><b>\u00a0H\u1ec7 th\u1ed1ng th\u1ee7y l\u1ef1c<\/b><\/strong>\u00a0ki\u1ec3m so\u00e1t l\u1ef1c \u00e9p, trong khi <strong><b>PLC v\u00e0 m\u00e0n h\u00ecnh c\u1ea3m \u1ee9ng<\/b><\/strong>\u00a0c\u00e1c \u0111i\u1ec1u khi\u1ec3n cho ph\u00e9p v\u1eadn h\u00e0nh t\u1ef1 \u0111\u1ed9ng v\u00e0 \u0111i\u1ec1u ch\u1ec9nh th\u00f4ng s\u1ed1. <strong><b>h\u1ec7 th\u1ed1ng d\u1ee1 h\u00e0ng v\u00e0 x\u1ebfp ch\u1ed3ng<\/b><\/strong>\u00a0X\u1eed l\u00fd c\u00e1c t\u1ea5m ho\u00e0n thi\u1ec7n m\u1ed9t c\u00e1ch hi\u1ec7u qu\u1ea3. C\u00e1c th\u00e0nh ph\u1ea7n n\u00e0y k\u1ebft h\u1ee3p v\u1edbi nhau \u0111\u1ea3m b\u1ea3o ch\u1ea5t l\u01b0\u1ee3ng c\u00e1n m\u00e0ng \u0111\u1ed3ng \u0111\u1ec1u, t\u0103ng n\u0103ng su\u1ea5t v\u00e0 gi\u1ea3m nhu c\u1ea7u lao \u0111\u1ed9ng trong s\u1ea3n xu\u1ea5t t\u1ea5m.<\/p>\n<p><a href=\"https:\/\/chuangxinmachinery.com\/vi\/product-category\/may-lam-van-go\/may-ep\/\"><img decoding=\"async\" class=\"alignnone wp-image-1040\" src=\"https:\/\/chuangxinmachinery.com\/wp-content\/uploads\/2025\/05\/short-cycle-lamination-hot-press.jpg\" alt=\"C\u00e1n m\u00e0ng chu k\u1ef3 ng\u1eafn\" width=\"516\" height=\"387\" srcset=\"https:\/\/chuangxinmachinery.com\/wp-content\/uploads\/2025\/05\/short-cycle-lamination-hot-press.jpg 500w, https:\/\/chuangxinmachinery.com\/wp-content\/uploads\/2025\/05\/short-cycle-lamination-hot-press-300x225.jpg 300w, https:\/\/chuangxinmachinery.com\/wp-content\/uploads\/2025\/05\/short-cycle-lamination-hot-press-16x12.jpg 16w\" sizes=\"(max-width: 516px) 100vw, 516px\" \/><\/a><\/p>\n<h4><strong><b>C\u00e1c b\u01b0\u1edbc quy tr\u00ecnh l\u00e0m vi\u1ec7c<\/b><\/strong><strong><b>:<\/b><\/strong><\/h4>\n<ol>\n<li>N\u1ea1p v\u00e1n th\u00f4: C\u00e1c t\u1ea5m v\u00e1n MDF ho\u1eb7c v\u00e1n d\u0103m \u0111\u01b0\u1ee3c l\u00e0m s\u1ea1ch v\u00e0 t\u1ef1 \u0111\u1ed9ng \u0111\u01b0a l\u00ean h\u1ec7 th\u1ed1ng b\u0103ng t\u1ea3i.<\/li>\n<\/ol>\n<p>&nbsp;<\/p>\n<ol start=\"2\">\n<li>\u0110\u1ecbnh v\u1ecb gi\u1ea5y Melamine: Gi\u1ea5y trang tr\u00ed t\u1ea9m Melamine \u0111\u01b0\u1ee3c c\u0103n ch\u1ec9nh v\u00e0 \u0111\u1eb7t l\u00ean tr\u00ean b\u1ec1 m\u1eb7t n\u1ec1n b\u1eb1ng c\u01a1 ch\u1ebf c\u0103n ch\u1ec9nh t\u1ef1 \u0111\u1ed9ng.<\/li>\n<\/ol>\n<p>&nbsp;<\/p>\n<ol start=\"3\">\n<li>C\u0103n ch\u1ec9nh l\u1edbp: B\u00eca v\u00e0 gi\u1ea5y trang tr\u00ed \u0111\u01b0\u1ee3c c\u0103n ch\u1ec9nh ch\u00ednh x\u00e1c \u0111\u1ec3 \u0111\u1ea3m b\u1ea3o c\u00e1n m\u00e0ng ch\u00ednh x\u00e1c v\u00e0 ch\u1ea5t l\u01b0\u1ee3ng \u0111\u1ed3ng nh\u1ea5t.<\/li>\n<\/ol>\n<p>&nbsp;<\/p>\n<ol start=\"4\">\n<li>N\u1ea1p li\u1ec7u: V\u1eadt li\u1ec7u d\u1ea1ng l\u1edbp \u0111\u01b0\u1ee3c chuy\u1ec3n v\u00e0o m\u00e1y \u00e9p n\u00f3ng th\u00f4ng qua h\u1ec7 th\u1ed1ng n\u1ea1p li\u1ec7u t\u1ef1 \u0111\u1ed9ng.<\/li>\n<\/ol>\n<p>&nbsp;<\/p>\n<ol start=\"5\">\n<li>L\u00e0m n\u00f3ng v\u00e0 \u00e9p: M\u00e1y \u00e9p t\u1ea1o ra nhi\u1ec7t \u0111\u1ed9 (150\u2013220\u00b0C) v\u00e0 \u00e1p su\u1ea5t th\u1ee7y l\u1ef1c (50\u2013100 kg\/cm\u00b2) trong 8\u201330 gi\u00e2y, gi\u00fap li\u00ean k\u1ebft gi\u1ea5y v\u1edbi b\u00eca.<\/li>\n<\/ol>\n<p>&nbsp;<\/p>\n<ol start=\"6\">\n<li>Giai \u0111o\u1ea1n l\u00e0m ngu\u1ed9i: Sau khi \u00e9p, t\u1ea5m v\u00e1n \u0111\u01b0\u1ee3c l\u00e0m ngu\u1ed9i nh\u1eb9 b\u00ean trong m\u00e1y \u00e9p \u0111\u1ec3 \u1ed5n \u0111\u1ecbnh b\u1ec1 m\u1eb7t c\u00e1n m\u1ecfng v\u00e0 tr\u00e1nh bi\u1ebfn d\u1ea1ng.<\/li>\n<\/ol>\n<p>&nbsp;<\/p>\n<ol start=\"7\">\n<li>D\u1ee1 h\u00e0ng: T\u1ea5m v\u00e1n \u00e9p \u0111\u01b0\u1ee3c t\u1ef1 \u0111\u1ed9ng l\u1ea5y ra kh\u1ecfi m\u00e1y \u00e9p v\u00e0 chuy\u1ec3n \u0111\u1ebfn khu v\u1ef1c x\u1eed l\u00fd ti\u1ebfp theo.<\/li>\n<\/ol>\n<p>&nbsp;<\/p>\n<ol start=\"8\">\n<li>X\u1ebfp ch\u1ed3ng ho\u1eb7c Ki\u1ec3m tra: C\u00e1c t\u1ea5m \u0111\u01b0\u1ee3c x\u1ebfp ch\u1ed3ng l\u00ean nhau \u0111\u1ec3 \u0111\u00f3ng g\u00f3i ho\u1eb7c \u0111\u01b0\u1ee3c g\u1eedi \u0111i \u0111\u1ec3 c\u1eaft c\u1ea1nh, ki\u1ec3m tra b\u1ec1 m\u1eb7t ho\u1eb7c \u0111\u00e1nh b\u00f3ng.<\/li>\n<\/ol>\n<p>&nbsp;<\/p>\n<ol start=\"9\">\n<li>Gi\u00e1m s\u00e1t h\u1ec7 th\u1ed1ng PLC: To\u00e0n b\u1ed9 qu\u00e1 tr\u00ecnh \u0111\u01b0\u1ee3c gi\u00e1m s\u00e1t v\u00e0 \u0111i\u1ec1u khi\u1ec3n b\u1edfi h\u1ec7 th\u1ed1ng PLC \u0111\u1ec3 \u0111\u1ea3m b\u1ea3o \u0111\u1ed9 ch\u00ednh x\u00e1c, hi\u1ec7u qu\u1ea3 v\u00e0 an to\u00e0n.<\/li>\n<\/ol>\n<p>&nbsp;<\/p>\n<h4>\u0110\u1eb7c tr\u01b0ng:<\/h4>\n<p><strong><b>H\u1ec7 th\u1ed1ng \u0111i\u1ec1u khi\u1ec3n PLC<\/b><\/strong>\u00a0\u2013 Ho\u1ea1t \u0111\u1ed9ng ho\u00e0n to\u00e0n t\u1ef1 \u0111\u1ed9ng v\u1edbi kh\u1ea3 n\u0103ng gi\u00e1m s\u00e1t th\u1eddi gian th\u1ef1c v\u00e0 \u0111i\u1ec1u ch\u1ec9nh th\u00f4ng s\u1ed1 th\u00f4ng qua giao di\u1ec7n m\u00e0n h\u00ecnh c\u1ea3m \u1ee9ng.<\/p>\n<p>&nbsp;<\/p>\n<p><strong><b>M\u00e1y \u00e9p n\u00f3ng ch\u00ednh x\u00e1c<\/b><\/strong>\u00a0\u2013 Khung th\u00e9p c\u01b0\u1eddng \u0111\u1ed9 cao v\u00e0 h\u1ec7 th\u1ed1ng th\u1ee7y l\u1ef1c cung c\u1ea5p \u00e1p su\u1ea5t v\u00e0 nhi\u1ec7t \u0111\u1ed9 \u1ed5n \u0111\u1ecbnh, \u0111\u1ed3ng \u0111\u1ec1u.<\/p>\n<p>&nbsp;<\/p>\n<p><strong><b>T\u1ef1 \u0111\u1ed9ng n\u1ea1p v\u00e0 d\u1ee1 h\u00e0ng<\/b><\/strong>\u00a0\u2013 H\u1ec7 th\u1ed1ng n\u1ea1p li\u1ec7u v\u00e0 x\u1ebfp ch\u1ed3ng c\u01a1 gi\u1edbi h\u00f3a gi\u00fap t\u0103ng c\u01b0\u1eddng quy tr\u00ecnh l\u00e0m vi\u1ec7c v\u00e0 gi\u1ea3m th\u1eddi gian ch\u1ebft.<\/p>\n<p>&nbsp;<\/p>\n<p><strong><b>Th\u1eddi gian chu k\u1ef3 ng\u1eafn <\/b><\/strong>\u2013 Chu k\u1ef3 \u00e9p nhanh (th\u01b0\u1eddng l\u00e0 8\u201320 gi\u00e2y), l\u00fd t\u01b0\u1edfng cho s\u1ea3n xu\u1ea5t h\u00e0ng lo\u1ea1t.<\/p>\n<p>&nbsp;<\/p>\n<p><strong><b>B\u1ed1 c\u1ee5c d\u00f2ng t\u00f9y ch\u1ec9nh<\/b><\/strong>\u00a0\u2013 C\u00f3 th\u1ec3 thi\u1ebft k\u1ebf ph\u00f9 h\u1ee3p v\u1edbi kh\u00f4ng gian nh\u00e0 m\u00e1y, n\u0103ng l\u1ef1c s\u1ea3n xu\u1ea5t v\u00e0 c\u00e1c y\u00eau c\u1ea7u c\u1ee5 th\u1ec3 v\u1ec1 v\u1eadt li\u1ec7u.<\/p>\n<p>&nbsp;<\/p>\n<p>M\u00e1y \u00e9p n\u00f3ng c\u00e1n m\u1ecfng chu k\u1ef3 ng\u1eafn n\u00e0y l\u00fd t\u01b0\u1edfng cho c\u00e1c nh\u00e0 s\u1ea3n xu\u1ea5t t\u1ea5m panel quy m\u00f4 l\u1edbn mu\u1ed1n n\u00e2ng cao hi\u1ec7u qu\u1ea3, t\u00ednh nh\u1ea5t qu\u00e1n v\u00e0 ch\u1ea5t l\u01b0\u1ee3ng s\u1ea3n ph\u1ea9m.<\/p>","protected":false},"excerpt":{"rendered":"<p>The short cycle lamination hot press is designed for fast, efficient lamination of melamine-impregnated paper onto MDF or particleboard. Featuring rapid heating, precise pressure control, and automated operation, it ensures smooth surfaces and strong adhesion\u2014ideal for furniture panels, flooring, and decorative board production.<br \/>\nAdvantage\uff1a<br \/>\nHigh Efficiency \u2013 Rapid pressing cycles boost productivity and reduce processing time.<br \/>\nConsistent Quality \u2013 Uniform temperature and pressure ensure smooth surfaces and strong adhesion.<br \/>\nAutomation Ready \u2013 Integrated systems for loading, pressing, and unloading reduce labor and enhance workflow efficiency.<\/p>","protected":false},"featured_media":179,"template":"","meta":{"_gspb_post_css":""},"product_brand":[],"product_cat":[20,25,17],"product_tag":[42,43,41],"class_list":{"0":"post-178","1":"product","2":"type-product","3":"status-publish","4":"has-post-thumbnail","6":"product_cat-pressing-machine","7":"product_cat-short-cycle-melamine-laminating-hot-press-machine","8":"product_cat-wood-based-panel-machine","9":"product_tag-lamination-hot-press","10":"product_tag-lamination-hot-press-line","11":"product_tag-short-cycle-lamination-hot-press","13":"first","14":"instock","15":"shipping-taxable","16":"product-type-simple"},"_links":{"self":[{"href":"https:\/\/chuangxinmachinery.com\/vi\/wp-json\/wp\/v2\/product\/178","targetHints":{"allow":["GET"]}}],"collection":[{"href":"https:\/\/chuangxinmachinery.com\/vi\/wp-json\/wp\/v2\/product"}],"about":[{"href":"https:\/\/chuangxinmachinery.com\/vi\/wp-json\/wp\/v2\/types\/product"}],"wp:featuredmedia":[{"embeddable":true,"href":"https:\/\/chuangxinmachinery.com\/vi\/wp-json\/wp\/v2\/media\/179"}],"wp:attachment":[{"href":"https:\/\/chuangxinmachinery.com\/vi\/wp-json\/wp\/v2\/media?parent=178"}],"wp:term":[{"taxonomy":"product_brand","embeddable":true,"href":"https:\/\/chuangxinmachinery.com\/vi\/wp-json\/wp\/v2\/product_brand?post=178"},{"taxonomy":"product_cat","embeddable":true,"href":"https:\/\/chuangxinmachinery.com\/vi\/wp-json\/wp\/v2\/product_cat?post=178"},{"taxonomy":"product_tag","embeddable":true,"href":"https:\/\/chuangxinmachinery.com\/vi\/wp-json\/wp\/v2\/product_tag?post=178"}],"curies":[{"name":"wp","href":"https:\/\/api.w.org\/{rel}","templated":true}]}}