{"id":180,"date":"2025-08-14T02:09:54","date_gmt":"2025-08-14T02:09:54","guid":{"rendered":"https:\/\/chuangxinmachinery.com\/?post_type=product&#038;p=180"},"modified":"2025-09-01T06:46:39","modified_gmt":"2025-09-01T06:46:39","slug":"may-ep-lanh-cho-van-ep","status":"publish","type":"product","link":"https:\/\/chuangxinmachinery.com\/vi\/product\/cold-press-machine-for-plywood\/","title":{"rendered":"M\u00e1y \u00e9p l\u1ea1nh"},"content":{"rendered":"<p>V\u00e1n \u00e9p <a href=\"https:\/\/chuangxinmachinery.com\/vi\/product\/may-ep-lanh\/\">m\u00e1y \u00e9p l\u1ea1nh<\/a> l\u00e0 m\u1ed9t m\u00e1y thi\u1ebft y\u1ebfu \u0111\u01b0\u1ee3c s\u1eed d\u1ee5ng trong giai \u0111o\u1ea1n \u00e9p s\u01a1 b\u1ed9 c\u1ee7a qu\u00e1 tr\u00ecnh s\u1ea3n xu\u1ea5t v\u00e1n \u00e9p. M\u00e1y ho\u1ea1t \u0111\u1ed9ng b\u1eb1ng c\u00e1ch t\u1ea1o \u00e1p l\u1ef1c \u0111\u1ed3ng \u0111\u1ec1u l\u00ean c\u00e1c l\u1edbp v\u00e1n m\u1ecfng b\u1eb1ng keo, gi\u1eef ch\u00fang l\u1ea1i v\u1edbi nhau tr\u01b0\u1edbc khi \u00e9p n\u00f3ng. \u0110i\u1ec1u n\u00e0y \u0111\u1ea3m b\u1ea3o \u0111\u1ed9 li\u00ean k\u1ebft ban \u0111\u1ea7u, lo\u1ea1i b\u1ecf b\u1ecdt kh\u00ed v\u00e0 ng\u0103n ng\u1eeba s\u1ef1 l\u1ec7ch c\u1ee7a c\u00e1c l\u1edbp.<\/p>\n<p>M\u00e1y \u00e9p ngu\u1ed9i gi\u00fap \u1ed5n \u0111\u1ecbnh l\u1edbp veneer \u0111\u00e3 d\u00e1n, c\u1ea3i thi\u1ec7n ch\u1ea5t l\u01b0\u1ee3ng s\u1ea3n ph\u1ea9m cu\u1ed1i c\u00f9ng v\u00e0 gi\u1ea3m thi\u1ec3u khuy\u1ebft t\u1eadt trong qu\u00e1 tr\u00ecnh \u00e9p n\u00f3ng. M\u00e1y c\u0169ng n\u00e2ng cao hi\u1ec7u qu\u1ea3 s\u1ea3n xu\u1ea5t b\u1eb1ng c\u00e1ch cho ph\u00e9p v\u1eadn h\u00e0nh li\u00ean t\u1ee5c v\u00e0 x\u1eed l\u00fd kh\u1ed1i l\u01b0\u1ee3ng l\u1edbn t\u1ed1t h\u01a1n. L\u00fd t\u01b0\u1edfng cho kh\u00e2u \u00e9p s\u01a1 b\u1ed9 trong s\u1ea3n xu\u1ea5t v\u00e1n \u00e9p nhi\u1ec1u l\u1edbp, m\u00e1y \u00e9p ngu\u1ed9i \u0111\u00f3ng vai tr\u00f2 quan tr\u1ecdng trong vi\u1ec7c \u0111\u1ea3m b\u1ea3o \u0111\u1ed9 \u0111\u1ed3ng \u0111\u1ec1u v\u00e0 \u0111\u1ed9 b\u1ec1n c\u1ee7a t\u1ea5m v\u00e1n.<\/p>\n<p><a href=\"https:\/\/chuangxinmachinery.com\/vi\/product-category\/may-lam-van-go\/may-ep\/may-ep-lanh\/\"><img decoding=\"async\" class=\"wp-image-1044\" src=\"https:\/\/chuangxinmachinery.com\/wp-content\/uploads\/2025\/05\/cold-press-machine.png\" alt=\"M\u00e1y \u00e9p l\u1ea1nh\" width=\"750\" height=\"422\" srcset=\"https:\/\/chuangxinmachinery.com\/wp-content\/uploads\/2025\/05\/cold-press-machine.png 400w, https:\/\/chuangxinmachinery.com\/wp-content\/uploads\/2025\/05\/cold-press-machine-300x169.png 300w, https:\/\/chuangxinmachinery.com\/wp-content\/uploads\/2025\/05\/cold-press-machine-18x10.png 18w\" sizes=\"(max-width: 750px) 100vw, 750px\" \/><\/a><\/p>\n<h4><em>Th\u00f4ng s\u1ed1 k\u1ef9 thu\u1eadt:<\/em><\/h4>\n<table style=\"height: 1486px;\" width=\"923\">\n<tbody>\n<tr>\n<td width=\"284\">M\u00e1y \u00e9p l\u1ea1nh \u0111\u00e1y 400T<\/td>\n<td width=\"284\"><\/td>\n<\/tr>\n<tr>\n<td width=\"284\">T\u1ed5ng \u00e1p su\u1ea5t<\/td>\n<td width=\"284\">400T<\/td>\n<\/tr>\n<tr>\n<td width=\"284\">C\u1ea5u tr\u00fac khung thi\u1ebft b\u1ecb<\/td>\n<td width=\"284\">Khung h\u00e0n:<\/p>\n<p>D\u1ea7m tr\u00ean: 900 mm<\/p>\n<p>D\u1ea7m d\u01b0\u1edbi: 900 mm<\/p>\n<p>D\u1ea7m gi\u1eefa: 400 mm<\/td>\n<\/tr>\n<tr>\n<td width=\"284\">\u0110\u1ed9 d\u00e0y t\u1ea5m th\u00e9p khung<\/td>\n<td width=\"284\">30 mm; Chi\u1ec1u r\u1ed9ng ch\u00e2n th\u1eb3ng \u0111\u1ee9ng: 380 mm \u00d7 4 mi\u1ebfng<\/p>\n<p>T\u1ea5t c\u1ea3 c\u00e1c b\u1ec1 m\u1eb7t \u0111\u01b0\u1ee3c gia c\u00f4ng ch\u00ednh x\u00e1c b\u1eb1ng m\u00e1y b\u00e0o<\/td>\n<\/tr>\n<tr>\n<td width=\"284\">M\u1edf c\u1eeda ban ng\u00e0y<\/td>\n<td width=\"284\">1800mm<\/td>\n<\/tr>\n<tr>\n<td width=\"284\">Ph\u01b0\u01a1ng ph\u00e1p t\u1ea3i tr\u00ean m\u1eb7t b\u00e0n<\/td>\n<td width=\"284\">Khe c\u1eafm xe n\u00e2ng<\/td>\n<\/tr>\n<tr>\n<td width=\"284\">Xi lanh th\u1ee7y l\u1ef1c ch\u00ednh<\/td>\n<td width=\"284\">\u2460 Model: 320 \u00d7 900 mm<\/p>\n<p>\u2461 Ngu\u1ed3n g\u1ed1c c\u1ee7a xi lanh: V\u00f4 T\u00edch<\/p>\n<p>\u2462 V\u1eadt li\u1ec7u xi lanh: Th\u00e2n xi lanh b\u1eb1ng th\u00e9p \u0111\u00fac, p\u00edt t\u00f4ng h\u1ee3p kim, k\u1ebft c\u1ea5u t\u00f4i r\u1eafn ch\u1eafc, ch\u1ed1ng m\u00e0i m\u00f2n v\u00e0 kh\u00f4ng tr\u1ea7y x\u01b0\u1edbc<\/p>\n<p>\u2463 S\u1ed1 l\u01b0\u1ee3ng: 2 chi\u1ebfc<\/p>\n<p>\u2464 \u00c1p su\u1ea5t l\u00e0m vi\u1ec7c \u0111\u1ecbnh m\u1ee9c: 26 MPa<\/td>\n<\/tr>\n<tr>\n<td width=\"284\">H\u1ec7 th\u1ed1ng th\u1ee7y l\u1ef1c<\/td>\n<td width=\"284\">Tr\u1ea1m th\u1ee7y l\u1ef1c ti\u00eau chu\u1ea9n kh\u00f4ng g\u00e2y \u00f4 nhi\u1ec5m<\/p>\n<p>Van th\u1ee7y l\u1ef1c \u0110\u00e0i Loan Jiugang<\/p>\n<p>B\u01a1m p\u00edt t\u00f4ng 10MC<\/td>\n<\/tr>\n<tr>\n<td width=\"284\">\u0110\u1ed9ng c\u01a1<\/td>\n<td width=\"284\">M\u00f4 h\u00ecnh \u0111\u1ed9ng c\u01a1 b\u01a1m nhanh: 7.5KW-4<\/p>\n<p>S\u1ed1 l\u01b0\u1ee3ng \u0111\u1ed9ng c\u01a1 b\u01a1m d\u1ea7u (b\u01a1m nhanh): 1 \u0111\u01a1n v\u1ecb<\/p>\n<p>M\u00f4 h\u00ecnh \u0111\u1ed9ng c\u01a1 b\u01a1m cao \u00e1p: 5.5KW-4<\/p>\n<p>S\u1ed1 l\u01b0\u1ee3ng \u0111\u1ed9ng c\u01a1 b\u01a1m d\u1ea7u (b\u01a1m cao \u00e1p): 1 chi\u1ebfc<\/p>\n<p>Xu\u1ea5t x\u1ee9 \u0111\u1ed9ng c\u01a1: S\u01a1n \u0110\u00f4ng<\/p>\n<p>C\u00e1c linh ki\u1ec7n \u0111i\u1ec7n kh\u00e1c: Schneider<\/td>\n<\/tr>\n<tr>\n<td width=\"284\">H\u1ec7 th\u1ed1ng \u0111i\u1ec1u khi\u1ec3n<\/td>\n<td width=\"284\">Ph\u01b0\u01a1ng ph\u00e1p \u0111i\u1ec1u khi\u1ec3n: Ho\u00e0n to\u00e0n t\u1ef1 \u0111\u1ed9ng<\/td>\n<\/tr>\n<\/tbody>\n<\/table>\n<p>&nbsp;<\/p>\n<h4><em><strong><b>Quy tr\u00ecnh l\u00e0m vi\u1ec7c<\/b><\/strong>\u00a0c\u1ee7a M\u00e1y \u00e9p l\u1ea1nh v\u00e1n \u00e9p:<\/em><\/h4>\n<p><strong><b>\u1ee8ng d\u1ee5ng keo<\/b><\/strong>:T\u1ea5m g\u1ed7 d\u00e1n \u0111\u01b0\u1ee3c ph\u1ee7 keo b\u1eb1ng d\u1ee5ng c\u1ee5 tr\u1ea3i keo \u0111\u1ec3 \u0111\u1ea3m b\u1ea3o keo \u0111\u01b0\u1ee3c ph\u00e2n b\u1ed5 \u0111\u1ec1u tr\u00ean b\u1ec1 m\u1eb7t.<\/p>\n<p><strong><b>L\u1eafp r\u00e1p v\u00e1n l\u1ea1ng:<\/b><\/strong>\u00a0C\u00e1c t\u1ea5m g\u1ed7 d\u00e1n \u0111\u01b0\u1ee3c x\u1ebfp th\u1ee7 c\u00f4ng ho\u1eb7c t\u1ef1 \u0111\u1ed9ng t\u1eebng l\u1edbp th\u00e0nh m\u1ed9t t\u1ea5m v\u00e1n \u00e9p c\u00f3 \u0111\u1ed9 d\u00e0y mong mu\u1ed1n.<\/p>\n<p><strong><b>T\u1ea3i b\u1ea3ng \u0111i\u1ec1u khi\u1ec3n:<\/b><\/strong>\u00a0T\u1ea5m l\u1eafp r\u00e1p \u0111\u01b0\u1ee3c \u0111\u1eb7t l\u00ean b\u1ec7 \u00e9p ngu\u1ed9i, th\u01b0\u1eddng s\u1eed d\u1ee5ng h\u1ec7 th\u1ed1ng n\u00e2ng th\u1ee7y l\u1ef1c ho\u1eb7c c\u01a1 h\u1ecdc.<\/p>\n<p><strong><b>Thao t\u00e1c nh\u1ea5n:<\/b><\/strong>\u00a0H\u1ec7 th\u1ed1ng th\u1ee7y l\u1ef1c h\u1ea1 th\u1ea5p t\u1ea5m \u00e9p ph\u00eda tr\u00ean \u0111\u1ec3 t\u1ea1o \u00e1p l\u1ef1c \u0111\u1ed3ng \u0111\u1ec1u l\u00ean t\u1ea5m \u00e9p. \u00c1p l\u1ef1c \u00e9p dao \u0111\u1ed9ng t\u1eeb 1 \u0111\u1ebfn 5 MPa t\u00f9y thu\u1ed9c v\u00e0o lo\u1ea1i s\u1ea3n ph\u1ea9m.<\/p>\n<p><strong><b>Th\u1eddi gian gi\u1eef:<\/b><\/strong>\u00a0T\u1ea5m g\u1ed7 \u0111\u01b0\u1ee3c \u00e9p trong kho\u1ea3ng t\u1eeb 3 \u0111\u1ebfn 10 ph\u00fat. Thao t\u00e1c n\u00e0y gi\u00fap keo \u0111\u00f4ng c\u1ee9ng m\u1ed9t ph\u1ea7n v\u00e0 c\u00e1c l\u1edbp g\u1ed7 \u1ed5n \u0111\u1ecbnh tr\u01b0\u1edbc khi \u00e9p n\u00f3ng.<\/p>\n<p><strong><b>Th\u00e1o l\u1eafp tr\u1ee5c l\u0103n:<\/b><\/strong>\u00a0Sau khi \u00e9p, m\u1eb7t \u00e9p ph\u00eda tr\u00ean s\u1ebd t\u1ef1 \u0111\u1ed9ng n\u00e2ng l\u00ean v\u00e0 v\u00e1n \u00e9p \u0111\u00e3 \u0111\u01b0\u1ee3c \u00e9p s\u1eb5n s\u1ebd s\u1eb5n s\u00e0ng \u0111\u1ec3 th\u00e1o ra.<\/p>\n<p><strong><b>Th\u00e1o d\u1ee1 t\u1ea5m pin:<\/b><\/strong>\u00a0T\u1ea5m n\u00e9n \u0111\u01b0\u1ee3c l\u1ea5y ra v\u00e0 \u0111\u01b0a v\u00e0o m\u00e1y \u00e9p n\u00f3ng \u0111\u1ec3 x\u1eed l\u00fd l\u1ea7n cu\u1ed1i.<\/p>\n<p><strong><b>Chu k\u1ef3 l\u1eb7p l\u1ea1i:<\/b><\/strong>\u00a0B\u1ed9 v\u00e1n \u00e9p d\u00e1n ti\u1ebfp theo \u0111\u01b0\u1ee3c \u0111\u01b0a v\u00e0o v\u00e0 chu tr\u00ecnh ti\u1ebfp t\u1ee5c.<\/p>\n<p>Qu\u00e1 tr\u00ecnh n\u00e0y c\u1ea3i thi\u1ec7n \u0111\u1ed9 ph\u1eb3ng c\u1ee7a t\u1ea5m, \u0111\u1ed9 b\u1ec1n li\u00ean k\u1ebft v\u00e0 ch\u1ea5t l\u01b0\u1ee3ng t\u1ed5ng th\u1ec3 c\u1ee7a s\u1ea3n ph\u1ea9m.<\/p>","protected":false},"excerpt":{"rendered":"<p>The Cold Press Machine is ideal for bonding veneers, laminates, and wood panels without heat. Using uniform hydraulic pressure, it ensures strong adhesion and flat surfaces. With a sturdy frame, easy operation, and low energy consumption, it&#8217;s perfect for furniture, door, and panel production lines.<br \/>\nAdvantage\uff1a<br \/>\nEnergy Efficient \u2013 Operates without heat, reducing power consumption.<br \/>\nStrong Bonding \u2013 Provides uniform, stable pressure for reliable adhesion.<br \/>\nEasy Operation \u2013 Simple controls and low maintenance.<\/p>","protected":false},"featured_media":1252,"template":"","meta":{"_gspb_post_css":""},"product_brand":[],"product_cat":[26,20,17],"product_tag":[46,48,47],"class_list":{"0":"post-180","1":"product","2":"type-product","3":"status-publish","4":"has-post-thumbnail","6":"product_cat-cold-press-machine","7":"product_cat-pressing-machine","8":"product_cat-wood-based-panel-machine","9":"product_tag-cold-press-machine","10":"product_tag-plywood-cold-press","11":"product_tag-pre-press-machine","13":"first","14":"instock","15":"shipping-taxable","16":"product-type-simple"},"_links":{"self":[{"href":"https:\/\/chuangxinmachinery.com\/vi\/wp-json\/wp\/v2\/product\/180","targetHints":{"allow":["GET"]}}],"collection":[{"href":"https:\/\/chuangxinmachinery.com\/vi\/wp-json\/wp\/v2\/product"}],"about":[{"href":"https:\/\/chuangxinmachinery.com\/vi\/wp-json\/wp\/v2\/types\/product"}],"wp:featuredmedia":[{"embeddable":true,"href":"https:\/\/chuangxinmachinery.com\/vi\/wp-json\/wp\/v2\/media\/1252"}],"wp:attachment":[{"href":"https:\/\/chuangxinmachinery.com\/vi\/wp-json\/wp\/v2\/media?parent=180"}],"wp:term":[{"taxonomy":"product_brand","embeddable":true,"href":"https:\/\/chuangxinmachinery.com\/vi\/wp-json\/wp\/v2\/product_brand?post=180"},{"taxonomy":"product_cat","embeddable":true,"href":"https:\/\/chuangxinmachinery.com\/vi\/wp-json\/wp\/v2\/product_cat?post=180"},{"taxonomy":"product_tag","embeddable":true,"href":"https:\/\/chuangxinmachinery.com\/vi\/wp-json\/wp\/v2\/product_tag?post=180"}],"curies":[{"name":"wp","href":"https:\/\/api.w.org\/{rel}","templated":true}]}}