{"id":186,"date":"2025-08-14T02:12:17","date_gmt":"2025-08-14T02:12:17","guid":{"rendered":"https:\/\/chuangxinmachinery.com\/?post_type=product&#038;p=186"},"modified":"2025-09-01T06:46:21","modified_gmt":"2025-09-01T06:46:21","slug":"may-lat-van-ep","status":"publish","type":"product","link":"https:\/\/chuangxinmachinery.com\/vi\/product\/plywood-paving-machine\/","title":{"rendered":"M\u00e1y l\u00e1t v\u00e1n \u00e9p"},"content":{"rendered":"<p>T\u1ef1 \u0111\u1ed9ng <a href=\"https:\/\/chuangxinmachinery.com\/vi\/product\/may-lat-van-ep\/\">m\u00e1y l\u00e1t v\u00e1n \u00e9p<\/a> \u0111\u1eb7t c\u00e1c l\u1edbp g\u1ed7 d\u00e1n ch\u00ednh x\u00e1c l\u00ean \u0111\u1ebf g\u1ed7 d\u00e1n b\u1eb1ng h\u1ec7 th\u1ed1ng \u0111\u1ecbnh v\u1ecb v\u00e0 n\u1ea1p g\u1ed7 t\u1ef1 \u0111\u1ed9ng.<\/p>\n<p>M\u00e1y l\u00e1t v\u00e1n \u00e9p bao g\u1ed3m m\u1ed9t s\u1ed1 b\u1ed9 ph\u1eadn ch\u00ednh \u0111\u1ea3m b\u1ea3o vi\u1ec7c l\u00e1t v\u00e1n \u00e9p hi\u1ec7u qu\u1ea3 v\u00e0 ch\u00ednh x\u00e1c.<\/p>\n<p>C\u00e1c <strong><b>h\u1ec7 th\u1ed1ng cho \u0103n t\u1ef1 \u0111\u1ed9ng<\/b><\/strong>\u00a0\u0111\u01b0a l\u1edbp veneer v\u00e0o khu v\u1ef1c l\u00e0m vi\u1ec7c m\u1ed9t c\u00e1ch tr\u01a1n tru. <strong><b>B\u1ed9 \u0111i\u1ec1u khi\u1ec3n th\u1ee7y l\u1ef1c v\u00e0 PLC<\/b><\/strong>\u00a0qu\u1ea3n l\u00fd v\u1ecb tr\u00ed v\u00e0 t\u1ed1c \u0111\u1ed9 v\u1edbi \u0111\u1ed9 ch\u00ednh x\u00e1c cao. <strong><b>h\u1ec7 th\u1ed1ng c\u1eaft<\/b><\/strong>, c\u00f3 s\u1eb5n c\u1ea3 lo\u1ea1i c\u01b0a v\u00e0 lo\u1ea1i m\u00e1y ch\u00e9m, x\u1eed l\u00fd vi\u1ec7c c\u1eaft t\u1ec9a g\u1ed7 d\u00e1n. <strong><b>B\u0103ng t\u1ea3i<\/b><\/strong>\u00a0v\u1eadn chuy\u1ec3n v\u1eadt li\u1ec7u li\u1ec1n m\u1ea1ch th\u00f4ng qua m\u00e1y. <strong><b>b\u1ea3ng \u0111i\u1ec1u khi\u1ec3n<\/b><\/strong>\u00a0cung c\u1ea5p ho\u1ea1t \u0111\u1ed9ng th\u00e2n thi\u1ec7n v\u1edbi ng\u01b0\u1eddi d\u00f9ng v\u00e0 \u0111i\u1ec1u ch\u1ec9nh th\u1eddi gian th\u1ef1c. Ngo\u00e0i ra, <strong><b>c\u1ea5u tr\u00fac khung<\/b><\/strong>\u00a0\u0111\u1ea3m b\u1ea3o \u0111\u1ed9 b\u1ec1n v\u00e0 \u1ed5n \u0111\u1ecbnh trong qu\u00e1 tr\u00ecnh s\u1ea3n xu\u1ea5t li\u00ean t\u1ee5c. C\u00e1c th\u00e0nh ph\u1ea7n n\u00e0y ph\u1ed1i h\u1ee3p v\u1edbi nhau \u0111\u1ec3 t\u1ed1i \u01b0u h\u00f3a hi\u1ec7u su\u1ea5t, gi\u1ea3m nh\u00e2n c\u00f4ng v\u00e0 c\u1ea3i thi\u1ec7n ch\u1ea5t l\u01b0\u1ee3ng t\u1ed5ng th\u1ec3 c\u1ee7a t\u1ea5m v\u00e1n \u00e9p.<\/p>\n<figure id=\"attachment_1133\" aria-describedby=\"caption-attachment-1133\" style=\"width: 868px\" class=\"wp-caption alignnone\"><img decoding=\"async\" class=\"wp-image-1133\" src=\"https:\/\/chuangxinmachinery.com\/wp-content\/uploads\/2025\/05\/\u5fae\u4fe1\u56fe\u7247_20250516141716-e1751266173891-1024x910.png\" alt=\"M\u00e1y l\u00e1t v\u00e1n \u00e9p\" width=\"868\" height=\"771\" \/><figcaption id=\"caption-attachment-1133\" class=\"wp-caption-text\">M\u00e1y l\u00e1t v\u00e1n \u00e9p<\/figcaption><\/figure>\n<p>&nbsp;<\/p>\n<h4>Th\u00f4ng s\u1ed1 k\u1ef9 thu\u1eadt:<\/h4>\n<table style=\"height: 438px;\" width=\"933\">\n<tbody>\n<tr>\n<td width=\"284\">Quy\u1ec1n l\u1ef1c<\/td>\n<td width=\"284\">13,5kw<\/td>\n<\/tr>\n<tr>\n<td width=\"284\">K\u00edch th\u01b0\u1edbc<\/td>\n<td width=\"284\">2700*1150*1580mm<\/td>\n<\/tr>\n<tr>\n<td width=\"284\">C\u00e2n n\u1eb7ng<\/td>\n<td width=\"284\">5600kg<\/td>\n<\/tr>\n<tr>\n<td width=\"284\">Lo\u1ea1i c\u1eaft<\/td>\n<td width=\"284\">L\u01b0\u1ee1i c\u01b0a\/l\u01b0\u1ee1i dao<\/td>\n<\/tr>\n<tr>\n<td width=\"284\">Ph\u01b0\u01a1ng ph\u00e1p x\u1ebfp ch\u1ed3ng b\u1ea3ng<\/td>\n<td width=\"284\">1300mm<\/td>\n<\/tr>\n<tr>\n<td width=\"284\">Dung t\u00edch<\/td>\n<td width=\"284\">800-1500 chi\u1ebfc<\/td>\n<\/tr>\n<tr>\n<td width=\"284\">Th\u00f4ng s\u1ed1 k\u1ef9 thu\u1eadt<\/td>\n<td width=\"284\">18m\/24m\/30m\/36m<\/td>\n<\/tr>\n<\/tbody>\n<\/table>\n<p>&nbsp;<\/p>\n<p>M\u00e1y c\u00f3 th\u1ec3 \u0111\u01b0\u1ee3c thi\u1ebft k\u1ebf ri\u00eang theo y\u00eau c\u1ea7u s\u1ea3n xu\u1ea5t v\u00e0 b\u1ed1 tr\u00ed nh\u00e0 m\u00e1y c\u1ee5 th\u1ec3, mang l\u1ea1i s\u1ef1 linh ho\u1ea1t cho c\u00e1c lo\u1ea1i v\u00e1n \u00e9p v\u00e0 c\u00f4ng su\u1ea5t kh\u00e1c nhau.<\/p>\n<p>&nbsp;<\/p>\n<h4>\u0110\u1eb7c tr\u01b0ng:<\/h4>\n<p><strong><em><b><i>T\u1ef1 \u0111\u1ed9ng cho \u0103n v\u00e0 \u0111\u1ecbnh v\u1ecb<\/i><\/b><\/em><\/strong>\u00a0\u2013 S\u1eed d\u1ee5ng h\u1ec7 th\u1ed1ng th\u1ee7y l\u1ef1c v\u00e0 \u0111i\u1ec1u khi\u1ec3n PLC \u0111\u1ec3 c\u0103n ch\u1ec9nh v\u00e0 n\u1ea1p v\u00e1n m\u1ecfng tr\u01a1n tru, \u0111\u1ed3ng \u0111\u1ec1u.<\/p>\n<p>&nbsp;<\/p>\n<p><strong><em><b><i>T\u00f9y ch\u1ecdn c\u1eaft k\u00e9p<\/i><\/b><\/em><\/strong>\u00a0\u2013 \u0110\u01b0\u1ee3c trang b\u1ecb c\u1ea3 ph\u01b0\u01a1ng ph\u00e1p c\u1eaft c\u01b0a v\u00e0 c\u1eaft guillotine, ph\u00f9 h\u1ee3p v\u1edbi v\u00e1n m\u1ecfng c\u00f3 \u0111\u1ed9 d\u00e0y t\u1eeb 5mm \u0111\u1ebfn 100mm.<\/p>\n<p>&nbsp;<\/p>\n<p><strong><em><b><i>Nhi\u1ec1u t\u00f9y ch\u1ecdn \u0111\u1ed9 d\u00e0i kh\u00e1c nhau<\/i><\/b><\/em><\/strong>\u00a0\u2013 C\u00f3 nhi\u1ec1u chi\u1ec1u d\u00e0i kh\u00e1c nhau (18m, 24m, 30m, 36m) v\u00e0 c\u00f3 th\u1ec3 t\u00f9y ch\u1ec9nh theo k\u00edch th\u01b0\u1edbc x\u01b0\u1edfng v\u00e0 nhu c\u1ea7u s\u1ea3n l\u01b0\u1ee3ng.<\/p>\n<p>&nbsp;<\/p>\n<p><strong><em><b><i>Giao di\u1ec7n th\u00e2n thi\u1ec7n v\u1edbi ng\u01b0\u1eddi d\u00f9ng<\/i><\/b><\/em><\/strong>\u00a0\u2013 B\u1ea3ng \u0111i\u1ec1u khi\u1ec3n v\u00e0 m\u00e0n h\u00ecnh hi\u1ec3n th\u1ecb \u0111\u01a1n gi\u1ea3n cho ph\u00e9p v\u1eadn h\u00e0nh d\u1ec5 d\u00e0ng v\u00e0 \u0111i\u1ec1u ch\u1ec9nh th\u00f4ng s\u1ed1 theo th\u1eddi gian th\u1ef1c.<\/p>\n<p>&nbsp;<\/p>\n<p><strong><em><b><i>Ho\u1ea1t \u0111\u1ed9ng th\u00e2n thi\u1ec7n v\u1edbi m\u00f4i tr\u01b0\u1eddng<\/i><\/b><\/em><\/strong>\u00a0\u2013 Thi\u1ebft k\u1ebf \u00edt ti\u1ebfng \u1ed3n v\u00e0 ti\u1ebft ki\u1ec7m n\u0103ng l\u01b0\u1ee3ng gi\u00fap t\u1ea1o ra m\u00f4i tr\u01b0\u1eddng s\u1ea3n xu\u1ea5t an to\u00e0n h\u01a1n, th\u00e2n thi\u1ec7n h\u01a1n v\u1edbi m\u00f4i tr\u01b0\u1eddng.<\/p>\n<p>&nbsp;<\/p>\n<p>\u0110i\u1ec1u n\u00e0y l\u00e0m cho m\u00e1y l\u00e1t v\u00e1n \u00e9p tr\u1edf th\u00e0nh m\u1ed9t thi\u1ebft b\u1ecb thi\u1ebft y\u1ebfu cho c\u00e1c d\u00e2y chuy\u1ec1n s\u1ea3n xu\u1ea5t v\u00e1n \u00e9p hi\u1ec7n \u0111\u1ea1i.<\/p>","protected":false},"excerpt":{"rendered":"<p>M\u00e1y tr\u1ea3i v\u00e1n \u00e9p \u0111\u01b0\u1ee3c thi\u1ebft k\u1ebf \u0111\u1ec3 \u1ee9ng d\u1ee5ng keo v\u00e0 x\u1ebfp l\u1edbp veneer ch\u00ednh x\u00e1c v\u00e0 hi\u1ec7u qu\u1ea3 trong s\u1ea3n xu\u1ea5t v\u00e1n \u00e9p. M\u00e1y \u0111\u1ea3m b\u1ea3o tr\u1ea3i keo \u0111\u1ec1u v\u00e0 x\u1ebfp l\u1edbp veneer ch\u00ednh x\u00e1c, n\u00e2ng cao \u0111\u1ed9 b\u1ec1n li\u00ean k\u1ebft v\u00e0 ch\u1ea5t l\u01b0\u1ee3ng s\u1ea3n ph\u1ea9m. V\u1edbi h\u1ec7 th\u1ed1ng \u0111i\u1ec1u khi\u1ec3n t\u1ef1 \u0111\u1ed9ng v\u00e0 hi\u1ec7u su\u1ea5t \u1ed5n \u0111\u1ecbnh, m\u00e1y gi\u00fap t\u0103ng n\u0103ng su\u1ea5t v\u00e0 gi\u1ea3m thi\u1ec3u nhu c\u1ea7u lao \u0111\u1ed9ng th\u1ee7 c\u00f4ng.<\/p>","protected":false},"featured_media":1254,"template":"","meta":{"_gspb_post_css":""},"product_brand":[],"product_cat":[21,17],"product_tag":[39,40],"class_list":{"0":"post-186","1":"product","2":"type-product","3":"status-publish","4":"has-post-thumbnail","6":"product_cat-plywood-paving-machine","7":"product_cat-wood-based-panel-machine","8":"product_tag-plywood-forming-machine","9":"product_tag-plywood-paving-machine","11":"first","12":"instock","13":"shipping-taxable","14":"product-type-simple"},"_links":{"self":[{"href":"https:\/\/chuangxinmachinery.com\/vi\/wp-json\/wp\/v2\/product\/186","targetHints":{"allow":["GET"]}}],"collection":[{"href":"https:\/\/chuangxinmachinery.com\/vi\/wp-json\/wp\/v2\/product"}],"about":[{"href":"https:\/\/chuangxinmachinery.com\/vi\/wp-json\/wp\/v2\/types\/product"}],"wp:featuredmedia":[{"embeddable":true,"href":"https:\/\/chuangxinmachinery.com\/vi\/wp-json\/wp\/v2\/media\/1254"}],"wp:attachment":[{"href":"https:\/\/chuangxinmachinery.com\/vi\/wp-json\/wp\/v2\/media?parent=186"}],"wp:term":[{"taxonomy":"product_brand","embeddable":true,"href":"https:\/\/chuangxinmachinery.com\/vi\/wp-json\/wp\/v2\/product_brand?post=186"},{"taxonomy":"product_cat","embeddable":true,"href":"https:\/\/chuangxinmachinery.com\/vi\/wp-json\/wp\/v2\/product_cat?post=186"},{"taxonomy":"product_tag","embeddable":true,"href":"https:\/\/chuangxinmachinery.com\/vi\/wp-json\/wp\/v2\/product_tag?post=186"}],"curies":[{"name":"wp","href":"https:\/\/api.w.org\/{rel}","templated":true}]}}