{"id":192,"date":"2025-08-15T02:15:06","date_gmt":"2025-08-15T02:15:06","guid":{"rendered":"https:\/\/chuangxinmachinery.com\/?post_type=product&#038;p=192"},"modified":"2025-09-01T06:46:02","modified_gmt":"2025-09-01T06:46:02","slug":"may-cat-canh","status":"publish","type":"product","link":"https:\/\/chuangxinmachinery.com\/vi\/product\/edge-trimming-machine\/","title":{"rendered":"M\u00e1y c\u1eaft c\u1ea1nh"},"content":{"rendered":"<p>C\u00e1c <a href=\"https:\/\/chuangxinmachinery.com\/vi\/product\/automatic-edge-banding-machine\/\">m\u00e1y c\u1eaft c\u1ea1nh<\/a>\u00a0M\u00e1y s\u1edf h\u1eefu nhi\u1ec1u t\u00ednh n\u0103ng ch\u00ednh l\u00fd t\u01b0\u1edfng cho ch\u1ebf bi\u1ebfn g\u1ed7 v\u00e0 gia c\u00f4ng t\u1ea5m. M\u00e1y mang l\u1ea1i \u0111\u1ed9 ch\u00ednh x\u00e1c c\u1eaft cao nh\u1edd s\u1eed d\u1ee5ng l\u01b0\u1ee1i c\u01b0a s\u1eafc b\u00e9n, t\u1ed1c \u0111\u1ed9 cao v\u00e0 h\u1ec7 th\u1ed1ng d\u1eabn h\u01b0\u1edbng \u1ed5n \u0111\u1ecbnh. Nhi\u1ec1u model \u0111\u01b0\u1ee3c trang b\u1ecb ch\u1ee9c n\u0103ng c\u1ea5p li\u1ec7u t\u1ef1 \u0111\u1ed9ng, \u0111i\u1ec1u ch\u1ec9nh \u0111\u1ed9 r\u1ed9ng c\u1eaft v\u00e0 \u0111i\u1ec1u khi\u1ec3n k\u1ef9 thu\u1eadt s\u1ed1 gi\u00fap v\u1eadn h\u00e0nh d\u1ec5 d\u00e0ng. M\u00e1y \u0111\u1ea3m b\u1ea3o c\u00e1c c\u1ea1nh nh\u1eb5n m\u1ecbn, s\u1ea1ch s\u1ebd, c\u1ea3i thi\u1ec7n v\u1ebb ngo\u00e0i t\u1ed5ng th\u1ec3 v\u00e0 \u0111\u1ed9 \u0111\u1ed3ng \u0111\u1ec1u c\u1ee7a s\u1ea3n ph\u1ea9m cu\u1ed1i c\u00f9ng.<\/p>\n<figure id=\"attachment_1130\" aria-describedby=\"caption-attachment-1130\" style=\"width: 1024px\" class=\"wp-caption alignnone\"><img decoding=\"async\" class=\"wp-image-1130 size-large\" src=\"https:\/\/chuangxinmachinery.com\/wp-content\/uploads\/2025\/05\/36-48-\u53ef\u8c03\u952f\u6e32\u67d3\u56fe-1024x576.jpg\" alt=\"M\u00e1y c\u1eaft c\u1ea1nh\" width=\"1024\" height=\"576\" srcset=\"https:\/\/chuangxinmachinery.com\/wp-content\/uploads\/2025\/05\/36-48-\u53ef\u8c03\u952f\u6e32\u67d3\u56fe-1024x576.jpg 1024w, https:\/\/chuangxinmachinery.com\/wp-content\/uploads\/2025\/05\/36-48-\u53ef\u8c03\u952f\u6e32\u67d3\u56fe-300x169.jpg 300w, https:\/\/chuangxinmachinery.com\/wp-content\/uploads\/2025\/05\/36-48-\u53ef\u8c03\u952f\u6e32\u67d3\u56fe-768x432.jpg 768w, https:\/\/chuangxinmachinery.com\/wp-content\/uploads\/2025\/05\/36-48-\u53ef\u8c03\u952f\u6e32\u67d3\u56fe-1536x864.jpg 1536w, https:\/\/chuangxinmachinery.com\/wp-content\/uploads\/2025\/05\/36-48-\u53ef\u8c03\u952f\u6e32\u67d3\u56fe-2048x1152.jpg 2048w, https:\/\/chuangxinmachinery.com\/wp-content\/uploads\/2025\/05\/36-48-\u53ef\u8c03\u952f\u6e32\u67d3\u56fe-18x10.jpg 18w, https:\/\/chuangxinmachinery.com\/wp-content\/uploads\/2025\/05\/36-48-\u53ef\u8c03\u952f\u6e32\u67d3\u56fe-600x338.jpg 600w\" sizes=\"(max-width: 1024px) 100vw, 1024px\" \/><figcaption id=\"caption-attachment-1130\" class=\"wp-caption-text\">M\u00e1y c\u1eaft c\u1ea1nh<\/figcaption><\/figure>\n<h4><em>Th\u00f4ng s\u1ed1 k\u1ef9 thu\u1eadt:<\/em><\/h4>\n<table>\n<tbody>\n<tr>\n<td width=\"246\">K\u00edch th\u01b0\u1edbc khung<\/td>\n<td width=\"321\">Khung \u1ed1ng h\u00e0n h\u00ecnh ch\u1eef nh\u1eadt 100X200X5mm (c\u00f3 th\u1ec3 th\u00e1o r\u1eddi)<\/td>\n<\/tr>\n<tr>\n<td width=\"246\">Ph\u01b0\u01a1ng ph\u00e1p \u0111i\u1ec1u ch\u1ec9nh<\/td>\n<td width=\"321\">\u0110i\u1ec1u ch\u1ec9nh \u0111i\u1ec7n b\u00ean<\/td>\n<\/tr>\n<tr>\n<td width=\"246\">Ph\u1ea1m vi \u0111i\u1ec1u ch\u1ec9nh<\/td>\n<td width=\"321\">1220-1240mm 2300-2500mm<\/td>\n<\/tr>\n<tr>\n<td width=\"246\">C\u00e2n n\u1eb7ng<\/td>\n<td width=\"321\">5.6T<\/td>\n<\/tr>\n<tr>\n<td width=\"246\">S\u1ea3n l\u01b0\u1ee3ng h\u00e0ng ng\u00e0y<\/td>\n<td width=\"321\">2800 chi\u1ebfc<\/td>\n<\/tr>\n<tr>\n<td width=\"246\">Ph\u01b0\u01a1ng ph\u00e1p ki\u1ec3m so\u00e1t<\/td>\n<td width=\"321\">H\u1ec7 th\u1ed1ng \u0111i\u1ec1u khi\u1ec3n t\u1ef1 \u0111\u1ed9ng PLC, bi\u1ebfn t\u1ea7n \u0111\u1ec3 \u0111i\u1ec1u ch\u1ec9nh t\u1ed1c \u0111\u1ed9 v\u00e0 m\u00e0n h\u00ecnh hi\u1ec3n th\u1ecb \u0111\u1ec3 c\u00e0i \u0111\u1eb7t th\u00f4ng s\u1ed1.<\/td>\n<\/tr>\n<tr>\n<td width=\"246\">C\u1ea5u h\u00ecnh \u0111\u1ed9ng c\u01a1<\/td>\n<td width=\"321\">C\u00f4ng t\u1eafc quang \u0111i\u1ec7n ti\u1ec7m c\u1eadn Omron<\/p>\n<p>C\u00f4ng t\u1eafc t\u01a1 Schneider.<\/p>\n<p>\u0110\u1ed9ng c\u01a1 c\u01b0a ch\u00ednh: 10 kW \u00d7 4 \u0111\u01a1n v\u1ecb<\/p>\n<p>\u0110\u1ed9ng c\u01a1 ch\u1ea5m \u0111i\u1ec3m: 1,1 kW \u00d7 4 \u0111\u01a1n v\u1ecb<\/p>\n<p>\u0110\u1ed9ng c\u01a1 s\u00e0n n\u00e2ng: 3 kW \u00d7 1 \u0111\u01a1n v\u1ecb<\/p>\n<p>\u0110\u1ed9ng c\u01a1 b\u0103ng t\u1ea3i: 1,5 kW \u00d7 2 \u0111\u01a1n v\u1ecb<\/td>\n<\/tr>\n<\/tbody>\n<\/table>\n<p>Ch\u00fang t\u00f4i c\u00f3 th\u1ec3 cung c\u1ea5p c\u00e1c d\u1ecbch v\u1ee5 t\u00f9y ch\u1ec9nh d\u1ef1a tr\u00ean y\u00eau c\u1ea7u v\u00e0 n\u0103ng l\u1ef1c s\u1ea3n xu\u1ea5t c\u1ee7a b\u1ea1n.<\/p>\n<p>&nbsp;<\/p>\n<h4><em>Thu\u1eadn l\u1ee3i:<\/em><\/h4>\n<p><strong><em><b><i>C\u1eaft ch\u00ednh x\u00e1c cao<\/i><\/b><\/em><\/strong> \u2013 M\u00e1y c\u1eaft c\u1ea1nh s\u1eed d\u1ee5ng l\u01b0\u1ee1i dao s\u1eafc b\u00e9n, t\u1ed1c \u0111\u1ed9 cao v\u00e0 h\u1ec7 th\u1ed1ng d\u1eabn h\u01b0\u1edbng \u0111\u1ec3 t\u1ea1o ra nh\u1eefng \u0111\u01b0\u1eddng c\u1eaft ch\u00ednh x\u00e1c, m\u1ecbn m\u00e0ng, \u0111\u1ea3m b\u1ea3o c\u00e1c c\u1ea1nh t\u1ea5m \u1ed1p s\u1ea1ch s\u1ebd v\u00e0 \u0111\u1ed3ng \u0111\u1ec1u.<\/p>\n<p><strong><em><b><i>T\u0103ng hi\u1ec7u qu\u1ea3<\/i><\/b><\/em><\/strong>\u00a0\u2013 V\u1edbi ch\u1ee9c n\u0103ng c\u1ea5p li\u1ec7u t\u1ef1 \u0111\u1ed9ng v\u00e0 t\u1ed1c \u0111\u1ed9 c\u1eaft nhanh, m\u00e1y c\u1ea3i thi\u1ec7n \u0111\u00e1ng k\u1ec3 n\u0103ng su\u1ea5t, l\u00fd t\u01b0\u1edfng cho c\u00e1c ho\u1ea1t \u0111\u1ed9ng quy m\u00f4 l\u1edbn.<\/p>\n<p><strong><em><b><i>Gi\u1ea3m chi ph\u00ed lao \u0111\u1ed9ng<\/i><\/b><\/em><\/strong>\u00a0\u2013 Thi\u1ebft k\u1ebf t\u1ef1 \u0111\u1ed9ng gi\u00fap gi\u1ea3m nhu c\u1ea7u lao \u0111\u1ed9ng th\u1ee7 c\u00f4ng, gi\u1ea3m chi ph\u00ed lao \u0111\u1ed9ng v\u00e0 gi\u1ea3m thi\u1ec3u r\u1ee7i ro do l\u1ed7i c\u1ee7a con ng\u01b0\u1eddi.<\/p>\n<p><strong><em><b><i>N\u00e2ng cao ch\u1ea5t l\u01b0\u1ee3ng s\u1ea3n ph\u1ea9m<\/i><\/b><\/em><\/strong>\u00a0\u2013 B\u1eb1ng c\u00e1ch c\u1eaft c\u1ea1nh \u0111\u1ed3ng \u0111\u1ec1u, s\u1ea3n ph\u1ea9m c\u1ea3i thi\u1ec7n v\u1ebb ngo\u00e0i v\u00e0 \u0111\u1ed9 ch\u00ednh x\u00e1c v\u1ec1 k\u00edch th\u01b0\u1edbc c\u1ee7a t\u1ea5m, \u0111\u00e1p \u1ee9ng c\u00e1c ti\u00eau chu\u1ea9n ch\u1ea5t l\u01b0\u1ee3ng cao.<\/p>\n<p><strong><em><b><i>\u0110\u1ed9 b\u1ec1n v\u00e0 \u0111\u1ed9 tin c\u1eady<\/i><\/b><\/em><\/strong>\u00a0\u2013 \u0110\u01b0\u1ee3c ch\u1ebf t\u1ea1o b\u1eb1ng v\u1eadt li\u1ec7u c\u00f4ng nghi\u1ec7p ch\u1eafc ch\u1eafn, m\u00e1y c\u00f3 \u0111\u1ed9 b\u1ec1n cao v\u00e0 c\u00f3 th\u1ec3 s\u1eed d\u1ee5ng l\u00e2u d\u00e0i trong m\u00f4i tr\u01b0\u1eddng s\u1ea3n xu\u1ea5t kh\u1eafc nghi\u1ec7t.<\/p>\n<p>Nh\u00ecn chung, m\u00e1y c\u1eaft c\u1ea1nh l\u00e0 t\u00e0i s\u1ea3n c\u00f3 gi\u00e1 tr\u1ecb \u0111\u1ed1i v\u1edbi c\u00e1c nh\u00e0 s\u1ea3n xu\u1ea5t mu\u1ed1n c\u1ea3i thi\u1ec7n t\u1ed1c \u0111\u1ed9, ch\u1ea5t l\u01b0\u1ee3ng v\u00e0 hi\u1ec7u qu\u1ea3 s\u1ea3n xu\u1ea5t \u0111\u1ed3ng th\u1eddi gi\u1ea3m chi ph\u00ed v\u1eadn h\u00e0nh.<\/p>","protected":false},"excerpt":{"rendered":"<p>M\u00e1y c\u1eaft c\u1ea1nh \u0111\u01b0\u1ee3c thi\u1ebft k\u1ebf \u0111\u1ec3 c\u1eaft ch\u00ednh x\u00e1c c\u00e1c c\u1ea1nh t\u1ea5m sau khi c\u00e1n ho\u1eb7c \u00e9p. V\u1edbi l\u01b0\u1ee1i dao quay t\u1ed1c \u0111\u1ed9 cao v\u00e0 con l\u0103n c\u1ea5p li\u1ec7u t\u1ef1 \u0111\u1ed9ng, m\u00e1y \u0111\u1ea3m b\u1ea3o \u0111\u01b0\u1eddng c\u1eaft s\u1ea1ch s\u1ebd v\u00e0 m\u1ecbn m\u00e0ng. L\u00fd t\u01b0\u1edfng cho s\u1ea3n xu\u1ea5t v\u00e1n \u00e9p v\u00e0 MDF, m\u00e1y c\u1ea3i thi\u1ec7n ch\u1ea5t l\u01b0\u1ee3ng c\u1ea1nh, gi\u1ea3m nh\u00e2n c\u00f4ng v\u00e0 n\u00e2ng cao hi\u1ec7u qu\u1ea3 s\u1ea3n xu\u1ea5t.<\/p>","protected":false},"featured_media":1248,"template":"","meta":{"_gspb_post_css":""},"product_brand":[],"product_cat":[22,17],"product_tag":[34,35],"class_list":{"0":"post-192","1":"product","2":"type-product","3":"status-publish","4":"has-post-thumbnail","6":"product_cat-edge-trimming-saw","7":"product_cat-wood-based-panel-machine","8":"product_tag-edge-trimming-saw","9":"product_tag-edge-trimming-saw-machine","11":"first","12":"instock","13":"shipping-taxable","14":"product-type-simple"},"_links":{"self":[{"href":"https:\/\/chuangxinmachinery.com\/vi\/wp-json\/wp\/v2\/product\/192","targetHints":{"allow":["GET"]}}],"collection":[{"href":"https:\/\/chuangxinmachinery.com\/vi\/wp-json\/wp\/v2\/product"}],"about":[{"href":"https:\/\/chuangxinmachinery.com\/vi\/wp-json\/wp\/v2\/types\/product"}],"wp:featuredmedia":[{"embeddable":true,"href":"https:\/\/chuangxinmachinery.com\/vi\/wp-json\/wp\/v2\/media\/1248"}],"wp:attachment":[{"href":"https:\/\/chuangxinmachinery.com\/vi\/wp-json\/wp\/v2\/media?parent=192"}],"wp:term":[{"taxonomy":"product_brand","embeddable":true,"href":"https:\/\/chuangxinmachinery.com\/vi\/wp-json\/wp\/v2\/product_brand?post=192"},{"taxonomy":"product_cat","embeddable":true,"href":"https:\/\/chuangxinmachinery.com\/vi\/wp-json\/wp\/v2\/product_cat?post=192"},{"taxonomy":"product_tag","embeddable":true,"href":"https:\/\/chuangxinmachinery.com\/vi\/wp-json\/wp\/v2\/product_tag?post=192"}],"curies":[{"name":"wp","href":"https:\/\/api.w.org\/{rel}","templated":true}]}}