{"id":195,"date":"2025-05-27T02:22:34","date_gmt":"2025-05-27T02:22:34","guid":{"rendered":"https:\/\/chuangxinmachinery.com\/?post_type=product&#038;p=195"},"modified":"2025-07-22T08:50:11","modified_gmt":"2025-07-22T08:50:11","slug":"may-rai-keo","status":"publish","type":"product","link":"https:\/\/chuangxinmachinery.com\/vi\/product\/glue-spreader\/","title":{"rendered":"M\u00e1y r\u1ea3i keo"},"content":{"rendered":"<p>M\u1ed8T <a href=\"https:\/\/chuangxinmachinery.com\/vi\/product\/may-rai-keo\/\">M\u00e1y r\u1ea3i keo d\u00e1n v\u00e1n \u00e9p 4ft<\/a> M\u00e1y ph\u1ee7 keo \u0111\u1ec1u l\u00ean b\u1ec1 m\u1eb7t v\u00e1n \u00e9p, cho \u0111\u1ed9 b\u00e1m d\u00ednh ch\u1eafc ch\u1eafn. M\u00e1y c\u00f3 t\u1ed1c \u0111\u1ed9 \u0111i\u1ec1u ch\u1ec9nh \u0111\u01b0\u1ee3c v\u00e0 kh\u1ea3 n\u0103ng ki\u1ec3m so\u00e1t keo ch\u00ednh x\u00e1c, \u0111\u1ea3m b\u1ea3o \u0111\u1ed9 ph\u1ee7 keo \u0111\u1ed3ng \u0111\u1ec1u v\u00e0 gi\u1ea3m thi\u1ec3u l\u00e3ng ph\u00ed. M\u00e1y n\u00e0y c\u1ea3i thi\u1ec7n hi\u1ec7u su\u1ea5t, gi\u1ea3m nh\u00e2n c\u00f4ng v\u00e0 cung c\u1ea5p c\u00e1c t\u1ea5m v\u00e1n \u00e9p ch\u1ea5t l\u01b0\u1ee3ng cao trong s\u1ea3n xu\u1ea5t c\u00f4ng nghi\u1ec7p.<\/p>\n<p>&nbsp;<\/p>\n<figure id=\"attachment_1255\" aria-describedby=\"caption-attachment-1255\" style=\"width: 600px\" class=\"wp-caption alignnone\"><img decoding=\"async\" class=\"wp-image-1255 size-full\" src=\"https:\/\/chuangxinmachinery.com\/wp-content\/uploads\/2025\/07\/glue-spreader-1.jpg\" alt=\"M\u00e1y r\u1ea3i keo\" width=\"600\" height=\"600\" srcset=\"https:\/\/chuangxinmachinery.com\/wp-content\/uploads\/2025\/07\/glue-spreader-1.jpg 600w, https:\/\/chuangxinmachinery.com\/wp-content\/uploads\/2025\/07\/glue-spreader-1-300x300.jpg 300w, https:\/\/chuangxinmachinery.com\/wp-content\/uploads\/2025\/07\/glue-spreader-1-150x150.jpg 150w, https:\/\/chuangxinmachinery.com\/wp-content\/uploads\/2025\/07\/glue-spreader-1-12x12.jpg 12w, https:\/\/chuangxinmachinery.com\/wp-content\/uploads\/2025\/07\/glue-spreader-1-500x500.jpg 500w, https:\/\/chuangxinmachinery.com\/wp-content\/uploads\/2025\/07\/glue-spreader-1-100x100.jpg 100w\" sizes=\"(max-width: 600px) 100vw, 600px\" \/><figcaption id=\"caption-attachment-1255\" class=\"wp-caption-text\">M\u00e1y r\u1ea3i keo<\/figcaption><\/figure>\n<h4>Th\u00f4ng s\u1ed1 k\u1ef9 thu\u1eadt:<\/h4>\n<table style=\"height: 694px;\" width=\"834\">\n<tbody>\n<tr>\n<td width=\"284\">K\u00edch th\u01b0\u1edbc<\/td>\n<td width=\"284\">2200*1000*1400mm<\/td>\n<\/tr>\n<tr>\n<td width=\"284\">S\u1ed1 l\u01b0\u1ee3ng con l\u0103n<\/td>\n<td width=\"284\">4 chi\u1ebfc<\/td>\n<\/tr>\n<tr>\n<td width=\"284\">Chi\u1ec1u d\u00e0i con l\u0103n<\/td>\n<td width=\"284\">1400mm<\/td>\n<\/tr>\n<tr>\n<td width=\"284\">\u0110\u1ed9 d\u00e0y c\u1ee7a k\u1ebb c\u01b0\u1edbp<\/td>\n<td width=\"284\">13mm<\/td>\n<\/tr>\n<tr>\n<td width=\"284\">\u0110\u01b0\u1eddng k\u00ednh con l\u0103n keo<\/td>\n<td width=\"284\">246mm<\/td>\n<\/tr>\n<tr>\n<td width=\"284\">\u0110\u01b0\u1eddng k\u00ednh con l\u0103n \u00e9p<\/td>\n<td width=\"284\">217mm<\/td>\n<\/tr>\n<tr>\n<td width=\"284\">T\u1ed1c \u0111\u1ed9 d\u00e1n<\/td>\n<td width=\"284\">24-90m\/ph\u00fat<\/td>\n<\/tr>\n<tr>\n<td width=\"284\">C\u00f4ng su\u1ea5t \u0111\u1ed9ng c\u01a1<\/td>\n<td width=\"284\">3kw<\/td>\n<\/tr>\n<tr>\n<td width=\"284\">B\u1ed9 gi\u1ea3m t\u1ed1c<\/td>\n<td width=\"284\">2 ch\u1ed1t cycloid<\/td>\n<\/tr>\n<tr>\n<td width=\"284\">Chi\u1ec1u r\u1ed9ng veneer t\u1ed1i \u0111a<\/td>\n<td width=\"284\">1400mm<\/td>\n<\/tr>\n<tr>\n<td width=\"284\">\u0110\u1ed9 d\u00e0y veneer t\u1ed1i \u0111a<\/td>\n<td width=\"284\">20mm<\/td>\n<\/tr>\n<\/tbody>\n<\/table>\n<p>Ch\u00fang t\u00f4i c\u00f3 th\u1ec3 cung c\u1ea5p c\u00e1c d\u1ecbch v\u1ee5 t\u00f9y ch\u1ec9nh d\u1ef1a tr\u00ean y\u00eau c\u1ea7u v\u00e0 n\u0103ng l\u1ef1c s\u1ea3n xu\u1ea5t c\u1ee7a b\u1ea1n.<\/p>\n<h4><\/h4>\n<h4>\u0110\u1eb7c tr\u01b0ng:<\/h4>\n<p><strong><em><b><i>\u00a0 \u00a0 H\u1ec7 th\u1ed1ng con l\u0103n b\u1ec1n b\u1ec9<\/i><\/b><\/em><\/strong>\u00a0\u2013 \u0110\u01b0\u1ee3c trang b\u1ecb con l\u0103n b\u1eb1ng cao su ho\u1eb7c th\u00e9p kh\u00f4ng g\u1ec9 ch\u1ea5t l\u01b0\u1ee3ng cao cho tu\u1ed5i th\u1ecd cao v\u00e0 kh\u1ea3 n\u0103ng r\u1ea3i ch\u00ednh x\u00e1c.<\/p>\n<p><strong><em><b><i>\u00a0 \u00a0 \u0110\u1ed9 d\u00e0y keo c\u00f3 th\u1ec3 \u0111i\u1ec1u ch\u1ec9nh<\/i><\/b><\/em><\/strong>\u00a0\u2013 Ng\u01b0\u1eddi d\u00f9ng c\u00f3 th\u1ec3 tinh ch\u1ec9nh l\u01b0\u1ee3ng keo \u0111\u1ec3 ph\u00f9 h\u1ee3p v\u1edbi c\u00e1c lo\u1ea1i v\u00e1n l\u1ea1ng v\u00e0 nhu c\u1ea7u s\u1ea3n xu\u1ea5t kh\u00e1c nhau.<\/p>\n<p><strong><em><b><i>\u00a0 \u00a0 C\u1ea5u tr\u00fac khung ch\u1eafc ch\u1eafn<\/i><\/b><\/em><\/strong>\u00a0\u2013 \u0110\u01b0\u1ee3c ch\u1ebf t\u1ea1o v\u1edbi khung ch\u1ecbu l\u1ef1c l\u1edbn \u0111\u1ec3 \u0111\u1ea3m b\u1ea3o s\u1ef1 \u1ed5n \u0111\u1ecbnh khi v\u1eadn h\u00e0nh \u1edf t\u1ed1c \u0111\u1ed9 cao.<\/p>\n<p><strong><em><b><i>\u00a0 \u00a0 B\u1ea3o tr\u00ec d\u1ec5 d\u00e0ng<\/i><\/b><\/em><\/strong>\u00a0\u2013 Thi\u1ebft k\u1ebf d\u1ea1ng m\u00f4-\u0111un cho ph\u00e9p v\u1ec7 sinh v\u00e0 thay th\u1ebf linh ki\u1ec7n nhanh ch\u00f3ng.<\/p>\n<p><strong><em><b><i>\u00a0 \u00a0 K\u00edch th\u01b0\u1edbc nh\u1ecf g\u1ecdn<\/i><\/b><\/em><\/strong>\u00a0\u2013 Chi\u1ec1u r\u1ed9ng 4ft l\u00fd t\u01b0\u1edfng cho c\u00e1c \u0111\u01b0\u1eddng v\u00e1n \u00e9p nh\u1ecf \u0111\u1ebfn trung b\u00ecnh, ti\u1ebft ki\u1ec7m kh\u00f4ng gian trong khi v\u1eabn duy tr\u00ec hi\u1ec7u su\u1ea5t.<\/p>\n<p>M\u00e1y tr\u1ea3i keo 4ft l\u00e0 m\u00e1y thi\u1ebft y\u1ebfu cho c\u00e1c nh\u00e0 m\u00e1y s\u1ea3n xu\u1ea5t v\u00e1n \u00e9p h\u01b0\u1edbng t\u1edbi hi\u1ec7u qu\u1ea3 cao, ch\u1ea5t l\u01b0\u1ee3ng \u0111\u1ed3ng \u0111\u1ec1u v\u00e0 chi ph\u00ed s\u1ea3n xu\u1ea5t th\u1ea5p.<\/p>","protected":false},"excerpt":{"rendered":"<p>C\u00e1c <a href=\"https:\/\/chuangxinmachinery.com\/vi\/product\/may-rai-keo\/\">M\u00e1y r\u1ea3i keo<\/a> Keo d\u00e1n ph\u1ee7 \u0111\u1ec1u l\u00ean b\u1ec1 m\u1eb7t m\u1ed9t c\u00e1ch hi\u1ec7u qu\u1ea3, \u0111\u1ea3m b\u1ea3o \u0111\u1ed9 ph\u1ee7 \u0111\u1ed3ng \u0111\u1ec1u. L\u00fd t\u01b0\u1edfng cho s\u1ea3n xu\u1ea5t v\u00e1n \u00e9p, v\u00e1n MDF v\u00e0 v\u00e1n \u00e9p t\u1ea5m, gi\u00fap n\u00e2ng cao ch\u1ea5t l\u01b0\u1ee3ng li\u00ean k\u1ebft v\u00e0 \u0111\u1ea9y nhanh qu\u00e1 tr\u00ecnh s\u1ea3n xu\u1ea5t.<\/p>","protected":false},"featured_media":1255,"template":"","meta":{"_gspb_post_css":""},"product_brand":[],"product_cat":[23,17],"product_tag":[36,38,37],"class_list":{"0":"post-195","1":"product","2":"type-product","3":"status-publish","4":"has-post-thumbnail","6":"product_cat-glue-spreader","7":"product_cat-wood-based-panel-machine","8":"product_tag-glue-spreader","9":"product_tag-plywood-glue-spreader","10":"product_tag-veneer-gluing-machine","12":"first","13":"instock","14":"shipping-taxable","15":"product-type-simple"},"_links":{"self":[{"href":"https:\/\/chuangxinmachinery.com\/vi\/wp-json\/wp\/v2\/product\/195","targetHints":{"allow":["GET"]}}],"collection":[{"href":"https:\/\/chuangxinmachinery.com\/vi\/wp-json\/wp\/v2\/product"}],"about":[{"href":"https:\/\/chuangxinmachinery.com\/vi\/wp-json\/wp\/v2\/types\/product"}],"wp:featuredmedia":[{"embeddable":true,"href":"https:\/\/chuangxinmachinery.com\/vi\/wp-json\/wp\/v2\/media\/1255"}],"wp:attachment":[{"href":"https:\/\/chuangxinmachinery.com\/vi\/wp-json\/wp\/v2\/media?parent=195"}],"wp:term":[{"taxonomy":"product_brand","embeddable":true,"href":"https:\/\/chuangxinmachinery.com\/vi\/wp-json\/wp\/v2\/product_brand?post=195"},{"taxonomy":"product_cat","embeddable":true,"href":"https:\/\/chuangxinmachinery.com\/vi\/wp-json\/wp\/v2\/product_cat?post=195"},{"taxonomy":"product_tag","embeddable":true,"href":"https:\/\/chuangxinmachinery.com\/vi\/wp-json\/wp\/v2\/product_tag?post=195"}],"curies":[{"name":"wp","href":"https:\/\/api.w.org\/{rel}","templated":true}]}}